{"id":1456796,"date":"2022-03-31T15:35:37","date_gmt":"2022-03-31T13:35:37","guid":{"rendered":"https:\/\/www.asepeyo.es\/?page_id=1456796"},"modified":"2023-02-15T11:16:26","modified_gmt":"2023-02-15T10:16:26","slug":"contacto","status":"publish","type":"page","link":"https:\/\/www.asepeyo.es\/va\/contacto\/","title":{"rendered":"Contacta amb nosaltres"},"content":{"rendered":"<div class=\"grid-container\">\n<div class=\"grid-70 prefix-20 titulo\">\n<h2>Tel\u00e8fons<\/h2>\n<\/div>\n<div class=\"grid-70 prefix-20\">\n<h3>Urg\u00e8ncies 24 hores<\/h3>\n<p>Has patit un accident laboral?<br \/>\nGarantim la teua assist\u00e8ncia sanit\u00e0ria les 24 hores, els 365 dies de l&#8217;any. Els nostres professionals et donaran les primeres indicacions i activaran els recursos d&#8217;emerg\u00e8ncia.<\/p>\n<p class=\"destacado-negro-peque\">900 151 000<\/p>\n<h3>Pacients i persones usu\u00e0ries<\/h3>\n<p>Tens algun dubte o consulta?<br \/>\nSolucionem tots els teus dubtes sobre els nostres servicis.<\/p>\n<p class=\"destacado-negro-peque\">910 504 390<\/p>\n<h3>Servici d&#8217;Atenci\u00f3 a l&#8217;Assessor Laboral<\/h3>\n<p>Eres una assessoria o un assessor laboral?<br \/>\nDisposes d&#8217;una l\u00ednia especialitzada per a consultar directament amb els nostres experts.<br \/>\nT&#8217;assessorem directament totes les teues necessitats<\/p>\n<p class=\"destacado-negro-peque\">900 151 005<\/p>\n<h3>Oficina de Coordinaci\u00f3 de Servicis<\/h3>\n<p>La teua empresa disposa d&#8217;una gran infraestructura? Les grans empreses plantegen necessitats a mesura en determinats moments. La nostra oficina est\u00e0 especialitzada a resoldre directament. Consulta amb els nostres experts.<\/p>\n<p class=\"destacado-negro-peque\">900 151 003<\/p>\n<\/div>\n<\/div>\n<div class=\"grid-container\">\n<div class=\"grid-70 prefix-20 titulo\">\n<h2>Email<\/h2>\n<\/div>\n<div class=\"grid-70 prefix-20 align-center\">\n<p>Consultes, dubtes i suggeriments a:<\/p>\n<p><a title=\"Abre tu gestor de correo.\" href=\"mailto:asepeyo@asepeyo.es\">asepeyo@asepeyo.es<\/a><\/p>\n<p>Contacte per a mitjans de comunicaci\u00f3:<\/p>\n<p><a title=\"Abre tu gestor de correo.\" href=\"mailto:prensa@asepeyo.es\">prensa@asepeyo.es<\/a><\/p>\n<\/div>\n<\/div>\n<div class=\"grid-container\">\n<div class=\"grid-70 prefix-20 titulo\">\n<h2>Xarxes socials<\/h2>\n<\/div>\n<div class=\"grid-70 prefix-20 align-center\">\n<p>\u00a0<\/p>\n<ul class=\"social-icons icon-circle list-unstyled list-inline fa-ul list-group list-group-horizontal\">\n<li>\n\t\t\t<a aria-label=\"LinkedIn\" itemprop=\"sameAs\" href=\"https:\/\/es.linkedin.com\/company\/asepeyo\" target=\"_blank\" title=\"LinkedIn\" rel=\"noopener noreferrer\"><i aria-hidden=\"true\" class=\"fab fa-linkedin-in\" title=\"linkedin\"><\/i><\/a>\n\t\t<\/li>\n<li>\n\t\t\t<a aria-label=\"Twitter\" itemprop=\"sameAs\" href=\"https:\/\/twitter.com\/asepeyo\" target=\"_blank\" title=\"Twitter\" rel=\"noopener noreferrer\"><i aria-hidden=\"true\" class=\"fab fa-twitter\" title=\"twitter\"><\/i><\/a>\n\t\t<\/li>\n<li>\n\t\t\t<a aria-label=\"YouTube\" itemprop=\"sameAs\" href=\"https:\/\/www.youtube.com\/user\/AsepeyoMutua\" target=\"_blank\" title=\"YouTube\" rel=\"noopener noreferrer\"><i aria-hidden=\"true\" class=\"fab fa-youtube\" title=\"youtube\"><\/i><\/a>\n\t\t<\/li>\n<li>\n\t\t\t<a aria-label=\"Facebook\" itemprop=\"sameAs\" href=\"https:\/\/es-es.facebook.com\/Asepeyo\/\" target=\"_blank\" title=\"Facebook\" rel=\"noopener noreferrer\"><i aria-hidden=\"true\" class=\"fab fa-facebook\" title=\"facebook\"><\/i><\/a>\n\t\t<\/li>\n<li>\n\t\t\t<a aria-label=\"Instagram\" itemprop=\"sameAs\" href=\"https:\/\/www.instagram.com\/asepeyo\/\" target=\"_blank\" title=\"Instagram\" rel=\"noopener noreferrer\"><i aria-hidden=\"true\" class=\"fab fa-instagram\" title=\"instagram\"><\/i><\/a>\n\t\t<\/li>\n<\/ul>\n<\/div>\n<\/div>\n<div class=\"grid-container\">\n<div class=\"grid-70 prefix-20 titulo\">\n<h2><span id=\"Consultoria_y_asistencia_tecnica\">Xarxes de centres<\/span><\/h2>\n<\/div>\n<div class=\"grid-70 prefix-20 align-center\"\">\n<p>Vols saber quin \u00e9s el teu centre m\u00e9s pr\u00f2xim? Indica la teua ubicaci\u00f3 i el radi de dist\u00e0ncia a qu\u00e8 pots despla\u00e7ar-te. Selecciona el centre que siga del teu inter\u00e9s i comprova la ruta m\u00e9s directa.<\/p>\n<\/div>\n<div class=\"grid-70 prefix-20 titulo\"><a href=\"\/red-de-delegaciones\/\"><button class=\"boton-azul\">Troba el teu centre<\/button><\/a><\/div>\n<\/div>\n<div class=\"grid-container\">\n<div class=\"grid-70 prefix-20 titulo\">\n<h2>Ajuda&#8217;ns a millorar<\/h2>\n<p><span class=\"titulo-subtitulo\">Oficina virtual de reclamacions<\/span><\/p>\n<\/div>\n<div class=\"grid-70 prefix-20\">\nL&#8217;oficina virtual de reclamacions del Ministeri d&#8217;Ocupaci\u00f3 i Seguretat Social gestiona les queixes dels treballadors sobre la gesti\u00f3 de les m\u00fatues. El Ministeri centralitza les reclamacions per a despr\u00e9s remetre-les a la m\u00fatua. Esta facilita una resposta i, posteriorment, el Ministeri la fa arribar al ciutad\u00e0.\n<p><a href=\"http:\/\/www.ovrmatepss.es\/virtual\/\" target=\"_blank\" rel=\"nofollow noopener noreferrer\">http:\/\/www.ovrmatepss.es\/virtual\/<\/a><\/p>\n<p>A m\u00e9s, ha posat en marxa un tel\u00e8fon d&#8217;informaci\u00f3 sobre m\u00fatues perqu\u00e8 els usuaris realitzen directament les seues consultes.<\/p>\n<p>Tel\u00e8fon d\u2019informaci\u00f3: <strong>902 112 651<\/strong><\/p>\n<p>Horari d\u2019hivern:<br \/>\nde 8.30 a 14.30 h i de 16 a 18.30 h, de dilluns a dijous<br \/>\nde 8.30 a 14.30 h, els divendres<br \/>\nHorari d\u2019estiu:<br \/>\nDe 8 a 15 h<\/p>\n<\/div>\n<\/div>\n","protected":false},"excerpt":{"rendered":"","protected":false},"author":2,"featured_media":1456934,"parent":0,"menu_order":0,"comment_status":"closed","ping_status":"closed","template":"","meta":{"_acf_changed":false,"generate_page_header":"","footnotes":""},"class_list":["post-1456796","page","type-page","status-publish","has-post-thumbnail"],"acf":[],"yoast_head":"<!-- This site is optimized with the Yoast SEO plugin v27.4 - https:\/\/yoast.com\/product\/yoast-seo-wordpress\/ -->\n<title>Contacta amb nosaltres - Asepeyo<\/title>\n<meta name=\"robots\" content=\"index, follow, max-snippet:-1, max-image-preview:large, max-video-preview:-1\" \/>\n<link rel=\"canonical\" href=\"https:\/\/www.asepeyo.es\/va\/contacto\/\" \/>\n<meta property=\"og:locale\" content=\"en_US\" \/>\n<meta property=\"og:type\" content=\"article\" \/>\n<meta property=\"og:title\" content=\"Contacta amb nosaltres - Asepeyo\" \/>\n<meta property=\"og:url\" content=\"https:\/\/www.asepeyo.es\/va\/contacto\/\" \/>\n<meta property=\"og:site_name\" content=\"Asepeyo\" \/>\n<meta property=\"article:publisher\" content=\"https:\/\/es-es.facebook.com\/Asepeyo\/\" \/>\n<meta property=\"article:modified_time\" content=\"2023-02-15T10:16:26+00:00\" \/>\n<meta property=\"og:image\" content=\"https:\/\/www.asepeyo.es\/wp-content\/uploads\/contacta-con-asepeyo.jpg\" \/>\n\t<meta property=\"og:image:width\" content=\"2048\" \/>\n\t<meta property=\"og:image:height\" content=\"1017\" \/>\n\t<meta property=\"og:image:type\" content=\"image\/jpeg\" \/>\n<meta name=\"twitter:card\" content=\"summary_large_image\" \/>\n<meta name=\"twitter:site\" content=\"@Asepeyo\" \/>\n<meta name=\"twitter:label1\" content=\"Est. reading time\" \/>\n\t<meta name=\"twitter:data1\" content=\"2 minutes\" \/>\n<script type=\"application\/ld+json\" class=\"yoast-schema-graph\">{\"@context\":\"https:\\\/\\\/schema.org\",\"@graph\":[{\"@type\":\"WebPage\",\"@id\":\"https:\\\/\\\/www.asepeyo.es\\\/va\\\/contacto\\\/\",\"url\":\"https:\\\/\\\/www.asepeyo.es\\\/va\\\/contacto\\\/\",\"name\":\"Contacta amb nosaltres - Asepeyo\",\"isPartOf\":{\"@id\":\"https:\\\/\\\/www.asepeyo.es\\\/va\\\/#website\"},\"primaryImageOfPage\":{\"@id\":\"https:\\\/\\\/www.asepeyo.es\\\/va\\\/contacto\\\/#primaryimage\"},\"image\":{\"@id\":\"https:\\\/\\\/www.asepeyo.es\\\/va\\\/contacto\\\/#primaryimage\"},\"thumbnailUrl\":\"https:\\\/\\\/www.asepeyo.es\\\/wp-content\\\/uploads\\\/contacta-con-asepeyo.jpg\",\"datePublished\":\"2022-03-31T13:35:37+00:00\",\"dateModified\":\"2023-02-15T10:16:26+00:00\",\"breadcrumb\":{\"@id\":\"https:\\\/\\\/www.asepeyo.es\\\/va\\\/contacto\\\/#breadcrumb\"},\"inLanguage\":\"va-ES\",\"potentialAction\":[{\"@type\":\"ReadAction\",\"target\":[\"https:\\\/\\\/www.asepeyo.es\\\/va\\\/contacto\\\/\"]}]},{\"@type\":\"ImageObject\",\"inLanguage\":\"va-ES\",\"@id\":\"https:\\\/\\\/www.asepeyo.es\\\/va\\\/contacto\\\/#primaryimage\",\"url\":\"https:\\\/\\\/www.asepeyo.es\\\/wp-content\\\/uploads\\\/contacta-con-asepeyo.jpg\",\"contentUrl\":\"https:\\\/\\\/www.asepeyo.es\\\/wp-content\\\/uploads\\\/contacta-con-asepeyo.jpg\",\"width\":2048,\"height\":1017},{\"@type\":\"BreadcrumbList\",\"@id\":\"https:\\\/\\\/www.asepeyo.es\\\/va\\\/contacto\\\/#breadcrumb\",\"itemListElement\":[{\"@type\":\"ListItem\",\"position\":1,\"name\":\"Inicio\",\"item\":\"https:\\\/\\\/www.asepeyo.es\\\/va\\\/\"},{\"@type\":\"ListItem\",\"position\":2,\"name\":\"Contacta amb nosaltres\"}]},{\"@type\":\"WebSite\",\"@id\":\"https:\\\/\\\/www.asepeyo.es\\\/va\\\/#website\",\"url\":\"https:\\\/\\\/www.asepeyo.es\\\/va\\\/\",\"name\":\"Asepeyo\",\"description\":\"Mutua de accidentes de trabajo 151\",\"publisher\":{\"@id\":\"https:\\\/\\\/www.asepeyo.es\\\/va\\\/#organization\"},\"potentialAction\":[{\"@type\":\"SearchAction\",\"target\":{\"@type\":\"EntryPoint\",\"urlTemplate\":\"https:\\\/\\\/www.asepeyo.es\\\/va\\\/?s={search_term_string}\"},\"query-input\":{\"@type\":\"PropertyValueSpecification\",\"valueRequired\":true,\"valueName\":\"search_term_string\"}}],\"inLanguage\":\"va-ES\"},{\"@type\":\"Organization\",\"@id\":\"https:\\\/\\\/www.asepeyo.es\\\/va\\\/#organization\",\"name\":\"Asepeyo\",\"url\":\"https:\\\/\\\/www.asepeyo.es\\\/va\\\/\",\"logo\":{\"@type\":\"ImageObject\",\"inLanguage\":\"va-ES\",\"@id\":\"https:\\\/\\\/www.asepeyo.es\\\/va\\\/#\\\/schema\\\/logo\\\/image\\\/\",\"url\":\"https:\\\/\\\/www.asepeyo.es\\\/wp-content\\\/uploads\\\/logo-asepeyo-web-azul.png\",\"contentUrl\":\"https:\\\/\\\/www.asepeyo.es\\\/wp-content\\\/uploads\\\/logo-asepeyo-web-azul.png\",\"width\":350,\"height\":55,\"caption\":\"Asepeyo\"},\"image\":{\"@id\":\"https:\\\/\\\/www.asepeyo.es\\\/va\\\/#\\\/schema\\\/logo\\\/image\\\/\"},\"sameAs\":[\"https:\\\/\\\/es-es.facebook.com\\\/Asepeyo\\\/\",\"https:\\\/\\\/x.com\\\/Asepeyo\",\"https:\\\/\\\/www.instagram.com\\\/asepeyo\\\/?hl=es\",\"https:\\\/\\\/es.linkedin.com\\\/company\\\/asepeyo\",\"https:\\\/\\\/www.youtube.com\\\/channel\\\/UC42Ipj44IKKTITQ2HNoLmSQ\"]}]}<\/script>\n<!-- \/ Yoast SEO plugin. -->","yoast_head_json":{"title":"Contacta amb nosaltres - Asepeyo","robots":{"index":"index","follow":"follow","max-snippet":"max-snippet:-1","max-image-preview":"max-image-preview:large","max-video-preview":"max-video-preview:-1"},"canonical":"https:\/\/www.asepeyo.es\/va\/contacto\/","og_locale":"en_US","og_type":"article","og_title":"Contacta amb nosaltres - Asepeyo","og_url":"https:\/\/www.asepeyo.es\/va\/contacto\/","og_site_name":"Asepeyo","article_publisher":"https:\/\/es-es.facebook.com\/Asepeyo\/","article_modified_time":"2023-02-15T10:16:26+00:00","og_image":[{"width":2048,"height":1017,"url":"https:\/\/www.asepeyo.es\/wp-content\/uploads\/contacta-con-asepeyo.jpg","type":"image\/jpeg"}],"twitter_card":"summary_large_image","twitter_site":"@Asepeyo","twitter_misc":{"Est. reading time":"2 minutes"},"schema":{"@context":"https:\/\/schema.org","@graph":[{"@type":"WebPage","@id":"https:\/\/www.asepeyo.es\/va\/contacto\/","url":"https:\/\/www.asepeyo.es\/va\/contacto\/","name":"Contacta amb nosaltres - Asepeyo","isPartOf":{"@id":"https:\/\/www.asepeyo.es\/va\/#website"},"primaryImageOfPage":{"@id":"https:\/\/www.asepeyo.es\/va\/contacto\/#primaryimage"},"image":{"@id":"https:\/\/www.asepeyo.es\/va\/contacto\/#primaryimage"},"thumbnailUrl":"https:\/\/www.asepeyo.es\/wp-content\/uploads\/contacta-con-asepeyo.jpg","datePublished":"2022-03-31T13:35:37+00:00","dateModified":"2023-02-15T10:16:26+00:00","breadcrumb":{"@id":"https:\/\/www.asepeyo.es\/va\/contacto\/#breadcrumb"},"inLanguage":"va-ES","potentialAction":[{"@type":"ReadAction","target":["https:\/\/www.asepeyo.es\/va\/contacto\/"]}]},{"@type":"ImageObject","inLanguage":"va-ES","@id":"https:\/\/www.asepeyo.es\/va\/contacto\/#primaryimage","url":"https:\/\/www.asepeyo.es\/wp-content\/uploads\/contacta-con-asepeyo.jpg","contentUrl":"https:\/\/www.asepeyo.es\/wp-content\/uploads\/contacta-con-asepeyo.jpg","width":2048,"height":1017},{"@type":"BreadcrumbList","@id":"https:\/\/www.asepeyo.es\/va\/contacto\/#breadcrumb","itemListElement":[{"@type":"ListItem","position":1,"name":"Inicio","item":"https:\/\/www.asepeyo.es\/va\/"},{"@type":"ListItem","position":2,"name":"Contacta amb nosaltres"}]},{"@type":"WebSite","@id":"https:\/\/www.asepeyo.es\/va\/#website","url":"https:\/\/www.asepeyo.es\/va\/","name":"Asepeyo","description":"Mutua de accidentes de trabajo 151","publisher":{"@id":"https:\/\/www.asepeyo.es\/va\/#organization"},"potentialAction":[{"@type":"SearchAction","target":{"@type":"EntryPoint","urlTemplate":"https:\/\/www.asepeyo.es\/va\/?s={search_term_string}"},"query-input":{"@type":"PropertyValueSpecification","valueRequired":true,"valueName":"search_term_string"}}],"inLanguage":"va-ES"},{"@type":"Organization","@id":"https:\/\/www.asepeyo.es\/va\/#organization","name":"Asepeyo","url":"https:\/\/www.asepeyo.es\/va\/","logo":{"@type":"ImageObject","inLanguage":"va-ES","@id":"https:\/\/www.asepeyo.es\/va\/#\/schema\/logo\/image\/","url":"https:\/\/www.asepeyo.es\/wp-content\/uploads\/logo-asepeyo-web-azul.png","contentUrl":"https:\/\/www.asepeyo.es\/wp-content\/uploads\/logo-asepeyo-web-azul.png","width":350,"height":55,"caption":"Asepeyo"},"image":{"@id":"https:\/\/www.asepeyo.es\/va\/#\/schema\/logo\/image\/"},"sameAs":["https:\/\/es-es.facebook.com\/Asepeyo\/","https:\/\/x.com\/Asepeyo","https:\/\/www.instagram.com\/asepeyo\/?hl=es","https:\/\/es.linkedin.com\/company\/asepeyo","https:\/\/www.youtube.com\/channel\/UC42Ipj44IKKTITQ2HNoLmSQ"]}]}},"_links":{"self":[{"href":"https:\/\/www.asepeyo.es\/va\/wp-json\/wp\/v2\/pages\/1456796","targetHints":{"allow":["GET"]}}],"collection":[{"href":"https:\/\/www.asepeyo.es\/va\/wp-json\/wp\/v2\/pages"}],"about":[{"href":"https:\/\/www.asepeyo.es\/va\/wp-json\/wp\/v2\/types\/page"}],"author":[{"embeddable":true,"href":"https:\/\/www.asepeyo.es\/va\/wp-json\/wp\/v2\/users\/2"}],"replies":[{"embeddable":true,"href":"https:\/\/www.asepeyo.es\/va\/wp-json\/wp\/v2\/comments?post=1456796"}],"version-history":[{"count":5,"href":"https:\/\/www.asepeyo.es\/va\/wp-json\/wp\/v2\/pages\/1456796\/revisions"}],"predecessor-version":[{"id":1473044,"href":"https:\/\/www.asepeyo.es\/va\/wp-json\/wp\/v2\/pages\/1456796\/revisions\/1473044"}],"wp:featuredmedia":[{"embeddable":true,"href":"https:\/\/www.asepeyo.es\/va\/wp-json\/wp\/v2\/media\/1456934"}],"wp:attachment":[{"href":"https:\/\/www.asepeyo.es\/va\/wp-json\/wp\/v2\/media?parent=1456796"}],"curies":[{"name":"wp","href":"https:\/\/api.w.org\/{rel}","templated":true}]}}