{"id":1456629,"date":"2022-03-31T15:35:43","date_gmt":"2022-03-31T13:35:43","guid":{"rendered":"https:\/\/www.asepeyo.es\/?page_id=1456629"},"modified":"2022-07-06T11:12:02","modified_gmt":"2022-07-06T09:12:02","slug":"trabajador","status":"publish","type":"page","link":"https:\/\/www.asepeyo.es\/va\/trabajador\/","title":{"rendered":"Treballador"},"content":{"rendered":"\n<div class=\"align-center pt-5\">\n<div class=\"grid-100 pb5\">\n<div class=\"grid-33 grid-mobile-100 px-md-5 pb-5\">\n<p><span class=\"bg-icono-trabajadores\"><i class=\"fal fa-user-friends fa-3x\"><!-- icon --><\/i><\/span><\/p>\n<div class=\"content\">\n<h3 class=\"f3\">Sempre <span class=\" text-primary\"> amb tu<\/span><\/h3>\n<div class=\"sub header\">Compta amb nosaltres sempre que ens necessities. T&#8217;atenem les 24 hores, els 7 dies de la setmana, ac\u00ed i a l&#8217;estranger.<\/div>\n<\/div>\n<\/div>\n<div class=\"grid-33 grid-mobile-100 px-md-5 pb-5\">\n<p><span class=\"bg-icono-trabajadores\"> <i class=\"fal fa-mouse-pointer fa-3x\"><!-- icon --><\/i><\/span><\/p>\n<div class=\"content\">\n<h3 class=\"f3\">Els teus tr\u00e0mits m\u00e9s <span class=\"text-primary\">f\u00e0cils<\/span><\/h3>\n<div class=\"sub header\">Agilitzem els teus tr\u00e0mits amb l&#8217;app mi Asepeyo (<a href=\"\/app-mi-asepeyo\/\">descarrega-la ac\u00ed<\/a>) i Asepeyo Oficina Virtual (<a href=\"\/registrate-en-asepeyo-oficina-virtual\/\">sol\u00b7licita la teua clau<\/a>). <\/div>\n<\/div>\n<\/div>\n<div class=\"grid-33 grid-mobile-100 px-md-5 pb-5\">\n<p><span class=\"bg-icono-trabajadores\"> <i class=\"fal fa-map-marked-alt fa-3x\"><!-- icon --><\/i><\/span><\/p>\n<div class=\"content\">\n<h3 class=\"f3\"><span class=\"text-primary\">On<\/span> ens necessites<\/h3>\n<div class=\"sub header\">177 delegacions pr\u00f2pies, 1.500 punts assistencials i 3 hospitals a Barcelona, Madrid i Sevilla.<\/div>\n<\/div>\n<\/div>\n<\/div>\n<\/div>\n<div class=\"grid-container\">\n<div class=\"titulo\">\n<h2>Qu\u00e8 t\u2019oferim?<\/h2>\n<\/div>\n<\/div>\n<div class=\"grid-container\">\n<div class=\"grid-100\">\n<div class=\"grid-60 prefix-40 mobile-grid-100\">\n<p class=\"lead f4 maven\">Cuidem de tu des de la primera atenci\u00f3 d\u2019urg\u00e8ncies fins la teua recuperaci\u00f3 total.<\/p>\n<div class=\"list-group\">\n<ul class=\"fa-ul m-2\">\n<li><i class=\"fad fa-check-double text-primary\"><\/i> Gestionem l\u2019 <a href=\"https:\/\/www.asepeyo.es\/prestaciones\/#Accidente_de_trabajo_y_enfermedad_profesional\">accident de treball i malaltia professional <\/a> de manera integral<\/li>\n<li><i class=\"fad fa-check-double text-primary\"><\/i> Tramitem el <a href=\"https:\/\/www.asepeyo.es\/prestaciones\/#Enfermedad_comun_y_accidente_no_laboral\">pagament de la baixa per malaltia comuna i accident no laboral<\/a><\/li>\n<li><i class=\"fad fa-check-double text-primary\"><\/i> Ens encarreguem del <a href=\"https:\/\/www.asepeyo.es\/prestaciones\/#Otros_subsidios\">subsidi per risc d\u2019embar\u00e0s i\/o lact\u00e0ncia natural<\/a><\/li>\n<\/ul>\n<\/div>\n<\/div>\n<\/div>\n<\/div>\n<div class=\"d-flex flex-row\">\n<div class=\"col-md-6 col-sm-12 my-5 py-5 white\">\n<h2 class=\"f2\">Descobreix la nostra app el meu Asepeyo<\/h2>\n<p class=\"lead f4 maven\">Accedeix als teus informes m\u00e8dics y radiografies, consulta v\u00eddeos personalitzats per al teu tractament i agilitza els teus tr\u00e0mits.<\/p>\n<p class=\"my-5 w-100 align-center\"><a href=\"https:\/\/www.asepeyo.es\/app-mi-asepeyo\/\" rel=\"noopener noreferrer\"><button class=\"btn btn-white\"><i class=\"fal fa-sign-in\"><\/i> Descarrega-la ac\u00ed!<\/button><\/a><\/p>\n<p class=\"lead f4 maven pt-5\"><a href=\"https:\/\/www.asepeyo.es\/registrate-en-asepeyo-oficina-virtual\/\" class=\"enlace-app\">Sol\u00b7licita la teua clau<\/a> per accedir a la app i a la seua versi\u00f3 escritori Asepeyo Oficina Virtual i realitza els teus tr\u00e0mits en l\u00ednea.<\/p>\n<\/div>\n<div class=\"col-md-6 d-none d-sm-block align-center\"><img decoding=\"async\" class=\"mw-80\" src=\"https:\/\/www.asepeyo.es\/wp-content\/uploads\/nueva-app-asepeyo-empresas-movil1-1.png\" \/><\/div>\n<\/div>\n<div class=\"titulo\">\n<h2>Si tens un accident de treball<\/h2>\n<\/div>\n<div class=\"row\">\n<div class=\"col-md-6\"><img decoding=\"async\" src=\"https:\/\/www.asepeyo.es\/wp-content\/uploads\/paso-1.png\" alt=\"Notifica el accidente a tu empresa\" \/><\/div>\n<div class=\"col-md-6\"><img decoding=\"async\" src=\"https:\/\/www.asepeyo.es\/wp-content\/uploads\/paso-2.png\" alt=\"La empresa deber\u00e1 enviarnos el volante de asistencia\" \/><\/div>\n<\/div>\n<div class=\"row\">\n<div class=\"col-md-6\"><img decoding=\"async\" src=\"https:\/\/www.asepeyo.es\/wp-content\/uploads\/paso-3.png\" alt=\"Acude a tu centro Asepeyo de referencia\" \/><\/div>\n<div class=\"col-md-6\"><img decoding=\"async\" src=\"https:\/\/www.asepeyo.es\/wp-content\/uploads\/paso-4.png\" alt=\"Entrega la documentaci\u00f3n necesaria a tu empresa\" \/><\/div>\n<\/div>\n<p> [ccj id=&#8221;cita-previa-banner-xl&#8221;]<\/p>\n<div class=\"row align-center\">\n<div class=\"col\">\n<h3>Tens algun dubte?<\/h3>\n<p class=\"lead maven py-5\">Consulta: <a href=\"https:\/\/www.asepeyo.es\/duda\/como-actuar-en-caso-de-accidente-de-trabajo\/\">He tingut un accident de treball. Qu\u00e8 he de fer?<\/a><\/p>\n<\/div>\n<\/div>\n<div class=\"row maven\">\n<div class=\"col\">\n<div class=\"media\">\n\t\t\t<i class=\"fal pr-3 pt-3 fa-phone pull-left fa-3x text-primary\"><\/i>\n<div class=\"media-body\">\n\t\t\t\t<span class=\"media-meta f5 pull-right text-primary\">Pacients i persones usu\u00e0ries<\/span>\n<h4 class=\"f1 m-0 p-0\">910 504 390 <\/h4>\n<\/div>\n<\/div>\n<\/div>\n<div class=\"col\">\n<div class=\"media\">\n\t\t\t<i class=\"fal pr-3 pt-3 fa-phone pull-left fa-3x text-primary\"><\/i>\n<div class=\"media-body\">\n\t\t\t\t<span class=\"media-meta f5 pull-right text-primary\">Urg\u00e8ncies 24 h<\/span>\n<h4 class=\"f1 m-0 p-0\">900 151 000 <\/h4>\n<\/div>\n<\/div>\n<\/div>\n<div class=\"col\">\n<div class=\"media\">\n<i class=\"fal fa-plane-departure pr-3 pt-3 pull-left fa-3x text-primary\"><\/i>\n<div class=\"media-body\">\n\t\t\t\t<span class=\"media-meta f5 pull-right text-primary\">Des de l\u2019estranger<\/span>\n<h4 class=\"f1 m-0 p-0\">+34 937 057 540 <\/h4>\n<\/div>\n<\/div>\n<\/div>\n<\/div>\n<div class=\"grid-container banners-azules \">\n<div class=\"grid-33 mobile-grid-100 maven align-center\">\n<i class=\"fal fa-desktop fa-3x\"><!-- iconos --><\/i>\n<p class=\"pt-5 px-3 f4\">La teua m\u00fatua en l\u00ednea, Asepeyo Oficina Virtual<\/p>\n<p><a href=\"https:\/\/oficinavirtual.asepeyo.es\/login\/\" class=\"btn btn-white\">Accedix<\/a><\/p>\n<\/div>\n<div class=\"grid-33 mobile-grid-100 maven align-center\">\n<i class=\"fal fa-question-circle fa-3x\"><!-- iconos --><\/i>\n<p class=\"pt-5 px-3 f4\">Troba la resposta als teus dubtes  <\/p>\n<p><a href=\"\/dudas\/\" class=\"btn btn-white\">Preguntes freq\u00fcentes<\/a><\/p>\n<\/div>\n<div class=\"grid-33 mobile-grid-100 maven align-center\"> <i class=\"fal fa-map-marked fa-3x\"><\/i>\n<p class=\"pt-5 px-3 f4\">Busca el teu centre m\u00e9s proper<\/p>\n<p><a href=\"\/red-de-delegaciones\/\" class=\"btn btn-white\">Xarxa de centres<\/a><\/p>\n<\/div>\n<\/div>\n","protected":false},"excerpt":{"rendered":"","protected":false},"author":2,"featured_media":1456928,"parent":0,"menu_order":0,"comment_status":"closed","ping_status":"closed","template":"","meta":{"_acf_changed":false,"generate_page_header":"","footnotes":""},"class_list":["post-1456629","page","type-page","status-publish","has-post-thumbnail"],"acf":[],"yoast_head":"<!-- This site is optimized with the Yoast SEO plugin v27.4 - https:\/\/yoast.com\/product\/yoast-seo-wordpress\/ -->\n<title>Treballador - Asepeyo<\/title>\n<meta name=\"robots\" content=\"index, follow, max-snippet:-1, max-image-preview:large, max-video-preview:-1\" \/>\n<link rel=\"canonical\" href=\"https:\/\/www.asepeyo.es\/va\/trabajador\/\" \/>\n<meta property=\"og:locale\" content=\"en_US\" \/>\n<meta property=\"og:type\" content=\"article\" \/>\n<meta property=\"og:title\" content=\"Treballador - Asepeyo\" \/>\n<meta property=\"og:url\" content=\"https:\/\/www.asepeyo.es\/va\/trabajador\/\" \/>\n<meta property=\"og:site_name\" content=\"Asepeyo\" \/>\n<meta property=\"article:publisher\" content=\"https:\/\/es-es.facebook.com\/Asepeyo\/\" \/>\n<meta property=\"article:modified_time\" content=\"2022-07-06T09:12:02+00:00\" \/>\n<meta property=\"og:image\" content=\"https:\/\/www.asepeyo.es\/wp-content\/uploads\/bg-trabajadores.png\" \/>\n\t<meta property=\"og:image:width\" content=\"1927\" \/>\n\t<meta property=\"og:image:height\" content=\"744\" \/>\n\t<meta property=\"og:image:type\" content=\"image\/png\" \/>\n<meta name=\"twitter:card\" content=\"summary_large_image\" \/>\n<meta name=\"twitter:site\" content=\"@Asepeyo\" \/>\n<meta name=\"twitter:label1\" content=\"Est. reading time\" \/>\n\t<meta name=\"twitter:data1\" content=\"1 minute\" \/>\n<script type=\"application\/ld+json\" class=\"yoast-schema-graph\">{\"@context\":\"https:\\\/\\\/schema.org\",\"@graph\":[{\"@type\":\"WebPage\",\"@id\":\"https:\\\/\\\/www.asepeyo.es\\\/va\\\/trabajador\\\/\",\"url\":\"https:\\\/\\\/www.asepeyo.es\\\/va\\\/trabajador\\\/\",\"name\":\"Treballador - Asepeyo\",\"isPartOf\":{\"@id\":\"https:\\\/\\\/www.asepeyo.es\\\/va\\\/#website\"},\"primaryImageOfPage\":{\"@id\":\"https:\\\/\\\/www.asepeyo.es\\\/va\\\/trabajador\\\/#primaryimage\"},\"image\":{\"@id\":\"https:\\\/\\\/www.asepeyo.es\\\/va\\\/trabajador\\\/#primaryimage\"},\"thumbnailUrl\":\"https:\\\/\\\/www.asepeyo.es\\\/wp-content\\\/uploads\\\/bg-trabajadores.png\",\"datePublished\":\"2022-03-31T13:35:43+00:00\",\"dateModified\":\"2022-07-06T09:12:02+00:00\",\"breadcrumb\":{\"@id\":\"https:\\\/\\\/www.asepeyo.es\\\/va\\\/trabajador\\\/#breadcrumb\"},\"inLanguage\":\"va-ES\",\"potentialAction\":[{\"@type\":\"ReadAction\",\"target\":[\"https:\\\/\\\/www.asepeyo.es\\\/va\\\/trabajador\\\/\"]}]},{\"@type\":\"ImageObject\",\"inLanguage\":\"va-ES\",\"@id\":\"https:\\\/\\\/www.asepeyo.es\\\/va\\\/trabajador\\\/#primaryimage\",\"url\":\"https:\\\/\\\/www.asepeyo.es\\\/wp-content\\\/uploads\\\/bg-trabajadores.png\",\"contentUrl\":\"https:\\\/\\\/www.asepeyo.es\\\/wp-content\\\/uploads\\\/bg-trabajadores.png\",\"width\":1927,\"height\":744},{\"@type\":\"BreadcrumbList\",\"@id\":\"https:\\\/\\\/www.asepeyo.es\\\/va\\\/trabajador\\\/#breadcrumb\",\"itemListElement\":[{\"@type\":\"ListItem\",\"position\":1,\"name\":\"Inicio\",\"item\":\"https:\\\/\\\/www.asepeyo.es\\\/va\\\/\"},{\"@type\":\"ListItem\",\"position\":2,\"name\":\"Treballador\"}]},{\"@type\":\"WebSite\",\"@id\":\"https:\\\/\\\/www.asepeyo.es\\\/va\\\/#website\",\"url\":\"https:\\\/\\\/www.asepeyo.es\\\/va\\\/\",\"name\":\"Asepeyo\",\"description\":\"Mutua de accidentes de trabajo 151\",\"publisher\":{\"@id\":\"https:\\\/\\\/www.asepeyo.es\\\/va\\\/#organization\"},\"potentialAction\":[{\"@type\":\"SearchAction\",\"target\":{\"@type\":\"EntryPoint\",\"urlTemplate\":\"https:\\\/\\\/www.asepeyo.es\\\/va\\\/?s={search_term_string}\"},\"query-input\":{\"@type\":\"PropertyValueSpecification\",\"valueRequired\":true,\"valueName\":\"search_term_string\"}}],\"inLanguage\":\"va-ES\"},{\"@type\":\"Organization\",\"@id\":\"https:\\\/\\\/www.asepeyo.es\\\/va\\\/#organization\",\"name\":\"Asepeyo\",\"url\":\"https:\\\/\\\/www.asepeyo.es\\\/va\\\/\",\"logo\":{\"@type\":\"ImageObject\",\"inLanguage\":\"va-ES\",\"@id\":\"https:\\\/\\\/www.asepeyo.es\\\/va\\\/#\\\/schema\\\/logo\\\/image\\\/\",\"url\":\"https:\\\/\\\/www.asepeyo.es\\\/wp-content\\\/uploads\\\/logo-asepeyo-web-azul.png\",\"contentUrl\":\"https:\\\/\\\/www.asepeyo.es\\\/wp-content\\\/uploads\\\/logo-asepeyo-web-azul.png\",\"width\":350,\"height\":55,\"caption\":\"Asepeyo\"},\"image\":{\"@id\":\"https:\\\/\\\/www.asepeyo.es\\\/va\\\/#\\\/schema\\\/logo\\\/image\\\/\"},\"sameAs\":[\"https:\\\/\\\/es-es.facebook.com\\\/Asepeyo\\\/\",\"https:\\\/\\\/x.com\\\/Asepeyo\",\"https:\\\/\\\/www.instagram.com\\\/asepeyo\\\/?hl=es\",\"https:\\\/\\\/es.linkedin.com\\\/company\\\/asepeyo\",\"https:\\\/\\\/www.youtube.com\\\/channel\\\/UC42Ipj44IKKTITQ2HNoLmSQ\"]}]}<\/script>\n<!-- \/ Yoast SEO plugin. -->","yoast_head_json":{"title":"Treballador - Asepeyo","robots":{"index":"index","follow":"follow","max-snippet":"max-snippet:-1","max-image-preview":"max-image-preview:large","max-video-preview":"max-video-preview:-1"},"canonical":"https:\/\/www.asepeyo.es\/va\/trabajador\/","og_locale":"en_US","og_type":"article","og_title":"Treballador - Asepeyo","og_url":"https:\/\/www.asepeyo.es\/va\/trabajador\/","og_site_name":"Asepeyo","article_publisher":"https:\/\/es-es.facebook.com\/Asepeyo\/","article_modified_time":"2022-07-06T09:12:02+00:00","og_image":[{"width":1927,"height":744,"url":"https:\/\/www.asepeyo.es\/wp-content\/uploads\/bg-trabajadores.png","type":"image\/png"}],"twitter_card":"summary_large_image","twitter_site":"@Asepeyo","twitter_misc":{"Est. reading time":"1 minute"},"schema":{"@context":"https:\/\/schema.org","@graph":[{"@type":"WebPage","@id":"https:\/\/www.asepeyo.es\/va\/trabajador\/","url":"https:\/\/www.asepeyo.es\/va\/trabajador\/","name":"Treballador - Asepeyo","isPartOf":{"@id":"https:\/\/www.asepeyo.es\/va\/#website"},"primaryImageOfPage":{"@id":"https:\/\/www.asepeyo.es\/va\/trabajador\/#primaryimage"},"image":{"@id":"https:\/\/www.asepeyo.es\/va\/trabajador\/#primaryimage"},"thumbnailUrl":"https:\/\/www.asepeyo.es\/wp-content\/uploads\/bg-trabajadores.png","datePublished":"2022-03-31T13:35:43+00:00","dateModified":"2022-07-06T09:12:02+00:00","breadcrumb":{"@id":"https:\/\/www.asepeyo.es\/va\/trabajador\/#breadcrumb"},"inLanguage":"va-ES","potentialAction":[{"@type":"ReadAction","target":["https:\/\/www.asepeyo.es\/va\/trabajador\/"]}]},{"@type":"ImageObject","inLanguage":"va-ES","@id":"https:\/\/www.asepeyo.es\/va\/trabajador\/#primaryimage","url":"https:\/\/www.asepeyo.es\/wp-content\/uploads\/bg-trabajadores.png","contentUrl":"https:\/\/www.asepeyo.es\/wp-content\/uploads\/bg-trabajadores.png","width":1927,"height":744},{"@type":"BreadcrumbList","@id":"https:\/\/www.asepeyo.es\/va\/trabajador\/#breadcrumb","itemListElement":[{"@type":"ListItem","position":1,"name":"Inicio","item":"https:\/\/www.asepeyo.es\/va\/"},{"@type":"ListItem","position":2,"name":"Treballador"}]},{"@type":"WebSite","@id":"https:\/\/www.asepeyo.es\/va\/#website","url":"https:\/\/www.asepeyo.es\/va\/","name":"Asepeyo","description":"Mutua de accidentes de trabajo 151","publisher":{"@id":"https:\/\/www.asepeyo.es\/va\/#organization"},"potentialAction":[{"@type":"SearchAction","target":{"@type":"EntryPoint","urlTemplate":"https:\/\/www.asepeyo.es\/va\/?s={search_term_string}"},"query-input":{"@type":"PropertyValueSpecification","valueRequired":true,"valueName":"search_term_string"}}],"inLanguage":"va-ES"},{"@type":"Organization","@id":"https:\/\/www.asepeyo.es\/va\/#organization","name":"Asepeyo","url":"https:\/\/www.asepeyo.es\/va\/","logo":{"@type":"ImageObject","inLanguage":"va-ES","@id":"https:\/\/www.asepeyo.es\/va\/#\/schema\/logo\/image\/","url":"https:\/\/www.asepeyo.es\/wp-content\/uploads\/logo-asepeyo-web-azul.png","contentUrl":"https:\/\/www.asepeyo.es\/wp-content\/uploads\/logo-asepeyo-web-azul.png","width":350,"height":55,"caption":"Asepeyo"},"image":{"@id":"https:\/\/www.asepeyo.es\/va\/#\/schema\/logo\/image\/"},"sameAs":["https:\/\/es-es.facebook.com\/Asepeyo\/","https:\/\/x.com\/Asepeyo","https:\/\/www.instagram.com\/asepeyo\/?hl=es","https:\/\/es.linkedin.com\/company\/asepeyo","https:\/\/www.youtube.com\/channel\/UC42Ipj44IKKTITQ2HNoLmSQ"]}]}},"_links":{"self":[{"href":"https:\/\/www.asepeyo.es\/va\/wp-json\/wp\/v2\/pages\/1456629","targetHints":{"allow":["GET"]}}],"collection":[{"href":"https:\/\/www.asepeyo.es\/va\/wp-json\/wp\/v2\/pages"}],"about":[{"href":"https:\/\/www.asepeyo.es\/va\/wp-json\/wp\/v2\/types\/page"}],"author":[{"embeddable":true,"href":"https:\/\/www.asepeyo.es\/va\/wp-json\/wp\/v2\/users\/2"}],"replies":[{"embeddable":true,"href":"https:\/\/www.asepeyo.es\/va\/wp-json\/wp\/v2\/comments?post=1456629"}],"version-history":[{"count":4,"href":"https:\/\/www.asepeyo.es\/va\/wp-json\/wp\/v2\/pages\/1456629\/revisions"}],"predecessor-version":[{"id":1461363,"href":"https:\/\/www.asepeyo.es\/va\/wp-json\/wp\/v2\/pages\/1456629\/revisions\/1461363"}],"wp:featuredmedia":[{"embeddable":true,"href":"https:\/\/www.asepeyo.es\/va\/wp-json\/wp\/v2\/media\/1456928"}],"wp:attachment":[{"href":"https:\/\/www.asepeyo.es\/va\/wp-json\/wp\/v2\/media?parent=1456629"}],"curies":[{"name":"wp","href":"https:\/\/api.w.org\/{rel}","templated":true}]}}