{"id":1456628,"date":"2022-03-31T15:35:36","date_gmt":"2022-03-31T13:35:36","guid":{"rendered":"https:\/\/www.asepeyo.es\/?page_id=1456628"},"modified":"2022-04-01T10:46:29","modified_gmt":"2022-04-01T08:46:29","slug":"autonomo","status":"publish","type":"page","link":"https:\/\/www.asepeyo.es\/va\/autonomo\/","title":{"rendered":"Aut\u00f2nom"},"content":{"rendered":"<div class=\"grid-70 prefix-20 tablet-grid-75 tablet-prefix-25 mobile-grid-100 maven\">\n<div class=\"alert alert-info text-center\" role=\"alert\"><a href=\"https:\/\/www.asepeyo.es\/duda\/autonomo-covid-ayudas-cese\/\">Tramita les prestacions de cessament d\u2019activitat per coronavirus <i class=\"fal fa-arrow-to-right\"><\/i><\/a><\/div>\n<\/div>\n\n<div class=\"align-center\">\n<div class=\"titulo\">\n<h2>Som la teua m\u00fatua perqu\u00e8<\/h2>\n<\/div>\n<div class=\"grid-100 pb5\">\n<div class=\"grid-33 grid-mobile-100 px-md-5 pb-5\">\n\t\t\t<i class=\"fal fa-thumbs-up fa-3x text-primary\"><\/i>\n<div class=\"content\">\n<h3 class=\"f3\">Marquem la difer\u00e8ncia<\/h3>\n<div class=\"sub header\">\n\t\t\t\t\tEstem al teu costat oferint-te la millor cobertura en conting\u00e8ncies comunes, conting\u00e8ncies professionals y cessament d\u2019activitat, aquestes dues \u00faltimes, ja obligat\u00f2ries. Tria&#8217;ns i veur\u00e0s com gestionem tots els teus tr\u00e0mits de manera \u00e0gil, r\u00e0pida, transparent i eficient.\n\t\t\t\t<\/div>\n<\/div>\n<\/div>\n<div class=\"grid-33 grid-mobile-100 px-md-5 pb-5\">\n\t\t\t<i class=\"fal fa-briefcase fa-3x text-primary\"><\/i>\n<div class=\"content\">\n<h3 class=\"f3\">Valorem el teu treball<\/h3>\n<div class=\"sub header\">\n\t\t\t\t\tComprenem que no pots perdre un dia de treball, que les teues jornades s\u00f3n llargues i que tens poc temps. Nosaltres t&#8217;oferim una assist\u00e8ncia sanit\u00e0ria immediata i de qualitat, sense llistes d&#8217;espera, en tots els nostres centres assistencials.\n\t\t\t\t<\/div>\n<\/div>\n<\/div>\n<div class=\"grid-33 grid-mobile-100 px-md-5 pb-5\">\n\t\t\t<i class=\"fal fa-hands-helping fa-3x text-primary\"><\/i>\n<div class=\"content\">\n<h3 class=\"f3\">T\u2019ajudem, sempre<\/h3>\n<div class=\"sub header\">\n\t\t\t\t\tEstem a la teua disposici\u00f3 les 24 hores, els 7 dies de la setmana per donar-te el millor servei i ajudar-te en tot all\u00f2 que necessites. Posem al teu abast m\u00faltiples eines, per a resoldre els teus tr\u00e0mits i fer les teues gestions de manera r\u00e0pida i adaptada a les teues necessitats.\n\t\t\t\t<\/div>\n<\/div>\n<\/div>\n<\/div>\n<\/div>\n<div class=\"titulo\">\n<h2>Qu\u00e8 t\u2019oferim?<\/h2>\n<\/div>\n<div class=\"grid-70 push-15 mobile-grid-100\">\n<div id=\"accordion\" class=\"panel-group accordion-border-gradient\">\n<div class=\"card\">\n<div id=\"headingOne\" class=\"card-header\">\n<h5 class=\"mb-0\"><a class=\"collapsed\" role=\"button\" rel=\"noopener noreferrer\" aria-controls=\"collapseOne\" aria-expanded=\"false\" data-target=\"#collapseOne\" data-toggle=\"collapse\">Conting\u00e8ncia com\u00fa. Malaltia comuna i accident no laboral<\/a><\/h5>\n<\/div>\n<div id=\"collapseOne\" class=\"collapse\" aria-labelledby=\"headingOne\" data-parent=\"#accordion\">\n<div class=\"card-body\">\n<div class=\"mb-3 p-4\">\n<p class=\"mb-1\">Si est\u00e0s de baixa m\u00e8dica per malaltia comuna o accident no laboral, posem a la teua disposici\u00f3 un equip administratiu especialitzat en tramitar el cobrament dels dies de baixa:<\/p>\n<ul>\n<li>El 60% de la base reguladora, del 4t al 20\u00e9 dia de baixa<\/li>\n<li>El 75% de la base reguladora, a partir del 21r dia de baixa<\/li>\n<\/ul>\n<p class=\"mb-1\">T\u2019oferim, tamb\u00e9, un seguiment per part dels m\u00e9s de de 1.500 professionals sanitaris de la M\u00fatua, de reconegut prestigi i amb el millor equipament ambulatori, hospitalari, terap\u00e8utic i de diagn\u00f2stic.<\/p>\n<\/div>\n<\/div>\n<\/div>\n<\/div>\n<div class=\"card\">\n<div id=\"headingTwo\" class=\"card-header\">\n<h5 class=\"mb-0\"><a class=\"collapsed\" role=\"button\" rel=\"noopener noreferrer\" aria-controls=\"collapseTwo\" aria-expanded=\"false\" data-target=\"#collapseTwo\" data-toggle=\"collapse\">Conting\u00e8ncia professional. Accident de treball i malaltia professional<\/a><\/h5>\n<\/div>\n<div id=\"collapseTwo\" class=\"collapse\" aria-labelledby=\"headingTwo\" data-parent=\"#accordion\">\n<div class=\"card-body\">\n<div class=\"mb-3 p-4\">\n<p class=\"mb-1\">Si pateixes un accident de treball o una malaltia professional, t&#8217;ajudem en tot el que necessites.<\/p>\n<p class=\"mb-1\">En cas de baixa m\u00e8dica, cobrar\u00e0s la prestaci\u00f3 econ\u00f2mica a partir de l&#8217;endem\u00e0 a la baixa, i ser\u00e0 del 75% de la base reguladora.<\/p>\n<p class=\"mb-1\">T\u2019oferim la millor assist\u00e8ncia sanit\u00e0ria fins a la teua recuperaci\u00f3, incloent tot el que siga necessari: visites a l\u2019especialista, intervencions quir\u00fargiques, hospitalitzaci\u00f3 i medicaci\u00f3.<\/p>\n<p class=\"mb-1\">Si es produeixen seq\u00fceles irreversibles que provoquen limitacions, tramitarem les indemnitzacions o pensions necess\u00e0ries davant la Direcci\u00f3 Provincial de l&#8217;Institut Nacional de Seguretat Social o l&#8217;Institut Social de la Marina.<\/p>\n<\/div>\n<\/div>\n<\/div>\n<\/div>\n<div class=\"card\">\n<div id=\"headingThree\" class=\"card-header\">\n<h5 class=\"mb-0\"><a class=\"collapsed\" role=\"button\" rel=\"noopener noreferrer\" aria-controls=\"collapseThree\" aria-expanded=\"false\" data-target=\"#collapseThree\" data-toggle=\"collapse\">Prestaci\u00f3 en cas d\u2019aturament<\/a><\/h5>\n<\/div>\n<div id=\"collapseThree\" class=\"collapse\" aria-labelledby=\"headingThree\" data-parent=\"#accordion\">\n<div class=\"card-body\">\n<div class=\"mb-3 p-4\">\n<p class=\"mb-1\">Si has cessat totalment en la teua activitat, et correspon el 70% de la mitjana de les bases reguladores dels 12 mesos anteriors de cotitzaci\u00f3.<\/p>\n<\/div>\n<\/div>\n<\/div>\n<\/div>\n<div class=\"card\">\n<div id=\"headingThree\" class=\"card-header\">\n<h5 class=\"mb-0\"><a class=\"collapsed\" role=\"button\" rel=\"noopener noreferrer\" aria-controls=\"riesgo-embarazo\" aria-expanded=\"false\" data-target=\"#riesgo-embarazo\" data-toggle=\"collapse\">Subsidi de risc per a l\u2019embar\u00e0s i\/o lact\u00e0ncia natural<\/a><\/h5>\n<\/div>\n<div id=\"riesgo-embarazo\" class=\"collapse\" aria-labelledby=\"heading-riesgo-embarazo\" data-parent=\"#accordion\">\n<div class=\"card-body\">\n<div class=\"mb-3 p-4\">\n<p class=\"mb-1\">Si la teua activitat pot perjudicar la bona evoluci\u00f3 de la gestaci\u00f3, pots optar a aquesta prestaci\u00f3. El subsidi \u00e9s del 100% de la base reguladora des de el reconeixement de la prestaci\u00f3.<\/p>\n<\/div>\n<\/div>\n<\/div>\n<\/div>\n<div class=\"card\">\n<div id=\"headingThree\" class=\"card-header\">\n<h5 class=\"mb-0\"><a class=\"collapsed\" role=\"button\" rel=\"noopener noreferrer\" aria-controls=\"cuidado-menor\" aria-expanded=\"false\" data-target=\"#cuidado-menor\" data-toggle=\"collapse\">Cura del menor amb c\u00e0ncer<\/a><\/h5>\n<\/div>\n<div id=\"cuidado-menor\" class=\"collapse\" aria-labelledby=\"heading-cuidado-menor\" data-parent=\"#accordion\">\n<div class=\"card-body\">\n<div class=\"mb-4\">\n<p class=\"mb-1\">Si necessites reduir la teua jornada, m\u00e9s del 50%, per a cuidar a un menor al teu c\u00e0rrec amb c\u00e0ncer o malaltia greu, sol\u00b7licita aquesta prestaci\u00f3 que cobreix el 100% de la base de reguladora corresponent a la part de la jornada redu\u00efda.<\/p>\n<\/div>\n<\/div>\n<\/div>\n<\/div>\n<\/div>\n<\/div>\n<div class=\"row\">\n<div class=\"col-7 offset-md-1\">\n<h2 class=\"pt-5\">Calcula la teua quota<\/h2>\n<p class=\"lead\">Coneix quant has de pagar cada mes a la Seguretat Social i la prestaci\u00f3 que rebr\u00e0s, en cas de baixa m\u00e8dica o cessament d&#8217;activitat<\/p>\n<p><a href=\"https:\/\/www.asepeyo.es\/autonomo\/calcula-tu-cuota-de-autonomos\/\" class=\"btn-gradient f4 red btn\"> Calcula la teua quota<\/a><\/p>\n<\/div>\n<div class=\"col-4\"><img decoding=\"async\" src=\"https:\/\/www.asepeyo.es\/wp-content\/uploads\/calculadora-banner.png\" alt=\"Calculadora de aut\u00f3nomos\"\/><\/div>\n<\/div>\n<div class=\"grid-container\">\n<div class=\"grid-70 prefix-15 titulo\">\n<h2>Ajudes econ\u00f2miques espec\u00edfiques<\/h2>\n<\/div>\n<div class=\"grid-70 prefix-20 mobile-grid-100\">\n<p>\nSi la teua baixa m\u00e8dica per accident de treball supera el mes de duraci\u00f3 i, per aix\u00f2, el teu negoci est\u00e0 inoperatiu, t&#8217;ajudarem en les necessitats de la teua unitat familiar mentre dure la baixa m\u00e8dica.\n<\/p>\n<p>\nNom\u00e9s haur\u00e0s d&#8217;aportar-nos la factura del mes anterior a l&#8217;accident de tots els conceptes que al\u00b7legues, juntament amb la sol\u00b7licitud d&#8217;ajuda social signada\n<\/p>\n<\/div>\n<div class=\"grid-70 prefix-15 mobile-grid-100 align-center my-4\"><a href=\"\/wp-content\/uploads\/formulario-solicitud-ayuda-social-es.pdf\" target=\"_blank\" rel=\"noopener noreferrer\"><button class=\"btn boton-azul p-3 white\"><i class=\"fal fa-file-pdf\"><\/i> Descarrega el formulari de sol\u00b7licitud<\/button><\/a><\/div>\n<\/div>\n<div class=\"grid-container\">\n<div class=\"grid-70 prefix-15 titulo\">\n<h2 class=\" titulo\">Vols donar-te d\u2019alta amb nosaltres?<\/h2>\n<p class=\" pb-3 align-center\">Si vols estar amb nosaltres deixa\u2019ns les teues dades.<br \/>\nA causa de l&#8217;estat d&#8217;alarma pel COVID-19 el nostre temps de resposta \u00e9s superior a l&#8217;habitual. Ens posarem en contacte amb tu, tan prompte ens siga possible.<\/p>\n\n<div class=\"wpcf7 no-js\" id=\"wpcf7-f50354-o1\" lang=\"es-ES\" dir=\"ltr\" data-wpcf7-id=\"50354\">\n<div class=\"screen-reader-response\"><p role=\"status\" aria-live=\"polite\" aria-atomic=\"true\"><\/p> <ul><\/ul><\/div>\n<form action=\"\/va\/wp-json\/wp\/v2\/pages\/1456628#wpcf7-f50354-o1\" method=\"post\" class=\"wpcf7-form init use-floating-validation-tip wpcf7-acceptance-as-validation\" aria-label=\"Contact form\" novalidate=\"novalidate\" data-status=\"init\">\n<fieldset class=\"hidden-fields-container\"><input type=\"hidden\" name=\"_wpcf7\" value=\"50354\" \/><input type=\"hidden\" name=\"_wpcf7_version\" value=\"6.1.5\" \/><input type=\"hidden\" name=\"_wpcf7_locale\" value=\"es_ES\" \/><input type=\"hidden\" name=\"_wpcf7_unit_tag\" value=\"wpcf7-f50354-o1\" \/><input type=\"hidden\" name=\"_wpcf7_container_post\" value=\"0\" \/><input type=\"hidden\" name=\"_wpcf7_posted_data_hash\" value=\"\" \/><input type=\"hidden\" name=\"_wpcf7_recaptcha_response\" value=\"\" \/>\n<\/fieldset>\n<div class=\"grid-parent form-perfil form-sobre-azul\">\n\t<div class=\"grid-100 respuesta\">\n\t<div class=\"wpcf7-response-output\" aria-hidden=\"true\"><\/div>\n\t<\/div>\n\t<div class=\"grid-50 tablet-grid-50 mobil-grid-100 pb-5\">\n\t\t<fieldset>\n\t\t\t<p><label for=\"your-name\"> Nombre* <small class=\"text-danger\">(obligatorio)<\/small> <\/label><input size=\"40\" maxlength=\"400\" class=\"wpcf7-form-control wpcf7-text wpcf7-validates-as-required\" id=\"your-name\" aria-required=\"true\" aria-invalid=\"false\" value=\"\" type=\"text\" name=\"your-name\" \/>\n\t\t\t<\/p>\n\t\t<\/fieldset>\n\t<\/div>\n\t<div class=\"grid-50 tablet-grid-50 mobil-grid-100 pb-5\">\n\t\t<p><label for=\"your-telf\"> Tel* <small class=\"text-danger\">(obligatorio)<\/small> <\/label><input size=\"40\" maxlength=\"400\" class=\"wpcf7-form-control wpcf7-tel wpcf7-validates-as-required wpcf7-text wpcf7-validates-as-tel\" id=\"your-telf\" aria-required=\"true\" aria-invalid=\"false\" value=\"\" type=\"tel\" name=\"your-telf\" \/>\n\t\t<\/p>\n\t<\/div>\n\t<div class=\"grid-50 tablet-grid-50 mobil-grid-100 pb-5\">\n\t\t<p><label for=\"postcode\">C\u00f3digo postal <\/label><input size=\"40\" maxlength=\"400\" class=\"wpcf7-form-control wpcf7-text\" id=\"postcode\" aria-invalid=\"false\" value=\"\" type=\"text\" name=\"postcode\" \/>\n\t\t<\/p>\n\t<\/div>\n\t<div class=\"grid-50 tablet-grid-50 mobil-grid-100 pb-5\">\n\t\t<p><label for=\"your-email\"> Correo electr\u00f3nico* <small class=\"text-danger\">(obligatorio)<\/small> <\/label><input size=\"40\" maxlength=\"400\" class=\"wpcf7-form-control wpcf7-email wpcf7-validates-as-required wpcf7-text wpcf7-validates-as-email\" id=\"your-email\" aria-required=\"true\" aria-invalid=\"false\" value=\"\" type=\"email\" name=\"your-email\" \/>\n\t\t<\/p>\n\t<\/div>\n\t<div class=\"grid-100\">\n\t\t<p><label for=\"your-name\"> Pregunta de seguridad:* <small class=\"text-danger\">(obligatorio)<\/small> <\/label><label><span class=\"wpcf7-quiz-label\">Uno+2=<\/span> <input size=\"40\" class=\"wpcf7-form-control wpcf7-quiz w-50\" id=\"calculo-form\" autocomplete=\"off\" aria-required=\"true\" aria-invalid=\"false\" type=\"text\" name=\"calculo-form\" \/><\/label><input type=\"hidden\" name=\"_wpcf7_quiz_answer_calculo-form\" value=\"b6ad8635a149810ca9ff3bd2dcc93d58\" \/>\n\t\t<\/p>\n\t<\/div>\n\t<div class=\"grid-100 pt-3\">\n\t\t<p><label class=\"form-accept\" for=\"acceptance\"><span class=\"wpcf7-form-control wpcf7-acceptance\"><span class=\"wpcf7-list-item\"><input type=\"checkbox\" name=\"accept-this-1\" value=\"1\" id=\"acceptance\" aria-invalid=\"false\" \/><\/span><\/span> Acepto la <a href=\"\/aviso-legal\/#Privacidad_y_proteccion_de_datos_de_caracter_personal\">pol\u00edtica de privacidad<\/a>.<br \/>\nNo utilizaremos este correo para enviarte informaci\u00f3n comercial<\/label><br \/>\n<small class=\"text-danger\">*Campos obligatorios<\/small>\n\t\t<\/p>\n\t\t<div class=\"grid-100 align-center\">\n\t\t\t<p><label for=\"enviar\"><button class=\"boton-rojo\" id=\"Formulario-Autonomos\" onclick=\"gtag('event', 'enviar', { 'event_category': 'formulario', 'event_label': 'Te llamamos - Autonomos', 'value': '0'});\"><input class=\"wpcf7-form-control wpcf7-submit has-spinner\" type=\"submit\" value=\"Send\" \/><\/button><\/label>\n\t\t\t<\/p>\n\t\t<\/div>\n\t<\/div>\n<\/div>\n<\/form>\n<\/div>\n\n<\/div>\n<\/div>\n<div class=\"grid-container banners-azules \">\n<div class=\"grid-33 mobile-grid-100 maven align-center\">\n<i class=\"fal fa-comment-alt-edit fa-3x\"><\/i>\n<p class=\"pt-5 px-3 f4\">L\u2019\u00faltima informaci\u00f3 del teu sector  <\/p>\n<p><a href=\"\/blog\/autonomos\/\" class=\"btn btn-white\">Blog aut\u00f2noms<\/a><\/p>\n<\/div>\n<div class=\"grid-33 mobile-grid-100 maven align-center\">\n<i class=\"fal fa-question-circle fa-3x\"><\/i>\n<p class=\"pt-5 px-3 f4\">Troba la resposta als teus dubtes  <\/p>\n<p><a href=\"\/dudas\/\" class=\"btn btn-white\">Preguntes freq\u00fcents<\/a><\/p>\n<\/div>\n<div class=\"grid-33 mobile-grid-100 maven align-center\">\n<i class=\"fal fa-map-marked fa-3x\"><\/i>\n<p class=\"pt-5 px-3 f4\">Busca el teu centre m\u00e9s proper <\/p>\n<p><a href=\"\/red-de-delegaciones\/\" class=\"btn btn-white\">Xarxa de centres<\/a><\/p>\n<\/div>\n<\/div>\n","protected":false},"excerpt":{"rendered":"","protected":false},"author":2,"featured_media":1456917,"parent":0,"menu_order":0,"comment_status":"closed","ping_status":"closed","template":"","meta":{"_acf_changed":false,"generate_page_header":"","footnotes":""},"class_list":["post-1456628","page","type-page","status-publish","has-post-thumbnail"],"acf":[],"yoast_head":"<!-- This site is optimized with the Yoast SEO plugin v27.4 - https:\/\/yoast.com\/product\/yoast-seo-wordpress\/ -->\n<title>Aut\u00f2nom - Asepeyo<\/title>\n<meta name=\"description\" content=\"T&#039;oferim l&#039;acc\u00e9s a una assist\u00e8ncia sanit\u00e0ria immediata i de qualitat, sense llistes d&#039;espera, en tots els nostres centres assistencials. Vols unir-te?\" \/>\n<meta name=\"robots\" content=\"index, follow, max-snippet:-1, max-image-preview:large, max-video-preview:-1\" \/>\n<link rel=\"canonical\" href=\"https:\/\/www.asepeyo.es\/va\/autonomo\/\" \/>\n<meta property=\"og:locale\" content=\"en_US\" \/>\n<meta property=\"og:type\" content=\"article\" \/>\n<meta property=\"og:title\" content=\"Aut\u00f2nom - Asepeyo\" \/>\n<meta property=\"og:description\" content=\"T&#039;oferim l&#039;acc\u00e9s a una assist\u00e8ncia sanit\u00e0ria immediata i de qualitat, sense llistes d&#039;espera, en tots els nostres centres assistencials. Vols unir-te?\" \/>\n<meta property=\"og:url\" content=\"https:\/\/www.asepeyo.es\/va\/autonomo\/\" \/>\n<meta property=\"og:site_name\" content=\"Asepeyo\" \/>\n<meta property=\"article:publisher\" content=\"https:\/\/es-es.facebook.com\/Asepeyo\/\" \/>\n<meta property=\"article:modified_time\" content=\"2022-04-01T08:46:29+00:00\" \/>\n<meta property=\"og:image\" content=\"https:\/\/www.asepeyo.es\/wp-content\/uploads\/fondo-autonomos-2.jpg\" \/>\n\t<meta property=\"og:image:width\" content=\"3000\" \/>\n\t<meta property=\"og:image:height\" content=\"1158\" \/>\n\t<meta property=\"og:image:type\" content=\"image\/jpeg\" \/>\n<meta name=\"twitter:card\" content=\"summary_large_image\" \/>\n<meta name=\"twitter:site\" content=\"@Asepeyo\" \/>\n<meta name=\"twitter:label1\" content=\"Est. reading time\" \/>\n\t<meta name=\"twitter:data1\" content=\"3 minutes\" \/>\n<script type=\"application\/ld+json\" class=\"yoast-schema-graph\">{\"@context\":\"https:\\\/\\\/schema.org\",\"@graph\":[{\"@type\":\"WebPage\",\"@id\":\"https:\\\/\\\/www.asepeyo.es\\\/va\\\/autonomo\\\/\",\"url\":\"https:\\\/\\\/www.asepeyo.es\\\/va\\\/autonomo\\\/\",\"name\":\"Aut\u00f2nom - Asepeyo\",\"isPartOf\":{\"@id\":\"https:\\\/\\\/www.asepeyo.es\\\/va\\\/#website\"},\"primaryImageOfPage\":{\"@id\":\"https:\\\/\\\/www.asepeyo.es\\\/va\\\/autonomo\\\/#primaryimage\"},\"image\":{\"@id\":\"https:\\\/\\\/www.asepeyo.es\\\/va\\\/autonomo\\\/#primaryimage\"},\"thumbnailUrl\":\"https:\\\/\\\/www.asepeyo.es\\\/wp-content\\\/uploads\\\/fondo-autonomos-2-scaled.jpg\",\"datePublished\":\"2022-03-31T13:35:36+00:00\",\"dateModified\":\"2022-04-01T08:46:29+00:00\",\"description\":\"T'oferim l'acc\u00e9s a una assist\u00e8ncia sanit\u00e0ria immediata i de qualitat, sense llistes d'espera, en tots els nostres centres assistencials. Vols unir-te?\",\"breadcrumb\":{\"@id\":\"https:\\\/\\\/www.asepeyo.es\\\/va\\\/autonomo\\\/#breadcrumb\"},\"inLanguage\":\"va-ES\",\"potentialAction\":[{\"@type\":\"ReadAction\",\"target\":[\"https:\\\/\\\/www.asepeyo.es\\\/va\\\/autonomo\\\/\"]}]},{\"@type\":\"ImageObject\",\"inLanguage\":\"va-ES\",\"@id\":\"https:\\\/\\\/www.asepeyo.es\\\/va\\\/autonomo\\\/#primaryimage\",\"url\":\"https:\\\/\\\/www.asepeyo.es\\\/wp-content\\\/uploads\\\/fondo-autonomos-2-scaled.jpg\",\"contentUrl\":\"https:\\\/\\\/www.asepeyo.es\\\/wp-content\\\/uploads\\\/fondo-autonomos-2-scaled.jpg\",\"width\":2560,\"height\":988},{\"@type\":\"BreadcrumbList\",\"@id\":\"https:\\\/\\\/www.asepeyo.es\\\/va\\\/autonomo\\\/#breadcrumb\",\"itemListElement\":[{\"@type\":\"ListItem\",\"position\":1,\"name\":\"Inicio\",\"item\":\"https:\\\/\\\/www.asepeyo.es\\\/va\\\/\"},{\"@type\":\"ListItem\",\"position\":2,\"name\":\"Aut\u00f2nom\"}]},{\"@type\":\"WebSite\",\"@id\":\"https:\\\/\\\/www.asepeyo.es\\\/va\\\/#website\",\"url\":\"https:\\\/\\\/www.asepeyo.es\\\/va\\\/\",\"name\":\"Asepeyo\",\"description\":\"Mutua de accidentes de trabajo 151\",\"publisher\":{\"@id\":\"https:\\\/\\\/www.asepeyo.es\\\/va\\\/#organization\"},\"potentialAction\":[{\"@type\":\"SearchAction\",\"target\":{\"@type\":\"EntryPoint\",\"urlTemplate\":\"https:\\\/\\\/www.asepeyo.es\\\/va\\\/?s={search_term_string}\"},\"query-input\":{\"@type\":\"PropertyValueSpecification\",\"valueRequired\":true,\"valueName\":\"search_term_string\"}}],\"inLanguage\":\"va-ES\"},{\"@type\":\"Organization\",\"@id\":\"https:\\\/\\\/www.asepeyo.es\\\/va\\\/#organization\",\"name\":\"Asepeyo\",\"url\":\"https:\\\/\\\/www.asepeyo.es\\\/va\\\/\",\"logo\":{\"@type\":\"ImageObject\",\"inLanguage\":\"va-ES\",\"@id\":\"https:\\\/\\\/www.asepeyo.es\\\/va\\\/#\\\/schema\\\/logo\\\/image\\\/\",\"url\":\"https:\\\/\\\/www.asepeyo.es\\\/wp-content\\\/uploads\\\/logo-asepeyo-web-azul.png\",\"contentUrl\":\"https:\\\/\\\/www.asepeyo.es\\\/wp-content\\\/uploads\\\/logo-asepeyo-web-azul.png\",\"width\":350,\"height\":55,\"caption\":\"Asepeyo\"},\"image\":{\"@id\":\"https:\\\/\\\/www.asepeyo.es\\\/va\\\/#\\\/schema\\\/logo\\\/image\\\/\"},\"sameAs\":[\"https:\\\/\\\/es-es.facebook.com\\\/Asepeyo\\\/\",\"https:\\\/\\\/x.com\\\/Asepeyo\",\"https:\\\/\\\/www.instagram.com\\\/asepeyo\\\/?hl=es\",\"https:\\\/\\\/es.linkedin.com\\\/company\\\/asepeyo\",\"https:\\\/\\\/www.youtube.com\\\/channel\\\/UC42Ipj44IKKTITQ2HNoLmSQ\"]}]}<\/script>\n<!-- \/ Yoast SEO plugin. -->","yoast_head_json":{"title":"Aut\u00f2nom - Asepeyo","description":"T'oferim l'acc\u00e9s a una assist\u00e8ncia sanit\u00e0ria immediata i de qualitat, sense llistes d'espera, en tots els nostres centres assistencials. Vols unir-te?","robots":{"index":"index","follow":"follow","max-snippet":"max-snippet:-1","max-image-preview":"max-image-preview:large","max-video-preview":"max-video-preview:-1"},"canonical":"https:\/\/www.asepeyo.es\/va\/autonomo\/","og_locale":"en_US","og_type":"article","og_title":"Aut\u00f2nom - Asepeyo","og_description":"T'oferim l'acc\u00e9s a una assist\u00e8ncia sanit\u00e0ria immediata i de qualitat, sense llistes d'espera, en tots els nostres centres assistencials. Vols unir-te?","og_url":"https:\/\/www.asepeyo.es\/va\/autonomo\/","og_site_name":"Asepeyo","article_publisher":"https:\/\/es-es.facebook.com\/Asepeyo\/","article_modified_time":"2022-04-01T08:46:29+00:00","og_image":[{"width":3000,"height":1158,"url":"https:\/\/www.asepeyo.es\/wp-content\/uploads\/fondo-autonomos-2.jpg","type":"image\/jpeg"}],"twitter_card":"summary_large_image","twitter_site":"@Asepeyo","twitter_misc":{"Est. reading time":"3 minutes"},"schema":{"@context":"https:\/\/schema.org","@graph":[{"@type":"WebPage","@id":"https:\/\/www.asepeyo.es\/va\/autonomo\/","url":"https:\/\/www.asepeyo.es\/va\/autonomo\/","name":"Aut\u00f2nom - Asepeyo","isPartOf":{"@id":"https:\/\/www.asepeyo.es\/va\/#website"},"primaryImageOfPage":{"@id":"https:\/\/www.asepeyo.es\/va\/autonomo\/#primaryimage"},"image":{"@id":"https:\/\/www.asepeyo.es\/va\/autonomo\/#primaryimage"},"thumbnailUrl":"https:\/\/www.asepeyo.es\/wp-content\/uploads\/fondo-autonomos-2-scaled.jpg","datePublished":"2022-03-31T13:35:36+00:00","dateModified":"2022-04-01T08:46:29+00:00","description":"T'oferim l'acc\u00e9s a una assist\u00e8ncia sanit\u00e0ria immediata i de qualitat, sense llistes d'espera, en tots els nostres centres assistencials. Vols unir-te?","breadcrumb":{"@id":"https:\/\/www.asepeyo.es\/va\/autonomo\/#breadcrumb"},"inLanguage":"va-ES","potentialAction":[{"@type":"ReadAction","target":["https:\/\/www.asepeyo.es\/va\/autonomo\/"]}]},{"@type":"ImageObject","inLanguage":"va-ES","@id":"https:\/\/www.asepeyo.es\/va\/autonomo\/#primaryimage","url":"https:\/\/www.asepeyo.es\/wp-content\/uploads\/fondo-autonomos-2-scaled.jpg","contentUrl":"https:\/\/www.asepeyo.es\/wp-content\/uploads\/fondo-autonomos-2-scaled.jpg","width":2560,"height":988},{"@type":"BreadcrumbList","@id":"https:\/\/www.asepeyo.es\/va\/autonomo\/#breadcrumb","itemListElement":[{"@type":"ListItem","position":1,"name":"Inicio","item":"https:\/\/www.asepeyo.es\/va\/"},{"@type":"ListItem","position":2,"name":"Aut\u00f2nom"}]},{"@type":"WebSite","@id":"https:\/\/www.asepeyo.es\/va\/#website","url":"https:\/\/www.asepeyo.es\/va\/","name":"Asepeyo","description":"Mutua de accidentes de trabajo 151","publisher":{"@id":"https:\/\/www.asepeyo.es\/va\/#organization"},"potentialAction":[{"@type":"SearchAction","target":{"@type":"EntryPoint","urlTemplate":"https:\/\/www.asepeyo.es\/va\/?s={search_term_string}"},"query-input":{"@type":"PropertyValueSpecification","valueRequired":true,"valueName":"search_term_string"}}],"inLanguage":"va-ES"},{"@type":"Organization","@id":"https:\/\/www.asepeyo.es\/va\/#organization","name":"Asepeyo","url":"https:\/\/www.asepeyo.es\/va\/","logo":{"@type":"ImageObject","inLanguage":"va-ES","@id":"https:\/\/www.asepeyo.es\/va\/#\/schema\/logo\/image\/","url":"https:\/\/www.asepeyo.es\/wp-content\/uploads\/logo-asepeyo-web-azul.png","contentUrl":"https:\/\/www.asepeyo.es\/wp-content\/uploads\/logo-asepeyo-web-azul.png","width":350,"height":55,"caption":"Asepeyo"},"image":{"@id":"https:\/\/www.asepeyo.es\/va\/#\/schema\/logo\/image\/"},"sameAs":["https:\/\/es-es.facebook.com\/Asepeyo\/","https:\/\/x.com\/Asepeyo","https:\/\/www.instagram.com\/asepeyo\/?hl=es","https:\/\/es.linkedin.com\/company\/asepeyo","https:\/\/www.youtube.com\/channel\/UC42Ipj44IKKTITQ2HNoLmSQ"]}]}},"_links":{"self":[{"href":"https:\/\/www.asepeyo.es\/va\/wp-json\/wp\/v2\/pages\/1456628","targetHints":{"allow":["GET"]}}],"collection":[{"href":"https:\/\/www.asepeyo.es\/va\/wp-json\/wp\/v2\/pages"}],"about":[{"href":"https:\/\/www.asepeyo.es\/va\/wp-json\/wp\/v2\/types\/page"}],"author":[{"embeddable":true,"href":"https:\/\/www.asepeyo.es\/va\/wp-json\/wp\/v2\/users\/2"}],"replies":[{"embeddable":true,"href":"https:\/\/www.asepeyo.es\/va\/wp-json\/wp\/v2\/comments?post=1456628"}],"version-history":[{"count":4,"href":"https:\/\/www.asepeyo.es\/va\/wp-json\/wp\/v2\/pages\/1456628\/revisions"}],"predecessor-version":[{"id":1456916,"href":"https:\/\/www.asepeyo.es\/va\/wp-json\/wp\/v2\/pages\/1456628\/revisions\/1456916"}],"wp:featuredmedia":[{"embeddable":true,"href":"https:\/\/www.asepeyo.es\/va\/wp-json\/wp\/v2\/media\/1456917"}],"wp:attachment":[{"href":"https:\/\/www.asepeyo.es\/va\/wp-json\/wp\/v2\/media?parent=1456628"}],"curies":[{"name":"wp","href":"https:\/\/api.w.org\/{rel}","templated":true}]}}