{"id":75138,"date":"2020-04-23T15:17:35","date_gmt":"2020-04-23T13:17:35","guid":{"rendered":"https:\/\/www.asepeyo.es\/?page_id=75138"},"modified":"2022-07-06T11:12:02","modified_gmt":"2022-07-06T09:12:02","slug":"trabajador","status":"publish","type":"page","link":"https:\/\/www.asepeyo.es\/gl\/trabajador\/","title":{"rendered":"Traballador"},"content":{"rendered":"\n<div class=\"align-center pt-5\">\n<div class=\"grid-100 pb5\">\n<div class=\"grid-33 grid-mobile-100 px-md-5 pb-5\">\n<p><span class=\"bg-icono-trabajadores\"><i class=\"fal fa-user-friends fa-3x\"><!-- icon --><\/i><\/span><\/p>\n<div class=\"content\">\n<h3 class=\"f3\">Sempre <span class=\" text-primary\"> contigo<\/span><\/h3>\n<div class=\"sub header\">Conta con n\u00f3s sempre que nos precises. Atend\u00e9moste as 24 horas, os 7 d\u00edas da semana, aqu\u00ed e no estranxeiro.<\/div>\n<\/div>\n<\/div>\n<div class=\"grid-33 grid-mobile-100 px-md-5 pb-5\">\n<p><span class=\"bg-icono-trabajadores\"> <i class=\"fal fa-mouse-pointer fa-3x\"><!-- icon --><\/i><\/span><\/p>\n<div class=\"content\">\n<h3 class=\"f3\">Os teus tr\u00e1mites m\u00e1is <span class=\"text-primary\">doados<\/span><\/h3>\n<div class=\"sub header\">Axilizamos os teus tr\u00e1mites coa app mi Asepeyo (<a href=\"\/app-mi-asepeyo\/\">desc\u00e1rgaa aqu\u00ed<\/a>) e Asepeyo Oficina Virtual (<a href=\"\/registrate-en-asepeyo-oficina-virtual\/\">solicita a t\u00faa clave<\/a>). <\/div>\n<\/div>\n<\/div>\n<div class=\"grid-33 grid-mobile-100 px-md-5 pb-5\">\n<p><span class=\"bg-icono-trabajadores\"> <i class=\"fal fa-map-marked-alt fa-3x\"><!-- icon --><\/i><\/span><\/p>\n<div class=\"content\">\n<h3 class=\"f3\"><span class=\"text-primary\">Onde<\/span> nos precises<\/h3>\n<div class=\"sub header\">177 delegaci\u00f3ns propias, 1.500 puntos asistenciais e 3 hospitais en Barcelona, Madrid e Sevilla.<\/div>\n<\/div>\n<\/div>\n<\/div>\n<\/div>\n<div class=\"grid-container\">\n<div class=\"titulo\">\n<h2>\u00bfQue che ofrecemos?<\/h2>\n<\/div>\n<\/div>\n<div class=\"grid-container\">\n<div class=\"grid-100\">\n<div class=\"grid-60 prefix-40 mobile-grid-100\">\n<p class=\"lead f4 maven\">Coidamos de ti desde a primeira atenci\u00f3n de urxencias ata a t\u00faa recuperaci\u00f3n total.<\/p>\n<div class=\"list-group\">\n<ul class=\"fa-ul m-2\">\n<li><i class=\"fad fa-check-double text-primary\"><\/i> Xestionamos o <a href=\"https:\/\/www.asepeyo.es\/prestaciones\/#Accidente_de_trabajo_y_enfermedad_profesional\">accidente de traballo e a enfermidade profesional<\/a> de forma integral<\/li>\n<li><i class=\"fad fa-check-double text-primary\"><\/i> Tramitamos o <a href=\"https:\/\/www.asepeyo.es\/prestaciones\/#Enfermedad_comun_y_accidente_no_laboral\">pagamento da baixa por enfermidade com\u00fan e accidente non laboral<\/a><\/li>\n<li><i class=\"fad fa-check-double text-primary\"><\/i> Encarg\u00e1monos do <a href=\"https:\/\/www.asepeyo.es\/prestaciones\/#Otros_subsidios\">subsidio por risco de gravidez e\/ou lactaci\u00f3n natural<\/a><\/li>\n<\/ul>\n<\/div>\n<\/div>\n<\/div>\n<\/div>\n<div class=\"d-flex flex-row\">\n<div class=\"col-md-6 col-sm-12 my-5 py-5 white\">\n<h2 class=\"f2\">Descubre a nosa app mi Asepeyo<\/h2>\n<p class=\"lead f4 maven\">Accede aos teus informes m\u00e9dicos e radiograf\u00edas, consulta v\u00eddeos personalizados para o teu tratamento e axiliza os teus tr\u00e1mites.<\/p>\n<p class=\"my-5 w-100 align-center\"><a href=\"https:\/\/www.asepeyo.es\/app-mi-asepeyo\/\" rel=\"noopener noreferrer\"><button class=\"btn btn-white\"><i class=\"fal fa-sign-in\"><\/i> \u00a1Desc\u00e1rgaa aqu\u00ed!<\/button><\/a><\/p>\n<p class=\"lead f4 maven pt-5\"><a href=\"https:\/\/www.asepeyo.es\/registrate-en-asepeyo-oficina-virtual\/\" class=\"enlace-app\">Solicita a t\u00faa clave<\/a> para acceder \u00e1 app e \u00e1 s\u00faa versi\u00f3n escritorio Asepeyo Oficina Virtual e realiza os teus tr\u00e1mites on line.<\/p>\n<\/div>\n<div class=\"col-md-6 d-none d-sm-block align-center\"><img decoding=\"async\" class=\"mw-80\" src=\"https:\/\/www.asepeyo.es\/wp-content\/uploads\/nueva-app-asepeyo-empresas-movil1-1.png\"\/><\/div>\n<\/div>\n<div class=\"titulo\">\n<h2>Se tes un accidente de traballo<\/h2>\n<\/div>\n<div class=\"row\">\n<div class=\"col-md-6\"><img decoding=\"async\" src=\"https:\/\/www.asepeyo.es\/wp-content\/uploads\/paso-1.png\" alt=\"Notifica o accidente \u00e1 t\u00faa empresa\"\/><\/div>\n<div class=\"col-md-6\"><img decoding=\"async\" src=\"https:\/\/www.asepeyo.es\/wp-content\/uploads\/paso-2.png\" alt=\"A empresa deber\u00e1 enviarnos o volante de asistencia\"\/><\/div>\n<\/div>\n<div class=\"row\">\n<div class=\"col-md-6\"><img decoding=\"async\" src=\"https:\/\/www.asepeyo.es\/wp-content\/uploads\/paso-3.png\" alt=\"Acude ao teu centro Asepeyo de referencia\"\/><\/div>\n<div class=\"col-md-6\"><img decoding=\"async\" src=\"https:\/\/www.asepeyo.es\/wp-content\/uploads\/paso-4.png\" alt=\"Entrega a documentaci\u00f3n necesaria \u00e1 t\u00faa empresa\"\/><\/div>\n<\/div>\n<div class=\"row align-center\">\n<div class=\"col\">\n<h3>\u00bfTes algunha d\u00fabida?<\/h3>\n<p class=\"lead maven py-5\">Consulta: <a href=\"https:\/\/www.asepeyo.es\/duda\/como-actuar-en-caso-de-accidente-de-trabajo\/\">Tiven un accidente de traballo. \u00bfQue debo facer?<\/a><\/p>\n<\/div>\n<\/div>\n<div class=\"row maven\">\n<div class=\"col\">\n<div class=\"media\">\n\t\t\t<i class=\"fal pr-3 pt-3 fa-phone pull-left fa-3x text-primary\"><\/i>\n<div class=\"media-body\">\n\t\t\t\t<span class=\"media-meta f5 pull-right text-primary\">Servizo de atenci\u00f3n ao usuario<\/span>\n<h4 class=\"f1 m-0 p-0\">900 151 002 <\/h4>\n<\/div>\n<\/div>\n<\/div>\n<div class=\"col\">\n<div class=\"media\">\n\t\t\t<i class=\"fal pr-3 pt-3 fa-phone pull-left fa-3x text-primary\"><\/i>\n<div class=\"media-body\">\n\t\t\t\t<span class=\"media-meta f5 pull-right text-primary\">Urxencias 24 h<\/span>\n<h4 class=\"f1 m-0 p-0\">900 151 000 <\/h4>\n<\/div>\n<\/div>\n<\/div>\n<div class=\"col\">\n<div class=\"media\">\n<i class=\"fal fa-plane-departure pr-3 pt-3 pull-left fa-3x text-primary\"><\/i>\n<div class=\"media-body\">\n\t\t\t\t<span class=\"media-meta f5 pull-right text-primary\">Desde o estranxeiro<\/span>\n<h4 class=\"f1 m-0 p-0\">+34 937 057 540 <\/h4>\n<\/div>\n<\/div>\n<\/div>\n<\/div>\n<div class=\"grid-container banners-azules \">\n<div class=\"grid-33 mobile-grid-100 maven align-center\">\n<i class=\"fal fa-desktop fa-3x\"><!-- iconos --><\/i>\n<p class=\"pt-5 px-3 f4\">A t\u00faa mutua online, Asepeyo Oficina Virtual<\/p>\n<p><a href=\"https:\/\/oficinavirtual.asepeyo.es\/login\/\" class=\"btn btn-white\">Accede<\/a><\/p>\n<\/div>\n<div class=\"grid-33 mobile-grid-100 maven align-center\">\n<i class=\"fal fa-question-circle fa-3x\"><!-- iconos --><\/i>\n<p class=\"pt-5 px-3 f4\">Atopa a resposta \u00e1s t\u00faas d\u00fabidas  <\/p>\n<p><a href=\"\/dudas\/\" class=\"btn btn-white\">Preguntas frecuentes<\/a><\/p>\n<\/div>\n<div class=\"grid-33 mobile-grid-100 maven align-center\"> <i class=\"fal fa-map-marked fa-3x\"><\/i>\n<p class=\"pt-5 px-3 f4\">Busca o teu centro m\u00e1is pr\u00f3ximo<\/p>\n<p><a href=\"\/red-de-delegaciones\/\" class=\"btn btn-white\">Rede de centros<\/a><\/p>\n<\/div>\n<\/div>\n","protected":false},"excerpt":{"rendered":"","protected":false},"author":2,"featured_media":1451363,"parent":0,"menu_order":0,"comment_status":"closed","ping_status":"closed","template":"","meta":{"_acf_changed":false,"generate_page_header":"","footnotes":""},"class_list":["post-75138","page","type-page","status-publish","has-post-thumbnail"],"acf":[],"yoast_head":"<!-- This site is optimized with the Yoast SEO plugin v27.4 - https:\/\/yoast.com\/product\/yoast-seo-wordpress\/ -->\n<title>Traballador - Asepeyo<\/title>\n<meta name=\"robots\" content=\"index, follow, max-snippet:-1, max-image-preview:large, max-video-preview:-1\" \/>\n<link rel=\"canonical\" href=\"https:\/\/www.asepeyo.es\/gl\/trabajador\/\" \/>\n<meta property=\"og:locale\" content=\"gl_ES\" \/>\n<meta property=\"og:type\" content=\"article\" \/>\n<meta property=\"og:title\" content=\"Traballador - Asepeyo\" \/>\n<meta property=\"og:url\" content=\"https:\/\/www.asepeyo.es\/gl\/trabajador\/\" \/>\n<meta property=\"og:site_name\" content=\"Asepeyo\" \/>\n<meta property=\"article:publisher\" content=\"https:\/\/es-es.facebook.com\/Asepeyo\/\" \/>\n<meta property=\"article:modified_time\" content=\"2022-07-06T09:12:02+00:00\" \/>\n<meta property=\"og:image\" content=\"https:\/\/www.asepeyo.es\/wp-content\/uploads\/bg-trabajadores-2.png\" \/>\n\t<meta property=\"og:image:width\" content=\"1927\" \/>\n\t<meta property=\"og:image:height\" content=\"744\" \/>\n\t<meta property=\"og:image:type\" content=\"image\/png\" \/>\n<meta name=\"twitter:card\" content=\"summary_large_image\" \/>\n<meta name=\"twitter:site\" content=\"@Asepeyo\" \/>\n<meta name=\"twitter:label1\" content=\"Tempo de lectura\" \/>\n\t<meta name=\"twitter:data1\" content=\"1 minuto\" \/>\n<script type=\"application\/ld+json\" class=\"yoast-schema-graph\">{\"@context\":\"https:\\\/\\\/schema.org\",\"@graph\":[{\"@type\":\"WebPage\",\"@id\":\"https:\\\/\\\/www.asepeyo.es\\\/gl\\\/trabajador\\\/\",\"url\":\"https:\\\/\\\/www.asepeyo.es\\\/gl\\\/trabajador\\\/\",\"name\":\"Traballador - Asepeyo\",\"isPartOf\":{\"@id\":\"https:\\\/\\\/www.asepeyo.es\\\/gl\\\/#website\"},\"primaryImageOfPage\":{\"@id\":\"https:\\\/\\\/www.asepeyo.es\\\/gl\\\/trabajador\\\/#primaryimage\"},\"image\":{\"@id\":\"https:\\\/\\\/www.asepeyo.es\\\/gl\\\/trabajador\\\/#primaryimage\"},\"thumbnailUrl\":\"https:\\\/\\\/www.asepeyo.es\\\/wp-content\\\/uploads\\\/bg-trabajadores-2.png\",\"datePublished\":\"2020-04-23T13:17:35+00:00\",\"dateModified\":\"2022-07-06T09:12:02+00:00\",\"breadcrumb\":{\"@id\":\"https:\\\/\\\/www.asepeyo.es\\\/gl\\\/trabajador\\\/#breadcrumb\"},\"inLanguage\":\"gl-ES\",\"potentialAction\":[{\"@type\":\"ReadAction\",\"target\":[\"https:\\\/\\\/www.asepeyo.es\\\/gl\\\/trabajador\\\/\"]}]},{\"@type\":\"ImageObject\",\"inLanguage\":\"gl-ES\",\"@id\":\"https:\\\/\\\/www.asepeyo.es\\\/gl\\\/trabajador\\\/#primaryimage\",\"url\":\"https:\\\/\\\/www.asepeyo.es\\\/wp-content\\\/uploads\\\/bg-trabajadores-2.png\",\"contentUrl\":\"https:\\\/\\\/www.asepeyo.es\\\/wp-content\\\/uploads\\\/bg-trabajadores-2.png\",\"width\":1927,\"height\":744},{\"@type\":\"BreadcrumbList\",\"@id\":\"https:\\\/\\\/www.asepeyo.es\\\/gl\\\/trabajador\\\/#breadcrumb\",\"itemListElement\":[{\"@type\":\"ListItem\",\"position\":1,\"name\":\"Inicio\",\"item\":\"https:\\\/\\\/www.asepeyo.es\\\/gl\\\/\"},{\"@type\":\"ListItem\",\"position\":2,\"name\":\"Traballador\"}]},{\"@type\":\"WebSite\",\"@id\":\"https:\\\/\\\/www.asepeyo.es\\\/gl\\\/#website\",\"url\":\"https:\\\/\\\/www.asepeyo.es\\\/gl\\\/\",\"name\":\"Asepeyo\",\"description\":\"Mutua de accidentes de trabajo 151\",\"publisher\":{\"@id\":\"https:\\\/\\\/www.asepeyo.es\\\/gl\\\/#organization\"},\"potentialAction\":[{\"@type\":\"SearchAction\",\"target\":{\"@type\":\"EntryPoint\",\"urlTemplate\":\"https:\\\/\\\/www.asepeyo.es\\\/gl\\\/?s={search_term_string}\"},\"query-input\":{\"@type\":\"PropertyValueSpecification\",\"valueRequired\":true,\"valueName\":\"search_term_string\"}}],\"inLanguage\":\"gl-ES\"},{\"@type\":\"Organization\",\"@id\":\"https:\\\/\\\/www.asepeyo.es\\\/gl\\\/#organization\",\"name\":\"Asepeyo\",\"url\":\"https:\\\/\\\/www.asepeyo.es\\\/gl\\\/\",\"logo\":{\"@type\":\"ImageObject\",\"inLanguage\":\"gl-ES\",\"@id\":\"https:\\\/\\\/www.asepeyo.es\\\/gl\\\/#\\\/schema\\\/logo\\\/image\\\/\",\"url\":\"https:\\\/\\\/www.asepeyo.es\\\/wp-content\\\/uploads\\\/logo-asepeyo-web-azul.png\",\"contentUrl\":\"https:\\\/\\\/www.asepeyo.es\\\/wp-content\\\/uploads\\\/logo-asepeyo-web-azul.png\",\"width\":350,\"height\":55,\"caption\":\"Asepeyo\"},\"image\":{\"@id\":\"https:\\\/\\\/www.asepeyo.es\\\/gl\\\/#\\\/schema\\\/logo\\\/image\\\/\"},\"sameAs\":[\"https:\\\/\\\/es-es.facebook.com\\\/Asepeyo\\\/\",\"https:\\\/\\\/x.com\\\/Asepeyo\",\"https:\\\/\\\/www.instagram.com\\\/asepeyo\\\/?hl=es\",\"https:\\\/\\\/es.linkedin.com\\\/company\\\/asepeyo\",\"https:\\\/\\\/www.youtube.com\\\/channel\\\/UC42Ipj44IKKTITQ2HNoLmSQ\"]}]}<\/script>\n<!-- \/ Yoast SEO plugin. -->","yoast_head_json":{"title":"Traballador - Asepeyo","robots":{"index":"index","follow":"follow","max-snippet":"max-snippet:-1","max-image-preview":"max-image-preview:large","max-video-preview":"max-video-preview:-1"},"canonical":"https:\/\/www.asepeyo.es\/gl\/trabajador\/","og_locale":"gl_ES","og_type":"article","og_title":"Traballador - Asepeyo","og_url":"https:\/\/www.asepeyo.es\/gl\/trabajador\/","og_site_name":"Asepeyo","article_publisher":"https:\/\/es-es.facebook.com\/Asepeyo\/","article_modified_time":"2022-07-06T09:12:02+00:00","og_image":[{"width":1927,"height":744,"url":"https:\/\/www.asepeyo.es\/wp-content\/uploads\/bg-trabajadores-2.png","type":"image\/png"}],"twitter_card":"summary_large_image","twitter_site":"@Asepeyo","twitter_misc":{"Tempo de lectura":"1 minuto"},"schema":{"@context":"https:\/\/schema.org","@graph":[{"@type":"WebPage","@id":"https:\/\/www.asepeyo.es\/gl\/trabajador\/","url":"https:\/\/www.asepeyo.es\/gl\/trabajador\/","name":"Traballador - Asepeyo","isPartOf":{"@id":"https:\/\/www.asepeyo.es\/gl\/#website"},"primaryImageOfPage":{"@id":"https:\/\/www.asepeyo.es\/gl\/trabajador\/#primaryimage"},"image":{"@id":"https:\/\/www.asepeyo.es\/gl\/trabajador\/#primaryimage"},"thumbnailUrl":"https:\/\/www.asepeyo.es\/wp-content\/uploads\/bg-trabajadores-2.png","datePublished":"2020-04-23T13:17:35+00:00","dateModified":"2022-07-06T09:12:02+00:00","breadcrumb":{"@id":"https:\/\/www.asepeyo.es\/gl\/trabajador\/#breadcrumb"},"inLanguage":"gl-ES","potentialAction":[{"@type":"ReadAction","target":["https:\/\/www.asepeyo.es\/gl\/trabajador\/"]}]},{"@type":"ImageObject","inLanguage":"gl-ES","@id":"https:\/\/www.asepeyo.es\/gl\/trabajador\/#primaryimage","url":"https:\/\/www.asepeyo.es\/wp-content\/uploads\/bg-trabajadores-2.png","contentUrl":"https:\/\/www.asepeyo.es\/wp-content\/uploads\/bg-trabajadores-2.png","width":1927,"height":744},{"@type":"BreadcrumbList","@id":"https:\/\/www.asepeyo.es\/gl\/trabajador\/#breadcrumb","itemListElement":[{"@type":"ListItem","position":1,"name":"Inicio","item":"https:\/\/www.asepeyo.es\/gl\/"},{"@type":"ListItem","position":2,"name":"Traballador"}]},{"@type":"WebSite","@id":"https:\/\/www.asepeyo.es\/gl\/#website","url":"https:\/\/www.asepeyo.es\/gl\/","name":"Asepeyo","description":"Mutua de accidentes de trabajo 151","publisher":{"@id":"https:\/\/www.asepeyo.es\/gl\/#organization"},"potentialAction":[{"@type":"SearchAction","target":{"@type":"EntryPoint","urlTemplate":"https:\/\/www.asepeyo.es\/gl\/?s={search_term_string}"},"query-input":{"@type":"PropertyValueSpecification","valueRequired":true,"valueName":"search_term_string"}}],"inLanguage":"gl-ES"},{"@type":"Organization","@id":"https:\/\/www.asepeyo.es\/gl\/#organization","name":"Asepeyo","url":"https:\/\/www.asepeyo.es\/gl\/","logo":{"@type":"ImageObject","inLanguage":"gl-ES","@id":"https:\/\/www.asepeyo.es\/gl\/#\/schema\/logo\/image\/","url":"https:\/\/www.asepeyo.es\/wp-content\/uploads\/logo-asepeyo-web-azul.png","contentUrl":"https:\/\/www.asepeyo.es\/wp-content\/uploads\/logo-asepeyo-web-azul.png","width":350,"height":55,"caption":"Asepeyo"},"image":{"@id":"https:\/\/www.asepeyo.es\/gl\/#\/schema\/logo\/image\/"},"sameAs":["https:\/\/es-es.facebook.com\/Asepeyo\/","https:\/\/x.com\/Asepeyo","https:\/\/www.instagram.com\/asepeyo\/?hl=es","https:\/\/es.linkedin.com\/company\/asepeyo","https:\/\/www.youtube.com\/channel\/UC42Ipj44IKKTITQ2HNoLmSQ"]}]}},"_links":{"self":[{"href":"https:\/\/www.asepeyo.es\/gl\/wp-json\/wp\/v2\/pages\/75138","targetHints":{"allow":["GET"]}}],"collection":[{"href":"https:\/\/www.asepeyo.es\/gl\/wp-json\/wp\/v2\/pages"}],"about":[{"href":"https:\/\/www.asepeyo.es\/gl\/wp-json\/wp\/v2\/types\/page"}],"author":[{"embeddable":true,"href":"https:\/\/www.asepeyo.es\/gl\/wp-json\/wp\/v2\/users\/2"}],"replies":[{"embeddable":true,"href":"https:\/\/www.asepeyo.es\/gl\/wp-json\/wp\/v2\/comments?post=75138"}],"version-history":[{"count":6,"href":"https:\/\/www.asepeyo.es\/gl\/wp-json\/wp\/v2\/pages\/75138\/revisions"}],"predecessor-version":[{"id":1461362,"href":"https:\/\/www.asepeyo.es\/gl\/wp-json\/wp\/v2\/pages\/75138\/revisions\/1461362"}],"wp:featuredmedia":[{"embeddable":true,"href":"https:\/\/www.asepeyo.es\/gl\/wp-json\/wp\/v2\/media\/1451363"}],"wp:attachment":[{"href":"https:\/\/www.asepeyo.es\/gl\/wp-json\/wp\/v2\/media?parent=75138"}],"curies":[{"name":"wp","href":"https:\/\/api.w.org\/{rel}","templated":true}]}}