{"id":71813,"date":"2019-08-20T18:34:24","date_gmt":"2019-08-20T16:34:24","guid":{"rendered":"https:\/\/www.asepeyo.es\/?page_id=71813"},"modified":"2019-08-20T18:35:35","modified_gmt":"2019-08-20T16:35:35","slug":"somos-tu-mutua","status":"publish","type":"page","link":"https:\/\/www.asepeyo.es\/gl\/somos-tu-mutua\/","title":{"rendered":"Somos a t\u00faa mutua"},"content":{"rendered":"\n<div class=\"container\">\n<div class=\"align-center pb-5 mb-5\">\n<h2>\u00bfPor qu\u00e9 escogernos?<\/h2>\n<\/div>\n<div class=\"row pb5\">\n<div class=\"col-md-6 flex col-xs-12 pb-5\">\n<div class=\"col-md-2 col-xs-12 pb-5\">\n\t\t\t\t<span class=\"icono-te-llamamos\"><i class=\"fal fa-stethoscope fa-3x\"><!-- icon --><\/i><\/span>\n\t\t\t<\/div>\n<div class=\"col-md-10 align-left\">\n<div class=\"content\">\n<h3 class=\"f3 p-0\"><span class=\" text-primary\">Cuidamos<\/span> de ti<\/h3>\n<div class=\"sub header\">\n\t\t\t\t\t\tM\u00e1s de 1.500 profesionales sanitarios a tu servicio. Proporcionamos los tratamientos m\u00e9dicos y rehabilitadores necesarios y asumimos los costes de servicios y farmacia.\n\t\t\t\t\t<\/div>\n<\/div>\n<\/div>\n<\/div>\n<div class=\"col-md-6 flex col-xs-12 pb-5\">\n<div class=\"col-md-2 col-xs-12 pb-5\">\n\t\t\t\t<span class=\"icono-te-llamamos\"><i class=\"fal fa-laptop-medical fa-3x\"><!-- icon --><\/i><\/span>\n\t\t\t<\/div>\n<div class=\"col-md-10 align-left\">\n<div class=\"content\">\n<h3 class=\"f3 p-0\"><span class=\" text-primary\">Tecnolog\u00eda<\/span> a tu servicio<\/h3>\n<div class=\"sub header\">\n\t\t\t\t\t\tDestacados avances en medicina como la telemedicina, las cintas antigravitatorias y la impresi\u00f3n \u00f3sea en 3D. Nuevas aplicaciones que te permiten estar conectado las 24 horas del d\u00eda.\n\t\t\t\t\t<\/div>\n<\/div>\n<\/div>\n<\/div>\n<\/div>\n<div class=\"row pb5\">\n<div class=\"col-md-6 flex col-xs-12 pb-5\">\n<div class=\"col-md-2 col-xs-12 pb-5\">\n\t\t\t\t<span class=\"icono-te-llamamos\"><i class=\"fal fa-traffic-cone fa-3x\"><!-- icon --><\/i><\/span>\n\t\t\t<\/div>\n<div class=\"col-md-10 align-left\">\n<div class=\"content\">\n<h3 class=\"f3 p-0\"><span class=\" text-primary\">Reducimos<\/span> tus riesgos<\/h3>\n<div class=\"sub header\">\n\t\t\t\t\t\tM\u00e1s de 80 consultores en Prevenci\u00f3n te asesoran, de manera personalizada, y te ayudan a crear ambientes laborales m\u00e1s seguros con la \u00faltima tecnolog\u00eda: realidad virtual, drones o el programa Virtual Ergonomics.\n\t\t\t\t\t<\/div>\n<\/div>\n<\/div>\n<\/div>\n<div class=\"col-md-6 flex col-xs-12 pb-5\">\n<div class=\"col-md-2 col-xs-12 pb-5\">\n\t\t\t\t<span class=\"icono-te-llamamos\"><i class=\"fal fa-puzzle-piece fa-3x\"><!-- icon --><\/i><\/span>\n\t\t\t<\/div>\n<div class=\"col-md-10 align-left\">\n<div class=\"content\">\n<h3 class=\"f3 p-0\">Gestionamos <span class=\" text-primary\">contigo<\/span><\/h3>\n<div class=\"sub header\">\n\t\t\t\t\t\tTe facilitamos datos, informes y herramientas necesarios, basados en business intelligence, con los que elaborar el diagn\u00f3stico y analizar la situaci\u00f3n de absentismo en tu empresa.\n\t\t\t\t\t<\/div>\n<\/div>\n<\/div>\n<\/div>\n<\/div>\n<\/div>\n<div class=\"grid-container mb-3\">\n<div class=\"titulo\">\n<h2>Tus gestiones, en un solo clic<\/h2>\n<\/div>\n<div class=\"grid-70 prefix-15 grid-mobile-100 align-center mb-5\">\n<p class=\"lead\">Facilitamos todos tus tr\u00e1mites. Te ahorramos \u00a0tiempo y agilizamos al m\u00e1ximo los procesos a trav\u00e9s de:<\/p>\n<\/div>\n<\/div>\n<div class=\"grid-container mb-5\">\n<div class=\"grid-100\">\n<div class=\"grid-60 sufix-40 mobile-grid-100\">\n<div class=\"list-group\">\n<div class=\"mb-4\">\n<h4 class=\"mb-2 b\">Nuestras <span class=\" text-primary\">apps<\/span><\/h4>\n<p><span style=\"font-weight: 400;\">Con Asepeyo empresas, Asepeyo asesor\u00edas y Mi Asepeyo dispones de m\u00e1s de 50 funcionalidades para conocer, en tiempo real, el estado de salud de tu empresa<\/span>\n\t\t\t\t<\/p><\/div>\n<div class=\"mb-4\">\n<h4 class=\"mb-2 b\">Asepeyo <span class=\" text-primary\">Oficina Virtual<\/span><\/h4>\n<p>Plataforma vinculada a las apps que permite, adem\u00e1s, la gesti\u00f3n de tus tr\u00e1mites y la exportaci\u00f3n de documentos e informes\n\t\t\t\t<\/p><\/div>\n<div class=\"mb-4\">\n<h4 class=\"mb-2 b\"><span class=\" text-primary\">An\u00e1lisis din\u00e1mico<\/span> de datos<\/h4>\n<p>Aplicaci\u00f3n para el an\u00e1lisis y la explotaci\u00f3n on line de todas las variables sobre el comportamiento y la evoluci\u00f3n del absentismo en tu empresa\n\t\t\t\t<\/p><\/div>\n<\/div>\n<\/div>\n<\/div>\n<\/div>\n<div class=\"grid-100 titulo align-center\">\n<h2>Estamos cerca de ti<\/h2>\n<\/div>\n<div class=\"grid-70 prefix-15 grid-mobile-100 align-center mb-5\">\n<p class=\"lead\">M\u00e1s de 3.500 profesionales y la m\u00e1s avanzada tecnolog\u00eda m\u00e9dico-cient\u00edfica disponibles en:<\/p>\n<\/div>\n<div id=\"counter\">\n<div class=\"grid-container align-center mb-5\">\n<div class=\"grid-33 tablet-grid-33 mobile-grid-100\">\n\t\t\t<span class=\"icono-te-llamamos\"><i class=\"fal fa-building fa-3x\"><!-- icon --><\/i><\/span>\n<p class=\"f2 mb0\">+<span class=\"counter\">178<\/span><\/p>\n<h4 class=\"maven pt0 f4 black\">Delegaciones<\/h4>\n<\/div>\n<div class=\"grid-33 tablet-grid-33 mobile-grid-100\">\n\t\t\t<span class=\"icono-te-llamamos\"><i class=\"fal fa-hospital fa-3x\"><!-- icon --><\/i><\/span>\n<p class=\"f2 mb0\">+<span class=\"counter\">3<\/span><\/p>\n<h4 class=\"maven pt0 f4 black\">Hospitales propios<\/h4>\n<\/div>\n<div class=\"grid-33 tablet-grid-33 mobile-grid-100\">\n\t\t\t<span class=\"icono-te-llamamos\"><i class=\"fal fa-clinic-medical fa-3x\"><!-- icon --><\/i><\/span>\n<p class=\"f2 mb0\">+<span class=\"counter\">1500<\/span><\/p>\n<h4 class=\"maven pt0 f4 black\">Puntos asistenciales<\/h4>\n<\/div>\n<\/div>\n<\/div>\n<div class=\"grid-container\">\n<div class=\"grid-70 prefix-15\">\n<h2 class=\" titulo\">\u00bfTe hemos convencido?<\/h2>\n<p class=\" pb-3 lead align-center\">D\u00e9janos tus datos y, en menos de 48 horas, nos pondremos en contacto contigo. Cuidaremos de la salud de tus trabajadores y de tu empresa.<\/p>\n\n<div class=\"wpcf7 no-js\" id=\"wpcf7-f52122-o1\" lang=\"es-ES\" dir=\"ltr\" data-wpcf7-id=\"52122\">\n<div class=\"screen-reader-response\"><p role=\"status\" aria-live=\"polite\" aria-atomic=\"true\"><\/p> <ul><\/ul><\/div>\n<form action=\"\/gl\/wp-json\/wp\/v2\/pages\/71813#wpcf7-f52122-o1\" method=\"post\" class=\"wpcf7-form init wpcf7-acceptance-as-validation\" aria-label=\"Formulario de contacto\" novalidate=\"novalidate\" data-status=\"init\">\n<fieldset class=\"hidden-fields-container\"><input type=\"hidden\" name=\"_wpcf7\" value=\"52122\" \/><input type=\"hidden\" name=\"_wpcf7_version\" value=\"6.1.5\" \/><input type=\"hidden\" name=\"_wpcf7_locale\" value=\"es_ES\" \/><input type=\"hidden\" name=\"_wpcf7_unit_tag\" value=\"wpcf7-f52122-o1\" \/><input type=\"hidden\" name=\"_wpcf7_container_post\" value=\"0\" \/><input type=\"hidden\" name=\"_wpcf7_posted_data_hash\" value=\"\" \/><input type=\"hidden\" name=\"_wpcf7_recaptcha_response\" value=\"\" \/>\n<\/fieldset>\n<div class=\"grid-parent form-perfil form-sobre-azul\">\n\t<div class=\"grid-100 respuesta\">\n\t<div class=\"wpcf7-response-output\" aria-hidden=\"true\"><\/div>\n\t<\/div>\n\t<div class=\"grid-50 tablet-grid-50 mobil-grid-100 pb-5\">\n\t\t<fieldset>\n\t\t\t<p><label for=\"your-name\"> Nombre* <small class=\"text-danger\">(obligatorio)<\/small> <\/label><input size=\"40\" maxlength=\"400\" class=\"wpcf7-form-control wpcf7-text wpcf7-validates-as-required\" id=\"your-name\" aria-required=\"true\" aria-invalid=\"false\" value=\"\" type=\"text\" name=\"your-name\" \/>\n\t\t\t<\/p>\n\t\t<\/fieldset>\n\t<\/div>\n\t<div class=\"grid-50 tablet-grid-50 mobil-grid-100 pb-5\">\n\t\t<p><label for=\"your-telf\"> Tel* <small class=\"text-danger\">(obligatorio)<\/small> <\/label><input size=\"40\" maxlength=\"400\" class=\"wpcf7-form-control wpcf7-tel wpcf7-validates-as-required wpcf7-text wpcf7-validates-as-tel\" id=\"your-telf\" aria-required=\"true\" aria-invalid=\"false\" value=\"\" type=\"tel\" name=\"your-telf\" \/>\n\t\t<\/p>\n\t<\/div>\n\t<div class=\"grid-50 tablet-grid-50 mobil-grid-100 pb-5\">\n\t\t<p><label for=\"postcode\">C\u00f3digo postal <\/label><input size=\"40\" maxlength=\"400\" class=\"wpcf7-form-control wpcf7-text\" id=\"postcode\" aria-invalid=\"false\" value=\"\" type=\"text\" name=\"postcode\" \/>\n\t\t<\/p>\n\t<\/div>\n\t<div class=\"grid-50 tablet-grid-50 mobil-grid-100 pb-5\">\n\t\t<p><label for=\"your-email\"> Correo electr\u00f3nico* <small class=\"text-danger\">(obligatorio)<\/small> <\/label><input size=\"40\" maxlength=\"400\" class=\"wpcf7-form-control wpcf7-email wpcf7-validates-as-required wpcf7-text wpcf7-validates-as-email\" id=\"your-email\" aria-required=\"true\" aria-invalid=\"false\" value=\"\" type=\"email\" name=\"your-email\" \/>\n\t\t<\/p>\n\t<\/div>\n\t<div class=\"grid-100\">\n\t\t<p><label for=\"your-name\"> Pregunta de seguridad:* <small class=\"text-danger\">(obligatorio)<\/small> <\/label><label><span class=\"wpcf7-quiz-label\">1+2=<\/span> <input size=\"40\" class=\"wpcf7-form-control wpcf7-quiz w-50\" id=\"calculo-form\" autocomplete=\"off\" aria-required=\"true\" aria-invalid=\"false\" type=\"text\" name=\"calculo-form\" \/><\/label><input type=\"hidden\" name=\"_wpcf7_quiz_answer_calculo-form\" value=\"b6ad8635a149810ca9ff3bd2dcc93d58\" \/>\n\t\t<\/p>\n\t<\/div>\n\t<div class=\"grid-100 pt-3\">\n\t\t<p><label class=\"form-accept\" for=\"acceptance\"><span class=\"wpcf7-form-control wpcf7-acceptance\"><span class=\"wpcf7-list-item\"><input type=\"checkbox\" name=\"accept-this-1\" value=\"1\" id=\"acceptance\" aria-invalid=\"false\" \/><\/span><\/span> Acepto la <a href=\"\/aviso-legal\/#Privacidad_y_proteccion_de_datos_de_caracter_personal\">pol\u00edtica de privacidad<\/a>.<br \/>\nNo utilizaremos este correo para enviarte informaci\u00f3n comercial<\/label><br \/>\n<small class=\"text-danger\">*Campos obligatorios<\/small>\n\t\t<\/p>\n\t\t<div class=\"grid-100 align-center\">\n\t\t\t<p><label for=\"enviar\"><button class=\"boton-rojo\" id=\"Enviar-tellamamos\" onclick=\"gtag('event', 'enviar', { 'event_category': 'formulario', 'event_label': 'Te llamamos', 'value': '0'});\"><input class=\"wpcf7-form-control wpcf7-submit has-spinner\" type=\"submit\" value=\"Enviar\" \/><\/button><\/label>\n\t\t\t<\/p>\n\t\t<\/div>\n\t<\/div>\n<\/div>\n<\/form>\n<\/div>\n<\/div>\n<\/div>\n<div class=\"grid-container banners-azules\">\n<div class=\"grid-33 mobile-grid-100 maven align-center\">\n\t\t<i class=\"fal fa-desktop fa-3x\"><!-- icon --><\/i>\n<p class=\"pt-5 px-3 f4\">Tus tr\u00e1mites en Oficina Virtual<\/p>\n<p><a class=\"btn btn-white\" href=\"\/blog\/autonomos\/\">Accede a AOV<\/a>\n\t<\/p><\/div>\n<div class=\"grid-33 mobile-grid-100 maven align-center\">\n\t\t<i class=\"fal fa-question-circle fa-3x\"><!-- icon --><\/i>\n<p class=\"pt-5 px-3 f4\">Encuentra la respuesta a tus dudas<\/p>\n<p><a class=\"btn btn-white\" href=\"\/dudas\/\">Preguntas frecuentes<\/a>\n\t<\/p><\/div>\n<div class=\"grid-33 mobile-grid-100 maven align-center\">\n\t\t<i class=\"fal fa-mobile-alt fa-3x\"><!-- icon --><\/i>\n<p class=\"pt-5 px-3 f4\">Siempre informado. Todo desde tu m\u00f3vil<\/p>\n<p><a class=\"btn btn-white\" href=\"\/tecnologia-innovacion\/#Apps_y_oficina_virtual\">Conoce nuestras apps<\/a>\n\t<\/p><\/div>\n<\/div>\n","protected":false},"excerpt":{"rendered":"","protected":false},"author":2,"featured_media":71814,"parent":0,"menu_order":0,"comment_status":"closed","ping_status":"closed","template":"","meta":{"_acf_changed":false,"generate_page_header":"","footnotes":""},"class_list":["post-71813","page","type-page","status-publish","has-post-thumbnail"],"acf":[],"yoast_head":"<!-- This site is optimized with the Yoast SEO plugin v27.4 - https:\/\/yoast.com\/product\/yoast-seo-wordpress\/ -->\n<title>Somos a t\u00faa mutua - Asepeyo<\/title>\n<meta name=\"robots\" content=\"index, follow, max-snippet:-1, max-image-preview:large, max-video-preview:-1\" \/>\n<link rel=\"canonical\" href=\"https:\/\/www.asepeyo.es\/gl\/somos-tu-mutua\/\" \/>\n<meta property=\"og:locale\" content=\"gl_ES\" \/>\n<meta property=\"og:type\" content=\"article\" \/>\n<meta property=\"og:title\" content=\"Somos a t\u00faa mutua - Asepeyo\" \/>\n<meta property=\"og:url\" content=\"https:\/\/www.asepeyo.es\/gl\/somos-tu-mutua\/\" \/>\n<meta property=\"og:site_name\" content=\"Asepeyo\" \/>\n<meta property=\"article:publisher\" content=\"https:\/\/es-es.facebook.com\/Asepeyo\/\" \/>\n<meta property=\"article:modified_time\" content=\"2019-08-20T16:35:35+00:00\" \/>\n<meta property=\"og:image\" content=\"https:\/\/www.asepeyo.es\/wp-content\/uploads\/bg-somos-tu-mutua.jpg\" \/>\n\t<meta property=\"og:image:width\" content=\"3000\" \/>\n\t<meta property=\"og:image:height\" content=\"1687\" \/>\n\t<meta property=\"og:image:type\" content=\"image\/jpeg\" \/>\n<meta name=\"twitter:card\" content=\"summary_large_image\" \/>\n<meta name=\"twitter:site\" content=\"@Asepeyo\" \/>\n<meta name=\"twitter:label1\" content=\"Tempo de lectura\" \/>\n\t<meta name=\"twitter:data1\" content=\"2 minutos\" \/>\n<script type=\"application\/ld+json\" class=\"yoast-schema-graph\">{\"@context\":\"https:\\\/\\\/schema.org\",\"@graph\":[{\"@type\":\"WebPage\",\"@id\":\"https:\\\/\\\/www.asepeyo.es\\\/gl\\\/somos-tu-mutua\\\/\",\"url\":\"https:\\\/\\\/www.asepeyo.es\\\/gl\\\/somos-tu-mutua\\\/\",\"name\":\"Somos a t\u00faa mutua - Asepeyo\",\"isPartOf\":{\"@id\":\"https:\\\/\\\/www.asepeyo.es\\\/gl\\\/#website\"},\"primaryImageOfPage\":{\"@id\":\"https:\\\/\\\/www.asepeyo.es\\\/gl\\\/somos-tu-mutua\\\/#primaryimage\"},\"image\":{\"@id\":\"https:\\\/\\\/www.asepeyo.es\\\/gl\\\/somos-tu-mutua\\\/#primaryimage\"},\"thumbnailUrl\":\"https:\\\/\\\/www.asepeyo.es\\\/wp-content\\\/uploads\\\/bg-somos-tu-mutua.jpg\",\"datePublished\":\"2019-08-20T16:34:24+00:00\",\"dateModified\":\"2019-08-20T16:35:35+00:00\",\"breadcrumb\":{\"@id\":\"https:\\\/\\\/www.asepeyo.es\\\/gl\\\/somos-tu-mutua\\\/#breadcrumb\"},\"inLanguage\":\"gl-ES\",\"potentialAction\":[{\"@type\":\"ReadAction\",\"target\":[\"https:\\\/\\\/www.asepeyo.es\\\/gl\\\/somos-tu-mutua\\\/\"]}]},{\"@type\":\"ImageObject\",\"inLanguage\":\"gl-ES\",\"@id\":\"https:\\\/\\\/www.asepeyo.es\\\/gl\\\/somos-tu-mutua\\\/#primaryimage\",\"url\":\"https:\\\/\\\/www.asepeyo.es\\\/wp-content\\\/uploads\\\/bg-somos-tu-mutua.jpg\",\"contentUrl\":\"https:\\\/\\\/www.asepeyo.es\\\/wp-content\\\/uploads\\\/bg-somos-tu-mutua.jpg\",\"width\":3000,\"height\":1687},{\"@type\":\"BreadcrumbList\",\"@id\":\"https:\\\/\\\/www.asepeyo.es\\\/gl\\\/somos-tu-mutua\\\/#breadcrumb\",\"itemListElement\":[{\"@type\":\"ListItem\",\"position\":1,\"name\":\"Inicio\",\"item\":\"https:\\\/\\\/www.asepeyo.es\\\/gl\\\/\"},{\"@type\":\"ListItem\",\"position\":2,\"name\":\"Somos a t\u00faa mutua\"}]},{\"@type\":\"WebSite\",\"@id\":\"https:\\\/\\\/www.asepeyo.es\\\/gl\\\/#website\",\"url\":\"https:\\\/\\\/www.asepeyo.es\\\/gl\\\/\",\"name\":\"Asepeyo\",\"description\":\"Mutua de accidentes de trabajo 151\",\"publisher\":{\"@id\":\"https:\\\/\\\/www.asepeyo.es\\\/gl\\\/#organization\"},\"potentialAction\":[{\"@type\":\"SearchAction\",\"target\":{\"@type\":\"EntryPoint\",\"urlTemplate\":\"https:\\\/\\\/www.asepeyo.es\\\/gl\\\/?s={search_term_string}\"},\"query-input\":{\"@type\":\"PropertyValueSpecification\",\"valueRequired\":true,\"valueName\":\"search_term_string\"}}],\"inLanguage\":\"gl-ES\"},{\"@type\":\"Organization\",\"@id\":\"https:\\\/\\\/www.asepeyo.es\\\/gl\\\/#organization\",\"name\":\"Asepeyo\",\"url\":\"https:\\\/\\\/www.asepeyo.es\\\/gl\\\/\",\"logo\":{\"@type\":\"ImageObject\",\"inLanguage\":\"gl-ES\",\"@id\":\"https:\\\/\\\/www.asepeyo.es\\\/gl\\\/#\\\/schema\\\/logo\\\/image\\\/\",\"url\":\"https:\\\/\\\/www.asepeyo.es\\\/wp-content\\\/uploads\\\/logo-asepeyo-web-azul.png\",\"contentUrl\":\"https:\\\/\\\/www.asepeyo.es\\\/wp-content\\\/uploads\\\/logo-asepeyo-web-azul.png\",\"width\":350,\"height\":55,\"caption\":\"Asepeyo\"},\"image\":{\"@id\":\"https:\\\/\\\/www.asepeyo.es\\\/gl\\\/#\\\/schema\\\/logo\\\/image\\\/\"},\"sameAs\":[\"https:\\\/\\\/es-es.facebook.com\\\/Asepeyo\\\/\",\"https:\\\/\\\/x.com\\\/Asepeyo\",\"https:\\\/\\\/www.instagram.com\\\/asepeyo\\\/?hl=es\",\"https:\\\/\\\/es.linkedin.com\\\/company\\\/asepeyo\",\"https:\\\/\\\/www.youtube.com\\\/channel\\\/UC42Ipj44IKKTITQ2HNoLmSQ\"]}]}<\/script>\n<!-- \/ Yoast SEO plugin. -->","yoast_head_json":{"title":"Somos a t\u00faa mutua - Asepeyo","robots":{"index":"index","follow":"follow","max-snippet":"max-snippet:-1","max-image-preview":"max-image-preview:large","max-video-preview":"max-video-preview:-1"},"canonical":"https:\/\/www.asepeyo.es\/gl\/somos-tu-mutua\/","og_locale":"gl_ES","og_type":"article","og_title":"Somos a t\u00faa mutua - Asepeyo","og_url":"https:\/\/www.asepeyo.es\/gl\/somos-tu-mutua\/","og_site_name":"Asepeyo","article_publisher":"https:\/\/es-es.facebook.com\/Asepeyo\/","article_modified_time":"2019-08-20T16:35:35+00:00","og_image":[{"width":3000,"height":1687,"url":"https:\/\/www.asepeyo.es\/wp-content\/uploads\/bg-somos-tu-mutua.jpg","type":"image\/jpeg"}],"twitter_card":"summary_large_image","twitter_site":"@Asepeyo","twitter_misc":{"Tempo de lectura":"2 minutos"},"schema":{"@context":"https:\/\/schema.org","@graph":[{"@type":"WebPage","@id":"https:\/\/www.asepeyo.es\/gl\/somos-tu-mutua\/","url":"https:\/\/www.asepeyo.es\/gl\/somos-tu-mutua\/","name":"Somos a t\u00faa mutua - Asepeyo","isPartOf":{"@id":"https:\/\/www.asepeyo.es\/gl\/#website"},"primaryImageOfPage":{"@id":"https:\/\/www.asepeyo.es\/gl\/somos-tu-mutua\/#primaryimage"},"image":{"@id":"https:\/\/www.asepeyo.es\/gl\/somos-tu-mutua\/#primaryimage"},"thumbnailUrl":"https:\/\/www.asepeyo.es\/wp-content\/uploads\/bg-somos-tu-mutua.jpg","datePublished":"2019-08-20T16:34:24+00:00","dateModified":"2019-08-20T16:35:35+00:00","breadcrumb":{"@id":"https:\/\/www.asepeyo.es\/gl\/somos-tu-mutua\/#breadcrumb"},"inLanguage":"gl-ES","potentialAction":[{"@type":"ReadAction","target":["https:\/\/www.asepeyo.es\/gl\/somos-tu-mutua\/"]}]},{"@type":"ImageObject","inLanguage":"gl-ES","@id":"https:\/\/www.asepeyo.es\/gl\/somos-tu-mutua\/#primaryimage","url":"https:\/\/www.asepeyo.es\/wp-content\/uploads\/bg-somos-tu-mutua.jpg","contentUrl":"https:\/\/www.asepeyo.es\/wp-content\/uploads\/bg-somos-tu-mutua.jpg","width":3000,"height":1687},{"@type":"BreadcrumbList","@id":"https:\/\/www.asepeyo.es\/gl\/somos-tu-mutua\/#breadcrumb","itemListElement":[{"@type":"ListItem","position":1,"name":"Inicio","item":"https:\/\/www.asepeyo.es\/gl\/"},{"@type":"ListItem","position":2,"name":"Somos a t\u00faa mutua"}]},{"@type":"WebSite","@id":"https:\/\/www.asepeyo.es\/gl\/#website","url":"https:\/\/www.asepeyo.es\/gl\/","name":"Asepeyo","description":"Mutua de accidentes de trabajo 151","publisher":{"@id":"https:\/\/www.asepeyo.es\/gl\/#organization"},"potentialAction":[{"@type":"SearchAction","target":{"@type":"EntryPoint","urlTemplate":"https:\/\/www.asepeyo.es\/gl\/?s={search_term_string}"},"query-input":{"@type":"PropertyValueSpecification","valueRequired":true,"valueName":"search_term_string"}}],"inLanguage":"gl-ES"},{"@type":"Organization","@id":"https:\/\/www.asepeyo.es\/gl\/#organization","name":"Asepeyo","url":"https:\/\/www.asepeyo.es\/gl\/","logo":{"@type":"ImageObject","inLanguage":"gl-ES","@id":"https:\/\/www.asepeyo.es\/gl\/#\/schema\/logo\/image\/","url":"https:\/\/www.asepeyo.es\/wp-content\/uploads\/logo-asepeyo-web-azul.png","contentUrl":"https:\/\/www.asepeyo.es\/wp-content\/uploads\/logo-asepeyo-web-azul.png","width":350,"height":55,"caption":"Asepeyo"},"image":{"@id":"https:\/\/www.asepeyo.es\/gl\/#\/schema\/logo\/image\/"},"sameAs":["https:\/\/es-es.facebook.com\/Asepeyo\/","https:\/\/x.com\/Asepeyo","https:\/\/www.instagram.com\/asepeyo\/?hl=es","https:\/\/es.linkedin.com\/company\/asepeyo","https:\/\/www.youtube.com\/channel\/UC42Ipj44IKKTITQ2HNoLmSQ"]}]}},"_links":{"self":[{"href":"https:\/\/www.asepeyo.es\/gl\/wp-json\/wp\/v2\/pages\/71813","targetHints":{"allow":["GET"]}}],"collection":[{"href":"https:\/\/www.asepeyo.es\/gl\/wp-json\/wp\/v2\/pages"}],"about":[{"href":"https:\/\/www.asepeyo.es\/gl\/wp-json\/wp\/v2\/types\/page"}],"author":[{"embeddable":true,"href":"https:\/\/www.asepeyo.es\/gl\/wp-json\/wp\/v2\/users\/2"}],"replies":[{"embeddable":true,"href":"https:\/\/www.asepeyo.es\/gl\/wp-json\/wp\/v2\/comments?post=71813"}],"version-history":[{"count":2,"href":"https:\/\/www.asepeyo.es\/gl\/wp-json\/wp\/v2\/pages\/71813\/revisions"}],"predecessor-version":[{"id":71819,"href":"https:\/\/www.asepeyo.es\/gl\/wp-json\/wp\/v2\/pages\/71813\/revisions\/71819"}],"wp:featuredmedia":[{"embeddable":true,"href":"https:\/\/www.asepeyo.es\/gl\/wp-json\/wp\/v2\/media\/71814"}],"wp:attachment":[{"href":"https:\/\/www.asepeyo.es\/gl\/wp-json\/wp\/v2\/media?parent=71813"}],"curies":[{"name":"wp","href":"https:\/\/api.w.org\/{rel}","templated":true}]}}