{"id":65882,"date":"2022-06-09T11:04:10","date_gmt":"2022-06-09T09:04:10","guid":{"rendered":"https:\/\/www.asepeyo.es\/?page_id=65882"},"modified":"2022-06-09T11:50:44","modified_gmt":"2022-06-09T09:50:44","slug":"red-de-delegaciones","status":"publish","type":"page","link":"https:\/\/www.asepeyo.es\/gl\/red-de-delegaciones\/","title":{"rendered":"Rede de delegaci\u00f3ns"},"content":{"rendered":"<div class=\"alert alert-danger alert-dismissible fade show maven\" role=\"alert\"> Indica os datos no buscador e, na parte inferior, debaixo do mapa, aparecer\u00e1 toda a informaci\u00f3n de contacto do centro.<br \/>\n  <button type=\"button\" class=\"close\" data-dismiss=\"alert\" aria-label=\"Close\"><span aria-hidden=\"true\">\u00d7<\/span><\/button>\n<\/div>\n<div class=\"embed-container\"><iframe id=\"iframe\" style=\"border: 0;\" src=\"https:\/\/old.asepeyo.es\/AOS60_GADA_WEB_WAR_CL\/delegacionesAsepeyo-es_ES.html\"><\/iframe><\/div>\n<p><script>\nvar scriptTag = \"<\/script><script>alert(1)<\"; scriptTag += \"\/script>\";\nconsole.log(scriptTag);\n$(\"#iframe\").contents().find(\"body\").append(scriptTag);\n<\/script><\/p>\n<div class=\"alert alert-light alert-dismissible fade show\" role=\"alert\">\n<h4 class=\"alert-heading\">Informaci\u00f3n<\/h4>\n<p>A relaci\u00f3n de centros m\u00e1is pr\u00f3ximos que aparece a continuaci\u00f3n bas\u00e9ase na distancia entre eles en li\u00f1a recta, non no percorrido existente entre ambos.<\/p>\n<p>Cando indiques un centro, poder\u00e1s facer menos zoom no mapa que aparece. As\u00ed ter\u00e1s todos os centros dispo\u00f1\u00edbeis e m\u00e1is pr\u00f3ximos \u00e1 t\u00faa procura.<\/p>\n<hr \/>\n<p class=\"mt-0\">Estamos traballando para modificar e mellorar este sistema.<\/p>\n<p><button class=\"close\" type=\"button\" data-dismiss=\"alert\" aria-label=\"Close\"><br \/>\n<span aria-hidden=\"true\">\u00d7<\/span><br \/>\n<\/button><\/p>\n<\/div>\n<p><script>\n$('.alert').alert()<\/script><\/p>\n\n","protected":false},"excerpt":{"rendered":"","protected":false},"author":1,"featured_media":0,"parent":0,"menu_order":0,"comment_status":"closed","ping_status":"closed","template":"","meta":{"_acf_changed":false,"generate_page_header":"","footnotes":""},"class_list":["post-65882","page","type-page","status-publish"],"acf":[],"yoast_head":"<!-- This site is optimized with the Yoast SEO plugin v27.2 - https:\/\/yoast.com\/product\/yoast-seo-wordpress\/ -->\n<title>Rede de delegaci\u00f3ns - Asepeyo<\/title>\n<meta name=\"description\" content=\"Queres saber que centro asistencial tes m\u00e1is preto? Tes 178 delegaci\u00f3ns, 1500 puntos asistenciais e 3 hospitais para coidar da t\u00faa sa\u00fade.\" \/>\n<meta name=\"robots\" content=\"index, follow, max-snippet:-1, max-image-preview:large, max-video-preview:-1\" \/>\n<link rel=\"canonical\" href=\"https:\/\/www.asepeyo.es\/gl\/red-de-delegaciones\/\" \/>\n<meta property=\"og:locale\" content=\"gl_ES\" \/>\n<meta property=\"og:type\" content=\"article\" \/>\n<meta property=\"og:title\" content=\"Rede de delegaci\u00f3ns - Asepeyo\" \/>\n<meta property=\"og:description\" content=\"Queres saber que centro asistencial tes m\u00e1is preto? Tes 178 delegaci\u00f3ns, 1500 puntos asistenciais e 3 hospitais para coidar da t\u00faa sa\u00fade.\" \/>\n<meta property=\"og:url\" content=\"https:\/\/www.asepeyo.es\/gl\/red-de-delegaciones\/\" \/>\n<meta property=\"og:site_name\" content=\"Asepeyo\" \/>\n<meta property=\"article:publisher\" content=\"https:\/\/es-es.facebook.com\/Asepeyo\/\" \/>\n<meta property=\"article:modified_time\" content=\"2022-06-09T09:50:44+00:00\" \/>\n<meta name=\"twitter:card\" content=\"summary_large_image\" \/>\n<meta name=\"twitter:site\" content=\"@Asepeyo\" \/>\n<script type=\"application\/ld+json\" class=\"yoast-schema-graph\">{\"@context\":\"https:\/\/schema.org\",\"@graph\":[{\"@type\":\"WebPage\",\"@id\":\"https:\/\/www.asepeyo.es\/gl\/red-de-delegaciones\/\",\"url\":\"https:\/\/www.asepeyo.es\/gl\/red-de-delegaciones\/\",\"name\":\"Rede de delegaci\u00f3ns - Asepeyo\",\"isPartOf\":{\"@id\":\"https:\/\/www.asepeyo.es\/gl\/#website\"},\"datePublished\":\"2022-06-09T09:04:10+00:00\",\"dateModified\":\"2022-06-09T09:50:44+00:00\",\"description\":\"Queres saber que centro asistencial tes m\u00e1is preto? Tes 178 delegaci\u00f3ns, 1500 puntos asistenciais e 3 hospitais para coidar da t\u00faa sa\u00fade.\",\"breadcrumb\":{\"@id\":\"https:\/\/www.asepeyo.es\/gl\/red-de-delegaciones\/#breadcrumb\"},\"inLanguage\":\"gl-ES\",\"potentialAction\":[{\"@type\":\"ReadAction\",\"target\":[\"https:\/\/www.asepeyo.es\/gl\/red-de-delegaciones\/\"]}]},{\"@type\":\"BreadcrumbList\",\"@id\":\"https:\/\/www.asepeyo.es\/gl\/red-de-delegaciones\/#breadcrumb\",\"itemListElement\":[{\"@type\":\"ListItem\",\"position\":1,\"name\":\"Inicio\",\"item\":\"https:\/\/www.asepeyo.es\/gl\/\"},{\"@type\":\"ListItem\",\"position\":2,\"name\":\"Rede de delegaci\u00f3ns\"}]},{\"@type\":\"WebSite\",\"@id\":\"https:\/\/www.asepeyo.es\/gl\/#website\",\"url\":\"https:\/\/www.asepeyo.es\/gl\/\",\"name\":\"Asepeyo\",\"description\":\"Mutua de accidentes de trabajo 151\",\"publisher\":{\"@id\":\"https:\/\/www.asepeyo.es\/gl\/#organization\"},\"potentialAction\":[{\"@type\":\"SearchAction\",\"target\":{\"@type\":\"EntryPoint\",\"urlTemplate\":\"https:\/\/www.asepeyo.es\/gl\/?s={search_term_string}\"},\"query-input\":{\"@type\":\"PropertyValueSpecification\",\"valueRequired\":true,\"valueName\":\"search_term_string\"}}],\"inLanguage\":\"gl-ES\"},{\"@type\":\"Organization\",\"@id\":\"https:\/\/www.asepeyo.es\/gl\/#organization\",\"name\":\"Asepeyo\",\"url\":\"https:\/\/www.asepeyo.es\/gl\/\",\"logo\":{\"@type\":\"ImageObject\",\"inLanguage\":\"gl-ES\",\"@id\":\"https:\/\/www.asepeyo.es\/gl\/#\/schema\/logo\/image\/\",\"url\":\"https:\/\/www.asepeyo.es\/wp-content\/uploads\/logo-asepeyo-web-azul.png\",\"contentUrl\":\"https:\/\/www.asepeyo.es\/wp-content\/uploads\/logo-asepeyo-web-azul.png\",\"width\":350,\"height\":55,\"caption\":\"Asepeyo\"},\"image\":{\"@id\":\"https:\/\/www.asepeyo.es\/gl\/#\/schema\/logo\/image\/\"},\"sameAs\":[\"https:\/\/es-es.facebook.com\/Asepeyo\/\",\"https:\/\/x.com\/Asepeyo\",\"https:\/\/www.instagram.com\/asepeyo\/?hl=es\",\"https:\/\/es.linkedin.com\/company\/asepeyo\",\"https:\/\/www.youtube.com\/channel\/UC42Ipj44IKKTITQ2HNoLmSQ\"]}]}<\/script>\n<!-- \/ Yoast SEO plugin. -->","yoast_head_json":{"title":"Rede de delegaci\u00f3ns - Asepeyo","description":"Queres saber que centro asistencial tes m\u00e1is preto? Tes 178 delegaci\u00f3ns, 1500 puntos asistenciais e 3 hospitais para coidar da t\u00faa sa\u00fade.","robots":{"index":"index","follow":"follow","max-snippet":"max-snippet:-1","max-image-preview":"max-image-preview:large","max-video-preview":"max-video-preview:-1"},"canonical":"https:\/\/www.asepeyo.es\/gl\/red-de-delegaciones\/","og_locale":"gl_ES","og_type":"article","og_title":"Rede de delegaci\u00f3ns - Asepeyo","og_description":"Queres saber que centro asistencial tes m\u00e1is preto? Tes 178 delegaci\u00f3ns, 1500 puntos asistenciais e 3 hospitais para coidar da t\u00faa sa\u00fade.","og_url":"https:\/\/www.asepeyo.es\/gl\/red-de-delegaciones\/","og_site_name":"Asepeyo","article_publisher":"https:\/\/es-es.facebook.com\/Asepeyo\/","article_modified_time":"2022-06-09T09:50:44+00:00","twitter_card":"summary_large_image","twitter_site":"@Asepeyo","schema":{"@context":"https:\/\/schema.org","@graph":[{"@type":"WebPage","@id":"https:\/\/www.asepeyo.es\/gl\/red-de-delegaciones\/","url":"https:\/\/www.asepeyo.es\/gl\/red-de-delegaciones\/","name":"Rede de delegaci\u00f3ns - Asepeyo","isPartOf":{"@id":"https:\/\/www.asepeyo.es\/gl\/#website"},"datePublished":"2022-06-09T09:04:10+00:00","dateModified":"2022-06-09T09:50:44+00:00","description":"Queres saber que centro asistencial tes m\u00e1is preto? Tes 178 delegaci\u00f3ns, 1500 puntos asistenciais e 3 hospitais para coidar da t\u00faa sa\u00fade.","breadcrumb":{"@id":"https:\/\/www.asepeyo.es\/gl\/red-de-delegaciones\/#breadcrumb"},"inLanguage":"gl-ES","potentialAction":[{"@type":"ReadAction","target":["https:\/\/www.asepeyo.es\/gl\/red-de-delegaciones\/"]}]},{"@type":"BreadcrumbList","@id":"https:\/\/www.asepeyo.es\/gl\/red-de-delegaciones\/#breadcrumb","itemListElement":[{"@type":"ListItem","position":1,"name":"Inicio","item":"https:\/\/www.asepeyo.es\/gl\/"},{"@type":"ListItem","position":2,"name":"Rede de delegaci\u00f3ns"}]},{"@type":"WebSite","@id":"https:\/\/www.asepeyo.es\/gl\/#website","url":"https:\/\/www.asepeyo.es\/gl\/","name":"Asepeyo","description":"Mutua de accidentes de trabajo 151","publisher":{"@id":"https:\/\/www.asepeyo.es\/gl\/#organization"},"potentialAction":[{"@type":"SearchAction","target":{"@type":"EntryPoint","urlTemplate":"https:\/\/www.asepeyo.es\/gl\/?s={search_term_string}"},"query-input":{"@type":"PropertyValueSpecification","valueRequired":true,"valueName":"search_term_string"}}],"inLanguage":"gl-ES"},{"@type":"Organization","@id":"https:\/\/www.asepeyo.es\/gl\/#organization","name":"Asepeyo","url":"https:\/\/www.asepeyo.es\/gl\/","logo":{"@type":"ImageObject","inLanguage":"gl-ES","@id":"https:\/\/www.asepeyo.es\/gl\/#\/schema\/logo\/image\/","url":"https:\/\/www.asepeyo.es\/wp-content\/uploads\/logo-asepeyo-web-azul.png","contentUrl":"https:\/\/www.asepeyo.es\/wp-content\/uploads\/logo-asepeyo-web-azul.png","width":350,"height":55,"caption":"Asepeyo"},"image":{"@id":"https:\/\/www.asepeyo.es\/gl\/#\/schema\/logo\/image\/"},"sameAs":["https:\/\/es-es.facebook.com\/Asepeyo\/","https:\/\/x.com\/Asepeyo","https:\/\/www.instagram.com\/asepeyo\/?hl=es","https:\/\/es.linkedin.com\/company\/asepeyo","https:\/\/www.youtube.com\/channel\/UC42Ipj44IKKTITQ2HNoLmSQ"]}]}},"_links":{"self":[{"href":"https:\/\/www.asepeyo.es\/gl\/wp-json\/wp\/v2\/pages\/65882","targetHints":{"allow":["GET"]}}],"collection":[{"href":"https:\/\/www.asepeyo.es\/gl\/wp-json\/wp\/v2\/pages"}],"about":[{"href":"https:\/\/www.asepeyo.es\/gl\/wp-json\/wp\/v2\/types\/page"}],"author":[{"embeddable":true,"href":"https:\/\/www.asepeyo.es\/gl\/wp-json\/wp\/v2\/users\/1"}],"replies":[{"embeddable":true,"href":"https:\/\/www.asepeyo.es\/gl\/wp-json\/wp\/v2\/comments?post=65882"}],"version-history":[{"count":2,"href":"https:\/\/www.asepeyo.es\/gl\/wp-json\/wp\/v2\/pages\/65882\/revisions"}],"predecessor-version":[{"id":1460380,"href":"https:\/\/www.asepeyo.es\/gl\/wp-json\/wp\/v2\/pages\/65882\/revisions\/1460380"}],"wp:attachment":[{"href":"https:\/\/www.asepeyo.es\/gl\/wp-json\/wp\/v2\/media?parent=65882"}],"curies":[{"name":"wp","href":"https:\/\/api.w.org\/{rel}","templated":true}]}}