{"id":64968,"date":"2017-07-17T07:26:02","date_gmt":"2017-07-17T07:26:02","guid":{"rendered":"https:\/\/www.asepeyo.es\/?page_id=64968"},"modified":"2023-10-23T19:23:38","modified_gmt":"2023-10-23T17:23:38","slug":"contacto","status":"publish","type":"page","link":"https:\/\/www.asepeyo.es\/gl\/contacto\/","title":{"rendered":"Contacta con nosotros"},"content":{"rendered":"<div class=\"titulo\">\n<h2>Tel\u00e9fonos<\/h2>\n<\/div>\n<h3>Urxencias 24 horas<\/h3>\n<p>\u00bfSufriches un accidente laboral?<br \/>\nGarantimos a t\u00faa asistencia sanitaria as 24 horas, os 365 d\u00edas do ano. Os nosos profesionais daranche as primeiras indicaci\u00f3ns e activar\u00e1n os recursos de emerxencia.<\/p>\n<p class=\"destacado-negro-peque\">900 151 000<\/p>\n<h3>Servizo de Atenci\u00f3n a Pacientes e Persoas Usuarios<\/h3>\n<p>\u00bfTes algunha d\u00fabida ou consulta?<br \/>\nSolucionamos todas as t\u00faas d\u00fabidas sobre os nosos servizos.<\/p>\n<p class=\"destacado-negro-peque\">910 504 390<\/p>\n<h3>Servizo de Atenci\u00f3n ao Asesor Laboral<\/h3>\n<p>\u00bfEs unha asesor\u00eda ou un asesor laboral?<br \/>\nDisp\u00f3s dunha li\u00f1a especializada para consultar directamente cos nosos expertos.<br \/>\nAsesor\u00e1moste directamente todas as t\u00faas necesidades<\/p>\n<p class=\"destacado-negro-peque\">900 151 005<\/p>\n<h3>Oficina de Coordinaci\u00f3n de Servizos<\/h3>\n<p>\u00bfA t\u00faa empresa disp\u00f3n dunha grande infraestrutura? As grandes empresas presentan necesidades a medida en determinados momentos. Consulta cos expertos da nosa oficina e resolver\u00e1n as t\u00faas d\u00fabidas, preguntas e suxesti\u00f3ns directamente.<\/p>\n<p class=\"destacado-negro-peque\">900 151 003<\/p>\n<div class=\"titulo\">\n<h2>Correo electr\u00f3nico<\/h2>\n<\/div>\n<div class=\" align-center\">\n<p>Env\u00edanos un correo electr\u00f3nico coas t\u00faas d\u00fabidas e suxesti\u00f3ns \u00e1s nosas \u00e1reas de actuaci\u00f3n.<\/p>\n<p><a class=\"underline\" href=\"https:\/\/www.asepeyo.es\/atencion-usuario\/\">nosso formulario<\/a><br \/>\n<a title=\"Abre o teu xestor de correo.\" href=\"mailto:prensa@asepeyo.es\">prensa@asepeyo.es<\/a><\/p>\n<\/div>\n<div class=\"titulo\">\n<h2>Redes sociais<\/h2>\n<\/div>\n<div class=\"align-center\">\n<span itemscope=\"\" itemtype=\"http:\/\/schema.org\/Organization\">\n  <link itemprop=\"url\" href=\"https:\/\/www.asepeyo.es\"\/>\n<ul class=\"fa-ul f1 iconos-sociales\">\n<li>\n\t\t\t<a aria-label=\"LinkedIn\" itemprop=\"sameAs\" href=\"https:\/\/es.linkedin.com\/company\/asepeyo\" target=\"_blank\" title=\"LinkedIn\" rel=\"noopener noreferrer\"><span class=\"fa-li\"><i aria-hidden=\"true\" class=\"fab fa-linkedin-in\" title=\"linkedin\"><\/i><\/span><\/a>\n\t\t<\/li>\n<li>\n\t\t\t<a aria-label=\"Twitter\" itemprop=\"sameAs\" href=\"https:\/\/twitter.com\/asepeyo\" target=\"_blank\" title=\"Twitter\" rel=\"noopener noreferrer\"><span class=\"fa-li\"><i aria-hidden=\"true\" class=\"fab fa-twitter\" title=\"twitter\"><\/i><\/span><\/a>\n\t\t<\/li>\n<li>\n\t\t\t<a aria-label=\"YouTube\" itemprop=\"sameAs\" href=\"https:\/\/www.youtube.com\/user\/AsepeyoMutua\" target=\"_blank\" title=\"YouTube\" rel=\"noopener noreferrer\"><span class=\"fa-li\"><i aria-hidden=\"true\" class=\"fab fa-youtube\" title=\"youtube\"><\/i><\/span><\/a>\n\t\t<\/li>\n<li>\n\t\t\t<a aria-label=\"Facebook\" itemprop=\"sameAs\" href=\"https:\/\/es-es.facebook.com\/Asepeyo\/\" target=\"_blank\" title=\"Facebook\" rel=\"noopener noreferrer\"><span class=\"fa-li\"><i aria-hidden=\"true\" class=\"fab fa-facebook\" title=\"facebook\"><\/i><\/span><\/a>\n\t\t<\/li>\n<li>\n\t\t\t<a aria-label=\"Instagram\" itemprop=\"sameAs\" href=\"https:\/\/www.instagram.com\/asepeyo\/\" target=\"_blank\" title=\"Instagram\" rel=\"noopener noreferrer\"><span class=\"fa-li\"><i aria-hidden=\"true\" class=\"fab fa-instagram\" title=\"instagram\"><\/i><\/span><\/a>\n\t\t<\/li>\n<\/ul>\n<\/span>\n<\/div>\n<div class=\"titulo\">\n<h2>Rede de centros<\/h2>\n<\/div>\n<div class=\" align-center\"\">\n<p>\u00bfQueres saber cal \u00e9 o centro que tes m\u00e1is preto? Indica a t\u00faa localizaci\u00f3n e o radio de distancia \u00e1 que podes desprazarte. Selecciona o centro que sexa do teu interese e comproba a ruta m\u00e1is directa.<\/p>\n<\/div>\n<div class=\"align-center\"><a href=\"\/red-de-delegaciones\/\"><button class=\"boton-azul\">Atopa o teu centro<\/button><\/a><\/div>\n<div class=\"titulo\">\n<h2>Ax\u00fadanos a mellorar<\/h2>\n<p><span class=\"titulo-subtitulo\">Oficina virtual de reclamaci\u00f3ns<\/span><\/p>\n<\/div>\n<p>A oficina virtual de reclamaci\u00f3ns do Ministerio de Emprego, Migraci\u00f3ns e Seguridade Social xestiona as queixas dos traballadores sobre a xesti\u00f3n das mutuas. O Ministerio centraliza as reclamaci\u00f3ns para logo remitilas \u00e1 mutua. Esta facilita unha resposta e, posteriormente, o Ministerio transm\u00edtella ao cidad\u00e1n.<a href=\"http:\/\/www.ovrmatepss.es\/virtual\/\" target=\"_blank\" rel=\"nofollow noopener noreferrer\">http:\/\/www.ovrmatepss.es\/virtual\/<\/a><\/p>\n<p>Ademais, p\u00faxose en funcionamento un tel\u00e9fono de informaci\u00f3n sobre mutuas para que os usuarios fagan directamente as s\u00faas consultas.<\/p>\n<p>Tel\u00e9fono de informaci\u00f3n: <strong>902 112 651<\/strong><\/p>\n<p>Horario de inverno:<br \/>\nde 8:30 a 14:30 h e de 16 a 18:30 h, de luns a xoves<br \/>\nde 8:30 a 14:30 h, os venres<br \/>\nHorario de ver\u00e1n:<br \/>\nDe 8 a 15 h<\/p>\n","protected":false},"excerpt":{"rendered":"","protected":false},"author":2,"featured_media":64971,"parent":0,"menu_order":0,"comment_status":"closed","ping_status":"closed","template":"","meta":{"_acf_changed":false,"generate_page_header":"","footnotes":""},"class_list":["post-64968","page","type-page","status-publish","has-post-thumbnail"],"acf":[],"yoast_head":"<!-- This site is optimized with the Yoast SEO plugin v27.4 - https:\/\/yoast.com\/product\/yoast-seo-wordpress\/ -->\n<title>Contacta con nosotros - Asepeyo<\/title>\n<meta name=\"description\" content=\"\u00bfTes algunha d\u00fabida ou consulta?Solucionamos todas as t\u00faas d\u00fabidas sobre os nosos servizos.\" \/>\n<meta name=\"robots\" content=\"index, follow, max-snippet:-1, max-image-preview:large, max-video-preview:-1\" \/>\n<link rel=\"canonical\" href=\"https:\/\/www.asepeyo.es\/gl\/contacto\/\" \/>\n<meta property=\"og:locale\" content=\"gl_ES\" \/>\n<meta property=\"og:type\" content=\"article\" \/>\n<meta property=\"og:title\" content=\"Contacta con nosotros - Asepeyo\" \/>\n<meta property=\"og:description\" content=\"\u00bfTes algunha d\u00fabida ou consulta?Solucionamos todas as t\u00faas d\u00fabidas sobre os nosos servizos.\" \/>\n<meta property=\"og:url\" content=\"https:\/\/www.asepeyo.es\/gl\/contacto\/\" \/>\n<meta property=\"og:site_name\" content=\"Asepeyo\" \/>\n<meta property=\"article:publisher\" content=\"https:\/\/es-es.facebook.com\/Asepeyo\/\" \/>\n<meta property=\"article:modified_time\" content=\"2023-10-23T17:23:38+00:00\" \/>\n<meta property=\"og:image\" content=\"https:\/\/www.asepeyo.es\/wp-content\/uploads\/contacta-con-asepeyo.jpg\" \/>\n\t<meta property=\"og:image:width\" content=\"2048\" \/>\n\t<meta property=\"og:image:height\" content=\"1017\" \/>\n\t<meta property=\"og:image:type\" content=\"image\/jpeg\" \/>\n<meta name=\"twitter:card\" content=\"summary_large_image\" \/>\n<meta name=\"twitter:site\" content=\"@Asepeyo\" \/>\n<meta name=\"twitter:label1\" content=\"Tempo de lectura\" \/>\n\t<meta name=\"twitter:data1\" content=\"2 minutos\" \/>\n<script type=\"application\/ld+json\" class=\"yoast-schema-graph\">{\"@context\":\"https:\\\/\\\/schema.org\",\"@graph\":[{\"@type\":\"WebPage\",\"@id\":\"https:\\\/\\\/www.asepeyo.es\\\/gl\\\/contacto\\\/\",\"url\":\"https:\\\/\\\/www.asepeyo.es\\\/gl\\\/contacto\\\/\",\"name\":\"Contacta con nosotros - Asepeyo\",\"isPartOf\":{\"@id\":\"https:\\\/\\\/www.asepeyo.es\\\/gl\\\/#website\"},\"primaryImageOfPage\":{\"@id\":\"https:\\\/\\\/www.asepeyo.es\\\/gl\\\/contacto\\\/#primaryimage\"},\"image\":{\"@id\":\"https:\\\/\\\/www.asepeyo.es\\\/gl\\\/contacto\\\/#primaryimage\"},\"thumbnailUrl\":\"https:\\\/\\\/www.asepeyo.es\\\/wp-content\\\/uploads\\\/contacta-con-asepeyo.jpg\",\"datePublished\":\"2017-07-17T07:26:02+00:00\",\"dateModified\":\"2023-10-23T17:23:38+00:00\",\"description\":\"\u00bfTes algunha d\u00fabida ou consulta?Solucionamos todas as t\u00faas d\u00fabidas sobre os nosos servizos.\",\"breadcrumb\":{\"@id\":\"https:\\\/\\\/www.asepeyo.es\\\/gl\\\/contacto\\\/#breadcrumb\"},\"inLanguage\":\"gl-ES\",\"potentialAction\":[{\"@type\":\"ReadAction\",\"target\":[\"https:\\\/\\\/www.asepeyo.es\\\/gl\\\/contacto\\\/\"]}]},{\"@type\":\"ImageObject\",\"inLanguage\":\"gl-ES\",\"@id\":\"https:\\\/\\\/www.asepeyo.es\\\/gl\\\/contacto\\\/#primaryimage\",\"url\":\"https:\\\/\\\/www.asepeyo.es\\\/wp-content\\\/uploads\\\/contacta-con-asepeyo.jpg\",\"contentUrl\":\"https:\\\/\\\/www.asepeyo.es\\\/wp-content\\\/uploads\\\/contacta-con-asepeyo.jpg\",\"width\":2048,\"height\":1017},{\"@type\":\"BreadcrumbList\",\"@id\":\"https:\\\/\\\/www.asepeyo.es\\\/gl\\\/contacto\\\/#breadcrumb\",\"itemListElement\":[{\"@type\":\"ListItem\",\"position\":1,\"name\":\"Inicio\",\"item\":\"https:\\\/\\\/www.asepeyo.es\\\/gl\\\/\"},{\"@type\":\"ListItem\",\"position\":2,\"name\":\"Contacta con nosotros\"}]},{\"@type\":\"WebSite\",\"@id\":\"https:\\\/\\\/www.asepeyo.es\\\/gl\\\/#website\",\"url\":\"https:\\\/\\\/www.asepeyo.es\\\/gl\\\/\",\"name\":\"Asepeyo\",\"description\":\"Mutua de accidentes de trabajo 151\",\"publisher\":{\"@id\":\"https:\\\/\\\/www.asepeyo.es\\\/gl\\\/#organization\"},\"potentialAction\":[{\"@type\":\"SearchAction\",\"target\":{\"@type\":\"EntryPoint\",\"urlTemplate\":\"https:\\\/\\\/www.asepeyo.es\\\/gl\\\/?s={search_term_string}\"},\"query-input\":{\"@type\":\"PropertyValueSpecification\",\"valueRequired\":true,\"valueName\":\"search_term_string\"}}],\"inLanguage\":\"gl-ES\"},{\"@type\":\"Organization\",\"@id\":\"https:\\\/\\\/www.asepeyo.es\\\/gl\\\/#organization\",\"name\":\"Asepeyo\",\"url\":\"https:\\\/\\\/www.asepeyo.es\\\/gl\\\/\",\"logo\":{\"@type\":\"ImageObject\",\"inLanguage\":\"gl-ES\",\"@id\":\"https:\\\/\\\/www.asepeyo.es\\\/gl\\\/#\\\/schema\\\/logo\\\/image\\\/\",\"url\":\"https:\\\/\\\/www.asepeyo.es\\\/wp-content\\\/uploads\\\/logo-asepeyo-web-azul.png\",\"contentUrl\":\"https:\\\/\\\/www.asepeyo.es\\\/wp-content\\\/uploads\\\/logo-asepeyo-web-azul.png\",\"width\":350,\"height\":55,\"caption\":\"Asepeyo\"},\"image\":{\"@id\":\"https:\\\/\\\/www.asepeyo.es\\\/gl\\\/#\\\/schema\\\/logo\\\/image\\\/\"},\"sameAs\":[\"https:\\\/\\\/es-es.facebook.com\\\/Asepeyo\\\/\",\"https:\\\/\\\/x.com\\\/Asepeyo\",\"https:\\\/\\\/www.instagram.com\\\/asepeyo\\\/?hl=es\",\"https:\\\/\\\/es.linkedin.com\\\/company\\\/asepeyo\",\"https:\\\/\\\/www.youtube.com\\\/channel\\\/UC42Ipj44IKKTITQ2HNoLmSQ\"]}]}<\/script>\n<!-- \/ Yoast SEO plugin. -->","yoast_head_json":{"title":"Contacta con nosotros - Asepeyo","description":"\u00bfTes algunha d\u00fabida ou consulta?Solucionamos todas as t\u00faas d\u00fabidas sobre os nosos servizos.","robots":{"index":"index","follow":"follow","max-snippet":"max-snippet:-1","max-image-preview":"max-image-preview:large","max-video-preview":"max-video-preview:-1"},"canonical":"https:\/\/www.asepeyo.es\/gl\/contacto\/","og_locale":"gl_ES","og_type":"article","og_title":"Contacta con nosotros - Asepeyo","og_description":"\u00bfTes algunha d\u00fabida ou consulta?Solucionamos todas as t\u00faas d\u00fabidas sobre os nosos servizos.","og_url":"https:\/\/www.asepeyo.es\/gl\/contacto\/","og_site_name":"Asepeyo","article_publisher":"https:\/\/es-es.facebook.com\/Asepeyo\/","article_modified_time":"2023-10-23T17:23:38+00:00","og_image":[{"width":2048,"height":1017,"url":"https:\/\/www.asepeyo.es\/wp-content\/uploads\/contacta-con-asepeyo.jpg","type":"image\/jpeg"}],"twitter_card":"summary_large_image","twitter_site":"@Asepeyo","twitter_misc":{"Tempo de lectura":"2 minutos"},"schema":{"@context":"https:\/\/schema.org","@graph":[{"@type":"WebPage","@id":"https:\/\/www.asepeyo.es\/gl\/contacto\/","url":"https:\/\/www.asepeyo.es\/gl\/contacto\/","name":"Contacta con nosotros - Asepeyo","isPartOf":{"@id":"https:\/\/www.asepeyo.es\/gl\/#website"},"primaryImageOfPage":{"@id":"https:\/\/www.asepeyo.es\/gl\/contacto\/#primaryimage"},"image":{"@id":"https:\/\/www.asepeyo.es\/gl\/contacto\/#primaryimage"},"thumbnailUrl":"https:\/\/www.asepeyo.es\/wp-content\/uploads\/contacta-con-asepeyo.jpg","datePublished":"2017-07-17T07:26:02+00:00","dateModified":"2023-10-23T17:23:38+00:00","description":"\u00bfTes algunha d\u00fabida ou consulta?Solucionamos todas as t\u00faas d\u00fabidas sobre os nosos servizos.","breadcrumb":{"@id":"https:\/\/www.asepeyo.es\/gl\/contacto\/#breadcrumb"},"inLanguage":"gl-ES","potentialAction":[{"@type":"ReadAction","target":["https:\/\/www.asepeyo.es\/gl\/contacto\/"]}]},{"@type":"ImageObject","inLanguage":"gl-ES","@id":"https:\/\/www.asepeyo.es\/gl\/contacto\/#primaryimage","url":"https:\/\/www.asepeyo.es\/wp-content\/uploads\/contacta-con-asepeyo.jpg","contentUrl":"https:\/\/www.asepeyo.es\/wp-content\/uploads\/contacta-con-asepeyo.jpg","width":2048,"height":1017},{"@type":"BreadcrumbList","@id":"https:\/\/www.asepeyo.es\/gl\/contacto\/#breadcrumb","itemListElement":[{"@type":"ListItem","position":1,"name":"Inicio","item":"https:\/\/www.asepeyo.es\/gl\/"},{"@type":"ListItem","position":2,"name":"Contacta con nosotros"}]},{"@type":"WebSite","@id":"https:\/\/www.asepeyo.es\/gl\/#website","url":"https:\/\/www.asepeyo.es\/gl\/","name":"Asepeyo","description":"Mutua de accidentes de trabajo 151","publisher":{"@id":"https:\/\/www.asepeyo.es\/gl\/#organization"},"potentialAction":[{"@type":"SearchAction","target":{"@type":"EntryPoint","urlTemplate":"https:\/\/www.asepeyo.es\/gl\/?s={search_term_string}"},"query-input":{"@type":"PropertyValueSpecification","valueRequired":true,"valueName":"search_term_string"}}],"inLanguage":"gl-ES"},{"@type":"Organization","@id":"https:\/\/www.asepeyo.es\/gl\/#organization","name":"Asepeyo","url":"https:\/\/www.asepeyo.es\/gl\/","logo":{"@type":"ImageObject","inLanguage":"gl-ES","@id":"https:\/\/www.asepeyo.es\/gl\/#\/schema\/logo\/image\/","url":"https:\/\/www.asepeyo.es\/wp-content\/uploads\/logo-asepeyo-web-azul.png","contentUrl":"https:\/\/www.asepeyo.es\/wp-content\/uploads\/logo-asepeyo-web-azul.png","width":350,"height":55,"caption":"Asepeyo"},"image":{"@id":"https:\/\/www.asepeyo.es\/gl\/#\/schema\/logo\/image\/"},"sameAs":["https:\/\/es-es.facebook.com\/Asepeyo\/","https:\/\/x.com\/Asepeyo","https:\/\/www.instagram.com\/asepeyo\/?hl=es","https:\/\/es.linkedin.com\/company\/asepeyo","https:\/\/www.youtube.com\/channel\/UC42Ipj44IKKTITQ2HNoLmSQ"]}]}},"_links":{"self":[{"href":"https:\/\/www.asepeyo.es\/gl\/wp-json\/wp\/v2\/pages\/64968","targetHints":{"allow":["GET"]}}],"collection":[{"href":"https:\/\/www.asepeyo.es\/gl\/wp-json\/wp\/v2\/pages"}],"about":[{"href":"https:\/\/www.asepeyo.es\/gl\/wp-json\/wp\/v2\/types\/page"}],"author":[{"embeddable":true,"href":"https:\/\/www.asepeyo.es\/gl\/wp-json\/wp\/v2\/users\/2"}],"replies":[{"embeddable":true,"href":"https:\/\/www.asepeyo.es\/gl\/wp-json\/wp\/v2\/comments?post=64968"}],"version-history":[{"count":22,"href":"https:\/\/www.asepeyo.es\/gl\/wp-json\/wp\/v2\/pages\/64968\/revisions"}],"predecessor-version":[{"id":1483295,"href":"https:\/\/www.asepeyo.es\/gl\/wp-json\/wp\/v2\/pages\/64968\/revisions\/1483295"}],"wp:featuredmedia":[{"embeddable":true,"href":"https:\/\/www.asepeyo.es\/gl\/wp-json\/wp\/v2\/media\/64971"}],"wp:attachment":[{"href":"https:\/\/www.asepeyo.es\/gl\/wp-json\/wp\/v2\/media?parent=64968"}],"curies":[{"name":"wp","href":"https:\/\/api.w.org\/{rel}","templated":true}]}}