{"id":64902,"date":"2019-01-11T14:43:40","date_gmt":"2019-01-11T13:43:40","guid":{"rendered":"https:\/\/www.asepeyo.es\/?page_id=64902"},"modified":"2019-09-05T18:12:04","modified_gmt":"2019-09-05T16:12:04","slug":"autonomo","status":"publish","type":"page","link":"https:\/\/www.asepeyo.es\/gl\/autonomo\/","title":{"rendered":"Aut\u00f3nomo"},"content":{"rendered":"\n<div class=\"align-center\">\n<div class=\"titulo\">\n<h2>Somos a t\u00faa mutua porque<\/h2>\n<\/div>\n<div class=\"grid-100 pb5\">\n<div class=\"grid-33 grid-mobile-100 px-md-5 pb-5\">\n\t\t\t<i class=\"fal fa-thumbs-up fa-3x text-primary\"><\/i> \n<div class=\"content\">\n<h3 class=\"f3\">Marcamos a diferenza<\/h3>\n<div class=\"sub header\">\n\t\t\t\t\tEstamos ao teu lado ofrec\u00e9ndoche a mellor cobertura en continxencias com\u00fans, continxencias profesionais e cesamento de actividade, estas d\u00faas \u00faltimas xa<br \/>\n\t\t\t\t\tobrigatorias. Esc\u00f3llenos e ver\u00e1s como xestionamos todos os teus tr\u00e1mites de maneira \u00e1xil, r\u00e1pida, transparente e eficiente.\n\t\t\t\t<\/div>\n<\/div>\n<\/div>\n<div class=\"grid-33 grid-mobile-100 px-md-5 pb-5\">\n\t\t\t\u00a0 \u00a0 <i class=\"fal fa-briefcase fa-3x text-primary\"><\/i>\n<div class=\"content\">\n<h3 class=\"f3\">Valoramos o teu traballo<\/h3>\n<div class=\"sub header\">\n\t\t\t\t\tComprendemos que non podes perder un d\u00eda de traballo, que as t\u00faas xornadas son longas e que tes pouco tempo. Ofrec\u00e9mosche unha asistencia sanitaria<br \/>\n\t\t\t\t\tinmediata e de calidade, sen listas de espera, en todos os nosos\u00a0centros asistenciais.\n\t\t\t\t<\/div>\n<\/div>\n<\/div>\n<div class=\"grid-33 grid-mobile-100 px-md-5 pb-5\">\n<i class=\"fal fa-hands-helping fa-3x text-primary\"><\/i>\t\t\t\n<div class=\"content\">\n<h3 class=\"f3\">Axud\u00e1moste, sempre<\/h3>\n<div class=\"sub header\">\n\t\t\t\t\tEstamos \u00e1 t\u00faa disposici\u00f3n as 24 horas, os 7 d\u00edas da semana para darche o mellor servizo e axudarte en todo aquilo que precises. Po\u00f1emos ao teu alcance<br \/>\n\t\t\t\t\tm\u00faltiples ferramentas para resolver os teus tr\u00e1mites e facer as t\u00faas xesti\u00f3ns de maneira r\u00e1pida e adaptada \u00e1s t\u00faas necesidades\n\t\t\t\t<\/div>\n<\/div>\n<\/div>\n<\/div>\n<\/div>\n<div class=\"titulo\">\n<h2>\u00bfQue che ofrecemos?<\/h2>\n<\/div>\n<div class=\"grid-70 push-15 mobile-grid-100\">\n<div id=\"accordion\" class=\"panel-group accordion-border-gradient\">\n<div class=\"card\">\n<div id=\"headingOne\" class=\"card-header\">\n<h5 class=\"mb-0\"><a class=\"collapsed\" role=\"button\" rel=\"noopener noreferrer\" aria-controls=\"collapseOne\" aria-expanded=\"false\" data-target=\"#collapseOne\" data-toggle=\"collapse\">Continxencia com\u00fan. Enfermidade com\u00fan e accidente non laboral <\/a><\/h5>\n<\/div>\n<div id=\"collapseOne\" class=\"collapse\" aria-labelledby=\"headingOne\" data-parent=\"#accordion\">\n<div class=\"card-body\">\n<div class=\"mb-3 p-4\">\n<p class=\"mb-1\">Se est\u00e1s de baixa m\u00e9dica por enfermidade com\u00fan ou accidente non laboral, po\u00f1emos \u00e1 t\u00faa disposici\u00f3n un equipo administrativo especializado en tramitar o cobro dos d\u00edas de baixa:<\/p>\n<ul>\n<li>O 60% da base reguladora, do 4\u00ba ao 20\u00ba d\u00eda de baixa<\/li>\n<li>O 75% da base reguladora, a partir do 21\u00ba d\u00eda de baixa<\/li>\n<\/ul>\n<p class=\"mb-1\">Ofrec\u00e9mosche, tam\u00e9n, un seguimento por parte dos m\u00e1is de 1.500 profesionais sanitarios da Mutua, de reco\u00f1ecido prestixio e co mellor equipamento ambulatorio, hospitalario, terap\u00e9utico e de diagn\u00f3stico.<\/p>\n<\/div>\n<\/div>\n<\/div>\n<\/div>\n<div class=\"card\">\n<div id=\"headingTwo\" class=\"card-header\">\n<h5 class=\"mb-0\"><a class=\"collapsed\" role=\"button\" rel=\"noopener noreferrer\" aria-controls=\"collapseTwo\" aria-expanded=\"false\" data-target=\"#collapseTwo\" data-toggle=\"collapse\">Continxencia profesional. Accidente de traballo e enfermidade profesional <\/a><\/h5>\n<\/div>\n<div id=\"collapseTwo\" class=\"collapse\" aria-labelledby=\"headingTwo\" data-parent=\"#accordion\">\n<div class=\"card-body\">\n<div class=\"mb-3 p-4\">\n<p class=\"mb-1\">Se sofres un accidente de traballo ou unha enfermidade profesional, axud\u00e1moste en todo o que precises.<\/p>\n<p class=\"mb-1\">En caso de baixa m\u00e9dica, cobrar\u00e1s a prestaci\u00f3n econ\u00f3mica a partir do d\u00eda seguinte \u00e1 baixa, e ser\u00e1 do 75% da base reguladora.<\/p>\n<p class=\"mb-1\">Ofrec\u00e9mosche a mellor asistencia sanitaria ata a t\u00faa recuperaci\u00f3n, inclu\u00edndo todo o que sexa preciso: visitas ao especialista, intervenci\u00f3ns cir\u00farxicas, hospitalizaci\u00f3n e medicaci\u00f3n.<\/p>\n<p class=\"mb-1\">Se se producen secuelas irreversibles que provoquen limitaci\u00f3ns, tramitaremos as indemnizaci\u00f3ns ou pensi\u00f3ns necesarias ante a Direcci\u00f3n Provincial do Instituto Nacional de Seguridade Social ou o Instituto Social da Mari\u00f1a.<\/p>\n<\/div>\n<\/div>\n<\/div>\n<\/div>\n<div class=\"card\">\n<div id=\"headingThree\" class=\"card-header\">\n<h5 class=\"mb-0\"><a class=\"collapsed\" role=\"button\" rel=\"noopener noreferrer\" aria-controls=\"collapseThree\" aria-expanded=\"false\" data-target=\"#collapseThree\" data-toggle=\"collapse\">Prestaci\u00f3n en caso de paro <\/a><\/h5>\n<\/div>\n<div id=\"collapseThree\" class=\"collapse\" aria-labelledby=\"headingThree\" data-parent=\"#accordion\">\n<div class=\"card-body\">\n<div class=\"mb-3 p-4\">\n<p class=\"mb-1\">Se cesaches totalmente na t\u00faa actividade, corresp\u00f3ndeche o 70% do promedio das bases reguladoras dos 12 meses anteriores de cotizaci\u00f3n.<\/p>\n<\/div>\n<\/div>\n<\/div>\n<\/div>\n<div class=\"card\">\n<div id=\"headingThree\" class=\"card-header\">\n<h5 class=\"mb-0\"><a class=\"collapsed\" role=\"button\" rel=\"noopener noreferrer\" aria-controls=\"riesgo-embarazo\" aria-expanded=\"false\" data-target=\"#riesgo-embarazo\" data-toggle=\"collapse\">Subsidio de risco para a gravidez e\/ou lactaci\u00f3n natural <\/a><\/h5>\n<\/div>\n<div id=\"riesgo-embarazo\" class=\"collapse\" aria-labelledby=\"heading-riesgo-embarazo\" data-parent=\"#accordion\">\n<div class=\"card-body\">\n<div class=\"mb-3 p-4\">\n<p class=\"mb-1\">Se a t\u00faa actividade pode prexudicar a boa evoluci\u00f3n da xestaci\u00f3n, podes optar a esta prestaci\u00f3n. O subsidio \u00e9 do 100% da base reguladora desde o reco\u00f1ecemento da prestaci\u00f3n.<\/p>\n<\/div>\n<\/div>\n<\/div>\n<\/div>\n<div class=\"card\">\n<div id=\"headingThree\" class=\"card-header\">\n<h5 class=\"mb-0\"><a class=\"collapsed\" role=\"button\" rel=\"noopener noreferrer\" aria-controls=\"cuidado-menor\" aria-expanded=\"false\" data-target=\"#cuidado-menor\" data-toggle=\"collapse\">Coidado do menor con cancro <\/a><\/h5>\n<\/div>\n<div id=\"cuidado-menor\" class=\"collapse\" aria-labelledby=\"heading-cuidado-menor\" data-parent=\"#accordion\">\n<div class=\"card-body\">\n<div class=\"mb-4\">\n<p class=\"mb-1\">Se precisas reducir a t\u00faa xornada, m\u00e1is do 50%, para coidar dun menor ao teu cargo con cancro ou enfermidade grave, solicita esta prestaci\u00f3n que cubre o 100% da base reguladora correspondente \u00e1 parte da xornada reducida.<\/p>\n<\/div>\n<\/div>\n<\/div>\n<\/div>\n<\/div>\n<\/div>\n<div class=\"row\">\n<div class=\"col-7 offset-md-1\">\n<h2 class=\"pt-5\">Calcula a t\u00faa cota <\/h2>\n<p class=\"lead\">Co\u00f1ece canto tes que pagar cada mes \u00e1 Seguridade Social e a prestaci\u00f3n que recibir\u00e1s, en caso de baixa m\u00e9dica ou cesamento de actividade<\/p>\n<p><a href=\"https:\/\/www.asepeyo.es\/autonomo\/calcula-tu-cuota-de-autonomos\/\" class=\"btn-gradient f4 red btn\"> \u00a1Calc\u00falaa agora!<\/a><\/p>\n<\/div>\n<div class=\"col-4\"><img decoding=\"async\" src=\"https:\/\/www.asepeyo.es\/wp-content\/uploads\/calculadora-banner.png\" alt=\"Calculadora de aut\u00f3nomos\"\/><\/div>\n<\/div>\n<div class=\"grid-container\">\n<div class=\"grid-70 prefix-15 titulo\">\n<h2>Axudas econ\u00f3micas espec\u00edficas<\/h2>\n<\/div>\n<div class=\"grid-70 prefix-20 mobile-grid-100\">\n<p>Se a t\u00faa baixa m\u00e9dica por accidente de traballo supera o mes de duraci\u00f3n e, por ese motivo, o teu negocio non est\u00e1 operativo, axudar\u00e9moste coas necesidades da t\u00faa unidade familiar mentres dure a baixa m\u00e9dica.<\/p>\n<p>S\u00f3 ter\u00e1s que aportarnos a factura do mes anterior ao accidente de todos os conceptos que alegues xunto coa solicitude de axuda social asinada<\/p>\n<\/div>\n<div class=\"grid-70 prefix-15 mobile-grid-100 align-center my-4\"><a href=\"\/wp-content\/uploads\/formulario-solicitud-ayuda-social-es.pdf\" target=\"_blank\" rel=\"noopener noreferrer\"><button class=\"btn boton-azul p-3\"><i class=\"fal fa-file-pdf\"><\/i> Descarga o formulario de solicitude<\/button><\/a><\/div>\n<\/div>\n<div class=\"grid-container\">\n<div class=\"grid-70 prefix-15 titulo\">\n<h2 class=\" titulo\">\u00bfQueres darte de alta con n\u00f3s?<\/h2>\n<p class=\" pb-3 lead align-center\">Se queres estar con n\u00f3s, d\u00e9ixanos os teus datos.<br \/>\nEn menos de 48 horas, por\u00e9monos en contacto contigo:<\/p>\n\n<div class=\"wpcf7 no-js\" id=\"wpcf7-f50354-o1\" lang=\"es-ES\" dir=\"ltr\" data-wpcf7-id=\"50354\">\n<div class=\"screen-reader-response\"><p role=\"status\" aria-live=\"polite\" aria-atomic=\"true\"><\/p> <ul><\/ul><\/div>\n<form action=\"\/gl\/wp-json\/wp\/v2\/pages\/64902#wpcf7-f50354-o1\" method=\"post\" class=\"wpcf7-form init use-floating-validation-tip wpcf7-acceptance-as-validation\" aria-label=\"Formulario de contacto\" novalidate=\"novalidate\" data-status=\"init\">\n<fieldset class=\"hidden-fields-container\"><input type=\"hidden\" name=\"_wpcf7\" value=\"50354\" \/><input type=\"hidden\" name=\"_wpcf7_version\" value=\"6.1.5\" \/><input type=\"hidden\" name=\"_wpcf7_locale\" value=\"es_ES\" \/><input type=\"hidden\" name=\"_wpcf7_unit_tag\" value=\"wpcf7-f50354-o1\" \/><input type=\"hidden\" name=\"_wpcf7_container_post\" value=\"0\" \/><input type=\"hidden\" name=\"_wpcf7_posted_data_hash\" value=\"\" \/><input type=\"hidden\" name=\"_wpcf7_recaptcha_response\" value=\"\" \/>\n<\/fieldset>\n<div class=\"grid-parent form-perfil form-sobre-azul\">\n\t<div class=\"grid-100 respuesta\">\n\t<div class=\"wpcf7-response-output\" aria-hidden=\"true\"><\/div>\n\t<\/div>\n\t<div class=\"grid-50 tablet-grid-50 mobil-grid-100 pb-5\">\n\t\t<fieldset>\n\t\t\t<p><label for=\"your-name\"> Nombre* <small class=\"text-danger\">(obligatorio)<\/small> <\/label><input size=\"40\" maxlength=\"400\" class=\"wpcf7-form-control wpcf7-text wpcf7-validates-as-required\" id=\"your-name\" aria-required=\"true\" aria-invalid=\"false\" value=\"\" type=\"text\" name=\"your-name\" \/>\n\t\t\t<\/p>\n\t\t<\/fieldset>\n\t<\/div>\n\t<div class=\"grid-50 tablet-grid-50 mobil-grid-100 pb-5\">\n\t\t<p><label for=\"your-telf\"> Tel* <small class=\"text-danger\">(obligatorio)<\/small> <\/label><input size=\"40\" maxlength=\"400\" class=\"wpcf7-form-control wpcf7-tel wpcf7-validates-as-required wpcf7-text wpcf7-validates-as-tel\" id=\"your-telf\" aria-required=\"true\" aria-invalid=\"false\" value=\"\" type=\"tel\" name=\"your-telf\" \/>\n\t\t<\/p>\n\t<\/div>\n\t<div class=\"grid-50 tablet-grid-50 mobil-grid-100 pb-5\">\n\t\t<p><label for=\"postcode\">C\u00f3digo postal <\/label><input size=\"40\" maxlength=\"400\" class=\"wpcf7-form-control wpcf7-text\" id=\"postcode\" aria-invalid=\"false\" value=\"\" type=\"text\" name=\"postcode\" \/>\n\t\t<\/p>\n\t<\/div>\n\t<div class=\"grid-50 tablet-grid-50 mobil-grid-100 pb-5\">\n\t\t<p><label for=\"your-email\"> Correo electr\u00f3nico* <small class=\"text-danger\">(obligatorio)<\/small> <\/label><input size=\"40\" maxlength=\"400\" class=\"wpcf7-form-control wpcf7-email wpcf7-validates-as-required wpcf7-text wpcf7-validates-as-email\" id=\"your-email\" aria-required=\"true\" aria-invalid=\"false\" value=\"\" type=\"email\" name=\"your-email\" \/>\n\t\t<\/p>\n\t<\/div>\n\t<div class=\"grid-100\">\n\t\t<p><label for=\"your-name\"> Pregunta de seguridad:* <small class=\"text-danger\">(obligatorio)<\/small> <\/label><label><span class=\"wpcf7-quiz-label\">Cinco+5=<\/span> <input size=\"40\" class=\"wpcf7-form-control wpcf7-quiz w-50\" id=\"calculo-form\" autocomplete=\"off\" aria-required=\"true\" aria-invalid=\"false\" type=\"text\" name=\"calculo-form\" \/><\/label><input type=\"hidden\" name=\"_wpcf7_quiz_answer_calculo-form\" value=\"a410e52079181b688600697bbcac8340\" \/>\n\t\t<\/p>\n\t<\/div>\n\t<div class=\"grid-100 pt-3\">\n\t\t<p><label class=\"form-accept\" for=\"acceptance\"><span class=\"wpcf7-form-control wpcf7-acceptance\"><span class=\"wpcf7-list-item\"><input type=\"checkbox\" name=\"accept-this-1\" value=\"1\" id=\"acceptance\" aria-invalid=\"false\" \/><\/span><\/span> Acepto la <a href=\"\/aviso-legal\/#Privacidad_y_proteccion_de_datos_de_caracter_personal\">pol\u00edtica de privacidad<\/a>.<br \/>\nNo utilizaremos este correo para enviarte informaci\u00f3n comercial<\/label><br \/>\n<small class=\"text-danger\">*Campos obligatorios<\/small>\n\t\t<\/p>\n\t\t<div class=\"grid-100 align-center\">\n\t\t\t<p><label for=\"enviar\"><button class=\"boton-rojo\" id=\"Formulario-Autonomos\" onclick=\"gtag('event', 'enviar', { 'event_category': 'formulario', 'event_label': 'Te llamamos - Autonomos', 'value': '0'});\"><input class=\"wpcf7-form-control wpcf7-submit has-spinner\" type=\"submit\" value=\"Enviar\" \/><\/button><\/label>\n\t\t\t<\/p>\n\t\t<\/div>\n\t<\/div>\n<\/div>\n<\/form>\n<\/div>\n\n<\/div>\n<\/div>\n<div class=\"grid-container banners-azules \">\n<div class=\"grid-33 mobile-grid-100 maven align-center\">\n<p>\u00a0<i class=\"fal fa-comment-alt-edit fa-3x\"><\/i><\/p>\n<p class=\"pt-5 px-3 f4\">A \u00faltima informaci\u00f3n do teu sector<\/p>\n<p><a class=\"btn btn-white\" href=\"https:\/\/www.asepeyo.es\/blog\/autonomos\/\">Blog aut\u00f3nomos<\/a><\/p>\n<\/div>\n<div class=\"grid-33 mobile-grid-100 maven align-center\">\n<p>\u00a0<i class=\"fal fa-question-circle fa-3x\"><\/i><\/p>\n<p class=\"pt-5 px-3 f4\">Atopa a resposta \u00e1s t\u00faas d\u00fabidas<\/p>\n<p><a class=\"btn btn-white\" href=\"\/dudas\/\">Preguntas frecuentes<\/a><\/p>\n<\/div>\n<div class=\"grid-33 mobile-grid-100 maven align-center\">\n<p>\u00a0<i class=\"fal fa-map-marked fa-3x\"><\/i><\/p>\n<p class=\"pt-5 px-3 f4\">Busca o teu centro m\u00e1is pr\u00f3ximo<\/p>\n<p><a class=\"btn btn-white\" href=\"https:\/\/www.asepeyo.es\/centros\/\">Rede de centros<\/a><\/p>\n<\/div>\n<\/div>\n","protected":false},"excerpt":{"rendered":"","protected":false},"author":2,"featured_media":72646,"parent":0,"menu_order":0,"comment_status":"closed","ping_status":"closed","template":"","meta":{"_acf_changed":false,"generate_page_header":"","footnotes":""},"class_list":["post-64902","page","type-page","status-publish","has-post-thumbnail"],"acf":[],"yoast_head":"<!-- This site is optimized with the Yoast SEO plugin v27.4 - https:\/\/yoast.com\/product\/yoast-seo-wordpress\/ -->\n<title>Aut\u00f3nomo - Asepeyo<\/title>\n<meta name=\"description\" content=\"Te ofrecemos el acceso a una asistencia sanitaria inmediata y de calidad, sin listas de espera, en todos nuestros centros asistenciales. \u00bfQuieres unirte?\" \/>\n<meta name=\"robots\" content=\"index, follow, max-snippet:-1, max-image-preview:large, max-video-preview:-1\" \/>\n<link rel=\"canonical\" href=\"https:\/\/www.asepeyo.es\/gl\/autonomo\/\" \/>\n<meta property=\"og:locale\" content=\"gl_ES\" \/>\n<meta property=\"og:type\" content=\"article\" \/>\n<meta property=\"og:title\" content=\"Aut\u00f3nomo - Asepeyo\" \/>\n<meta property=\"og:description\" content=\"Te ofrecemos el acceso a una asistencia sanitaria inmediata y de calidad, sin listas de espera, en todos nuestros centros asistenciales. \u00bfQuieres unirte?\" \/>\n<meta property=\"og:url\" content=\"https:\/\/www.asepeyo.es\/gl\/autonomo\/\" \/>\n<meta property=\"og:site_name\" content=\"Asepeyo\" \/>\n<meta property=\"article:publisher\" content=\"https:\/\/es-es.facebook.com\/Asepeyo\/\" \/>\n<meta property=\"article:modified_time\" content=\"2019-09-05T16:12:04+00:00\" \/>\n<meta property=\"og:image\" content=\"https:\/\/www.asepeyo.es\/wp-content\/uploads\/fondo-autonomos-2-scaled.jpg\" \/>\n\t<meta property=\"og:image:width\" content=\"2560\" \/>\n\t<meta property=\"og:image:height\" content=\"988\" \/>\n\t<meta property=\"og:image:type\" content=\"image\/jpeg\" \/>\n<meta name=\"twitter:card\" content=\"summary_large_image\" \/>\n<meta name=\"twitter:site\" content=\"@Asepeyo\" \/>\n<meta name=\"twitter:label1\" content=\"Tempo de lectura\" \/>\n\t<meta name=\"twitter:data1\" content=\"3 minutos\" \/>\n<script type=\"application\/ld+json\" class=\"yoast-schema-graph\">{\"@context\":\"https:\\\/\\\/schema.org\",\"@graph\":[{\"@type\":\"WebPage\",\"@id\":\"https:\\\/\\\/www.asepeyo.es\\\/gl\\\/autonomo\\\/\",\"url\":\"https:\\\/\\\/www.asepeyo.es\\\/gl\\\/autonomo\\\/\",\"name\":\"Aut\u00f3nomo - Asepeyo\",\"isPartOf\":{\"@id\":\"https:\\\/\\\/www.asepeyo.es\\\/gl\\\/#website\"},\"primaryImageOfPage\":{\"@id\":\"https:\\\/\\\/www.asepeyo.es\\\/gl\\\/autonomo\\\/#primaryimage\"},\"image\":{\"@id\":\"https:\\\/\\\/www.asepeyo.es\\\/gl\\\/autonomo\\\/#primaryimage\"},\"thumbnailUrl\":\"https:\\\/\\\/www.asepeyo.es\\\/wp-content\\\/uploads\\\/fondo-autonomos-2-scaled.jpg\",\"datePublished\":\"2019-01-11T13:43:40+00:00\",\"dateModified\":\"2019-09-05T16:12:04+00:00\",\"description\":\"Te ofrecemos el acceso a una asistencia sanitaria inmediata y de calidad, sin listas de espera, en todos nuestros centros asistenciales. \u00bfQuieres unirte?\",\"breadcrumb\":{\"@id\":\"https:\\\/\\\/www.asepeyo.es\\\/gl\\\/autonomo\\\/#breadcrumb\"},\"inLanguage\":\"gl-ES\",\"potentialAction\":[{\"@type\":\"ReadAction\",\"target\":[\"https:\\\/\\\/www.asepeyo.es\\\/gl\\\/autonomo\\\/\"]}]},{\"@type\":\"ImageObject\",\"inLanguage\":\"gl-ES\",\"@id\":\"https:\\\/\\\/www.asepeyo.es\\\/gl\\\/autonomo\\\/#primaryimage\",\"url\":\"https:\\\/\\\/www.asepeyo.es\\\/wp-content\\\/uploads\\\/fondo-autonomos-2-scaled.jpg\",\"contentUrl\":\"https:\\\/\\\/www.asepeyo.es\\\/wp-content\\\/uploads\\\/fondo-autonomos-2-scaled.jpg\",\"width\":2560,\"height\":988},{\"@type\":\"BreadcrumbList\",\"@id\":\"https:\\\/\\\/www.asepeyo.es\\\/gl\\\/autonomo\\\/#breadcrumb\",\"itemListElement\":[{\"@type\":\"ListItem\",\"position\":1,\"name\":\"Inicio\",\"item\":\"https:\\\/\\\/www.asepeyo.es\\\/gl\\\/\"},{\"@type\":\"ListItem\",\"position\":2,\"name\":\"Aut\u00f3nomo\"}]},{\"@type\":\"WebSite\",\"@id\":\"https:\\\/\\\/www.asepeyo.es\\\/gl\\\/#website\",\"url\":\"https:\\\/\\\/www.asepeyo.es\\\/gl\\\/\",\"name\":\"Asepeyo\",\"description\":\"Mutua de accidentes de trabajo 151\",\"publisher\":{\"@id\":\"https:\\\/\\\/www.asepeyo.es\\\/gl\\\/#organization\"},\"potentialAction\":[{\"@type\":\"SearchAction\",\"target\":{\"@type\":\"EntryPoint\",\"urlTemplate\":\"https:\\\/\\\/www.asepeyo.es\\\/gl\\\/?s={search_term_string}\"},\"query-input\":{\"@type\":\"PropertyValueSpecification\",\"valueRequired\":true,\"valueName\":\"search_term_string\"}}],\"inLanguage\":\"gl-ES\"},{\"@type\":\"Organization\",\"@id\":\"https:\\\/\\\/www.asepeyo.es\\\/gl\\\/#organization\",\"name\":\"Asepeyo\",\"url\":\"https:\\\/\\\/www.asepeyo.es\\\/gl\\\/\",\"logo\":{\"@type\":\"ImageObject\",\"inLanguage\":\"gl-ES\",\"@id\":\"https:\\\/\\\/www.asepeyo.es\\\/gl\\\/#\\\/schema\\\/logo\\\/image\\\/\",\"url\":\"https:\\\/\\\/www.asepeyo.es\\\/wp-content\\\/uploads\\\/logo-asepeyo-web-azul.png\",\"contentUrl\":\"https:\\\/\\\/www.asepeyo.es\\\/wp-content\\\/uploads\\\/logo-asepeyo-web-azul.png\",\"width\":350,\"height\":55,\"caption\":\"Asepeyo\"},\"image\":{\"@id\":\"https:\\\/\\\/www.asepeyo.es\\\/gl\\\/#\\\/schema\\\/logo\\\/image\\\/\"},\"sameAs\":[\"https:\\\/\\\/es-es.facebook.com\\\/Asepeyo\\\/\",\"https:\\\/\\\/x.com\\\/Asepeyo\",\"https:\\\/\\\/www.instagram.com\\\/asepeyo\\\/?hl=es\",\"https:\\\/\\\/es.linkedin.com\\\/company\\\/asepeyo\",\"https:\\\/\\\/www.youtube.com\\\/channel\\\/UC42Ipj44IKKTITQ2HNoLmSQ\"]}]}<\/script>\n<!-- \/ Yoast SEO plugin. -->","yoast_head_json":{"title":"Aut\u00f3nomo - Asepeyo","description":"Te ofrecemos el acceso a una asistencia sanitaria inmediata y de calidad, sin listas de espera, en todos nuestros centros asistenciales. \u00bfQuieres unirte?","robots":{"index":"index","follow":"follow","max-snippet":"max-snippet:-1","max-image-preview":"max-image-preview:large","max-video-preview":"max-video-preview:-1"},"canonical":"https:\/\/www.asepeyo.es\/gl\/autonomo\/","og_locale":"gl_ES","og_type":"article","og_title":"Aut\u00f3nomo - Asepeyo","og_description":"Te ofrecemos el acceso a una asistencia sanitaria inmediata y de calidad, sin listas de espera, en todos nuestros centros asistenciales. \u00bfQuieres unirte?","og_url":"https:\/\/www.asepeyo.es\/gl\/autonomo\/","og_site_name":"Asepeyo","article_publisher":"https:\/\/es-es.facebook.com\/Asepeyo\/","article_modified_time":"2019-09-05T16:12:04+00:00","og_image":[{"width":2560,"height":988,"url":"https:\/\/www.asepeyo.es\/wp-content\/uploads\/fondo-autonomos-2-scaled.jpg","type":"image\/jpeg"}],"twitter_card":"summary_large_image","twitter_site":"@Asepeyo","twitter_misc":{"Tempo de lectura":"3 minutos"},"schema":{"@context":"https:\/\/schema.org","@graph":[{"@type":"WebPage","@id":"https:\/\/www.asepeyo.es\/gl\/autonomo\/","url":"https:\/\/www.asepeyo.es\/gl\/autonomo\/","name":"Aut\u00f3nomo - Asepeyo","isPartOf":{"@id":"https:\/\/www.asepeyo.es\/gl\/#website"},"primaryImageOfPage":{"@id":"https:\/\/www.asepeyo.es\/gl\/autonomo\/#primaryimage"},"image":{"@id":"https:\/\/www.asepeyo.es\/gl\/autonomo\/#primaryimage"},"thumbnailUrl":"https:\/\/www.asepeyo.es\/wp-content\/uploads\/fondo-autonomos-2-scaled.jpg","datePublished":"2019-01-11T13:43:40+00:00","dateModified":"2019-09-05T16:12:04+00:00","description":"Te ofrecemos el acceso a una asistencia sanitaria inmediata y de calidad, sin listas de espera, en todos nuestros centros asistenciales. \u00bfQuieres unirte?","breadcrumb":{"@id":"https:\/\/www.asepeyo.es\/gl\/autonomo\/#breadcrumb"},"inLanguage":"gl-ES","potentialAction":[{"@type":"ReadAction","target":["https:\/\/www.asepeyo.es\/gl\/autonomo\/"]}]},{"@type":"ImageObject","inLanguage":"gl-ES","@id":"https:\/\/www.asepeyo.es\/gl\/autonomo\/#primaryimage","url":"https:\/\/www.asepeyo.es\/wp-content\/uploads\/fondo-autonomos-2-scaled.jpg","contentUrl":"https:\/\/www.asepeyo.es\/wp-content\/uploads\/fondo-autonomos-2-scaled.jpg","width":2560,"height":988},{"@type":"BreadcrumbList","@id":"https:\/\/www.asepeyo.es\/gl\/autonomo\/#breadcrumb","itemListElement":[{"@type":"ListItem","position":1,"name":"Inicio","item":"https:\/\/www.asepeyo.es\/gl\/"},{"@type":"ListItem","position":2,"name":"Aut\u00f3nomo"}]},{"@type":"WebSite","@id":"https:\/\/www.asepeyo.es\/gl\/#website","url":"https:\/\/www.asepeyo.es\/gl\/","name":"Asepeyo","description":"Mutua de accidentes de trabajo 151","publisher":{"@id":"https:\/\/www.asepeyo.es\/gl\/#organization"},"potentialAction":[{"@type":"SearchAction","target":{"@type":"EntryPoint","urlTemplate":"https:\/\/www.asepeyo.es\/gl\/?s={search_term_string}"},"query-input":{"@type":"PropertyValueSpecification","valueRequired":true,"valueName":"search_term_string"}}],"inLanguage":"gl-ES"},{"@type":"Organization","@id":"https:\/\/www.asepeyo.es\/gl\/#organization","name":"Asepeyo","url":"https:\/\/www.asepeyo.es\/gl\/","logo":{"@type":"ImageObject","inLanguage":"gl-ES","@id":"https:\/\/www.asepeyo.es\/gl\/#\/schema\/logo\/image\/","url":"https:\/\/www.asepeyo.es\/wp-content\/uploads\/logo-asepeyo-web-azul.png","contentUrl":"https:\/\/www.asepeyo.es\/wp-content\/uploads\/logo-asepeyo-web-azul.png","width":350,"height":55,"caption":"Asepeyo"},"image":{"@id":"https:\/\/www.asepeyo.es\/gl\/#\/schema\/logo\/image\/"},"sameAs":["https:\/\/es-es.facebook.com\/Asepeyo\/","https:\/\/x.com\/Asepeyo","https:\/\/www.instagram.com\/asepeyo\/?hl=es","https:\/\/es.linkedin.com\/company\/asepeyo","https:\/\/www.youtube.com\/channel\/UC42Ipj44IKKTITQ2HNoLmSQ"]}]}},"_links":{"self":[{"href":"https:\/\/www.asepeyo.es\/gl\/wp-json\/wp\/v2\/pages\/64902","targetHints":{"allow":["GET"]}}],"collection":[{"href":"https:\/\/www.asepeyo.es\/gl\/wp-json\/wp\/v2\/pages"}],"about":[{"href":"https:\/\/www.asepeyo.es\/gl\/wp-json\/wp\/v2\/types\/page"}],"author":[{"embeddable":true,"href":"https:\/\/www.asepeyo.es\/gl\/wp-json\/wp\/v2\/users\/2"}],"replies":[{"embeddable":true,"href":"https:\/\/www.asepeyo.es\/gl\/wp-json\/wp\/v2\/comments?post=64902"}],"version-history":[{"count":18,"href":"https:\/\/www.asepeyo.es\/gl\/wp-json\/wp\/v2\/pages\/64902\/revisions"}],"predecessor-version":[{"id":72649,"href":"https:\/\/www.asepeyo.es\/gl\/wp-json\/wp\/v2\/pages\/64902\/revisions\/72649"}],"wp:featuredmedia":[{"embeddable":true,"href":"https:\/\/www.asepeyo.es\/gl\/wp-json\/wp\/v2\/media\/72646"}],"wp:attachment":[{"href":"https:\/\/www.asepeyo.es\/gl\/wp-json\/wp\/v2\/media?parent=64902"}],"curies":[{"name":"wp","href":"https:\/\/api.w.org\/{rel}","templated":true}]}}