{"id":64750,"date":"2017-06-13T14:02:46","date_gmt":"2017-06-13T14:02:46","guid":{"rendered":"https:\/\/www.asepeyo.es\/?page_id=64750"},"modified":"2019-04-02T18:03:19","modified_gmt":"2019-04-02T16:03:19","slug":"que-son-las-mutuas","status":"publish","type":"page","link":"https:\/\/www.asepeyo.es\/gl\/conocenos\/que-son-las-mutuas\/","title":{"rendered":"\u00bfQu\u00e9 son las mutuas de accidentes de trabajo?"},"content":{"rendered":"<div class=\"titulo\">\n<h2>\u00bfQue son as mutuas colaboradoras coa Seguridade Social?<\/h2>\n<\/div>\n<p>As mutuas colaboradoras coa Seguridade Social son asociaci\u00f3ns privadas de empresarios sen \u00e1nimo de lucro, autorizadas polo Ministerio de Traballo, Migraci\u00f3ns e Seguridade Social. Te\u00f1en como finalidade colaborar na xesti\u00f3n das continxencias de accidente de traballo e enfermidade profesional do persoal ao seu servizo.<\/p>\n<div class=\"grid-100 pv5\">\n<p><img decoding=\"async\" src=\"https:\/\/www.asepeyo.es\/wp-content\/uploads\/que-son-las-mutuas-asistencia-sanitaria-1024x683.jpg\" alt=\"\u00c1mbito de actuaci\u00f3n de mutuas de accidentes de traballo.\" \/><\/p>\n<\/div>\n<div class=\"titulo\">\n<h2>\u00bfCal \u00e9 o \u00e1mbito de actuaci\u00f3n destas mutuas?<\/h2>\n<\/div>\n<p>As mutuas colaboradoras coa Seguridade Social adquiren personalidade xur\u00eddica unha vez constitu\u00eddas e, polo tanto, te\u00f1en capacidade para o cumprimento dos seus fins.<\/p>\n<p>O empresario elixe, libremente, asociarse \u00e1 mutua que mellor se adapte \u00e1s s\u00faas necesidades e \u00e1s dos traballadores do seu cadro de persoal, tanto por raz\u00f3ns de calidade no servizo como de proximidade.<\/p>\n<h3>As actividades das mutuas colaboradoras coa Seguridade Social c\u00e9ntranse en:<\/h3>\n<ul>\n<li>A <strong><a href=\"https:\/\/www.asepeyo.es\/gl\/?page_id=1483276#Accidente_de_trabajo_y_enfermedad_profesional\">xesti\u00f3n das prestaci\u00f3ns econ\u00f3micas e da asistencia sanitaria<\/a><\/strong>, inclu\u00edda a rehabilitaci\u00f3n, comprendidas na protecci\u00f3n das continxencias de accidentes de traballo e enfermidades profesionais da Seguridade Social. Tam\u00e9n se ocupan das actividades de prevenci\u00f3n destas mesmas continxencias.<\/li>\n<li>A\u00a0<strong><a href=\"https:\/\/www.asepeyo.es\/gl\/?page_id=1483276#Enfermedad_comun_y_accidente_no_laboral\">xesti\u00f3n da prestaci\u00f3n econ\u00f3mica de incapacidade temporal derivada de enfermidade com\u00fan e accidente non laboral<\/a><\/strong><\/li>\n<li>A\u00a0<strong><a href=\"https:\/\/www.asepeyo.es\/gl\/?page_id=1483276#Otros_subsidios\">xesti\u00f3n das prestaci\u00f3ns por risco durante a gravidez e risco durante a lactaci\u00f3n natural<\/a><\/strong><\/li>\n<li>A<strong>\u00a0<a href=\"https:\/\/www.asepeyo.es\/gl\/?page_id=1483276#Otros_subsidios\">xesti\u00f3n das prestaci\u00f3ns econ\u00f3micas por cesamento na actividade<\/a>\u00a0<\/strong>dos traballadores aut\u00f3nomos<\/li>\n<li>A\u00a0<strong><a href=\"https:\/\/www.asepeyo.es\/gl\/?page_id=1483276#Otros_subsidios\">xesti\u00f3n da prestaci\u00f3n do coidado de menores<\/a><\/strong>\u00a0afectados por cancro ou outra enfermidade grave<\/li>\n<li>As<strong><a href=\"https:\/\/www.asepeyo.es\/gl\/?page_id=1483276#Otras_ayudas_economicas\">demais actividades da Seguridade Social<\/a><\/strong> que lles sexan atribu\u00eddas legalmente<\/li>\n<\/ul>\n<div class=\"titulo\">\n<h2>\u00bfComo se constit\u00faen estas mutuas?<\/h2>\n<\/div>\n<p>En Espa\u00f1a existen un total de 20 mutuas colaboradoras coa Seguridade Social, repartidas por todo o territorio nacional. Todas elas est\u00e1n asociadas a AMAT, Asociaci\u00f3n de Mutuas de Accidentes de Traballo e Enfermidades Profesionais da Seguridade Social.<\/p>\n<p>Este organismo, fundado no ano 1986, leva a cabo \u201ca coordinaci\u00f3n, representaci\u00f3n, orientaci\u00f3n, xesti\u00f3n, fomento e defensa dos intereses xerais e com\u00fans das mutuas\u201d. As s\u00faas actividades principais son a s\u00faa representaci\u00f3n institucional e a organizaci\u00f3n de actividades de car\u00e1cter xeral, entre as que cabe subli\u00f1ar as relacionadas coa promoci\u00f3n da prevenci\u00f3n de riscos laborais.<\/p>\n<div class=\"grid-100 pv5\"><img decoding=\"async\" class=\"aligncenter\" src=\"https:\/\/www.asepeyo.es\/wp-content\/uploads\/Exterior-Hospital-de-dia-Cartuja-Asepeyo.jpg\" alt=\"Mutuas colaboradoras coa Seguridade Social. Hospital de d\u00eda de Asepeyo Cartuja.\" \/><\/div>\n<div class=\"titulo\">\n<h2>Actividades das mutuas colaboradoras coa Seguridade Social<\/h2>\n<\/div>\n<h3><a href=\"https:\/\/www.asepeyo.es\/gl\/tecnologia-innovacion\/\">Xesti\u00f3n empresarial e transformaci\u00f3n dixital<\/a><\/h3>\n<div class=\"videoWrapper\"><iframe loading=\"lazy\" src=\"https:\/\/www.youtube.com\/embed\/Q3AkAxFWOFY\" width=\"100%\" height=\"150\" frameborder=\"0\" allowfullscreen=\"allowfullscreen\"><\/iframe><\/div>\n<h3><a href=\"https:\/\/www.asepeyo.es\/gl\/seguridad-laboral\/\">Prevenci\u00f3n de riscos laborais<\/a><\/h3>\n<div class=\"videoWrapper\"><iframe loading=\"lazy\" src=\"https:\/\/www.youtube.com\/embed\/VM4NQ1sdLGk\" width=\"100%\" height=\"150\" frameborder=\"0\" allowfullscreen=\"allowfullscreen\"><\/iframe><\/div>\n<h3><a href=\"https:\/\/www.asepeyo.es\/gl\/accion-social\/\">Acci\u00f3n social<\/a><\/h3>\n<div class=\"videoWrapper\"><iframe loading=\"lazy\" src=\"https:\/\/www.youtube.com\/embed\/-BlOzu0IOGk\" width=\"100%\" height=\"150\" frameborder=\"0\" allowfullscreen=\"allowfullscreen\"><\/iframe><\/div>\n<p>Se queres saber m\u00e1is sobre n\u00f3s, visita a secci\u00f3 <a href=\"https:\/\/www.asepeyo.es\/gl\/conocenos\/\">\u201cCo\u00f1\u00e9cenos\u201d<\/a>.<\/p>\n","protected":false},"excerpt":{"rendered":"","protected":false},"author":2,"featured_media":0,"parent":64733,"menu_order":0,"comment_status":"closed","ping_status":"closed","template":"","meta":{"_acf_changed":false,"generate_page_header":"","footnotes":""},"class_list":["post-64750","page","type-page","status-publish"],"acf":[],"yoast_head":"<!-- This site is optimized with the Yoast SEO plugin v27.4 - https:\/\/yoast.com\/product\/yoast-seo-wordpress\/ -->\n<title>\u00bfQu\u00e9 son las mutuas de accidentes de trabajo? - Asepeyo<\/title>\n<meta name=\"description\" content=\"Las mutuas de accidentes de trabajo son asociaciones privadas de empresarios sin \u00e1nimo de lucro que colaboran en la gesti\u00f3n de la Seguridad Social.\" \/>\n<meta name=\"robots\" content=\"index, follow, max-snippet:-1, max-image-preview:large, max-video-preview:-1\" \/>\n<link rel=\"canonical\" href=\"https:\/\/www.asepeyo.es\/gl\/conocenos\/que-son-las-mutuas\/\" \/>\n<meta property=\"og:locale\" content=\"gl_ES\" \/>\n<meta property=\"og:type\" content=\"article\" \/>\n<meta property=\"og:title\" content=\"\u00bfQu\u00e9 son las mutuas de accidentes de trabajo? - Asepeyo\" \/>\n<meta property=\"og:description\" content=\"Las mutuas de accidentes de trabajo son asociaciones privadas de empresarios sin \u00e1nimo de lucro que colaboran en la gesti\u00f3n de la Seguridad Social.\" \/>\n<meta property=\"og:url\" content=\"https:\/\/www.asepeyo.es\/gl\/conocenos\/que-son-las-mutuas\/\" \/>\n<meta property=\"og:site_name\" content=\"Asepeyo\" \/>\n<meta property=\"article:publisher\" content=\"https:\/\/es-es.facebook.com\/Asepeyo\/\" \/>\n<meta property=\"article:modified_time\" content=\"2019-04-02T16:03:19+00:00\" \/>\n<meta property=\"og:image\" content=\"https:\/\/www.asepeyo.es\/wp-content\/uploads\/que-son-las-mutuas-asistencia-sanitaria-1024x683.jpg\" \/>\n<meta name=\"twitter:card\" content=\"summary_large_image\" \/>\n<meta name=\"twitter:site\" content=\"@Asepeyo\" \/>\n<meta name=\"twitter:label1\" content=\"Tempo de lectura\" \/>\n\t<meta name=\"twitter:data1\" content=\"2 minutos\" \/>\n<script type=\"application\/ld+json\" class=\"yoast-schema-graph\">{\"@context\":\"https:\\\/\\\/schema.org\",\"@graph\":[{\"@type\":\"WebPage\",\"@id\":\"https:\\\/\\\/www.asepeyo.es\\\/gl\\\/conocenos\\\/que-son-las-mutuas\\\/\",\"url\":\"https:\\\/\\\/www.asepeyo.es\\\/gl\\\/conocenos\\\/que-son-las-mutuas\\\/\",\"name\":\"\u00bfQu\u00e9 son las mutuas de accidentes de trabajo? - Asepeyo\",\"isPartOf\":{\"@id\":\"https:\\\/\\\/www.asepeyo.es\\\/gl\\\/#website\"},\"primaryImageOfPage\":{\"@id\":\"https:\\\/\\\/www.asepeyo.es\\\/gl\\\/conocenos\\\/que-son-las-mutuas\\\/#primaryimage\"},\"image\":{\"@id\":\"https:\\\/\\\/www.asepeyo.es\\\/gl\\\/conocenos\\\/que-son-las-mutuas\\\/#primaryimage\"},\"thumbnailUrl\":\"https:\\\/\\\/www.asepeyo.es\\\/wp-content\\\/uploads\\\/que-son-las-mutuas-asistencia-sanitaria-1024x683.jpg\",\"datePublished\":\"2017-06-13T14:02:46+00:00\",\"dateModified\":\"2019-04-02T16:03:19+00:00\",\"description\":\"Las mutuas de accidentes de trabajo son asociaciones privadas de empresarios sin \u00e1nimo de lucro que colaboran en la gesti\u00f3n de la Seguridad Social.\",\"breadcrumb\":{\"@id\":\"https:\\\/\\\/www.asepeyo.es\\\/gl\\\/conocenos\\\/que-son-las-mutuas\\\/#breadcrumb\"},\"inLanguage\":\"gl-ES\",\"potentialAction\":[{\"@type\":\"ReadAction\",\"target\":[\"https:\\\/\\\/www.asepeyo.es\\\/gl\\\/conocenos\\\/que-son-las-mutuas\\\/\"]}]},{\"@type\":\"ImageObject\",\"inLanguage\":\"gl-ES\",\"@id\":\"https:\\\/\\\/www.asepeyo.es\\\/gl\\\/conocenos\\\/que-son-las-mutuas\\\/#primaryimage\",\"url\":\"https:\\\/\\\/www.asepeyo.es\\\/wp-content\\\/uploads\\\/que-son-las-mutuas-asistencia-sanitaria-1024x683.jpg\",\"contentUrl\":\"https:\\\/\\\/www.asepeyo.es\\\/wp-content\\\/uploads\\\/que-son-las-mutuas-asistencia-sanitaria-1024x683.jpg\"},{\"@type\":\"BreadcrumbList\",\"@id\":\"https:\\\/\\\/www.asepeyo.es\\\/gl\\\/conocenos\\\/que-son-las-mutuas\\\/#breadcrumb\",\"itemListElement\":[{\"@type\":\"ListItem\",\"position\":1,\"name\":\"Inicio\",\"item\":\"https:\\\/\\\/www.asepeyo.es\\\/gl\\\/\"},{\"@type\":\"ListItem\",\"position\":2,\"name\":\"Co\u00f1\u00e9cenos\",\"item\":\"https:\\\/\\\/www.asepeyo.es\\\/gl\\\/conocenos\\\/\"},{\"@type\":\"ListItem\",\"position\":3,\"name\":\"\u00bfQu\u00e9 son las mutuas de accidentes de trabajo?\"}]},{\"@type\":\"WebSite\",\"@id\":\"https:\\\/\\\/www.asepeyo.es\\\/gl\\\/#website\",\"url\":\"https:\\\/\\\/www.asepeyo.es\\\/gl\\\/\",\"name\":\"Asepeyo\",\"description\":\"Mutua de accidentes de trabajo 151\",\"publisher\":{\"@id\":\"https:\\\/\\\/www.asepeyo.es\\\/gl\\\/#organization\"},\"potentialAction\":[{\"@type\":\"SearchAction\",\"target\":{\"@type\":\"EntryPoint\",\"urlTemplate\":\"https:\\\/\\\/www.asepeyo.es\\\/gl\\\/?s={search_term_string}\"},\"query-input\":{\"@type\":\"PropertyValueSpecification\",\"valueRequired\":true,\"valueName\":\"search_term_string\"}}],\"inLanguage\":\"gl-ES\"},{\"@type\":\"Organization\",\"@id\":\"https:\\\/\\\/www.asepeyo.es\\\/gl\\\/#organization\",\"name\":\"Asepeyo\",\"url\":\"https:\\\/\\\/www.asepeyo.es\\\/gl\\\/\",\"logo\":{\"@type\":\"ImageObject\",\"inLanguage\":\"gl-ES\",\"@id\":\"https:\\\/\\\/www.asepeyo.es\\\/gl\\\/#\\\/schema\\\/logo\\\/image\\\/\",\"url\":\"https:\\\/\\\/www.asepeyo.es\\\/wp-content\\\/uploads\\\/logo-asepeyo-web-azul.png\",\"contentUrl\":\"https:\\\/\\\/www.asepeyo.es\\\/wp-content\\\/uploads\\\/logo-asepeyo-web-azul.png\",\"width\":350,\"height\":55,\"caption\":\"Asepeyo\"},\"image\":{\"@id\":\"https:\\\/\\\/www.asepeyo.es\\\/gl\\\/#\\\/schema\\\/logo\\\/image\\\/\"},\"sameAs\":[\"https:\\\/\\\/es-es.facebook.com\\\/Asepeyo\\\/\",\"https:\\\/\\\/x.com\\\/Asepeyo\",\"https:\\\/\\\/www.instagram.com\\\/asepeyo\\\/?hl=es\",\"https:\\\/\\\/es.linkedin.com\\\/company\\\/asepeyo\",\"https:\\\/\\\/www.youtube.com\\\/channel\\\/UC42Ipj44IKKTITQ2HNoLmSQ\"]}]}<\/script>\n<!-- \/ Yoast SEO plugin. -->","yoast_head_json":{"title":"\u00bfQu\u00e9 son las mutuas de accidentes de trabajo? - Asepeyo","description":"Las mutuas de accidentes de trabajo son asociaciones privadas de empresarios sin \u00e1nimo de lucro que colaboran en la gesti\u00f3n de la Seguridad Social.","robots":{"index":"index","follow":"follow","max-snippet":"max-snippet:-1","max-image-preview":"max-image-preview:large","max-video-preview":"max-video-preview:-1"},"canonical":"https:\/\/www.asepeyo.es\/gl\/conocenos\/que-son-las-mutuas\/","og_locale":"gl_ES","og_type":"article","og_title":"\u00bfQu\u00e9 son las mutuas de accidentes de trabajo? - Asepeyo","og_description":"Las mutuas de accidentes de trabajo son asociaciones privadas de empresarios sin \u00e1nimo de lucro que colaboran en la gesti\u00f3n de la Seguridad Social.","og_url":"https:\/\/www.asepeyo.es\/gl\/conocenos\/que-son-las-mutuas\/","og_site_name":"Asepeyo","article_publisher":"https:\/\/es-es.facebook.com\/Asepeyo\/","article_modified_time":"2019-04-02T16:03:19+00:00","og_image":[{"url":"https:\/\/www.asepeyo.es\/wp-content\/uploads\/que-son-las-mutuas-asistencia-sanitaria-1024x683.jpg","type":"","width":"","height":""}],"twitter_card":"summary_large_image","twitter_site":"@Asepeyo","twitter_misc":{"Tempo de lectura":"2 minutos"},"schema":{"@context":"https:\/\/schema.org","@graph":[{"@type":"WebPage","@id":"https:\/\/www.asepeyo.es\/gl\/conocenos\/que-son-las-mutuas\/","url":"https:\/\/www.asepeyo.es\/gl\/conocenos\/que-son-las-mutuas\/","name":"\u00bfQu\u00e9 son las mutuas de accidentes de trabajo? - Asepeyo","isPartOf":{"@id":"https:\/\/www.asepeyo.es\/gl\/#website"},"primaryImageOfPage":{"@id":"https:\/\/www.asepeyo.es\/gl\/conocenos\/que-son-las-mutuas\/#primaryimage"},"image":{"@id":"https:\/\/www.asepeyo.es\/gl\/conocenos\/que-son-las-mutuas\/#primaryimage"},"thumbnailUrl":"https:\/\/www.asepeyo.es\/wp-content\/uploads\/que-son-las-mutuas-asistencia-sanitaria-1024x683.jpg","datePublished":"2017-06-13T14:02:46+00:00","dateModified":"2019-04-02T16:03:19+00:00","description":"Las mutuas de accidentes de trabajo son asociaciones privadas de empresarios sin \u00e1nimo de lucro que colaboran en la gesti\u00f3n de la Seguridad Social.","breadcrumb":{"@id":"https:\/\/www.asepeyo.es\/gl\/conocenos\/que-son-las-mutuas\/#breadcrumb"},"inLanguage":"gl-ES","potentialAction":[{"@type":"ReadAction","target":["https:\/\/www.asepeyo.es\/gl\/conocenos\/que-son-las-mutuas\/"]}]},{"@type":"ImageObject","inLanguage":"gl-ES","@id":"https:\/\/www.asepeyo.es\/gl\/conocenos\/que-son-las-mutuas\/#primaryimage","url":"https:\/\/www.asepeyo.es\/wp-content\/uploads\/que-son-las-mutuas-asistencia-sanitaria-1024x683.jpg","contentUrl":"https:\/\/www.asepeyo.es\/wp-content\/uploads\/que-son-las-mutuas-asistencia-sanitaria-1024x683.jpg"},{"@type":"BreadcrumbList","@id":"https:\/\/www.asepeyo.es\/gl\/conocenos\/que-son-las-mutuas\/#breadcrumb","itemListElement":[{"@type":"ListItem","position":1,"name":"Inicio","item":"https:\/\/www.asepeyo.es\/gl\/"},{"@type":"ListItem","position":2,"name":"Co\u00f1\u00e9cenos","item":"https:\/\/www.asepeyo.es\/gl\/conocenos\/"},{"@type":"ListItem","position":3,"name":"\u00bfQu\u00e9 son las mutuas de accidentes de trabajo?"}]},{"@type":"WebSite","@id":"https:\/\/www.asepeyo.es\/gl\/#website","url":"https:\/\/www.asepeyo.es\/gl\/","name":"Asepeyo","description":"Mutua de accidentes de trabajo 151","publisher":{"@id":"https:\/\/www.asepeyo.es\/gl\/#organization"},"potentialAction":[{"@type":"SearchAction","target":{"@type":"EntryPoint","urlTemplate":"https:\/\/www.asepeyo.es\/gl\/?s={search_term_string}"},"query-input":{"@type":"PropertyValueSpecification","valueRequired":true,"valueName":"search_term_string"}}],"inLanguage":"gl-ES"},{"@type":"Organization","@id":"https:\/\/www.asepeyo.es\/gl\/#organization","name":"Asepeyo","url":"https:\/\/www.asepeyo.es\/gl\/","logo":{"@type":"ImageObject","inLanguage":"gl-ES","@id":"https:\/\/www.asepeyo.es\/gl\/#\/schema\/logo\/image\/","url":"https:\/\/www.asepeyo.es\/wp-content\/uploads\/logo-asepeyo-web-azul.png","contentUrl":"https:\/\/www.asepeyo.es\/wp-content\/uploads\/logo-asepeyo-web-azul.png","width":350,"height":55,"caption":"Asepeyo"},"image":{"@id":"https:\/\/www.asepeyo.es\/gl\/#\/schema\/logo\/image\/"},"sameAs":["https:\/\/es-es.facebook.com\/Asepeyo\/","https:\/\/x.com\/Asepeyo","https:\/\/www.instagram.com\/asepeyo\/?hl=es","https:\/\/es.linkedin.com\/company\/asepeyo","https:\/\/www.youtube.com\/channel\/UC42Ipj44IKKTITQ2HNoLmSQ"]}]}},"_links":{"self":[{"href":"https:\/\/www.asepeyo.es\/gl\/wp-json\/wp\/v2\/pages\/64750","targetHints":{"allow":["GET"]}}],"collection":[{"href":"https:\/\/www.asepeyo.es\/gl\/wp-json\/wp\/v2\/pages"}],"about":[{"href":"https:\/\/www.asepeyo.es\/gl\/wp-json\/wp\/v2\/types\/page"}],"author":[{"embeddable":true,"href":"https:\/\/www.asepeyo.es\/gl\/wp-json\/wp\/v2\/users\/2"}],"replies":[{"embeddable":true,"href":"https:\/\/www.asepeyo.es\/gl\/wp-json\/wp\/v2\/comments?post=64750"}],"version-history":[{"count":7,"href":"https:\/\/www.asepeyo.es\/gl\/wp-json\/wp\/v2\/pages\/64750\/revisions"}],"predecessor-version":[{"id":64768,"href":"https:\/\/www.asepeyo.es\/gl\/wp-json\/wp\/v2\/pages\/64750\/revisions\/64768"}],"up":[{"embeddable":true,"href":"https:\/\/www.asepeyo.es\/gl\/wp-json\/wp\/v2\/pages\/64733"}],"wp:attachment":[{"href":"https:\/\/www.asepeyo.es\/gl\/wp-json\/wp\/v2\/media?parent=64750"}],"curies":[{"name":"wp","href":"https:\/\/api.w.org\/{rel}","templated":true}]}}