{"id":64739,"date":"2017-07-06T11:28:36","date_gmt":"2017-07-06T11:28:36","guid":{"rendered":"https:\/\/www.asepeyo.es\/?page_id=64739"},"modified":"2022-06-01T18:09:46","modified_gmt":"2022-06-01T16:09:46","slug":"estructura-organizativa","status":"publish","type":"page","link":"https:\/\/www.asepeyo.es\/gl\/conocenos\/estructura-organizativa\/","title":{"rendered":"Estrutura organizativa"},"content":{"rendered":"<div class=\"grid-container\">\n<div class=\"grid-70 prefix-20 titulo\">\n<h2>\u00d3rgano de goberno<\/h2>\n<\/div>\n<div class=\"grid-100\">\n<div class=\"grid-70 prefix-20\">\n<p><strong>Xunta Directiva:<\/strong> \u00c9 a m\u00e1xima autoridade da Mutua despois da Xunta Xeral. Est\u00e1 formada por representantes dos mutualistas e os seus compo\u00f1entes non perciben remuneraci\u00f3n ningunha pola prestaci\u00f3n deste servizo.<\/p>\n<ul class=\"pdf\">\n<li><a href=\"\/wp-content\/uploads\/Organigrama-junta-directiva-asepeyo.pdf\" target=\"_blank\" rel=\"noopener noreferrer\">Descarga a Xunta Directiva<\/a><\/li>\n<\/ul>\n<\/div>\n<\/div>\n<\/div>\n<div class=\"grid-container\">\n<div class=\"grid-70 prefix-20 titulo\">\n<h2>\u00d3rganos de participaci\u00f3n<\/h2>\n<\/div>\n<div class=\"grid-100\">\n<div class=\"grid-70 prefix-20\">\n<p><strong>Comisi\u00f3n de Control e Seguimento:<\/strong> Participa na elaboraci\u00f3n dos criterios de actuaci\u00f3n e xesti\u00f3n, as\u00ed como no anteproxecto de presupostos. Est\u00e1 formado, paritariamente, por representantes designados polas organizaci\u00f3ns empresariais e sindicais m\u00e1is destacadas.<\/p>\n<ul class=\"pdf\">\n<li><a href=\"\/wp-content\/uploads\/Organigrama-comision-control-y-seguimiento-asepeyo.pdf\" target=\"_blank\" rel=\"noopener noreferrer\">Descarga a Comisi\u00f3n de Control e Seguimento <\/a> (22 KBytes)<\/li>\n<\/ul>\n<p><strong>Comisi\u00f3n de Prestaci\u00f3ns Especiais:<\/strong> Concede axudas econ\u00f3micas destinadas a paliar as necesidades ocasionadas polos accidentes laborais ou polas enfermidades profesionais. F\u00f3rmana empresarios e representantes sindicais, designados polas organizaci\u00f3ns m\u00e1is representativas, na mesma proporci\u00f3n. A s\u00faa funci\u00f3n \u00e9 valorar as solicitudes de mutualistas accidentados.<\/p>\n<ul class=\"pdf\">\n<li><a href=\"\/wp-content\/uploads\/Organigrama-comision-de-prestaciones-especiales-asepeyo.pdf\" target=\"_blank\" rel=\"noopener noreferrer\">Descarga a Comisi\u00f3n de Prestaci\u00f3ns Especiais <\/a> (22 KBytes)<\/li>\n<\/ul>\n<\/div>\n<\/div>\n<\/div>\n<div class=\"grid-container\">\n<div class=\"grid-70 prefix-20 titulo\">\n<h2>\u00d3rganos Consultivos<\/h2>\n<\/div>\n<div class=\"grid-100\">\n<div class=\"grid-70 prefix-20\">\n<p><strong>Consellos Consultivos:<\/strong> Son unha relevante fonte de informaci\u00f3n para avaliar a eficacia e a calidade do servizo de Asepeyo e identificar \u00e1reas de mellora. Estes \u00f3rganos est\u00e1n integrados por representantes de empresas e organizaci\u00f3ns de diversos sectores.<\/p>\n<ul class=\"pdf\">\n<li><a href=\"\/wp-content\/uploads\/Organigrama-consejo-regional-andalucia-asepeyo.pdf\" target=\"_blank\" rel=\"noopener noreferrer\">Descarga o Consello Consultivo de Andaluc\u00eda<\/a><\/li>\n<li><a href=\"\/wp-content\/uploads\/Organigrama-consejo-regional-baleares-asepeyo.pdf\" target=\"_blank\" rel=\"noopener noreferrer\">Descarga o Consello Consultivo das Illas Baleares<\/a><\/li>\n<li><a href=\"\/wp-content\/uploads\/Organigrama-consejo-regional-canarias-asepeyo.pdf\" target=\"_blank\" rel=\"noopener noreferrer\">Descarga o Consello Consultivo de Canarias<\/a><\/li>\n<li><a href=\"\/wp-content\/uploads\/Organigrama-consejo-regional-castilla-la-mancha-asepeyo.pdf\" target=\"_blank\" rel=\"noopener noreferrer\">Descarga o Consello Consultivo de Castela-A Mancha<\/a><\/li>\n<li><a href=\"\/wp-content\/uploads\/Organigrama-consejo-regional-catalu\u00f1a-asepeyo.pdf\" target=\"_blank\" rel=\"noopener noreferrer\">Descarga o Consello Consultivo de Catalu\u00f1a<\/a><\/li>\n<li><a href=\"\/wp-content\/uploads\/Organigrama-consejo-regional-madrid-asepeyo.pdf\" target=\"_blank\" rel=\"noopener noreferrer\">Descarga o Consello Consultivo da Comunidade de Madrid<\/a><\/li>\n<li><a href=\"\/wp-content\/uploads\/Organigrama-consejo-regional-menorca-asepeyo.pdf\" target=\"_blank\" rel=\"noopener noreferrer\">Descarga o Consello Consultivo de Menorca<\/a><\/li>\n<li><a href=\"\/wp-content\/uploads\/Organigrama-consejo-regional-norte-asepeyo.pdf\" target=\"_blank\" rel=\"noopener noreferrer\">Descarga o Consello Consultivo Norte<\/a><\/li>\n<li><a href=\"\/wp-content\/uploads\/Organigrama-consejo-regional-valencia-murcia-asepeyo.pdf\" target=\"_blank\" rel=\"noopener noreferrer\">Descarga o Consello Consultivo da Comunidade Valenciana e Rexi\u00f3n de Murcia<\/a><\/li>\n<\/ul>\n<\/div>\n<\/div>\n<\/div>\n<div class=\"grid-container\">\n<div class=\"grid-70 prefix-20 titulo\">\n<h2>Direcci\u00f3n Xeral<\/h2>\n<\/div>\n<div class=\"grid-100\">\n<div class=\"grid-70 prefix-20\">\n<p><strong>Direcci\u00f3n Xeral:<\/strong> A organizaci\u00f3n xeral da Mutua queda estruturada arredor da figura do director xerente e as subdirecci\u00f3ns xerais por el designadas.<\/p>\n<ul class=\"pdf\">\n<li><a href=\"\/wp-content\/uploads\/Organigrama-direccion-general-asepeyo.pdf\" target=\"_blank\" rel=\"noopener noreferrer\">Descarga a Direcci\u00f3n Xeral<\/a><\/li>\n<\/ul>\n<\/div>\n<\/div>\n<\/div>\n<div class=\"grid-container\">\n<div class=\"grid-70 prefix-20 titulo\">\n<h2>Organizaci\u00f3n Territorial<\/h2>\n<\/div>\n<div class=\"grid-100\">\n<div class=\"grid-70 prefix-20\">\n<p>Pos\u00fae a s\u00faa propia organizaci\u00f3n xer\u00e1rquica e a s\u00faa funci\u00f3n \u00e9 xestionar os recursos asignados co fin de acadar os obxectivos propostos dentro dun marco estabelecido polas instruci\u00f3ns xerais e os obxectivos da entidade.<\/p>\n<\/div>\n<\/div>\n<\/div>\n","protected":false},"excerpt":{"rendered":"","protected":false},"author":1,"featured_media":0,"parent":64733,"menu_order":0,"comment_status":"closed","ping_status":"closed","template":"","meta":{"_acf_changed":false,"generate_page_header":"","footnotes":""},"class_list":["post-64739","page","type-page","status-publish"],"acf":[],"yoast_head":"<!-- This site is optimized with the Yoast SEO plugin v27.3 - https:\/\/yoast.com\/product\/yoast-seo-wordpress\/ -->\n<title>Estrutura organizativa - Asepeyo<\/title>\n<meta name=\"robots\" content=\"index, follow, max-snippet:-1, max-image-preview:large, max-video-preview:-1\" \/>\n<link rel=\"canonical\" href=\"https:\/\/www.asepeyo.es\/gl\/conocenos\/estructura-organizativa\/\" \/>\n<meta property=\"og:locale\" content=\"gl_ES\" \/>\n<meta property=\"og:type\" content=\"article\" \/>\n<meta property=\"og:title\" content=\"Estrutura organizativa - Asepeyo\" \/>\n<meta property=\"og:url\" content=\"https:\/\/www.asepeyo.es\/gl\/conocenos\/estructura-organizativa\/\" \/>\n<meta property=\"og:site_name\" content=\"Asepeyo\" \/>\n<meta property=\"article:publisher\" content=\"https:\/\/es-es.facebook.com\/Asepeyo\/\" \/>\n<meta property=\"article:modified_time\" content=\"2022-06-01T16:09:46+00:00\" \/>\n<meta name=\"twitter:card\" content=\"summary_large_image\" \/>\n<meta name=\"twitter:site\" content=\"@Asepeyo\" \/>\n<meta name=\"twitter:label1\" content=\"Tempo de lectura\" \/>\n\t<meta name=\"twitter:data1\" content=\"2 minutos\" \/>\n<script type=\"application\/ld+json\" class=\"yoast-schema-graph\">{\"@context\":\"https:\\\/\\\/schema.org\",\"@graph\":[{\"@type\":\"WebPage\",\"@id\":\"https:\\\/\\\/www.asepeyo.es\\\/gl\\\/conocenos\\\/estructura-organizativa\\\/\",\"url\":\"https:\\\/\\\/www.asepeyo.es\\\/gl\\\/conocenos\\\/estructura-organizativa\\\/\",\"name\":\"Estrutura organizativa - Asepeyo\",\"isPartOf\":{\"@id\":\"https:\\\/\\\/www.asepeyo.es\\\/gl\\\/#website\"},\"datePublished\":\"2017-07-06T11:28:36+00:00\",\"dateModified\":\"2022-06-01T16:09:46+00:00\",\"breadcrumb\":{\"@id\":\"https:\\\/\\\/www.asepeyo.es\\\/gl\\\/conocenos\\\/estructura-organizativa\\\/#breadcrumb\"},\"inLanguage\":\"gl-ES\",\"potentialAction\":[{\"@type\":\"ReadAction\",\"target\":[\"https:\\\/\\\/www.asepeyo.es\\\/gl\\\/conocenos\\\/estructura-organizativa\\\/\"]}]},{\"@type\":\"BreadcrumbList\",\"@id\":\"https:\\\/\\\/www.asepeyo.es\\\/gl\\\/conocenos\\\/estructura-organizativa\\\/#breadcrumb\",\"itemListElement\":[{\"@type\":\"ListItem\",\"position\":1,\"name\":\"Inicio\",\"item\":\"https:\\\/\\\/www.asepeyo.es\\\/gl\\\/\"},{\"@type\":\"ListItem\",\"position\":2,\"name\":\"Co\u00f1\u00e9cenos\",\"item\":\"https:\\\/\\\/www.asepeyo.es\\\/gl\\\/conocenos\\\/\"},{\"@type\":\"ListItem\",\"position\":3,\"name\":\"Estrutura organizativa\"}]},{\"@type\":\"WebSite\",\"@id\":\"https:\\\/\\\/www.asepeyo.es\\\/gl\\\/#website\",\"url\":\"https:\\\/\\\/www.asepeyo.es\\\/gl\\\/\",\"name\":\"Asepeyo\",\"description\":\"Mutua de accidentes de trabajo 151\",\"publisher\":{\"@id\":\"https:\\\/\\\/www.asepeyo.es\\\/gl\\\/#organization\"},\"potentialAction\":[{\"@type\":\"SearchAction\",\"target\":{\"@type\":\"EntryPoint\",\"urlTemplate\":\"https:\\\/\\\/www.asepeyo.es\\\/gl\\\/?s={search_term_string}\"},\"query-input\":{\"@type\":\"PropertyValueSpecification\",\"valueRequired\":true,\"valueName\":\"search_term_string\"}}],\"inLanguage\":\"gl-ES\"},{\"@type\":\"Organization\",\"@id\":\"https:\\\/\\\/www.asepeyo.es\\\/gl\\\/#organization\",\"name\":\"Asepeyo\",\"url\":\"https:\\\/\\\/www.asepeyo.es\\\/gl\\\/\",\"logo\":{\"@type\":\"ImageObject\",\"inLanguage\":\"gl-ES\",\"@id\":\"https:\\\/\\\/www.asepeyo.es\\\/gl\\\/#\\\/schema\\\/logo\\\/image\\\/\",\"url\":\"https:\\\/\\\/www.asepeyo.es\\\/wp-content\\\/uploads\\\/logo-asepeyo-web-azul.png\",\"contentUrl\":\"https:\\\/\\\/www.asepeyo.es\\\/wp-content\\\/uploads\\\/logo-asepeyo-web-azul.png\",\"width\":350,\"height\":55,\"caption\":\"Asepeyo\"},\"image\":{\"@id\":\"https:\\\/\\\/www.asepeyo.es\\\/gl\\\/#\\\/schema\\\/logo\\\/image\\\/\"},\"sameAs\":[\"https:\\\/\\\/es-es.facebook.com\\\/Asepeyo\\\/\",\"https:\\\/\\\/x.com\\\/Asepeyo\",\"https:\\\/\\\/www.instagram.com\\\/asepeyo\\\/?hl=es\",\"https:\\\/\\\/es.linkedin.com\\\/company\\\/asepeyo\",\"https:\\\/\\\/www.youtube.com\\\/channel\\\/UC42Ipj44IKKTITQ2HNoLmSQ\"]}]}<\/script>\n<!-- \/ Yoast SEO plugin. -->","yoast_head_json":{"title":"Estrutura organizativa - Asepeyo","robots":{"index":"index","follow":"follow","max-snippet":"max-snippet:-1","max-image-preview":"max-image-preview:large","max-video-preview":"max-video-preview:-1"},"canonical":"https:\/\/www.asepeyo.es\/gl\/conocenos\/estructura-organizativa\/","og_locale":"gl_ES","og_type":"article","og_title":"Estrutura organizativa - Asepeyo","og_url":"https:\/\/www.asepeyo.es\/gl\/conocenos\/estructura-organizativa\/","og_site_name":"Asepeyo","article_publisher":"https:\/\/es-es.facebook.com\/Asepeyo\/","article_modified_time":"2022-06-01T16:09:46+00:00","twitter_card":"summary_large_image","twitter_site":"@Asepeyo","twitter_misc":{"Tempo de lectura":"2 minutos"},"schema":{"@context":"https:\/\/schema.org","@graph":[{"@type":"WebPage","@id":"https:\/\/www.asepeyo.es\/gl\/conocenos\/estructura-organizativa\/","url":"https:\/\/www.asepeyo.es\/gl\/conocenos\/estructura-organizativa\/","name":"Estrutura organizativa - Asepeyo","isPartOf":{"@id":"https:\/\/www.asepeyo.es\/gl\/#website"},"datePublished":"2017-07-06T11:28:36+00:00","dateModified":"2022-06-01T16:09:46+00:00","breadcrumb":{"@id":"https:\/\/www.asepeyo.es\/gl\/conocenos\/estructura-organizativa\/#breadcrumb"},"inLanguage":"gl-ES","potentialAction":[{"@type":"ReadAction","target":["https:\/\/www.asepeyo.es\/gl\/conocenos\/estructura-organizativa\/"]}]},{"@type":"BreadcrumbList","@id":"https:\/\/www.asepeyo.es\/gl\/conocenos\/estructura-organizativa\/#breadcrumb","itemListElement":[{"@type":"ListItem","position":1,"name":"Inicio","item":"https:\/\/www.asepeyo.es\/gl\/"},{"@type":"ListItem","position":2,"name":"Co\u00f1\u00e9cenos","item":"https:\/\/www.asepeyo.es\/gl\/conocenos\/"},{"@type":"ListItem","position":3,"name":"Estrutura organizativa"}]},{"@type":"WebSite","@id":"https:\/\/www.asepeyo.es\/gl\/#website","url":"https:\/\/www.asepeyo.es\/gl\/","name":"Asepeyo","description":"Mutua de accidentes de trabajo 151","publisher":{"@id":"https:\/\/www.asepeyo.es\/gl\/#organization"},"potentialAction":[{"@type":"SearchAction","target":{"@type":"EntryPoint","urlTemplate":"https:\/\/www.asepeyo.es\/gl\/?s={search_term_string}"},"query-input":{"@type":"PropertyValueSpecification","valueRequired":true,"valueName":"search_term_string"}}],"inLanguage":"gl-ES"},{"@type":"Organization","@id":"https:\/\/www.asepeyo.es\/gl\/#organization","name":"Asepeyo","url":"https:\/\/www.asepeyo.es\/gl\/","logo":{"@type":"ImageObject","inLanguage":"gl-ES","@id":"https:\/\/www.asepeyo.es\/gl\/#\/schema\/logo\/image\/","url":"https:\/\/www.asepeyo.es\/wp-content\/uploads\/logo-asepeyo-web-azul.png","contentUrl":"https:\/\/www.asepeyo.es\/wp-content\/uploads\/logo-asepeyo-web-azul.png","width":350,"height":55,"caption":"Asepeyo"},"image":{"@id":"https:\/\/www.asepeyo.es\/gl\/#\/schema\/logo\/image\/"},"sameAs":["https:\/\/es-es.facebook.com\/Asepeyo\/","https:\/\/x.com\/Asepeyo","https:\/\/www.instagram.com\/asepeyo\/?hl=es","https:\/\/es.linkedin.com\/company\/asepeyo","https:\/\/www.youtube.com\/channel\/UC42Ipj44IKKTITQ2HNoLmSQ"]}]}},"_links":{"self":[{"href":"https:\/\/www.asepeyo.es\/gl\/wp-json\/wp\/v2\/pages\/64739","targetHints":{"allow":["GET"]}}],"collection":[{"href":"https:\/\/www.asepeyo.es\/gl\/wp-json\/wp\/v2\/pages"}],"about":[{"href":"https:\/\/www.asepeyo.es\/gl\/wp-json\/wp\/v2\/types\/page"}],"author":[{"embeddable":true,"href":"https:\/\/www.asepeyo.es\/gl\/wp-json\/wp\/v2\/users\/1"}],"replies":[{"embeddable":true,"href":"https:\/\/www.asepeyo.es\/gl\/wp-json\/wp\/v2\/comments?post=64739"}],"version-history":[{"count":7,"href":"https:\/\/www.asepeyo.es\/gl\/wp-json\/wp\/v2\/pages\/64739\/revisions"}],"predecessor-version":[{"id":1460025,"href":"https:\/\/www.asepeyo.es\/gl\/wp-json\/wp\/v2\/pages\/64739\/revisions\/1460025"}],"up":[{"embeddable":true,"href":"https:\/\/www.asepeyo.es\/gl\/wp-json\/wp\/v2\/pages\/64733"}],"wp:attachment":[{"href":"https:\/\/www.asepeyo.es\/gl\/wp-json\/wp\/v2\/media?parent=64739"}],"curies":[{"name":"wp","href":"https:\/\/api.w.org\/{rel}","templated":true}]}}