{"id":64733,"date":"2017-06-13T14:01:46","date_gmt":"2017-06-13T14:01:46","guid":{"rendered":"https:\/\/www.asepeyo.es\/?page_id=64733"},"modified":"2019-04-02T17:08:15","modified_gmt":"2019-04-02T15:08:15","slug":"conocenos","status":"publish","type":"page","link":"https:\/\/www.asepeyo.es\/gl\/conocenos\/","title":{"rendered":"Co\u00f1\u00e9cenos"},"content":{"rendered":"<div class=\"titulo\">\n<h2>Quen somos?<\/h2>\n<\/div>\n<p class=\"empty\">Somos unha asociaci\u00f3n de empresarios sen \u00e1nimo de lucro, cuxa actividade prioritaria c\u00e9ntrase en prestar asistencia sanitaria e en xestionar as prestaci\u00f3ns econ\u00f3micas por accidente de traballo, enfermidade profesional, enfermidade com\u00fan e accidente non laboral.<\/p>\n<p class=\"empty\">Tam\u00e9n realizamos a actividade preventiva que a normativa da Seguridade Social regula e xestionamos as seguintes prestaci\u00f3ns:<\/p>\n<ul>\n<li>Cesamento de actividade de traballadores aut\u00f3nomos<\/li>\n<li>Prestaci\u00f3n por coidado de menores afectados por cancro ou outra enfermidade grave<\/li>\n<li>Subsidio por risco durante a gravidez ou lactaci\u00f3n natural<\/li>\n<\/ul>\n<p class=\"empty\">Se desexas saber m\u00e1is, podes consultar o noso apartado\u00a0<a href=\"https:\/\/www.asepeyo.es\/gl\/conocenos\/que-son-las-mutuas\/\">\u2018Que son as mutuas\u2019<\/a>.<\/p>\n<div class=\"titulo\">\n<h2>Misi\u00f3n, visi\u00f3n e valores<\/h2>\n<\/div>\n<p class=\"empty\"><strong>Misi\u00f3n:<\/strong> Coidamos a sa\u00fade dos traballadores.<\/p>\n<p class=\"empty\"><strong>Visi\u00f3n:<\/strong>Prestar un servizo excelente, innovador e comprometido coas persoas que nos impulse como aliado estrat\u00e9xico en sa\u00fade e cultura preventiva.<\/p>\n<p class=\"empty\"><strong>Valores:<\/strong> \u00a0Son principios, con vocaci\u00f3n de permanencia, que constitu\u00edndo o marco de referencia da actuaci\u00f3n diaria, son asumidos e aplicados por todo o persoal da mutua.<\/p>\n<ul>\n<li>Vocaci\u00f3n de servizo: procurar a obtenci\u00f3n de m\u00e1ximos est\u00e1ndares de calidade na experiencia do cliente, dando prioridade absoluta ao traballador lesionado ou enfermo.<\/li>\n<li>Orientaci\u00f3n \u00e1s persoas: promover relaci\u00f3ns baseadas na confianza, no respecto mutuo e na escoita activa.<\/li>\n<li>Eficiencia na xesti\u00f3n: administrar os recursos de maneira prudente, con criterios de sostibilidade e transparencia.<\/li>\n<li>Contribuci\u00f3n social positiva: aportar valor \u00e1 sociedade, especialmente con respecto aos colectivos en situaci\u00f3n de necesidade, promovendo a implantaci\u00f3n de boas pr\u00e1cticas ambientais.<\/li>\n<li>Integridade e legalidade: actuar con humanidade, \u00e9tica e honestidade, sempre cumprindo coa legalidade.<\/li>\n<li>Innovaci\u00f3n: maximizar a innovaci\u00f3n orientada \u00e1 satisfacci\u00f3n de necesidades reais, mellorando constantemente o servizo, instalaci\u00f3ns e equipamento.<\/li>\n<li>Traballo en equipo: procurar a integraci\u00f3n de cada un dos nosos profesionais na estratexia xeral da empresa, promovendo o traballo colaborativo entre equipos e departamentos.<\/li>\n<\/ul>\n<div class=\"titulo\">\n<h2>Historia de Asepeyo<\/h2>\n<\/div>\n<div class=\"videoWrapper\"><iframe loading=\"lazy\" src=\"https:\/\/www.youtube.com\/embed\/Aoq2q0R2FPk\" width=\"300\" height=\"150\" frameborder=\"0\" allowfullscreen=\"allowfullscreen\"><\/iframe><\/div>\n<p class=\"empty\">Fundada en 1915 como Mutualidade de Previsi\u00f3n Social, en 1944 pasou a denominarse <strong>Asistencia Sanitario Econ\u00f3mica para Empregados e Obreiros, Mutualidade de Previsi\u00f3n Social (A.S.E.P.E.Y O.)<\/strong>, co obxectivo de xestionar o seguro obrigatorio de enfermidade en todo o estado. En 1965 Asepeyo deixa de ser unha entidade de previsi\u00f3n social para converterse en Mutua Patronal de Accidentes de Traballo e Enfermidades Profesionais.<\/p>\n<p class=\"empty\">Coa entrada en vigor da Lei 4\/1990, dos orzamentos xerais do Estado para 1990, Asepeyo cambia a denominaci\u00f3n pola de \u201cMutua de Accidentes de Traballo e Enfermidades Profesionais da Seguridade Social\u201d.<\/p>\n<p class=\"empty\">\u00c9 a partir de 1996 cando a Mutua, ademais da xesti\u00f3n dos accidentes de traballo e enfermidades profesionais, comeza a cubrir a prestaci\u00f3n econ\u00f3mica por incapacidade temporal por continxencias com\u00fans.<\/p>\n<p class=\"empty\">Coa entrada en vigor da Lei de Prevenci\u00f3n de Riscos Laborais (Lei 31\/1995 e R.D. 39\/1997), as autoridades laborais reco\u00f1ecen a Asepeyo a capacidade de constitu\u00edrse como Servizo de Prevenci\u00f3n, ademais de acreditala para actuar en todo o territorio espa\u00f1ol.<\/p>\n<p class=\"empty\">Unha vez aprobado o 11 de xu\u00f1o de 2005 en Consello de Ministros o Real Decreto polo que se regula o seu r\u00e9xime de funcionamento como Servizos de Prevenci\u00f3n, as Mutuas de Accidentes de Traballo e Enfermidades Profesionais proceden a separar a s\u00faa actividade como Servizos de Prevenci\u00f3n Alleos mediante a constituci\u00f3n de Sociedades de Prevenci\u00f3n. Asepeyo separa esta actividade mediante a constituci\u00f3n da Sociedade de Prevenci\u00f3n de Asepeyo, que desde 2013 denom\u00ednase Aspy Prevenci\u00f3n. A ra\u00edz da lei 35\/2014, Asepeyo viuse obrigada a desprenderse das s\u00faas participaci\u00f3ns en Aspy e na actualidade \u00e1mbalas entidades te\u00f1en total independencia de xesti\u00f3n e <strong>non te\u00f1en vinculaci\u00f3n ningunha<\/strong>.<\/p>\n<p class=\"empty\">En 2010 Asepeyo asume novas prestaci\u00f3ns, como \u00e9 a de cesamento de actividade de traballadores aut\u00f3nomos, e en 2011 as prestaci\u00f3ns de coidado do menor e de risco durante a gravidez e a lactaci\u00f3n natural.<\/p>\n<p class=\"empty\">En 2015, coa nova Lei de Mutuas, Asepeyo pasa a denominarse Asepeyo, Mutua Colaboradora coa Seguridade Social.<\/p>\n<p class=\"empty\">Asepeyo conta actualmente cunha ampla organizaci\u00f3n propia presente en todas as comunidades aut\u00f3nomas. Entre as s\u00faas delegaci\u00f3ns disp\u00f3n de 142 centros asistenciais, 4 hospitais (2 propios e 2 mancomunados) e un hospital de d\u00eda, 5 centros de rehabilitaci\u00f3n, 2 centros de seguridade e hixiene no traballo, 15 oficinas de atenci\u00f3n ao p\u00fablico, 4 oficinas de control de ITCC e 4 oficinas centrais.<\/p>\n<p class=\"empty\">O hospital en Barcelona (Sant Cugat), o hospital en Madrid (Coslada), e o hospital de d\u00eda en Sevilla (Cartuja), son tres centros de referencia, que dispo\u00f1en da m\u00e1is avanzada tecnolox\u00eda e contan con equipos multidisciplinares de profesionais.<\/p>\n<p class=\"empty\">Asepeyo conta cun cadro de persoal de m\u00e1is de 3.300 profesionais e cunha gran organizaci\u00f3n sanitaria de prevenci\u00f3n e rehabilitaci\u00f3n, distribu\u00edda por todo o territorio nacional en centros asistenciais e hospitais. Esta infraestrutura garante unha asistencia completa dos accidentados, desde a primeira cura e atenci\u00f3n de urxencias, ata a intervenci\u00f3n cir\u00farxica e a rehabilitaci\u00f3n.<\/p>\n<p class=\"empty\">Ao longo dos seus m\u00e1is de 100 anos de existencia, Asepeyo sempre desenvolveu unha importante actividade na promoci\u00f3n da sa\u00fade, a investigaci\u00f3n, o desenvolvemento e a implantaci\u00f3n de medidas de seguridade e sa\u00fade laboral.<\/p>\n","protected":false},"excerpt":{"rendered":"","protected":false},"author":1,"featured_media":0,"parent":0,"menu_order":0,"comment_status":"closed","ping_status":"closed","template":"","meta":{"_acf_changed":false,"generate_page_header":"","footnotes":""},"class_list":["post-64733","page","type-page","status-publish"],"acf":[],"yoast_head":"<!-- This site is optimized with the Yoast SEO plugin v27.4 - https:\/\/yoast.com\/product\/yoast-seo-wordpress\/ -->\n<title>Co\u00f1\u00e9cenos - Asepeyo<\/title>\n<meta name=\"robots\" content=\"index, follow, max-snippet:-1, max-image-preview:large, max-video-preview:-1\" \/>\n<link rel=\"canonical\" href=\"https:\/\/www.asepeyo.es\/gl\/conocenos\/\" \/>\n<meta property=\"og:locale\" content=\"gl_ES\" \/>\n<meta property=\"og:type\" content=\"article\" \/>\n<meta property=\"og:title\" content=\"Co\u00f1\u00e9cenos - Asepeyo\" \/>\n<meta property=\"og:url\" content=\"https:\/\/www.asepeyo.es\/gl\/conocenos\/\" \/>\n<meta property=\"og:site_name\" content=\"Asepeyo\" \/>\n<meta property=\"article:publisher\" content=\"https:\/\/es-es.facebook.com\/Asepeyo\/\" \/>\n<meta property=\"article:modified_time\" content=\"2019-04-02T15:08:15+00:00\" \/>\n<meta name=\"twitter:card\" content=\"summary_large_image\" \/>\n<meta name=\"twitter:site\" content=\"@Asepeyo\" \/>\n<meta name=\"twitter:label1\" content=\"Tempo de lectura\" \/>\n\t<meta name=\"twitter:data1\" content=\"4 minutos\" \/>\n<script type=\"application\/ld+json\" class=\"yoast-schema-graph\">{\"@context\":\"https:\\\/\\\/schema.org\",\"@graph\":[{\"@type\":\"WebPage\",\"@id\":\"https:\\\/\\\/www.asepeyo.es\\\/gl\\\/conocenos\\\/\",\"url\":\"https:\\\/\\\/www.asepeyo.es\\\/gl\\\/conocenos\\\/\",\"name\":\"Co\u00f1\u00e9cenos - Asepeyo\",\"isPartOf\":{\"@id\":\"https:\\\/\\\/www.asepeyo.es\\\/gl\\\/#website\"},\"datePublished\":\"2017-06-13T14:01:46+00:00\",\"dateModified\":\"2019-04-02T15:08:15+00:00\",\"breadcrumb\":{\"@id\":\"https:\\\/\\\/www.asepeyo.es\\\/gl\\\/conocenos\\\/#breadcrumb\"},\"inLanguage\":\"gl-ES\",\"potentialAction\":[{\"@type\":\"ReadAction\",\"target\":[\"https:\\\/\\\/www.asepeyo.es\\\/gl\\\/conocenos\\\/\"]}]},{\"@type\":\"BreadcrumbList\",\"@id\":\"https:\\\/\\\/www.asepeyo.es\\\/gl\\\/conocenos\\\/#breadcrumb\",\"itemListElement\":[{\"@type\":\"ListItem\",\"position\":1,\"name\":\"Inicio\",\"item\":\"https:\\\/\\\/www.asepeyo.es\\\/gl\\\/\"},{\"@type\":\"ListItem\",\"position\":2,\"name\":\"Co\u00f1\u00e9cenos\"}]},{\"@type\":\"WebSite\",\"@id\":\"https:\\\/\\\/www.asepeyo.es\\\/gl\\\/#website\",\"url\":\"https:\\\/\\\/www.asepeyo.es\\\/gl\\\/\",\"name\":\"Asepeyo\",\"description\":\"Mutua de accidentes de trabajo 151\",\"publisher\":{\"@id\":\"https:\\\/\\\/www.asepeyo.es\\\/gl\\\/#organization\"},\"potentialAction\":[{\"@type\":\"SearchAction\",\"target\":{\"@type\":\"EntryPoint\",\"urlTemplate\":\"https:\\\/\\\/www.asepeyo.es\\\/gl\\\/?s={search_term_string}\"},\"query-input\":{\"@type\":\"PropertyValueSpecification\",\"valueRequired\":true,\"valueName\":\"search_term_string\"}}],\"inLanguage\":\"gl-ES\"},{\"@type\":\"Organization\",\"@id\":\"https:\\\/\\\/www.asepeyo.es\\\/gl\\\/#organization\",\"name\":\"Asepeyo\",\"url\":\"https:\\\/\\\/www.asepeyo.es\\\/gl\\\/\",\"logo\":{\"@type\":\"ImageObject\",\"inLanguage\":\"gl-ES\",\"@id\":\"https:\\\/\\\/www.asepeyo.es\\\/gl\\\/#\\\/schema\\\/logo\\\/image\\\/\",\"url\":\"https:\\\/\\\/www.asepeyo.es\\\/wp-content\\\/uploads\\\/logo-asepeyo-web-azul.png\",\"contentUrl\":\"https:\\\/\\\/www.asepeyo.es\\\/wp-content\\\/uploads\\\/logo-asepeyo-web-azul.png\",\"width\":350,\"height\":55,\"caption\":\"Asepeyo\"},\"image\":{\"@id\":\"https:\\\/\\\/www.asepeyo.es\\\/gl\\\/#\\\/schema\\\/logo\\\/image\\\/\"},\"sameAs\":[\"https:\\\/\\\/es-es.facebook.com\\\/Asepeyo\\\/\",\"https:\\\/\\\/x.com\\\/Asepeyo\",\"https:\\\/\\\/www.instagram.com\\\/asepeyo\\\/?hl=es\",\"https:\\\/\\\/es.linkedin.com\\\/company\\\/asepeyo\",\"https:\\\/\\\/www.youtube.com\\\/channel\\\/UC42Ipj44IKKTITQ2HNoLmSQ\"]}]}<\/script>\n<!-- \/ Yoast SEO plugin. -->","yoast_head_json":{"title":"Co\u00f1\u00e9cenos - Asepeyo","robots":{"index":"index","follow":"follow","max-snippet":"max-snippet:-1","max-image-preview":"max-image-preview:large","max-video-preview":"max-video-preview:-1"},"canonical":"https:\/\/www.asepeyo.es\/gl\/conocenos\/","og_locale":"gl_ES","og_type":"article","og_title":"Co\u00f1\u00e9cenos - Asepeyo","og_url":"https:\/\/www.asepeyo.es\/gl\/conocenos\/","og_site_name":"Asepeyo","article_publisher":"https:\/\/es-es.facebook.com\/Asepeyo\/","article_modified_time":"2019-04-02T15:08:15+00:00","twitter_card":"summary_large_image","twitter_site":"@Asepeyo","twitter_misc":{"Tempo de lectura":"4 minutos"},"schema":{"@context":"https:\/\/schema.org","@graph":[{"@type":"WebPage","@id":"https:\/\/www.asepeyo.es\/gl\/conocenos\/","url":"https:\/\/www.asepeyo.es\/gl\/conocenos\/","name":"Co\u00f1\u00e9cenos - Asepeyo","isPartOf":{"@id":"https:\/\/www.asepeyo.es\/gl\/#website"},"datePublished":"2017-06-13T14:01:46+00:00","dateModified":"2019-04-02T15:08:15+00:00","breadcrumb":{"@id":"https:\/\/www.asepeyo.es\/gl\/conocenos\/#breadcrumb"},"inLanguage":"gl-ES","potentialAction":[{"@type":"ReadAction","target":["https:\/\/www.asepeyo.es\/gl\/conocenos\/"]}]},{"@type":"BreadcrumbList","@id":"https:\/\/www.asepeyo.es\/gl\/conocenos\/#breadcrumb","itemListElement":[{"@type":"ListItem","position":1,"name":"Inicio","item":"https:\/\/www.asepeyo.es\/gl\/"},{"@type":"ListItem","position":2,"name":"Co\u00f1\u00e9cenos"}]},{"@type":"WebSite","@id":"https:\/\/www.asepeyo.es\/gl\/#website","url":"https:\/\/www.asepeyo.es\/gl\/","name":"Asepeyo","description":"Mutua de accidentes de trabajo 151","publisher":{"@id":"https:\/\/www.asepeyo.es\/gl\/#organization"},"potentialAction":[{"@type":"SearchAction","target":{"@type":"EntryPoint","urlTemplate":"https:\/\/www.asepeyo.es\/gl\/?s={search_term_string}"},"query-input":{"@type":"PropertyValueSpecification","valueRequired":true,"valueName":"search_term_string"}}],"inLanguage":"gl-ES"},{"@type":"Organization","@id":"https:\/\/www.asepeyo.es\/gl\/#organization","name":"Asepeyo","url":"https:\/\/www.asepeyo.es\/gl\/","logo":{"@type":"ImageObject","inLanguage":"gl-ES","@id":"https:\/\/www.asepeyo.es\/gl\/#\/schema\/logo\/image\/","url":"https:\/\/www.asepeyo.es\/wp-content\/uploads\/logo-asepeyo-web-azul.png","contentUrl":"https:\/\/www.asepeyo.es\/wp-content\/uploads\/logo-asepeyo-web-azul.png","width":350,"height":55,"caption":"Asepeyo"},"image":{"@id":"https:\/\/www.asepeyo.es\/gl\/#\/schema\/logo\/image\/"},"sameAs":["https:\/\/es-es.facebook.com\/Asepeyo\/","https:\/\/x.com\/Asepeyo","https:\/\/www.instagram.com\/asepeyo\/?hl=es","https:\/\/es.linkedin.com\/company\/asepeyo","https:\/\/www.youtube.com\/channel\/UC42Ipj44IKKTITQ2HNoLmSQ"]}]}},"_links":{"self":[{"href":"https:\/\/www.asepeyo.es\/gl\/wp-json\/wp\/v2\/pages\/64733","targetHints":{"allow":["GET"]}}],"collection":[{"href":"https:\/\/www.asepeyo.es\/gl\/wp-json\/wp\/v2\/pages"}],"about":[{"href":"https:\/\/www.asepeyo.es\/gl\/wp-json\/wp\/v2\/types\/page"}],"author":[{"embeddable":true,"href":"https:\/\/www.asepeyo.es\/gl\/wp-json\/wp\/v2\/users\/1"}],"replies":[{"embeddable":true,"href":"https:\/\/www.asepeyo.es\/gl\/wp-json\/wp\/v2\/comments?post=64733"}],"version-history":[{"count":5,"href":"https:\/\/www.asepeyo.es\/gl\/wp-json\/wp\/v2\/pages\/64733\/revisions"}],"predecessor-version":[{"id":64738,"href":"https:\/\/www.asepeyo.es\/gl\/wp-json\/wp\/v2\/pages\/64733\/revisions\/64738"}],"wp:attachment":[{"href":"https:\/\/www.asepeyo.es\/gl\/wp-json\/wp\/v2\/media?parent=64733"}],"curies":[{"name":"wp","href":"https:\/\/api.w.org\/{rel}","templated":true}]}}