{"id":64685,"date":"2017-07-05T17:29:12","date_gmt":"2017-07-05T17:29:12","guid":{"rendered":"https:\/\/www.asepeyo.es\/?page_id=64685"},"modified":"2020-08-04T15:44:17","modified_gmt":"2020-08-04T13:44:17","slug":"accion-social","status":"publish","type":"page","link":"https:\/\/www.asepeyo.es\/gl\/accion-social\/","title":{"rendered":"Prestaciones complementarias"},"content":{"rendered":"<div class=\"titulo\">\n<h2>\u00bfQu\u00e9 son las prestaciones complementarias?<\/h2>\n<\/div>\n<p>Son prestaci\u00f3ns independentes das que se incl\u00faen no sistema de Seguridade Social, inda que as complementan. A s\u00faa finalidade \u00e9 cubrir economicamente situaci\u00f3ns de necesidade ou estados especiais que xurdiron aos traballadores ou a aqueles que reciben os seus dereitos (persoas que te\u00f1en dereitos legais respecto do accidentado, polo xeral por motivos hereditarios), como consecuencia dun accidente de traballo ou enfermidade profesional.<\/p>\n<p>Estas prestaci\u00f3ns reco\u00f1\u00e9cense a trav\u00e9s dunha comisi\u00f3n na que interve\u00f1en, a partes iguais, representantes dos traballadores e das empresas, e denom\u00ednase Comisi\u00f3n de Prestaci\u00f3ns Especiais. <\/p>\n<p>A normativa que as regula \u00e9 a  <a href=\"https:\/\/www.asepeyo.es\/wp-content\/uploads\/Resolucion-DGOSS-Prestaciones-complementarias-FIRMADA.pdf\" target=\"_blank\" rel=\"noopener noreferrer\">Resoluci\u00f3n de 28 de outubro de 2019 <\/a> da Direcci\u00f3n Xeral de Ordenaci\u00f3n da Seguridade Social, pola que se establece o r\u00e9xime de aplicaci\u00f3n das prestaci\u00f3ns complementarias do art. 96.1 b) do texto refundido da Lei Xeral da Seguridade Social.<\/p>\n<div class=\"titulo\">\n<h2>\u00bfQuen pode solicitalas e cales son os requisitos?<\/h2>\n<\/div>\n<ul class=\"fa-ul m-2\">\n<li><i class=\"fad fa-check-double text-primary\"><\/i> Traballadores accidentados ou afectados por unha enfermidade profesional<\/li>\n<li><i class=\"fad fa-check-double text-primary\"><\/i> Aqueles que reciben os dereitos dos traballadores<\/li>\n<\/ul>\n<p>Os requisitos para acceder a estas prestaci\u00f3ns son:<\/p>\n<ul class=\"fa-ul m-2\">\n<li><i class=\"fad fa-check-double text-primary\"><\/i>S\u00f3 se pode reco\u00f1ecer unha \u00fanica axuda por accidente ou enfermidade profesional<\/li>\n<li><i class=\"fad fa-check-double text-primary\"><\/i>Non superar determinado l\u00edmite de ingresos da unidade de convivencia do accidentado\n<\/li>\n<\/ul>\n<div class=\"titulo\">\n<h2>\u00bfQue axudas podes solicitar?<\/h2>\n<\/div>\n<p>Rehabilitaci\u00f3n e recuperaci\u00f3n:<\/p>\n<ul class=\"fa-ul m-2\">\n<li><i class=\"fal fa-arrow-right\"><\/i> Axuda para custear o ingreso nun centro socio-sanitario ou residencial<\/li>\n<li><i class=\"fal fa-arrow-right\"><\/i> Axuda para custear os gastos vinculados ao ingreso dun traballador nun centro hospitalario<\/li>\n<li><i class=\"fal fa-arrow-right\"><\/i> Axuda para pr\u00f3teses e axudas t\u00e9cnicas non inclu\u00eddas na Seguridade Social<\/li>\n<li><i class=\"fal fa-arrow-right\"><\/i> Axuda para tratamentos m\u00e9dicos ou terapias non inclu\u00eddos na Seguridade Social<\/li>\n<\/ul>\n<p>Reorientaci\u00f3n profesional e adaptaci\u00f3n do posto de traballo:<\/p>\n<ul class=\"fa-ul m-2\">\n<li><i class=\"fal fa-arrow-right\"><\/i> Cursos para a formaci\u00f3n profesional e inserci\u00f3n socio laboral<\/li>\n<li><i class=\"fal fa-arrow-right\"><\/i> Adaptaci\u00f3n do local onde o traballador aut\u00f3nomo desenvolve a s\u00faa actividade<\/li>\n<\/ul>\n<p>Axuda para a adaptaci\u00f3n dos medios esenciais para o desenvolvemento das actividades b\u00e1sicas da vida diaria:<\/p>\n<ul class=\"fa-ul m-2\">\n<li><i class=\"fal fa-arrow-right\"><\/i> Axuda para a eliminaci\u00f3n de barreiras na vivenda habitual<\/li>\n<li><i class=\"fal fa-arrow-right\"><\/i> Axuda para a adquisici\u00f3n de vivenda habitual adaptada<\/li>\n<li><i class=\"fal fa-arrow-right\"><\/i> Axuda para a adaptaci\u00f3n do veh\u00edculo<\/li>\n<li><i class=\"fal fa-arrow-right\"><\/i> Apoio domiciliario para o desenvolvemento das actividades b\u00e1sicas da vida diaria<\/li>\n<li><i class=\"fal fa-arrow-right\"><\/i> Axuda para o acceso \u00e1s novas tecnolox\u00edas da informaci\u00f3n e comunicaci\u00f3n<\/li>\n<\/ul>\n<p>Outras prestaci\u00f3ns:<\/p>\n<ul class=\"fa-ul m-2\">\n<li><i class=\"fal fa-arrow-right\"><\/i> Complemento ao auxilio por defunci\u00f3n<\/li>\n<li><i class=\"fal fa-arrow-right\"><\/i> Axuda para a formaci\u00f3n no coidado de persoas en situaci\u00f3n de grande invalidez<\/li>\n<li><i class=\"fal fa-arrow-right\"><\/i> Axuda para o mantemento da posesi\u00f3n ou gozo da vivenda habitual<\/li>\n<\/ul>\n<div class=\"titulo\">\n<h2>\u00bfComo podo solicitar unha axuda social?<\/h2>\n<\/div>\n<p>Debes presentar a solicitude de axuda social e a documentaci\u00f3n necesaria, en calquera\u00a0<a href=\"https:\/\/www.asepeyo.es\/centros\/\">centro da nosa rede asistencial<\/a>. \u00a0No departamento de Asistencia Social valoramos cada solicitude e tramit\u00e1mola \u00e1 Comisi\u00f3n de Prestaci\u00f3ns Especiais, que emitir\u00e1 unha resoluci\u00f3n o antes posible.<\/p>\n<div class=\"grid-100 align-center\"><a class=\"contiene-boton\" href=\"\/wp-content\/uploads\/formulario-solicitud-ayuda-social-GL.pdf\"><button class=\"boton-azul\">Descarga o formulario de solicitude<\/button><\/a><\/div>\n<div class=\"titulo\">\n<h2>Comisi\u00f3n de Prestaci\u00f3ns Especiais de Asepeyo<\/h2>\n<\/div>\n<div class=\"grid-100 align-center pt5\"><img loading=\"lazy\" decoding=\"async\" class=\"alignnone size-full wp-image-58303\" src=\"https:\/\/www.asepeyo.es\/wp-content\/uploads\/asepeyo-memoria-comision-prestaciones-especiales.jpg\" alt=\"\" width=\"640\" height=\"640\"\/><\/div>\n<div class=\"grid-100 align-center pt5\"><a href=\"https:\/\/www.asepeyo.es\/wp-content\/uploads\/comision-de-prestaciones-especiales-asepeyo.pdf\" target=\"_alt\" rel=\"noopener noreferrer\"><button class=\"boton-border-azul\">Memoria da Comisi\u00f3n de Prestaci\u00f3ns Especiais<\/button><\/a><\/div>\n","protected":false},"excerpt":{"rendered":"","protected":false},"author":2,"featured_media":79047,"parent":0,"menu_order":0,"comment_status":"closed","ping_status":"closed","template":"","meta":{"_acf_changed":false,"generate_page_header":"","footnotes":""},"class_list":["post-64685","page","type-page","status-publish","has-post-thumbnail"],"acf":[],"yoast_head":"<!-- This site is optimized with the Yoast SEO plugin v27.4 - https:\/\/yoast.com\/product\/yoast-seo-wordpress\/ -->\n<title>Prestaciones complementarias - Asepeyo<\/title>\n<meta name=\"description\" content=\"Impulsamos ayudas sociales para trabajadores accidentados y familiares. Entra y te explicamos que ayudas sociales puedes solicitar y c\u00f3mo solicitarlas.\" \/>\n<meta name=\"robots\" content=\"index, follow, max-snippet:-1, max-image-preview:large, max-video-preview:-1\" \/>\n<link rel=\"canonical\" href=\"https:\/\/www.asepeyo.es\/gl\/accion-social\/\" \/>\n<meta property=\"og:locale\" content=\"gl_ES\" \/>\n<meta property=\"og:type\" content=\"article\" \/>\n<meta property=\"og:title\" content=\"Prestaciones complementarias - Asepeyo\" \/>\n<meta property=\"og:description\" content=\"Impulsamos ayudas sociales para trabajadores accidentados y familiares. Entra y te explicamos que ayudas sociales puedes solicitar y c\u00f3mo solicitarlas.\" \/>\n<meta property=\"og:url\" content=\"https:\/\/www.asepeyo.es\/gl\/accion-social\/\" \/>\n<meta property=\"og:site_name\" content=\"Asepeyo\" \/>\n<meta property=\"article:publisher\" content=\"https:\/\/es-es.facebook.com\/Asepeyo\/\" \/>\n<meta property=\"article:modified_time\" content=\"2020-08-04T13:44:17+00:00\" \/>\n<meta property=\"og:image\" content=\"https:\/\/www.asepeyo.es\/wp-content\/uploads\/bg-servicio-accion-social-prov-scaled-scaled-scaled-scaled.jpg\" \/>\n\t<meta property=\"og:image:width\" content=\"2560\" \/>\n\t<meta property=\"og:image:height\" content=\"1025\" \/>\n\t<meta property=\"og:image:type\" content=\"image\/jpeg\" \/>\n<meta name=\"twitter:card\" content=\"summary_large_image\" \/>\n<meta name=\"twitter:site\" content=\"@Asepeyo\" \/>\n<meta name=\"twitter:label1\" content=\"Tempo de lectura\" \/>\n\t<meta name=\"twitter:data1\" content=\"2 minutos\" \/>\n<script type=\"application\/ld+json\" class=\"yoast-schema-graph\">{\"@context\":\"https:\\\/\\\/schema.org\",\"@graph\":[{\"@type\":\"WebPage\",\"@id\":\"https:\\\/\\\/www.asepeyo.es\\\/gl\\\/accion-social\\\/\",\"url\":\"https:\\\/\\\/www.asepeyo.es\\\/gl\\\/accion-social\\\/\",\"name\":\"Prestaciones complementarias - Asepeyo\",\"isPartOf\":{\"@id\":\"https:\\\/\\\/www.asepeyo.es\\\/gl\\\/#website\"},\"primaryImageOfPage\":{\"@id\":\"https:\\\/\\\/www.asepeyo.es\\\/gl\\\/accion-social\\\/#primaryimage\"},\"image\":{\"@id\":\"https:\\\/\\\/www.asepeyo.es\\\/gl\\\/accion-social\\\/#primaryimage\"},\"thumbnailUrl\":\"https:\\\/\\\/www.asepeyo.es\\\/wp-content\\\/uploads\\\/bg-servicio-accion-social-prov-scaled-scaled-scaled-scaled.jpg\",\"datePublished\":\"2017-07-05T17:29:12+00:00\",\"dateModified\":\"2020-08-04T13:44:17+00:00\",\"description\":\"Impulsamos ayudas sociales para trabajadores accidentados y familiares. Entra y te explicamos que ayudas sociales puedes solicitar y c\u00f3mo solicitarlas.\",\"breadcrumb\":{\"@id\":\"https:\\\/\\\/www.asepeyo.es\\\/gl\\\/accion-social\\\/#breadcrumb\"},\"inLanguage\":\"gl-ES\",\"potentialAction\":[{\"@type\":\"ReadAction\",\"target\":[\"https:\\\/\\\/www.asepeyo.es\\\/gl\\\/accion-social\\\/\"]}]},{\"@type\":\"ImageObject\",\"inLanguage\":\"gl-ES\",\"@id\":\"https:\\\/\\\/www.asepeyo.es\\\/gl\\\/accion-social\\\/#primaryimage\",\"url\":\"https:\\\/\\\/www.asepeyo.es\\\/wp-content\\\/uploads\\\/bg-servicio-accion-social-prov-scaled-scaled-scaled-scaled.jpg\",\"contentUrl\":\"https:\\\/\\\/www.asepeyo.es\\\/wp-content\\\/uploads\\\/bg-servicio-accion-social-prov-scaled-scaled-scaled-scaled.jpg\",\"width\":2560,\"height\":1025},{\"@type\":\"BreadcrumbList\",\"@id\":\"https:\\\/\\\/www.asepeyo.es\\\/gl\\\/accion-social\\\/#breadcrumb\",\"itemListElement\":[{\"@type\":\"ListItem\",\"position\":1,\"name\":\"Inicio\",\"item\":\"https:\\\/\\\/www.asepeyo.es\\\/gl\\\/\"},{\"@type\":\"ListItem\",\"position\":2,\"name\":\"Prestaciones complementarias\"}]},{\"@type\":\"WebSite\",\"@id\":\"https:\\\/\\\/www.asepeyo.es\\\/gl\\\/#website\",\"url\":\"https:\\\/\\\/www.asepeyo.es\\\/gl\\\/\",\"name\":\"Asepeyo\",\"description\":\"Mutua de accidentes de trabajo 151\",\"publisher\":{\"@id\":\"https:\\\/\\\/www.asepeyo.es\\\/gl\\\/#organization\"},\"potentialAction\":[{\"@type\":\"SearchAction\",\"target\":{\"@type\":\"EntryPoint\",\"urlTemplate\":\"https:\\\/\\\/www.asepeyo.es\\\/gl\\\/?s={search_term_string}\"},\"query-input\":{\"@type\":\"PropertyValueSpecification\",\"valueRequired\":true,\"valueName\":\"search_term_string\"}}],\"inLanguage\":\"gl-ES\"},{\"@type\":\"Organization\",\"@id\":\"https:\\\/\\\/www.asepeyo.es\\\/gl\\\/#organization\",\"name\":\"Asepeyo\",\"url\":\"https:\\\/\\\/www.asepeyo.es\\\/gl\\\/\",\"logo\":{\"@type\":\"ImageObject\",\"inLanguage\":\"gl-ES\",\"@id\":\"https:\\\/\\\/www.asepeyo.es\\\/gl\\\/#\\\/schema\\\/logo\\\/image\\\/\",\"url\":\"https:\\\/\\\/www.asepeyo.es\\\/wp-content\\\/uploads\\\/logo-asepeyo-web-azul.png\",\"contentUrl\":\"https:\\\/\\\/www.asepeyo.es\\\/wp-content\\\/uploads\\\/logo-asepeyo-web-azul.png\",\"width\":350,\"height\":55,\"caption\":\"Asepeyo\"},\"image\":{\"@id\":\"https:\\\/\\\/www.asepeyo.es\\\/gl\\\/#\\\/schema\\\/logo\\\/image\\\/\"},\"sameAs\":[\"https:\\\/\\\/es-es.facebook.com\\\/Asepeyo\\\/\",\"https:\\\/\\\/x.com\\\/Asepeyo\",\"https:\\\/\\\/www.instagram.com\\\/asepeyo\\\/?hl=es\",\"https:\\\/\\\/es.linkedin.com\\\/company\\\/asepeyo\",\"https:\\\/\\\/www.youtube.com\\\/channel\\\/UC42Ipj44IKKTITQ2HNoLmSQ\"]}]}<\/script>\n<!-- \/ Yoast SEO plugin. -->","yoast_head_json":{"title":"Prestaciones complementarias - Asepeyo","description":"Impulsamos ayudas sociales para trabajadores accidentados y familiares. Entra y te explicamos que ayudas sociales puedes solicitar y c\u00f3mo solicitarlas.","robots":{"index":"index","follow":"follow","max-snippet":"max-snippet:-1","max-image-preview":"max-image-preview:large","max-video-preview":"max-video-preview:-1"},"canonical":"https:\/\/www.asepeyo.es\/gl\/accion-social\/","og_locale":"gl_ES","og_type":"article","og_title":"Prestaciones complementarias - Asepeyo","og_description":"Impulsamos ayudas sociales para trabajadores accidentados y familiares. Entra y te explicamos que ayudas sociales puedes solicitar y c\u00f3mo solicitarlas.","og_url":"https:\/\/www.asepeyo.es\/gl\/accion-social\/","og_site_name":"Asepeyo","article_publisher":"https:\/\/es-es.facebook.com\/Asepeyo\/","article_modified_time":"2020-08-04T13:44:17+00:00","og_image":[{"width":2560,"height":1025,"url":"https:\/\/www.asepeyo.es\/wp-content\/uploads\/bg-servicio-accion-social-prov-scaled-scaled-scaled-scaled.jpg","type":"image\/jpeg"}],"twitter_card":"summary_large_image","twitter_site":"@Asepeyo","twitter_misc":{"Tempo de lectura":"2 minutos"},"schema":{"@context":"https:\/\/schema.org","@graph":[{"@type":"WebPage","@id":"https:\/\/www.asepeyo.es\/gl\/accion-social\/","url":"https:\/\/www.asepeyo.es\/gl\/accion-social\/","name":"Prestaciones complementarias - Asepeyo","isPartOf":{"@id":"https:\/\/www.asepeyo.es\/gl\/#website"},"primaryImageOfPage":{"@id":"https:\/\/www.asepeyo.es\/gl\/accion-social\/#primaryimage"},"image":{"@id":"https:\/\/www.asepeyo.es\/gl\/accion-social\/#primaryimage"},"thumbnailUrl":"https:\/\/www.asepeyo.es\/wp-content\/uploads\/bg-servicio-accion-social-prov-scaled-scaled-scaled-scaled.jpg","datePublished":"2017-07-05T17:29:12+00:00","dateModified":"2020-08-04T13:44:17+00:00","description":"Impulsamos ayudas sociales para trabajadores accidentados y familiares. Entra y te explicamos que ayudas sociales puedes solicitar y c\u00f3mo solicitarlas.","breadcrumb":{"@id":"https:\/\/www.asepeyo.es\/gl\/accion-social\/#breadcrumb"},"inLanguage":"gl-ES","potentialAction":[{"@type":"ReadAction","target":["https:\/\/www.asepeyo.es\/gl\/accion-social\/"]}]},{"@type":"ImageObject","inLanguage":"gl-ES","@id":"https:\/\/www.asepeyo.es\/gl\/accion-social\/#primaryimage","url":"https:\/\/www.asepeyo.es\/wp-content\/uploads\/bg-servicio-accion-social-prov-scaled-scaled-scaled-scaled.jpg","contentUrl":"https:\/\/www.asepeyo.es\/wp-content\/uploads\/bg-servicio-accion-social-prov-scaled-scaled-scaled-scaled.jpg","width":2560,"height":1025},{"@type":"BreadcrumbList","@id":"https:\/\/www.asepeyo.es\/gl\/accion-social\/#breadcrumb","itemListElement":[{"@type":"ListItem","position":1,"name":"Inicio","item":"https:\/\/www.asepeyo.es\/gl\/"},{"@type":"ListItem","position":2,"name":"Prestaciones complementarias"}]},{"@type":"WebSite","@id":"https:\/\/www.asepeyo.es\/gl\/#website","url":"https:\/\/www.asepeyo.es\/gl\/","name":"Asepeyo","description":"Mutua de accidentes de trabajo 151","publisher":{"@id":"https:\/\/www.asepeyo.es\/gl\/#organization"},"potentialAction":[{"@type":"SearchAction","target":{"@type":"EntryPoint","urlTemplate":"https:\/\/www.asepeyo.es\/gl\/?s={search_term_string}"},"query-input":{"@type":"PropertyValueSpecification","valueRequired":true,"valueName":"search_term_string"}}],"inLanguage":"gl-ES"},{"@type":"Organization","@id":"https:\/\/www.asepeyo.es\/gl\/#organization","name":"Asepeyo","url":"https:\/\/www.asepeyo.es\/gl\/","logo":{"@type":"ImageObject","inLanguage":"gl-ES","@id":"https:\/\/www.asepeyo.es\/gl\/#\/schema\/logo\/image\/","url":"https:\/\/www.asepeyo.es\/wp-content\/uploads\/logo-asepeyo-web-azul.png","contentUrl":"https:\/\/www.asepeyo.es\/wp-content\/uploads\/logo-asepeyo-web-azul.png","width":350,"height":55,"caption":"Asepeyo"},"image":{"@id":"https:\/\/www.asepeyo.es\/gl\/#\/schema\/logo\/image\/"},"sameAs":["https:\/\/es-es.facebook.com\/Asepeyo\/","https:\/\/x.com\/Asepeyo","https:\/\/www.instagram.com\/asepeyo\/?hl=es","https:\/\/es.linkedin.com\/company\/asepeyo","https:\/\/www.youtube.com\/channel\/UC42Ipj44IKKTITQ2HNoLmSQ"]}]}},"_links":{"self":[{"href":"https:\/\/www.asepeyo.es\/gl\/wp-json\/wp\/v2\/pages\/64685","targetHints":{"allow":["GET"]}}],"collection":[{"href":"https:\/\/www.asepeyo.es\/gl\/wp-json\/wp\/v2\/pages"}],"about":[{"href":"https:\/\/www.asepeyo.es\/gl\/wp-json\/wp\/v2\/types\/page"}],"author":[{"embeddable":true,"href":"https:\/\/www.asepeyo.es\/gl\/wp-json\/wp\/v2\/users\/2"}],"replies":[{"embeddable":true,"href":"https:\/\/www.asepeyo.es\/gl\/wp-json\/wp\/v2\/comments?post=64685"}],"version-history":[{"count":13,"href":"https:\/\/www.asepeyo.es\/gl\/wp-json\/wp\/v2\/pages\/64685\/revisions"}],"predecessor-version":[{"id":906690,"href":"https:\/\/www.asepeyo.es\/gl\/wp-json\/wp\/v2\/pages\/64685\/revisions\/906690"}],"wp:featuredmedia":[{"embeddable":true,"href":"https:\/\/www.asepeyo.es\/gl\/wp-json\/wp\/v2\/media\/79047"}],"wp:attachment":[{"href":"https:\/\/www.asepeyo.es\/gl\/wp-json\/wp\/v2\/media?parent=64685"}],"curies":[{"name":"wp","href":"https:\/\/api.w.org\/{rel}","templated":true}]}}