{"id":64621,"date":"2018-03-13T17:21:24","date_gmt":"2018-03-13T16:21:24","guid":{"rendered":"https:\/\/www.asepeyo.es\/?page_id=64621"},"modified":"2024-07-23T19:20:23","modified_gmt":"2024-07-23T17:20:23","slug":"tecnologia-innovacion","status":"publish","type":"page","link":"https:\/\/www.asepeyo.es\/gl\/tecnologia-innovacion\/","title":{"rendered":"Tecnolox\u00eda, innovaci\u00f3n e o seu impacto nos nosos servizos"},"content":{"rendered":"<div class=\"titulo\">\n<h2>Tecnolox\u00eda e prevenci\u00f3n<\/h2>\n<p><span class=\"titulo-subtitulo\">Facemos do teu ambiente laboral un lugar m\u00e1is seguro<\/span><\/p>\n<\/div>\n<h3>\u00daltima tecnolox\u00eda en prevenci\u00f3n<\/h3>\n<div class=\"videoWrapper\"><iframe loading=\"lazy\" src=\"https:\/\/www.youtube.com\/embed\/xrlQOpMr7TI\" width=\"560\" height=\"315\" frameborder=\"0\" allowfullscreen=\"allowfullscreen\"><\/iframe><\/div>\n<h3>Simuladores de conduci\u00f3n<\/h3>\n<p>Comproba o teu nivel de conduci\u00f3n, a trav\u00e9s dun simulador de alta inmersi\u00f3n. Ofrec\u00e9mosche o m\u00e1ximo nivel de realidade. Poder\u00e1s recrear todo tipo de situaci\u00f3ns e avaliar as t\u00faas habilidades ao volante, sen correr ning\u00fan risco.<\/p>\n<div class=\"videoWrapper\"><iframe loading=\"lazy\" src=\"https:\/\/www.youtube.com\/embed\/UCnJQfnCC3M\" width=\"100%\" height=\"150\" frameborder=\"0\" allowfullscreen=\"allowfullscreen\"><\/iframe><\/div>\n<h3>Realidade virtual<\/h3>\n<p>Experimenta situaci\u00f3ns reais de riscos laborais: ca\u00eddas en altura, accidentes el\u00e9ctricos ou incendios. Co\u00f1ece as s\u00faas consecuencias e cales son as medidas m\u00e1is adecuadas para previlos.<\/p>\n<h3>Reproduci\u00f3n de ambientes ac\u00fasticos<\/h3>\n<p>Experimenta as sensaci\u00f3ns que provoca o ru\u00eddo nos traballadores. Poder\u00e1s analizar os seus efectos e aplicar as mellores medidas preventivas.<\/p>\n<div class=\"titulo\">\n<h2>Tecnolox\u00eda e sanidade<\/h2>\n<p><span class=\"titulo-subtitulo\">Somos m\u00e1is eficaces no teu diagn\u00f3stico e no teu tratamento<\/span><\/p>\n<\/div>\n<p>Queremos ofrecer aos nosos traballadores protexidos un servizo innovador e punteiro no \u00e1mbito da medicina e da fisioterapia. Para iso, traballamos en proxectos de I+D+i e mantemos os nosos equipamentos \u00e1 vangarda dos avances tecnol\u00f3xicos.<\/p>\n<p>A continuaci\u00f3n mostr\u00e1mosche alg\u00fans exemplos pr\u00e1cticos:<\/p>\n<h3 id=\"impresora-3d\">Impresora 3D<\/h3>\n<p>Impulsamos o uso da impresi\u00f3n en 3D, no \u00e1mbito da traumatolox\u00eda, cun programa de investigaci\u00f3n m\u00e9dica. Esta tecnolox\u00eda \u00e9 un grande avance no tratamento das fracturas complexas (pelve e extremidades superiores).<\/p>\n<p>As impresoras 3D reproducen, a escala natural, modelos de \u00f3sos de lesi\u00f3ns graves. Isto facilita, ao equipo m\u00e9dico, a posibilidade de avaliar as estruturas \u00f3seas fracturadas antes da cirurx\u00eda e sup\u00f3n unha excelente ferramenta de formaci\u00f3n. Ademais, o paciente obt\u00e9n unha informaci\u00f3n m\u00e1is detallada do tratamento que vai recibir.<\/p>\n<p>O proceso de impresi\u00f3n in\u00edciase coa captura da imaxe do elemento a reproducir, mediante un TAC. O software xera unha reconstruci\u00f3n tridimensional desta imaxe no ordenador. Posteriormente, a impresora 3D imprime unha peza que reproduce con todo detalle, e en tama\u00f1o real, a imaxe radiol\u00f3xica. \u00c9 o modelo dos \u00f3sos que o equipo de cirurxi\u00e1ns vai operar.<\/p>\n<p>Ata este momento, empregamos a impresi\u00f3n 3D para a planificaci\u00f3n e resoluci\u00f3n cir\u00farxica de fracturas complexas. E, nalgunhas cirurx\u00edas, esterilizouse a peza impresa en 3D para axudar a moldear o material que fixa as fracturas (cravos, parafusos ou placas) e facilitar, as\u00ed, a s\u00faa correcta colocaci\u00f3n.<\/p>\n<div class=\"videoWrapper\"><iframe src=\"https:\/\/www.youtube.com\/embed\/tAV-z9qTL0o\" width=\"100%\" frameborder=\"0\" allowfullscreen=\"allowfullscreen\"><\/iframe><\/div>\n<h3>Cinta antigravitatoria Alter-G<\/h3>\n<p>Po\u00f1emos a \u00faltima tecnolox\u00eda aeroespacial ao servizo da t\u00faa rehabilitaci\u00f3n. A cinta antigravitatoria permite reducir o peso corporal do paciente, ata nun 80%, regulando a porcentaxe de gravidade, en funci\u00f3n da lesi\u00f3n e do tipo. Desta forma, red\u00facese o peso corporal e o paciente experimenta unha sensaci\u00f3n de flotabilidade.<\/p>\n<p>A cinta antigravitatoria favorece a aplicaci\u00f3n de t\u00e9cnicas de fisioterapia de forma precoz en patolox\u00edas moi prevalentes na Mutua. Os pacientes con lesi\u00f3n de extremidade inferior melloran a calidade do tratamento, acurtando o tempo de recuperaci\u00f3n e reducindo o tempo de baixa.<\/p>\n<h3>Telemedicina<\/h3>\n<p>A consulta virtual desde os centros asistenciais cos nosos especialistas, a trav\u00e9s de audio e v\u00eddeo, \u00e9 unha realidade. Podemos interactuar co paciente, observar as s\u00faas lesi\u00f3ns e, a trav\u00e9s do m\u00e9dico do centro asistencial, realizar unha exploraci\u00f3n f\u00edsica.<\/p>\n<p>Coa aplicaci\u00f3n desta tecnolox\u00eda dispor\u00e1s dos mellores facultativos esteas onde esteas, cunha optimizaci\u00f3n dos tempos entre consultas e dos teus desprazamentos.<\/p>\n<div class=\"videoWrapper\"><iframe src=\"https:\/\/www.youtube.com\/embed\/ySErnjSOd7s\" width=\"100%\" frameborder=\"0\" allowfullscreen=\"allowfullscreen\"><\/iframe><\/div>\n<div class=\"titulo\">\n<h2>Apps y oficina virtual<\/h2>\n<p><span class=\"titulo-subtitulo\">Con n\u00f3s, esteas onde esteas<\/span>\n<\/p><\/div>\n<p>Desde calquera punto e desde calquera dispositivo, sempre estamos contigo. Con Asepeyo live estamos dispo\u00f1ibles as 24 horas, os 365 d\u00edas do ano.<\/p>\n<p>Deseguido mostr\u00e1mosche alg\u00fans exemplos:<\/p>\n<h3>Asepeyo Oficina Virtual<\/h3>\n<p><strong>Se es empresa ou asesor laboral<\/strong><br \/>\nRealiza, facilmente, os teus tr\u00e1mites habituais. Cubre partes de accidente de traballo ou informa da asistencia sanitaria dun traballador nos nosos centros.<\/p>\n<div class=\"br-del\"><!-- HTML comment --><\/div>\n<p><strong>Se es traballador protexido<\/strong><br \/>\nConsulta os teus datos, accede aos teus informes m\u00e9dicos ou comproba os teus recibos, mentres est\u00e1s de baixa.<\/p>\n<h4>\u00bfInda non tes acceso \u00e1 oficina virtual?<\/h4>\n<p>Se es traballador e disp\u00f3s de DNI electr\u00f3nico, podes facelo directamente.<br \/>\nSe non, podes pedir acceso no centro asistencial que te\u00f1as m\u00e1is preto ou cubrir:<\/p>\n<p><a href=\"\/registrate-en-asepeyo-oficina-virtual\/\">Solicitude de acceso\u00a0<\/a><\/p>\n<h3 id=\"asepeyo-empresas\">App Mi Asepeyo<\/h3>\n<div class=\"grid-30 prefix-10 tablet-grid-30 tablet-prefix-10 hide-on-mobile\"><img decoding=\"async\" src=\"https:\/\/www.asepeyo.es\/wp-content\/uploads\/app-mi-asepeyo-pantalla-146x300.png\" alt=\"\"\/><\/div>\n<div class=\"grid-60 tablet-grid-60 mobile-grid-100\">\n<p class=\"empty\">Se es un traballador dunha empresa mutualista de Asepeyo, podes xestionar a t\u00faa relaci\u00f3n coa Mutua desde o teu smartphone. Algunhas das s\u00faas funcionalidades m\u00e1is sobresa\u00edntes son o acceso a informes sanitarios, de ata 5 anos de antig\u00fcidade, e o acceso \u00e1 t\u00faa axenda m\u00e9dica. Tam\u00e9n podes personalizar as alertas de citaci\u00f3ns m\u00e9dicas e acceder ao seguimento do teu tratamento de rehabilitaci\u00f3n.<\/p>\n<div class=\"grid-100 align-center\">\n<p class=\"align-center\">Descarga aqu\u00ed a app:<\/p>\n<div class=\"grid-50 tablet-grid-50 align-center\"><a href=\"https:\/\/itunes.apple.com\/es\/app\/mi-asepeyo\/id1303697850\" target=\"_blank\" rel=\"noopener noreferrer\"><img decoding=\"async\" class=\"alignleft\" src=\"\/wp-content\/uploads\/app-store.png\" alt=\"\" \/><\/a><\/div>\n<div class=\"grid-50 tablet-grid-50 align-center\"><a href=\"https:\/\/play.google.com\/store\/apps\/details?id=com.asepeyo.asepeyousuarios\" target=\"_blank\" rel=\"noopener noreferrer\"><img decoding=\"async\" class=\"alignleft\" src=\"\/wp-content\/uploads\/google-play.png\" alt=\"\" \/><\/a><\/div>\n<\/div>\n<\/div>\n<h3>An\u00e1lise Din\u00e1mica de Datos<\/h3>\n<p>As empresas cun n\u00famero elevado de traballadores precisan un sistema de xesti\u00f3n da s\u00faa sinistralidade e absentismo. Se pertences a un departamento de RRHH ou Prevenci\u00f3n, e a t\u00faa empresa \u00e9 mutualista de Asepeyo, con esta app de\u00a0<em>Business Intelligence<\/em>\u00a0podes realizar, en tempo real, o diagn\u00f3stico da sa\u00fade da t\u00faa empresa. Tam\u00e9n podes interactuar, directamente, co informe corporativo de empresas e agrupar os datos que precises, para axilizar a toma de decisi\u00f3ns.<\/p>\n<div class=\"titulo\">\n<h2>Novas infraestruturas<\/h2>\n<p><span class=\"titulo-subtitulo\">Melloramos a t\u00faa experiencia de usuario<\/span><\/p>\n<\/div>\n<div class=\"grid-100 align-center\">\n<p><img loading=\"lazy\" decoding=\"async\" src=\"https:\/\/www.asepeyo.es\/wp-content\/uploads\/firma-biometrica-asepeyo.jpg\" alt=\"\" width=\"900\" height=\"600\" \/><\/p>\n<\/div>\n<h3>Carteler\u00eda Dixital<\/h3>\n<p>Queremos manterte sempre informado. Ter\u00e1s acceso \u00e1 nosa informaci\u00f3n m\u00e1is destacada, desde os nosos hospitais e en todos os nosos centros asistenciais.<\/p>\n<h3>Wifi<\/h3>\n<p>En todas as nosas instalaci\u00f3ns dispor\u00e1s de Internet, a trav\u00e9s da wifi corporativa. S\u00f3 ter\u00e1s que rexistrarte unha vez e o teu acceso servirache para calquera centro. Todo de forma autom\u00e1tica e segura.<\/p>\n<h3>Sinatura biom\u00e9trica mediante tableta dixital<\/h3>\n<p>Queremos relacionarnos contigo de forma pr\u00e1ctica e sinxela, abandonando o uso do papel. Os nosos departamentos de admisi\u00f3n realizar\u00e1n todas as t\u00faas xesti\u00f3ns, coa axuda do noso sistema corporativo de sinatura biom\u00e9trica.<\/p>\n<div class=\"titulo\">\n<h2>O noso modelo dixital Asepeyo live<\/h2>\n<\/div>\n<p>Asepeyo live \u00e9 o noso modelo de transformaci\u00f3n dixital co que propo\u00f1emos unha nova maneira de prestar os servizos da Mutua. Temos en marcha m\u00e1is de 40 proxectos de dixitalizaci\u00f3n, nos que o cliente \u00e9 o protagonista. Con n\u00f3s poder\u00e1s vivir a nosa transformaci\u00f3n en primeira persoa.<\/p>\n","protected":false},"excerpt":{"rendered":"","protected":false},"author":2,"featured_media":64624,"parent":0,"menu_order":0,"comment_status":"closed","ping_status":"closed","template":"","meta":{"_acf_changed":false,"generate_page_header":"","footnotes":""},"class_list":["post-64621","page","type-page","status-publish","has-post-thumbnail"],"acf":[],"yoast_head":"<!-- This site is optimized with the Yoast SEO plugin v27.4 - https:\/\/yoast.com\/product\/yoast-seo-wordpress\/ -->\n<title>Tecnolox\u00eda, innovaci\u00f3n e o seu impacto nos nosos servizos - Asepeyo<\/title>\n<meta name=\"description\" content=\"Desde calquera punto e desde calquera dispositivo, sempre estamos contigo. Con Asepeyo live estamos dispo\u00f1\u00edbeis as 24 horas do d\u00eda, os 365 d\u00edas do ano.\" \/>\n<meta name=\"robots\" content=\"index, follow, max-snippet:-1, max-image-preview:large, max-video-preview:-1\" \/>\n<link rel=\"canonical\" href=\"https:\/\/www.asepeyo.es\/gl\/tecnologia-innovacion\/\" \/>\n<meta property=\"og:locale\" content=\"gl_ES\" \/>\n<meta property=\"og:type\" content=\"article\" \/>\n<meta property=\"og:title\" content=\"Tecnolox\u00eda, innovaci\u00f3n e o seu impacto nos nosos servizos - Asepeyo\" \/>\n<meta property=\"og:description\" content=\"Desde calquera punto e desde calquera dispositivo, sempre estamos contigo. Con Asepeyo live estamos dispo\u00f1\u00edbeis as 24 horas do d\u00eda, os 365 d\u00edas do ano.\" \/>\n<meta property=\"og:url\" content=\"https:\/\/www.asepeyo.es\/gl\/tecnologia-innovacion\/\" \/>\n<meta property=\"og:site_name\" content=\"Asepeyo\" \/>\n<meta property=\"article:publisher\" content=\"https:\/\/es-es.facebook.com\/Asepeyo\/\" \/>\n<meta property=\"article:modified_time\" content=\"2024-07-23T17:20:23+00:00\" \/>\n<meta property=\"og:image\" content=\"https:\/\/www.asepeyo.es\/wp-content\/uploads\/tecnologa-inovacion-alter-g-asepeyo.jpg\" \/>\n\t<meta property=\"og:image:width\" content=\"1838\" \/>\n\t<meta property=\"og:image:height\" content=\"1075\" \/>\n\t<meta property=\"og:image:type\" content=\"image\/jpeg\" \/>\n<meta name=\"twitter:card\" content=\"summary_large_image\" \/>\n<meta name=\"twitter:site\" content=\"@Asepeyo\" \/>\n<meta name=\"twitter:label1\" content=\"Tempo de lectura\" \/>\n\t<meta name=\"twitter:data1\" content=\"8 minutos\" \/>\n<script type=\"application\/ld+json\" class=\"yoast-schema-graph\">{\"@context\":\"https:\\\/\\\/schema.org\",\"@graph\":[{\"@type\":\"WebPage\",\"@id\":\"https:\\\/\\\/www.asepeyo.es\\\/gl\\\/tecnologia-innovacion\\\/\",\"url\":\"https:\\\/\\\/www.asepeyo.es\\\/gl\\\/tecnologia-innovacion\\\/\",\"name\":\"Tecnolox\u00eda, innovaci\u00f3n e o seu impacto nos nosos servizos - Asepeyo\",\"isPartOf\":{\"@id\":\"https:\\\/\\\/www.asepeyo.es\\\/gl\\\/#website\"},\"primaryImageOfPage\":{\"@id\":\"https:\\\/\\\/www.asepeyo.es\\\/gl\\\/tecnologia-innovacion\\\/#primaryimage\"},\"image\":{\"@id\":\"https:\\\/\\\/www.asepeyo.es\\\/gl\\\/tecnologia-innovacion\\\/#primaryimage\"},\"thumbnailUrl\":\"https:\\\/\\\/www.asepeyo.es\\\/wp-content\\\/uploads\\\/tecnologa-inovacion-alter-g-asepeyo.jpg\",\"datePublished\":\"2018-03-13T16:21:24+00:00\",\"dateModified\":\"2024-07-23T17:20:23+00:00\",\"description\":\"Desde calquera punto e desde calquera dispositivo, sempre estamos contigo. Con Asepeyo live estamos dispo\u00f1\u00edbeis as 24 horas do d\u00eda, os 365 d\u00edas do ano.\",\"breadcrumb\":{\"@id\":\"https:\\\/\\\/www.asepeyo.es\\\/gl\\\/tecnologia-innovacion\\\/#breadcrumb\"},\"inLanguage\":\"gl-ES\",\"potentialAction\":[{\"@type\":\"ReadAction\",\"target\":[\"https:\\\/\\\/www.asepeyo.es\\\/gl\\\/tecnologia-innovacion\\\/\"]}]},{\"@type\":\"ImageObject\",\"inLanguage\":\"gl-ES\",\"@id\":\"https:\\\/\\\/www.asepeyo.es\\\/gl\\\/tecnologia-innovacion\\\/#primaryimage\",\"url\":\"https:\\\/\\\/www.asepeyo.es\\\/wp-content\\\/uploads\\\/tecnologa-inovacion-alter-g-asepeyo.jpg\",\"contentUrl\":\"https:\\\/\\\/www.asepeyo.es\\\/wp-content\\\/uploads\\\/tecnologa-inovacion-alter-g-asepeyo.jpg\",\"width\":1838,\"height\":1075},{\"@type\":\"BreadcrumbList\",\"@id\":\"https:\\\/\\\/www.asepeyo.es\\\/gl\\\/tecnologia-innovacion\\\/#breadcrumb\",\"itemListElement\":[{\"@type\":\"ListItem\",\"position\":1,\"name\":\"Inicio\",\"item\":\"https:\\\/\\\/www.asepeyo.es\\\/gl\\\/\"},{\"@type\":\"ListItem\",\"position\":2,\"name\":\"Tecnolox\u00eda, innovaci\u00f3n e o seu impacto nos nosos servizos\"}]},{\"@type\":\"WebSite\",\"@id\":\"https:\\\/\\\/www.asepeyo.es\\\/gl\\\/#website\",\"url\":\"https:\\\/\\\/www.asepeyo.es\\\/gl\\\/\",\"name\":\"Asepeyo\",\"description\":\"Mutua de accidentes de trabajo 151\",\"publisher\":{\"@id\":\"https:\\\/\\\/www.asepeyo.es\\\/gl\\\/#organization\"},\"potentialAction\":[{\"@type\":\"SearchAction\",\"target\":{\"@type\":\"EntryPoint\",\"urlTemplate\":\"https:\\\/\\\/www.asepeyo.es\\\/gl\\\/?s={search_term_string}\"},\"query-input\":{\"@type\":\"PropertyValueSpecification\",\"valueRequired\":true,\"valueName\":\"search_term_string\"}}],\"inLanguage\":\"gl-ES\"},{\"@type\":\"Organization\",\"@id\":\"https:\\\/\\\/www.asepeyo.es\\\/gl\\\/#organization\",\"name\":\"Asepeyo\",\"url\":\"https:\\\/\\\/www.asepeyo.es\\\/gl\\\/\",\"logo\":{\"@type\":\"ImageObject\",\"inLanguage\":\"gl-ES\",\"@id\":\"https:\\\/\\\/www.asepeyo.es\\\/gl\\\/#\\\/schema\\\/logo\\\/image\\\/\",\"url\":\"https:\\\/\\\/www.asepeyo.es\\\/wp-content\\\/uploads\\\/logo-asepeyo-web-azul.png\",\"contentUrl\":\"https:\\\/\\\/www.asepeyo.es\\\/wp-content\\\/uploads\\\/logo-asepeyo-web-azul.png\",\"width\":350,\"height\":55,\"caption\":\"Asepeyo\"},\"image\":{\"@id\":\"https:\\\/\\\/www.asepeyo.es\\\/gl\\\/#\\\/schema\\\/logo\\\/image\\\/\"},\"sameAs\":[\"https:\\\/\\\/es-es.facebook.com\\\/Asepeyo\\\/\",\"https:\\\/\\\/x.com\\\/Asepeyo\",\"https:\\\/\\\/www.instagram.com\\\/asepeyo\\\/?hl=es\",\"https:\\\/\\\/es.linkedin.com\\\/company\\\/asepeyo\",\"https:\\\/\\\/www.youtube.com\\\/channel\\\/UC42Ipj44IKKTITQ2HNoLmSQ\"]}]}<\/script>\n<!-- \/ Yoast SEO plugin. -->","yoast_head_json":{"title":"Tecnolox\u00eda, innovaci\u00f3n e o seu impacto nos nosos servizos - Asepeyo","description":"Desde calquera punto e desde calquera dispositivo, sempre estamos contigo. Con Asepeyo live estamos dispo\u00f1\u00edbeis as 24 horas do d\u00eda, os 365 d\u00edas do ano.","robots":{"index":"index","follow":"follow","max-snippet":"max-snippet:-1","max-image-preview":"max-image-preview:large","max-video-preview":"max-video-preview:-1"},"canonical":"https:\/\/www.asepeyo.es\/gl\/tecnologia-innovacion\/","og_locale":"gl_ES","og_type":"article","og_title":"Tecnolox\u00eda, innovaci\u00f3n e o seu impacto nos nosos servizos - Asepeyo","og_description":"Desde calquera punto e desde calquera dispositivo, sempre estamos contigo. Con Asepeyo live estamos dispo\u00f1\u00edbeis as 24 horas do d\u00eda, os 365 d\u00edas do ano.","og_url":"https:\/\/www.asepeyo.es\/gl\/tecnologia-innovacion\/","og_site_name":"Asepeyo","article_publisher":"https:\/\/es-es.facebook.com\/Asepeyo\/","article_modified_time":"2024-07-23T17:20:23+00:00","og_image":[{"width":1838,"height":1075,"url":"https:\/\/www.asepeyo.es\/wp-content\/uploads\/tecnologa-inovacion-alter-g-asepeyo.jpg","type":"image\/jpeg"}],"twitter_card":"summary_large_image","twitter_site":"@Asepeyo","twitter_misc":{"Tempo de lectura":"8 minutos"},"schema":{"@context":"https:\/\/schema.org","@graph":[{"@type":"WebPage","@id":"https:\/\/www.asepeyo.es\/gl\/tecnologia-innovacion\/","url":"https:\/\/www.asepeyo.es\/gl\/tecnologia-innovacion\/","name":"Tecnolox\u00eda, innovaci\u00f3n e o seu impacto nos nosos servizos - Asepeyo","isPartOf":{"@id":"https:\/\/www.asepeyo.es\/gl\/#website"},"primaryImageOfPage":{"@id":"https:\/\/www.asepeyo.es\/gl\/tecnologia-innovacion\/#primaryimage"},"image":{"@id":"https:\/\/www.asepeyo.es\/gl\/tecnologia-innovacion\/#primaryimage"},"thumbnailUrl":"https:\/\/www.asepeyo.es\/wp-content\/uploads\/tecnologa-inovacion-alter-g-asepeyo.jpg","datePublished":"2018-03-13T16:21:24+00:00","dateModified":"2024-07-23T17:20:23+00:00","description":"Desde calquera punto e desde calquera dispositivo, sempre estamos contigo. Con Asepeyo live estamos dispo\u00f1\u00edbeis as 24 horas do d\u00eda, os 365 d\u00edas do ano.","breadcrumb":{"@id":"https:\/\/www.asepeyo.es\/gl\/tecnologia-innovacion\/#breadcrumb"},"inLanguage":"gl-ES","potentialAction":[{"@type":"ReadAction","target":["https:\/\/www.asepeyo.es\/gl\/tecnologia-innovacion\/"]}]},{"@type":"ImageObject","inLanguage":"gl-ES","@id":"https:\/\/www.asepeyo.es\/gl\/tecnologia-innovacion\/#primaryimage","url":"https:\/\/www.asepeyo.es\/wp-content\/uploads\/tecnologa-inovacion-alter-g-asepeyo.jpg","contentUrl":"https:\/\/www.asepeyo.es\/wp-content\/uploads\/tecnologa-inovacion-alter-g-asepeyo.jpg","width":1838,"height":1075},{"@type":"BreadcrumbList","@id":"https:\/\/www.asepeyo.es\/gl\/tecnologia-innovacion\/#breadcrumb","itemListElement":[{"@type":"ListItem","position":1,"name":"Inicio","item":"https:\/\/www.asepeyo.es\/gl\/"},{"@type":"ListItem","position":2,"name":"Tecnolox\u00eda, innovaci\u00f3n e o seu impacto nos nosos servizos"}]},{"@type":"WebSite","@id":"https:\/\/www.asepeyo.es\/gl\/#website","url":"https:\/\/www.asepeyo.es\/gl\/","name":"Asepeyo","description":"Mutua de accidentes de trabajo 151","publisher":{"@id":"https:\/\/www.asepeyo.es\/gl\/#organization"},"potentialAction":[{"@type":"SearchAction","target":{"@type":"EntryPoint","urlTemplate":"https:\/\/www.asepeyo.es\/gl\/?s={search_term_string}"},"query-input":{"@type":"PropertyValueSpecification","valueRequired":true,"valueName":"search_term_string"}}],"inLanguage":"gl-ES"},{"@type":"Organization","@id":"https:\/\/www.asepeyo.es\/gl\/#organization","name":"Asepeyo","url":"https:\/\/www.asepeyo.es\/gl\/","logo":{"@type":"ImageObject","inLanguage":"gl-ES","@id":"https:\/\/www.asepeyo.es\/gl\/#\/schema\/logo\/image\/","url":"https:\/\/www.asepeyo.es\/wp-content\/uploads\/logo-asepeyo-web-azul.png","contentUrl":"https:\/\/www.asepeyo.es\/wp-content\/uploads\/logo-asepeyo-web-azul.png","width":350,"height":55,"caption":"Asepeyo"},"image":{"@id":"https:\/\/www.asepeyo.es\/gl\/#\/schema\/logo\/image\/"},"sameAs":["https:\/\/es-es.facebook.com\/Asepeyo\/","https:\/\/x.com\/Asepeyo","https:\/\/www.instagram.com\/asepeyo\/?hl=es","https:\/\/es.linkedin.com\/company\/asepeyo","https:\/\/www.youtube.com\/channel\/UC42Ipj44IKKTITQ2HNoLmSQ"]}]}},"_links":{"self":[{"href":"https:\/\/www.asepeyo.es\/gl\/wp-json\/wp\/v2\/pages\/64621","targetHints":{"allow":["GET"]}}],"collection":[{"href":"https:\/\/www.asepeyo.es\/gl\/wp-json\/wp\/v2\/pages"}],"about":[{"href":"https:\/\/www.asepeyo.es\/gl\/wp-json\/wp\/v2\/types\/page"}],"author":[{"embeddable":true,"href":"https:\/\/www.asepeyo.es\/gl\/wp-json\/wp\/v2\/users\/2"}],"replies":[{"embeddable":true,"href":"https:\/\/www.asepeyo.es\/gl\/wp-json\/wp\/v2\/comments?post=64621"}],"version-history":[{"count":19,"href":"https:\/\/www.asepeyo.es\/gl\/wp-json\/wp\/v2\/pages\/64621\/revisions"}],"predecessor-version":[{"id":1486318,"href":"https:\/\/www.asepeyo.es\/gl\/wp-json\/wp\/v2\/pages\/64621\/revisions\/1486318"}],"wp:featuredmedia":[{"embeddable":true,"href":"https:\/\/www.asepeyo.es\/gl\/wp-json\/wp\/v2\/media\/64624"}],"wp:attachment":[{"href":"https:\/\/www.asepeyo.es\/gl\/wp-json\/wp\/v2\/media?parent=64621"}],"curies":[{"name":"wp","href":"https:\/\/api.w.org\/{rel}","templated":true}]}}