{"id":64606,"date":"2017-07-05T21:10:01","date_gmt":"2017-07-05T21:10:01","guid":{"rendered":"https:\/\/www.asepeyo.es\/?page_id=64606"},"modified":"2024-11-04T12:31:13","modified_gmt":"2024-11-04T11:31:13","slug":"seguridad-laboral","status":"publish","type":"page","link":"https:\/\/www.asepeyo.es\/gl\/seguridad-laboral\/","title":{"rendered":"Prevenci\u00f3n de riesgos laborales"},"content":{"rendered":"<div class=\"titulo\">\n<h2>Profesionais e recursos t\u00e9cnicos<\/h2>\n<\/div>\n<p>En Asepeyo estamos comprometidos coa prevenci\u00f3n. Queremos que as nosas empresas mutualistas reduzan a sinistralidade laboral e, para iso, fomentamos unha cultura preventiva.<\/p>\n<p>Av\u00e1lannos 45 anos de co\u00f1ecementos e experiencia, os mellores consultores de prevenci\u00f3n e recursos t\u00e9cnicos altamente especializados.<\/p>\n<p>As nosas actuaci\u00f3ns bas\u00e9anse no rigor e no absoluto cumprimento da normativa. Ao longo da nosa traxectoria destacamos por seguir as directrices que establece anualmente o\u00a0\u00a0<a href=\"https:\/\/prevencion.asepeyo.es\/acciones-preventivas\/plan-de-actividades-preventivas\/\" target=\"_blank\" rel=\"noopener noreferrer\">Plan Xeral de Actividades Preventivas<\/a>.<\/p>\n<p>Estas actividades son prestaci\u00f3ns a favor dos empresarios e dos seus traballadores, que non xeran dereitos subxectivos, dirixidas a asistir aos mesmos no control e, no seu caso, reduci\u00f3n dos accidentes de traballo e das enfermidades profesionais. Corresponde \u00e1 Secretar\u00eda de Estado da Seguridade Social establecer a planificaci\u00f3n peri\u00f3dica das actividades, os seus criterios, contido e orde de preferencia.<\/p>\n<p>\u00c9 por isto, que a nosa actividade en materia preventiva, descrita no seguinte apartado, adaptarase en todo momento ao establecido no Plan Xeral de Actividades Preventivas.<\/p>\n<div class=\"grid-70 prefix-15 suffix-15 mobile-100 pt3\"><img loading=\"lazy\" decoding=\"async\" width=\"900\" height=\"600\" class=\"alignnone size-medium wp-image-56393\" src=\"\/wp-content\/uploads\/profesionales-en-prevencion.jpg\" alt=\"\" srcset=\"https:\/\/www.asepeyo.es\/wp-content\/uploads\/profesionales-en-prevencion.jpg 900w, https:\/\/www.asepeyo.es\/wp-content\/uploads\/profesionales-en-prevencion-300x200.jpg 300w, https:\/\/www.asepeyo.es\/wp-content\/uploads\/profesionales-en-prevencion-768x512.jpg 768w\" sizes=\"auto, (max-width: 900px) 100vw, 900px\" \/><\/div>\n<div class=\"grid-70 prefix-20 tablet-grid-75 tablet-prefix-25 mobile-grid-100\">\n<div class=\"titulo\">\n<h2>Nova plataforma e-learning de prevenci\u00f3n<\/h2>\n<\/div>\n<p>Explic\u00e1mosche como sensibilizar en prevenci\u00f3n e promocionar a sa\u00fade mental e f\u00edsica, cun acceso seguro, sinxelo e personalizado a trav\u00e9s de Asepeyo Oficina Virtual.<br \/>\nContamos cunha oferta de contidos en temas como igualdade, acoso, sa\u00fade mental, seguridade viaria, e actividades empresariais e riscos espec\u00edficos.<br \/>\n<a href=\"https:\/\/prevencion.asepeyo.es\/e-learning\/\" target=\"_blank\" rel=\"noopener\">Accede ao cat\u00e1logo e-learning<\/a> do Portal de prevenci\u00f3n de Asepeyo e desc\u00fabreos.<\/p>\n<div class=\"d-flex justify-content-center mb-5\"><iframe loading=\"lazy\" width=\"560\" height=\"315\" src=\"https:\/\/www.youtube.com\/embed\/fVuNGakfQGo?si=q1UzpOolPmYPwNzQ\" title=\"YouTube video player\" frameborder=\"0\" allow=\"accelerometer; autoplay; clipboard-write; encrypted-media; gyroscope; picture-in-picture; web-share\" referrerpolicy=\"strict-origin-when-cross-origin\" allowfullscreen><\/iframe><\/div>\n<\/div>\n<p>Para m\u00e1is informaci\u00f3n:<\/p>\n<div class=\"align-center\"><a href=\"https:\/\/prevencion.asepeyo.es\/e-learning\/\"><button class=\"boton-azul\">Presentaci\u00f3n plataforma e-learning<\/button><\/a><\/div>\n<div class=\"titulo\">\n<h2>Melloramos a prevenci\u00f3n de maneira diferente<\/h2>\n<\/div>\n<p>Buscamos o xeito de ofrecerche un servizo diferente, po\u00f1endo \u00e1 t\u00faa disposici\u00f3n a m\u00e1is de 80 profesionais que resolver\u00e1n todas as t\u00faas d\u00fabidas. A \u00faltima <a href=\"\/tecnologia-innovacion\/#Tecnologia_y_prevencion\">tecnolox\u00eda<\/a> \u00e1 t\u00faa disposici\u00f3n.<\/p>\n<div class=\"grid-50 mobile-grid-100 content-txt\">\n<h3>Tecnolox\u00eda aplicada \u00e1 prevenci\u00f3n<\/h3>\n<p>Empregamos a \u00faltima tecnolox\u00eda aplicada \u00e1 prevenci\u00f3n, como a realidade virtual para evitar as ca\u00eddas de altura, o uso de drons para reducir a sinistralidade laboral, simuladores de conduci\u00f3n para previr accidentes ou proxectos de reproduci\u00f3n de ambientes ac\u00fasticos que permiten avaliar o ru\u00eddo en ambientes de traballo.<\/p>\n<div class=\"grid-100 mt5 \"><a class=\"asepeyo-blue4 link ba pv3 ph4 mt5 hover-shadow fw6 f5 maven align-right\" href=\"\/tecnologia-innovacion\/#Tecnologia_y_prevencion\" target=\"_blank\" rel=\"noopener noreferrer\">Co\u00f1ece m\u00e1is<\/a><\/div>\n<\/div>\n<div class=\"grid-50 mobile-grid-100 align-right content-img\"><img loading=\"lazy\" decoding=\"async\" class=\"alignnone size-full wp-image-56395\" src=\"https:\/\/www.asepeyo.es\/wp-content\/uploads\/dron-tecnologia-prevencion.png\" alt=\"\" width=\"500\" height=\"356\" srcset=\"https:\/\/www.asepeyo.es\/wp-content\/uploads\/dron-tecnologia-prevencion.png 500w, https:\/\/www.asepeyo.es\/wp-content\/uploads\/dron-tecnologia-prevencion-300x214.png 300w\" sizes=\"auto, (max-width: 500px) 100vw, 500px\" \/><\/div>\n<p>Ademais, como sabemos o importante que \u00e9 a prevenci\u00f3n, premiamos e difundimos as mellores pr\u00e1cticas preventivas co obxectivo de compartir experiencias para mellorar a seguridade laboral das empresas.<\/p>\n<div class=\"grid-container flex\">\n<div class=\"grid-50 flex flex-column items-center align-center mobile-grid-100 pv5\">\n<div class=\"flex justify-center items-center\">\n<div class=\"bg-asepeyo4 big-box-shadow br-100 content-icon flex align-center\"><img decoding=\"async\" src=\"https:\/\/www.asepeyo.es\/wp-content\/uploads\/icono-auditoria-prevencion.png\" alt=\"\" \/><\/div>\n<\/div>\n<h6 class=\"f3 mv0 pt4 pb3 b\">Consultor\u00eda personalizada<\/h6>\n<p class=\"lh-copy measure-narrow center f5 o-90 pb3 ph3 flex-grow-1\" style=\"width: 100%;\">Asesoramos \u00e1s nosas empresas de forma personalizada.<\/p>\n<p><a class=\"asepeyo-blue4 link ba pv3 ph4 hover-shadow fw6 f5 maven\" href=\"https:\/\/prevencion.asepeyo.es\/servicios\/consultoria\/\" target=\"_blank\" rel=\"noopener noreferrer\">Fai a t\u00faa pregunta<\/a><\/p>\n<\/div>\n<div class=\"grid-50 flex flex-column items-center align-center mobile-grid-100 b--grey pv5\">\n<div class=\"flex justify-center items-center\">\n<div class=\"bg-asepeyo4 big-box-shadow br-100 content-icon flex align-center\"><img decoding=\"async\" src=\"\/wp-content\/uploads\/icono-premios-asepeyo-prevencion.png\" alt=\"\" \/><\/div>\n<\/div>\n<h6 class=\"f3 mv0 pt4 pb3 b\">Premios Asepeyo<\/h6>\n<p class=\"lh-copy measure-narrow center f5 o-90 pb3 ph3 flex-grow-1\" style=\"width: 100%;\">Pres\u00e9ntate aos Premios Asepeyo \u00e1s mellores pr\u00e1cticas preventivas<\/p>\n<p><a class=\"asepeyo-blue4 link ba pv3 ph4 hover-shadow fw6 f5 maven\" href=\"\/premios-mejores-practicas-prevencion\/\">\u00a1An\u00edmate a participar!<\/a><\/p>\n<\/div>\n<\/div>\n<div class=\"titulo\">\n<h2>Informaci\u00f3n e sensibilizaci\u00f3n<\/h2>\n<\/div>\n<div class=\"grid-50 mobile-grid-100 content-txt\">Promovemos a prevenci\u00f3n de riscos laborais como eixo central das decisi\u00f3ns das nosas empresas mutualistas. Ofrec\u00e9mosche un amplio cat\u00e1logo de acci\u00f3ns informativas, dirixido \u00e1s persoas que te\u00f1an asignadas funci\u00f3ns preventivas na t\u00faa empresa, sobre as que pretendemos mellorar as s\u00faas habilidades e co\u00f1ecementos. Axud\u00e1mosche a fomentar un cambio de actitude, tal como establece o Plan Xeral de Actividades Preventivas, aprobado anualmente pola Secretar\u00eda de Estado da Seguridade Social.<\/div>\n<div class=\"grid-50 mobile-grid-100 content-txt\"><img loading=\"lazy\" decoding=\"async\" class=\"alignnone size-full wp-image-53044\" src=\"https:\/\/www.asepeyo.es\/wp-content\/uploads\/asepeyo-formacion-prevencion-de-riegos.jpg\" alt=\"\" width=\"900\" height=\"600\" \/><\/div>\n<div class=\"grid-100 mobile-grid-100 content-txt\">\n<hr \/>\n<p>As acci\u00f3ns que te propo\u00f1emos son moi pr\u00e1cticas e adaptables a todas as situaci\u00f3ns: presencial, semipresencial e\u00a0\u00a0<em>on line<\/em>. Empregamos para a versi\u00f3n\u00a0\u00a0<em>on line<\/em>\u00a0\u00a0unha\u00a0\u00a0<a href=\"http:\/\/www.formacionsh.asepeyo.es\/SH\" target=\"_blank\" rel=\"noopener noreferrer\">plataforma especializada de e-learning<\/a>.<\/p>\n<p><a href=\"https:\/\/prevencion.asepeyo.es\/acciones-preventivas\/talleres-sensibilizacion\/\" target=\"_blank\" rel=\"noopener noreferrer\">Calendario de acci\u00f3ns de informaci\u00f3n e sensibilizaci\u00f3n para o ano en curso<\/a>.<\/p>\n<\/div>\n<div class=\"titulo\">\n<h2>Campa\u00f1as de concienciaci\u00f3n<\/h2>\n<\/div>\n<h3>Nova campa\u00f1a: A prevenci\u00f3n dos riscos psicosociais, unha oportunidade para unha empresa con futuro<\/h3>\n<p>Os riscos psicosociais e o estr\u00e9s laboral at\u00f3panse entre os problemas que m\u00e1is dificultades presentan no \u00e1mbito da seguridade e da sa\u00fade no traballo. Os problemas psicosociais supo\u00f1en un custo elevado para as empresas e a sociedade da Uni\u00f3n Europea, e o estr\u00e9s \u00e9 o segundo problema de sa\u00fade laboral m\u00e1is frecuente en Espa\u00f1a.<\/p>\n<hr \/>\n<div class=\"videoWrapper\"><iframe src=\"https:\/\/www.youtube.com\/embed\/CIoYnGUkV_Q\" frameborder=\"0\" allowfullscreen=\"allowfullscreen\"><\/iframe><\/div>\n<hr \/>\n<div class=\"align-center\"><a href=\"https:\/\/prevencion.asepeyo.es\/acciones-preventivas\/campanas-prevencion\/prevencion-riesgos-psicosociales\/\"><button class=\"boton-azul\">Nova campa\u00f1a sobre riscos psicosociais<\/button><\/a><\/div>\n<hr \/>\n<p>Co\u00f1ece outras campa\u00f1as que dese\u00f1amos de acordo co establecido no Plan Xeral de Actividades Preventivas da Seguridade Social elaborado polo Ministerio de Emprego, Migraci\u00f3ns e Seguridade Social.<\/p>\n<div class=\"\">\n<ul>\n<li><a href=\"https:\/\/prevencion.asepeyo.es\/acciones-preventivas\/campanas-prevencion\/caidas-altura\/\">Ca\u00eddas de altura, un risco en todas as empresas<\/a><\/li>\n<li><a href=\"https:\/\/prevencion.asepeyo.es\/acciones-preventivas\/campanas-prevencion\/guias-sensibilizacion-prevencion-sector-hosteleria\/\">Gu\u00edas de sensibilizaci\u00f3n en prevenci\u00f3n no sector da hostaler\u00eda<\/a><\/li>\n<li><a href=\"https:\/\/prevencion.asepeyo.es\/acciones-preventivas\/campanas-prevencion\/prevencion-extincion-incendios\/\">Prevenci\u00f3n e extinci\u00f3n de incendios<\/a><\/li>\n<li><a href=\"https:\/\/prevencion.asepeyo.es\/acciones-preventivas\/campanas-prevencion\/protegete-sol-trabajo\/\">Prot\u00e9xete do sol, tam\u00e9n no traballo<\/a><\/li>\n<\/ul>\n<\/div>\n<div class=\"titulo\">\n<h2>Sistema de incentivos para a prevenci\u00f3n &#8220;Bonus\u201d<\/h2>\n<\/div>\n<p>El sistema de incentivos para la prevenci\u00f3n bonus permite reducir las cotizaciones por contingencias profesionales a las empresas hayan disminuido de manera considerable la siniestralidad laboral y hayan realizado actuaciones efectivas en la prevenci\u00f3n de los accidentes de trabajo y enfermedades profesionales.<\/p>\n<p>P\u00f3dese solicitar cada ano, se se cumpren uns requirimentos de cotizaci\u00f3n, se se mante\u00f1en uns niveis de sinistralidade por debaixo dos l\u00edmites establecidos, e se se levan a cabo certas actuaci\u00f3ns preventivas b\u00e1sicas, pod\u00e9ndose incrementar a cont\u00eda deste incentivo se se acometeron investimentos en prevenci\u00f3n no ano anterior ao da presentaci\u00f3n da solicitude, denominado \u201cper\u00edodo de observaci\u00f3n\u201d.<\/p>\n<div class=\"videoWrapper\"><iframe src=\"https:\/\/www.youtube.com\/embed\/MQQYDO03Yn4\" width=\"100%\" frameborder=\"0\" allowfullscreen=\"allowfullscreen\"><\/iframe><\/div>\n<p>Os nosos consultores de prevenci\u00f3n asesorarante nas xesti\u00f3ns necesarias para a solicitude do incentivo Bonus, que che axudar\u00e1 a seguir investindo en prevenci\u00f3n.<\/p>\n<div class=\"align-center\"><a href=\"https:\/\/prevencion.asepeyo.es\/servicios\/bonus-sistema-incentivos-la-prevencion\/\"><button class=\"boton-azul\">Conoce en detalle qu\u00e9 es el Bonus<\/button><\/a><\/div>\n<div class=\"titulo\">\n<h2>Portal de prevenci\u00f3n<\/h2>\n<\/div>\n<p>Se queres saber m\u00e1is dos servizos que ofrecemos en prevenci\u00f3n de riscos laborais, entra no noso portal especializado. Al\u00ed atopar\u00e1s, entre outros, m\u00e1is informaci\u00f3n sobre consultor\u00eda e asistencia t\u00e9cnica, formaci\u00f3n, estudos e proxectos, campa\u00f1as, talleres de sensibilizaci\u00f3n, documentaci\u00f3n t\u00e9cnica e aplicaci\u00f3ns.<\/p>\n<div class=\"br-del\"><!-- HTML comment --><\/div>\n<div class=\"align-center\"><a href=\"https:\/\/prevencion.asepeyo.es\"><button class=\"boton-azul\">Portal de prevenci\u00f3n de riesgos laborales<\/button><\/a><\/div>\n","protected":false},"excerpt":{"rendered":"","protected":false},"author":2,"featured_media":64597,"parent":0,"menu_order":0,"comment_status":"closed","ping_status":"closed","template":"","meta":{"_acf_changed":false,"generate_page_header":"","footnotes":""},"class_list":["post-64606","page","type-page","status-publish","has-post-thumbnail"],"acf":[],"yoast_head":"<!-- This site is optimized with the Yoast SEO plugin v27.4 - https:\/\/yoast.com\/product\/yoast-seo-wordpress\/ -->\n<title>Prevenci\u00f3n de riesgos laborales - Asepeyo<\/title>\n<meta name=\"description\" content=\"Queremos que as nosas empresas mutualistas reduzan a sinistralidade laboral e, para iso, fomentamos unha cultura preventiva.\" \/>\n<meta name=\"robots\" content=\"index, follow, max-snippet:-1, max-image-preview:large, max-video-preview:-1\" \/>\n<link rel=\"canonical\" href=\"https:\/\/www.asepeyo.es\/gl\/seguridad-laboral\/\" \/>\n<meta property=\"og:locale\" content=\"gl_ES\" \/>\n<meta property=\"og:type\" content=\"article\" \/>\n<meta property=\"og:title\" content=\"Prevenci\u00f3n de riesgos laborales - Asepeyo\" \/>\n<meta property=\"og:description\" content=\"Queremos que as nosas empresas mutualistas reduzan a sinistralidade laboral e, para iso, fomentamos unha cultura preventiva.\" \/>\n<meta property=\"og:url\" content=\"https:\/\/www.asepeyo.es\/gl\/seguridad-laboral\/\" \/>\n<meta property=\"og:site_name\" content=\"Asepeyo\" \/>\n<meta property=\"article:publisher\" content=\"https:\/\/es-es.facebook.com\/Asepeyo\/\" \/>\n<meta property=\"article:modified_time\" content=\"2024-11-04T11:31:13+00:00\" \/>\n<meta property=\"og:image\" content=\"https:\/\/www.asepeyo.es\/wp-content\/uploads\/seguridad-laboral-croda-asepeyo.jpg\" \/>\n\t<meta property=\"og:image:width\" content=\"500\" \/>\n\t<meta property=\"og:image:height\" content=\"333\" \/>\n\t<meta property=\"og:image:type\" content=\"image\/jpeg\" \/>\n<meta name=\"twitter:card\" content=\"summary_large_image\" \/>\n<meta name=\"twitter:site\" content=\"@Asepeyo\" \/>\n<meta name=\"twitter:label1\" content=\"Tempo de lectura\" \/>\n\t<meta name=\"twitter:data1\" content=\"5 minutos\" \/>\n<script type=\"application\/ld+json\" class=\"yoast-schema-graph\">{\"@context\":\"https:\\\/\\\/schema.org\",\"@graph\":[{\"@type\":\"WebPage\",\"@id\":\"https:\\\/\\\/www.asepeyo.es\\\/gl\\\/seguridad-laboral\\\/\",\"url\":\"https:\\\/\\\/www.asepeyo.es\\\/gl\\\/seguridad-laboral\\\/\",\"name\":\"Prevenci\u00f3n de riesgos laborales - Asepeyo\",\"isPartOf\":{\"@id\":\"https:\\\/\\\/www.asepeyo.es\\\/gl\\\/#website\"},\"primaryImageOfPage\":{\"@id\":\"https:\\\/\\\/www.asepeyo.es\\\/gl\\\/seguridad-laboral\\\/#primaryimage\"},\"image\":{\"@id\":\"https:\\\/\\\/www.asepeyo.es\\\/gl\\\/seguridad-laboral\\\/#primaryimage\"},\"thumbnailUrl\":\"https:\\\/\\\/www.asepeyo.es\\\/wp-content\\\/uploads\\\/seguridad-laboral-croda-asepeyo.jpg\",\"datePublished\":\"2017-07-05T21:10:01+00:00\",\"dateModified\":\"2024-11-04T11:31:13+00:00\",\"description\":\"Queremos que as nosas empresas mutualistas reduzan a sinistralidade laboral e, para iso, fomentamos unha cultura preventiva.\",\"breadcrumb\":{\"@id\":\"https:\\\/\\\/www.asepeyo.es\\\/gl\\\/seguridad-laboral\\\/#breadcrumb\"},\"inLanguage\":\"gl-ES\",\"potentialAction\":[{\"@type\":\"ReadAction\",\"target\":[\"https:\\\/\\\/www.asepeyo.es\\\/gl\\\/seguridad-laboral\\\/\"]}]},{\"@type\":\"ImageObject\",\"inLanguage\":\"gl-ES\",\"@id\":\"https:\\\/\\\/www.asepeyo.es\\\/gl\\\/seguridad-laboral\\\/#primaryimage\",\"url\":\"https:\\\/\\\/www.asepeyo.es\\\/wp-content\\\/uploads\\\/seguridad-laboral-croda-asepeyo.jpg\",\"contentUrl\":\"https:\\\/\\\/www.asepeyo.es\\\/wp-content\\\/uploads\\\/seguridad-laboral-croda-asepeyo.jpg\",\"width\":500,\"height\":333},{\"@type\":\"BreadcrumbList\",\"@id\":\"https:\\\/\\\/www.asepeyo.es\\\/gl\\\/seguridad-laboral\\\/#breadcrumb\",\"itemListElement\":[{\"@type\":\"ListItem\",\"position\":1,\"name\":\"Inicio\",\"item\":\"https:\\\/\\\/www.asepeyo.es\\\/gl\\\/\"},{\"@type\":\"ListItem\",\"position\":2,\"name\":\"Prevenci\u00f3n de riesgos laborales\"}]},{\"@type\":\"WebSite\",\"@id\":\"https:\\\/\\\/www.asepeyo.es\\\/gl\\\/#website\",\"url\":\"https:\\\/\\\/www.asepeyo.es\\\/gl\\\/\",\"name\":\"Asepeyo\",\"description\":\"Mutua de accidentes de trabajo 151\",\"publisher\":{\"@id\":\"https:\\\/\\\/www.asepeyo.es\\\/gl\\\/#organization\"},\"potentialAction\":[{\"@type\":\"SearchAction\",\"target\":{\"@type\":\"EntryPoint\",\"urlTemplate\":\"https:\\\/\\\/www.asepeyo.es\\\/gl\\\/?s={search_term_string}\"},\"query-input\":{\"@type\":\"PropertyValueSpecification\",\"valueRequired\":true,\"valueName\":\"search_term_string\"}}],\"inLanguage\":\"gl-ES\"},{\"@type\":\"Organization\",\"@id\":\"https:\\\/\\\/www.asepeyo.es\\\/gl\\\/#organization\",\"name\":\"Asepeyo\",\"url\":\"https:\\\/\\\/www.asepeyo.es\\\/gl\\\/\",\"logo\":{\"@type\":\"ImageObject\",\"inLanguage\":\"gl-ES\",\"@id\":\"https:\\\/\\\/www.asepeyo.es\\\/gl\\\/#\\\/schema\\\/logo\\\/image\\\/\",\"url\":\"https:\\\/\\\/www.asepeyo.es\\\/wp-content\\\/uploads\\\/logo-asepeyo-web-azul.png\",\"contentUrl\":\"https:\\\/\\\/www.asepeyo.es\\\/wp-content\\\/uploads\\\/logo-asepeyo-web-azul.png\",\"width\":350,\"height\":55,\"caption\":\"Asepeyo\"},\"image\":{\"@id\":\"https:\\\/\\\/www.asepeyo.es\\\/gl\\\/#\\\/schema\\\/logo\\\/image\\\/\"},\"sameAs\":[\"https:\\\/\\\/es-es.facebook.com\\\/Asepeyo\\\/\",\"https:\\\/\\\/x.com\\\/Asepeyo\",\"https:\\\/\\\/www.instagram.com\\\/asepeyo\\\/?hl=es\",\"https:\\\/\\\/es.linkedin.com\\\/company\\\/asepeyo\",\"https:\\\/\\\/www.youtube.com\\\/channel\\\/UC42Ipj44IKKTITQ2HNoLmSQ\"]}]}<\/script>\n<!-- \/ Yoast SEO plugin. -->","yoast_head_json":{"title":"Prevenci\u00f3n de riesgos laborales - Asepeyo","description":"Queremos que as nosas empresas mutualistas reduzan a sinistralidade laboral e, para iso, fomentamos unha cultura preventiva.","robots":{"index":"index","follow":"follow","max-snippet":"max-snippet:-1","max-image-preview":"max-image-preview:large","max-video-preview":"max-video-preview:-1"},"canonical":"https:\/\/www.asepeyo.es\/gl\/seguridad-laboral\/","og_locale":"gl_ES","og_type":"article","og_title":"Prevenci\u00f3n de riesgos laborales - Asepeyo","og_description":"Queremos que as nosas empresas mutualistas reduzan a sinistralidade laboral e, para iso, fomentamos unha cultura preventiva.","og_url":"https:\/\/www.asepeyo.es\/gl\/seguridad-laboral\/","og_site_name":"Asepeyo","article_publisher":"https:\/\/es-es.facebook.com\/Asepeyo\/","article_modified_time":"2024-11-04T11:31:13+00:00","og_image":[{"width":500,"height":333,"url":"https:\/\/www.asepeyo.es\/wp-content\/uploads\/seguridad-laboral-croda-asepeyo.jpg","type":"image\/jpeg"}],"twitter_card":"summary_large_image","twitter_site":"@Asepeyo","twitter_misc":{"Tempo de lectura":"5 minutos"},"schema":{"@context":"https:\/\/schema.org","@graph":[{"@type":"WebPage","@id":"https:\/\/www.asepeyo.es\/gl\/seguridad-laboral\/","url":"https:\/\/www.asepeyo.es\/gl\/seguridad-laboral\/","name":"Prevenci\u00f3n de riesgos laborales - Asepeyo","isPartOf":{"@id":"https:\/\/www.asepeyo.es\/gl\/#website"},"primaryImageOfPage":{"@id":"https:\/\/www.asepeyo.es\/gl\/seguridad-laboral\/#primaryimage"},"image":{"@id":"https:\/\/www.asepeyo.es\/gl\/seguridad-laboral\/#primaryimage"},"thumbnailUrl":"https:\/\/www.asepeyo.es\/wp-content\/uploads\/seguridad-laboral-croda-asepeyo.jpg","datePublished":"2017-07-05T21:10:01+00:00","dateModified":"2024-11-04T11:31:13+00:00","description":"Queremos que as nosas empresas mutualistas reduzan a sinistralidade laboral e, para iso, fomentamos unha cultura preventiva.","breadcrumb":{"@id":"https:\/\/www.asepeyo.es\/gl\/seguridad-laboral\/#breadcrumb"},"inLanguage":"gl-ES","potentialAction":[{"@type":"ReadAction","target":["https:\/\/www.asepeyo.es\/gl\/seguridad-laboral\/"]}]},{"@type":"ImageObject","inLanguage":"gl-ES","@id":"https:\/\/www.asepeyo.es\/gl\/seguridad-laboral\/#primaryimage","url":"https:\/\/www.asepeyo.es\/wp-content\/uploads\/seguridad-laboral-croda-asepeyo.jpg","contentUrl":"https:\/\/www.asepeyo.es\/wp-content\/uploads\/seguridad-laboral-croda-asepeyo.jpg","width":500,"height":333},{"@type":"BreadcrumbList","@id":"https:\/\/www.asepeyo.es\/gl\/seguridad-laboral\/#breadcrumb","itemListElement":[{"@type":"ListItem","position":1,"name":"Inicio","item":"https:\/\/www.asepeyo.es\/gl\/"},{"@type":"ListItem","position":2,"name":"Prevenci\u00f3n de riesgos laborales"}]},{"@type":"WebSite","@id":"https:\/\/www.asepeyo.es\/gl\/#website","url":"https:\/\/www.asepeyo.es\/gl\/","name":"Asepeyo","description":"Mutua de accidentes de trabajo 151","publisher":{"@id":"https:\/\/www.asepeyo.es\/gl\/#organization"},"potentialAction":[{"@type":"SearchAction","target":{"@type":"EntryPoint","urlTemplate":"https:\/\/www.asepeyo.es\/gl\/?s={search_term_string}"},"query-input":{"@type":"PropertyValueSpecification","valueRequired":true,"valueName":"search_term_string"}}],"inLanguage":"gl-ES"},{"@type":"Organization","@id":"https:\/\/www.asepeyo.es\/gl\/#organization","name":"Asepeyo","url":"https:\/\/www.asepeyo.es\/gl\/","logo":{"@type":"ImageObject","inLanguage":"gl-ES","@id":"https:\/\/www.asepeyo.es\/gl\/#\/schema\/logo\/image\/","url":"https:\/\/www.asepeyo.es\/wp-content\/uploads\/logo-asepeyo-web-azul.png","contentUrl":"https:\/\/www.asepeyo.es\/wp-content\/uploads\/logo-asepeyo-web-azul.png","width":350,"height":55,"caption":"Asepeyo"},"image":{"@id":"https:\/\/www.asepeyo.es\/gl\/#\/schema\/logo\/image\/"},"sameAs":["https:\/\/es-es.facebook.com\/Asepeyo\/","https:\/\/x.com\/Asepeyo","https:\/\/www.instagram.com\/asepeyo\/?hl=es","https:\/\/es.linkedin.com\/company\/asepeyo","https:\/\/www.youtube.com\/channel\/UC42Ipj44IKKTITQ2HNoLmSQ"]}]}},"_links":{"self":[{"href":"https:\/\/www.asepeyo.es\/gl\/wp-json\/wp\/v2\/pages\/64606","targetHints":{"allow":["GET"]}}],"collection":[{"href":"https:\/\/www.asepeyo.es\/gl\/wp-json\/wp\/v2\/pages"}],"about":[{"href":"https:\/\/www.asepeyo.es\/gl\/wp-json\/wp\/v2\/types\/page"}],"author":[{"embeddable":true,"href":"https:\/\/www.asepeyo.es\/gl\/wp-json\/wp\/v2\/users\/2"}],"replies":[{"embeddable":true,"href":"https:\/\/www.asepeyo.es\/gl\/wp-json\/wp\/v2\/comments?post=64606"}],"version-history":[{"count":20,"href":"https:\/\/www.asepeyo.es\/gl\/wp-json\/wp\/v2\/pages\/64606\/revisions"}],"predecessor-version":[{"id":1486866,"href":"https:\/\/www.asepeyo.es\/gl\/wp-json\/wp\/v2\/pages\/64606\/revisions\/1486866"}],"wp:featuredmedia":[{"embeddable":true,"href":"https:\/\/www.asepeyo.es\/gl\/wp-json\/wp\/v2\/media\/64597"}],"wp:attachment":[{"href":"https:\/\/www.asepeyo.es\/gl\/wp-json\/wp\/v2\/media?parent=64606"}],"curies":[{"name":"wp","href":"https:\/\/api.w.org\/{rel}","templated":true}]}}