{"id":64581,"date":"2017-06-13T11:02:37","date_gmt":"2017-06-13T09:02:37","guid":{"rendered":"https:\/\/www.asepeyo.es\/?page_id=64581"},"modified":"2019-07-08T10:11:32","modified_gmt":"2019-07-08T08:11:32","slug":"salud-laboral","status":"publish","type":"page","link":"https:\/\/www.asepeyo.es\/gl\/salud-laboral\/","title":{"rendered":"Sa\u00fade laboral"},"content":{"rendered":"<div class=\"titulo\">\n<h2>O noso proxecto de xesti\u00f3n cl\u00ednica<\/h2>\n<\/div>\n<p>O noso obxectivo \u00e9 mellorar a t\u00faa sa\u00fade, mediante as pr\u00e1cticas cl\u00ednicas m\u00e1is adecuadas. Por esta raz\u00f3n, situamos ao paciente e ao seu diagn\u00f3stico no centro da nosa xesti\u00f3n cl\u00ednica.<\/p>\n<p>Traballamos cun modelo asistencial orientado cara a mellora continua e fundamentado en:<\/p>\n<ul>\n<li>Xesti\u00f3n do co\u00f1ecemento e da competencia<\/li>\n<li>Experiencia dos nosos profesionais<\/li>\n<li>Orientaci\u00f3n cara o traballo en equipo \u2013reforzando a s\u00faa capacidade multidisciplinar-<\/li>\n<li>Continua avaliaci\u00f3n dos resultados cl\u00ednicos<\/li>\n<li>Longa traxectoria como especialistas na sa\u00fade no traballo<\/li>\n<\/ul>\n<p>O noso equipo sanitario, formado por m\u00e1is de 1.500 profesionais expertos no \u00e1mbito laboral, \u00a0facilita as mellores e m\u00e1is eficientes soluci\u00f3ns terap\u00e9uticas para resolver cada situaci\u00f3n. Queremos que os nosos pacientes obte\u00f1an a curaci\u00f3n m\u00e1is efectiva, no menor tempo posible, e por iso ofrecemos a mellor pr\u00e1ctica cl\u00ednica.<\/p>\n<div class=\"titulo\">\n<h2>Accidente de traballo e enfermidade profesional<\/h2>\n<\/div>\n<p>Coa nosa\u00a0<a href=\"https:\/\/www.asepeyo.es\/centros\/\">rede de asistencia sanitaria<\/a>\u00a0conseguimos unha atenci\u00f3n pr\u00f3xima, profesionalizada e completa, desde a primeira cura e atenci\u00f3n de urxencias, ata a intervenci\u00f3n cir\u00farxica en traumatolox\u00eda e a posterior rehabilitaci\u00f3n. Chegamos a acordos de asistencia sanitaria con outras mutuas colaboradoras da Seguridade Social para incrementar esta proximidade. Cubrimos todos os custos dos servizos sanitarios necesarios para a t\u00faa curaci\u00f3n. Fac\u00e9molo con recursos propios ou a trav\u00e9s de m\u00e1is de 1.400 servizos concertados autorizados (hospitalizaci\u00f3n, cirurx\u00eda&#8230;).<\/p>\n<p>Tam\u00e9n nos facemos cargo de todos os gastos farmac\u00e9uticos, as\u00ed que non ter\u00e1s que abonar custos adicionais.<\/p>\n<div class=\"titulo\">\n<h2>Asistencia sanitaria 24 horas<\/h2>\n<\/div>\n<div class=\"grid-60 tablet-grid-60 mobile-grid-100\">\n<p>Podes contactar con n\u00f3s, sempre que nos precises. Disp\u00f3s de servizos permanentes de garda localizada, nunha ampla rede de servizos concertados. En caso de accidente, ch\u00e1manos e dir\u00e9mosche que centro est\u00e1 m\u00e1is preto de ti.<\/p>\n<p class=\"destacado-blue\">900 151 000<\/p>\n<\/div>\n<div class=\"grid-30 prefix-10 tablet-grid-30 tablet-prefix-10 hide-on-mobile\"><img decoding=\"async\" src=\"\/wp-content\/uploads\/24-horas-asepeyo.svg\" alt=\"\"\/><\/div>\n<h3 class=\"align-center\">Traballadores desprazados no estranxeiro<\/h3>\n<p>Se est\u00e1s a traballar f\u00f3ra de Espa\u00f1a e tes un accidente de traballo, chama \u00e1 nosa li\u00f1a de atenci\u00f3n medicalizada. Atenderate un sanitario que valorar\u00e1 a situaci\u00f3n e indicarache a que centro sanitario dirixirte.<\/p>\n<p>Antes de calquera desprazamento de traballadores ao estranxeiro, a empresa debe realizar os&nbsp;<a href=\"https:\/\/www.asepeyo.es\/en\/duda\/voy-viajar-al-extranjero-trabajo-cubre-la-mutua-esta-situacion\/\">tr\u00e1mites necesarios<\/a>.<\/p>\n<p class=\"destacado-blue\">+34 937 057 540<\/p>\n<div class=\"titulo\">\n<h2>Hospitais<\/h2>\n<\/div>\n<p>Estamos dotados coa \u00faltima tecnolox\u00eda sanitaria. Os nosos hospitais son o m\u00e1ximo expo\u00f1ente da nosa vocaci\u00f3n de servizo e especializaci\u00f3n. Son o apoio da rede asistencial no diagn\u00f3stico e no tratamento de lesi\u00f3ns. Temos 2 hospitais de asistencia integral, 1 hospital de d\u00eda e outros 2 centros hospitalarios mancomunados.<\/p>\n<h3 class=\"align-center\">Hospitais propios<\/h3>\n<div class=\"grid-100\">\n<div class=\"grid-33 tablet-grid-33 mobile-grid-100 align-center\"><a href=\"https:\/\/www.asepeyo.es\/gl\/centro\/hospital-coslada\/\"><button class=\"boton-azul\">Hospital Asepeyo Madrid<br \/>\n(Coslada)<\/button><\/a><\/div>\n<div class=\"grid-33 tablet-grid-33 mobile-grid-100 align-center\"><a href=\"https:\/\/www.asepeyo.es\/gl\/centro\/hospital-sant-cugat\/\"><button class=\"boton-azul\">Hospital Asepeyo Barcelona<br \/>\n(Sant Cugat)<\/button><\/a><\/div>\n<div class=\"grid-33 tablet-grid-33 mobile-grid-100 align-center\"><a href=\"https:\/\/www.asepeyo.es\/gl\/?post_type=wpsl_stores&#038;p=1460030\"><button class=\"boton-azul\">Hospital de D\u00eda Asepeyo Sevilla<br \/>\n(Cartuja)<\/button><\/a><\/div>\n<\/div>\n<h4 class=\"align-center\">Hospitais mancomunados<\/h4>\n<ul>\n<li><a href=\"http:\/\/www.intermutualeuskadi.es\/\" target=\"_blank\" rel=\"nofollow noopener noreferrer\">Hospital Intermutual de Euskadi en Bilbao<\/a><\/li>\n<li><a href=\"https:\/\/www.hilevante.com\/\" target=\"_blank\" rel=\"nofollow noopener noreferrer\">Hospital Intermutual de Levante en Valencia<\/a><\/li>\n<\/ul>\n<p>Servizos dos hospitais:<\/p>\n<ul>\n<li>Urxencias<\/li>\n<li>\u00c1rea cir\u00farxica<\/li>\n<li>Unidade de coidados intensivos<\/li>\n<li>Unidades de hospitalizaci\u00f3n<\/li>\n<li>Consultas externas<\/li>\n<li>Probas de diagn\u00f3stico<\/li>\n<li>Rehabilitaci\u00f3n<\/li>\n<li>Readaptaci\u00f3n profesional<\/li>\n<li>Laboratorio<\/li>\n<li>Farmacia<\/li>\n<li>Unidade de Valoraci\u00f3n Funcional<\/li>\n<li>Departamento de asistencia social e de psicolox\u00eda<\/li>\n<li>Servizos auxiliares e de seguridade<\/li>\n<\/ul>\n<p>A organizaci\u00f3n m\u00e9dica dos hospitais est\u00e1 formada por equipos cir\u00farxicos e unidades de especialidade funcional, de forma que en cada equipo colaboran especialistas de diferentes \u00e1reas.<\/p>\n<p>Os hospitais est\u00e1n acreditados como hospitais docentes na formaci\u00f3n regulada dos MIR. Tam\u00e9n acollen alumnos en pr\u00e1cticas de enfermer\u00eda, fisioterapia, auxiliar de enfermer\u00eda, terapia ocupacional, t\u00e9cnico en radiolox\u00eda e nutrici\u00f3n.<\/p>\n<div class=\"titulo\">\n<h2>Unidades de referencia de enfermidades profesionais<\/h2>\n<\/div>\n<p>Para mellorar a detecci\u00f3n, \u00a0asistencia, diagn\u00f3stico e declaraci\u00f3n das enfermidades profesionais, implantamos un proxecto baseado na creaci\u00f3n das Unidades de\u00a0 Referencia de Enfermidades Profesionais\u00a0(UREP).<\/p>\n<p>Estas unidades ofrecen apoio t\u00e9cnico especializado \u00e1 rede de centros asistenciais e est\u00e1n integradas por profesionais sanitarios especialistas en medicina do traballo: As s\u00faas funci\u00f3ns son:<\/p>\n<ul>\n<li>Xesti\u00f3n sanitaria dos casos de enfermidade\u00a0profesional<\/li>\n<li>Funci\u00f3ns de formaci\u00f3n, conxuntamente con outros profesionais sanitarios, expertos en prestaci\u00f3ns e en prevenci\u00f3n.<\/li>\n<li>Funci\u00f3ns de consulta e\/ou orientaci\u00f3n sobre casos\u00a0procedentes de centros asistenciais<\/li>\n<li>Seguimento epidemiol\u00f3xico das enfermidades\u00a0profesionais<\/li>\n<li>Elaboraci\u00f3n, implantaci\u00f3n e revisi\u00f3n peri\u00f3dica de\u00a0gu\u00edas baseadas na evidencia cient\u00edfica<\/li>\n<\/ul>\n<div class=\"titulo\">\n<h2>Historia cl\u00ednica \u00fanica<\/h2>\n<\/div>\n<div class=\"grid-60 tablet-grid-60 mobile-grid-100\">\n<p>Toda a informaci\u00f3n sanitaria dos nosos pacientes est\u00e1 integrada dentro dunha historia cl\u00ednica \u00fanica e individualizada, on line, accesible desde calquera centro de Asepeyo.<\/p>\n<p>Os pacientes te\u00f1en \u00e1 s\u00faa disposici\u00f3n\u00a0<a href=\"https:\/\/oficinavirtual.asepeyo.es\/\" target=\"_blank\" rel=\"noopener noreferrer\">Asepeyo Oficina Virtual<\/a>, onde poden acceder a informaci\u00f3n relevante dos seus procesos cl\u00ednicos.<\/p>\n<\/div>\n<div class=\"grid-30 prefix-10 tablet-grid-30 tablet-prefix-10 hide-on-mobile\"><img decoding=\"async\" src=\"\/wp-content\/uploads\/icono-microscopio-analisis.svg\" alt=\"\" \/><\/div>\n<div class=\"titulo\">\n<h2>Seguimento do proceso m\u00e9dico por enfermidade com\u00fan ou accidente non laboral<\/h2>\n<\/div>\n<p>O Servizo P\u00fablico de Sa\u00fade \u00e9 o responsable de emitir as baixas e as altas nos casos de enfermidade com\u00fan ou accidente non laboral. \u00a0Desde Asepeyo, como mutua colaboradora coa Seguridade Social, realizamos visitas m\u00e9dicas para o control e seguimento\u00a0destes procesos.<\/p>\n<p>Facemos actuaci\u00f3ns de control e seguimento desde o primeiro d\u00eda da baixa. Tam\u00e9n realizamos as probas complementarias necesarias para verificar un diagn\u00f3stico ou un estado patol\u00f3xico.<\/p>\n<p>Co fin de favorecer a mellora do traballador e a s\u00faa pronta reincorporaci\u00f3n laboral, previa autorizaci\u00f3n do Servizo P\u00fablico de Sa\u00fade e do paciente, podemos efectuar:<\/p>\n<ul>\n<li>Probas\u00a0diagn\u00f3sticas complementarias<\/li>\n<li>Tratamentos<\/li>\n<li>Rehabilitaci\u00f3n<\/li>\n<li>Intervenci\u00f3ns cir\u00farxicas<\/li>\n<li>Consultas\u00a0m\u00e9dicas<\/li>\n<\/ul>\n<p>Cando os nosos profesionais sanitarios consideren que a situaci\u00f3n do paciente \u00e9 compatible coa actividade laboral, poden realizar proposta de alta \u00e1 inspecci\u00f3n m\u00e9dica do Servizo P\u00fablico de Sa\u00fade.<\/p>\n<p>Se valoran que a situaci\u00f3n non ten curaci\u00f3n e non \u00e9 compatible coa actividade laboral, os m\u00e9dicos poden facer unha proposta de incapacidade que resolver\u00e1 o Instituto Nacional da Seguridade Social.<\/p>\n<div class=\"titulo\">\n<h2>Investimento en tecnolox\u00eda e equipamentos sanitarios<\/h2>\n<\/div>\n<div class=\"grid-60 tablet-grid-60 mobile-grid-100\">\n<p>Ofrec\u00e9mosche un inmellorable servizo e, para conseguilo, empregamos a mellor tecnolox\u00eda. Realizamos importantes investimentos en equipamentos sanitarios ambulatorios, hospitalarios, diagn\u00f3sticos e terap\u00e9uticos.<\/p>\n<p>Co\u00f1ece m\u00e1is sobre a nosa aposta pola tecnolox\u00eda aplicada \u00e1 sa\u00fade en\u00a0<a href=\"https:\/\/www.asepeyo.es\/gl\/tecnologia-innovacion\/\">Tecnolox\u00eda e innovaci\u00f3n.<\/a><\/p>\n<\/div>\n<div class=\"grid-30 prefix-10 tablet-grid-30 tablet-prefix-10 hide-on-mobile\"><img decoding=\"async\" src=\"\/wp-content\/uploads\/icono-realidad-aumentada.svg\" alt=\"\" \/><\/div>\n","protected":false},"excerpt":{"rendered":"","protected":false},"author":2,"featured_media":64582,"parent":0,"menu_order":0,"comment_status":"closed","ping_status":"closed","template":"","meta":{"_acf_changed":false,"generate_page_header":"","footnotes":""},"class_list":["post-64581","page","type-page","status-publish","has-post-thumbnail"],"acf":[],"yoast_head":"<!-- This site is optimized with the Yoast SEO plugin v27.4 - https:\/\/yoast.com\/product\/yoast-seo-wordpress\/ -->\n<title>Sa\u00fade laboral - Asepeyo<\/title>\n<meta name=\"description\" content=\"Somos expertos en salud laboral. Siempre que lo necesites, te atender\u00e1n los mejores profesionales sanitarios especializados en patolog\u00eda laboral.\" \/>\n<meta name=\"robots\" content=\"index, follow, max-snippet:-1, max-image-preview:large, max-video-preview:-1\" \/>\n<link rel=\"canonical\" href=\"https:\/\/www.asepeyo.es\/gl\/salud-laboral\/\" \/>\n<meta property=\"og:locale\" content=\"gl_ES\" \/>\n<meta property=\"og:type\" content=\"article\" \/>\n<meta property=\"og:title\" content=\"Sa\u00fade laboral - Asepeyo\" \/>\n<meta property=\"og:description\" content=\"Somos expertos en salud laboral. Siempre que lo necesites, te atender\u00e1n los mejores profesionales sanitarios especializados en patolog\u00eda laboral.\" \/>\n<meta property=\"og:url\" content=\"https:\/\/www.asepeyo.es\/gl\/salud-laboral\/\" \/>\n<meta property=\"og:site_name\" content=\"Asepeyo\" \/>\n<meta property=\"article:publisher\" content=\"https:\/\/es-es.facebook.com\/Asepeyo\/\" \/>\n<meta property=\"article:modified_time\" content=\"2019-07-08T08:11:32+00:00\" \/>\n<meta property=\"og:image\" content=\"https:\/\/www.asepeyo.es\/wp-content\/uploads\/recuperacion-piscina.jpg\" \/>\n\t<meta property=\"og:image:width\" content=\"1685\" \/>\n\t<meta property=\"og:image:height\" content=\"871\" \/>\n\t<meta property=\"og:image:type\" content=\"image\/jpeg\" \/>\n<meta name=\"twitter:card\" content=\"summary_large_image\" \/>\n<meta name=\"twitter:site\" content=\"@Asepeyo\" \/>\n<meta name=\"twitter:label1\" content=\"Tempo de lectura\" \/>\n\t<meta name=\"twitter:data1\" content=\"5 minutos\" \/>\n<script type=\"application\/ld+json\" class=\"yoast-schema-graph\">{\"@context\":\"https:\\\/\\\/schema.org\",\"@graph\":[{\"@type\":\"WebPage\",\"@id\":\"https:\\\/\\\/www.asepeyo.es\\\/gl\\\/salud-laboral\\\/\",\"url\":\"https:\\\/\\\/www.asepeyo.es\\\/gl\\\/salud-laboral\\\/\",\"name\":\"Sa\u00fade laboral - Asepeyo\",\"isPartOf\":{\"@id\":\"https:\\\/\\\/www.asepeyo.es\\\/gl\\\/#website\"},\"primaryImageOfPage\":{\"@id\":\"https:\\\/\\\/www.asepeyo.es\\\/gl\\\/salud-laboral\\\/#primaryimage\"},\"image\":{\"@id\":\"https:\\\/\\\/www.asepeyo.es\\\/gl\\\/salud-laboral\\\/#primaryimage\"},\"thumbnailUrl\":\"https:\\\/\\\/www.asepeyo.es\\\/wp-content\\\/uploads\\\/recuperacion-piscina.jpg\",\"datePublished\":\"2017-06-13T09:02:37+00:00\",\"dateModified\":\"2019-07-08T08:11:32+00:00\",\"description\":\"Somos expertos en salud laboral. Siempre que lo necesites, te atender\u00e1n los mejores profesionales sanitarios especializados en patolog\u00eda laboral.\",\"breadcrumb\":{\"@id\":\"https:\\\/\\\/www.asepeyo.es\\\/gl\\\/salud-laboral\\\/#breadcrumb\"},\"inLanguage\":\"gl-ES\",\"potentialAction\":[{\"@type\":\"ReadAction\",\"target\":[\"https:\\\/\\\/www.asepeyo.es\\\/gl\\\/salud-laboral\\\/\"]}]},{\"@type\":\"ImageObject\",\"inLanguage\":\"gl-ES\",\"@id\":\"https:\\\/\\\/www.asepeyo.es\\\/gl\\\/salud-laboral\\\/#primaryimage\",\"url\":\"https:\\\/\\\/www.asepeyo.es\\\/wp-content\\\/uploads\\\/recuperacion-piscina.jpg\",\"contentUrl\":\"https:\\\/\\\/www.asepeyo.es\\\/wp-content\\\/uploads\\\/recuperacion-piscina.jpg\",\"width\":1685,\"height\":871},{\"@type\":\"BreadcrumbList\",\"@id\":\"https:\\\/\\\/www.asepeyo.es\\\/gl\\\/salud-laboral\\\/#breadcrumb\",\"itemListElement\":[{\"@type\":\"ListItem\",\"position\":1,\"name\":\"Inicio\",\"item\":\"https:\\\/\\\/www.asepeyo.es\\\/gl\\\/\"},{\"@type\":\"ListItem\",\"position\":2,\"name\":\"Sa\u00fade laboral\"}]},{\"@type\":\"WebSite\",\"@id\":\"https:\\\/\\\/www.asepeyo.es\\\/gl\\\/#website\",\"url\":\"https:\\\/\\\/www.asepeyo.es\\\/gl\\\/\",\"name\":\"Asepeyo\",\"description\":\"Mutua de accidentes de trabajo 151\",\"publisher\":{\"@id\":\"https:\\\/\\\/www.asepeyo.es\\\/gl\\\/#organization\"},\"potentialAction\":[{\"@type\":\"SearchAction\",\"target\":{\"@type\":\"EntryPoint\",\"urlTemplate\":\"https:\\\/\\\/www.asepeyo.es\\\/gl\\\/?s={search_term_string}\"},\"query-input\":{\"@type\":\"PropertyValueSpecification\",\"valueRequired\":true,\"valueName\":\"search_term_string\"}}],\"inLanguage\":\"gl-ES\"},{\"@type\":\"Organization\",\"@id\":\"https:\\\/\\\/www.asepeyo.es\\\/gl\\\/#organization\",\"name\":\"Asepeyo\",\"url\":\"https:\\\/\\\/www.asepeyo.es\\\/gl\\\/\",\"logo\":{\"@type\":\"ImageObject\",\"inLanguage\":\"gl-ES\",\"@id\":\"https:\\\/\\\/www.asepeyo.es\\\/gl\\\/#\\\/schema\\\/logo\\\/image\\\/\",\"url\":\"https:\\\/\\\/www.asepeyo.es\\\/wp-content\\\/uploads\\\/logo-asepeyo-web-azul.png\",\"contentUrl\":\"https:\\\/\\\/www.asepeyo.es\\\/wp-content\\\/uploads\\\/logo-asepeyo-web-azul.png\",\"width\":350,\"height\":55,\"caption\":\"Asepeyo\"},\"image\":{\"@id\":\"https:\\\/\\\/www.asepeyo.es\\\/gl\\\/#\\\/schema\\\/logo\\\/image\\\/\"},\"sameAs\":[\"https:\\\/\\\/es-es.facebook.com\\\/Asepeyo\\\/\",\"https:\\\/\\\/x.com\\\/Asepeyo\",\"https:\\\/\\\/www.instagram.com\\\/asepeyo\\\/?hl=es\",\"https:\\\/\\\/es.linkedin.com\\\/company\\\/asepeyo\",\"https:\\\/\\\/www.youtube.com\\\/channel\\\/UC42Ipj44IKKTITQ2HNoLmSQ\"]}]}<\/script>\n<!-- \/ Yoast SEO plugin. -->","yoast_head_json":{"title":"Sa\u00fade laboral - Asepeyo","description":"Somos expertos en salud laboral. Siempre que lo necesites, te atender\u00e1n los mejores profesionales sanitarios especializados en patolog\u00eda laboral.","robots":{"index":"index","follow":"follow","max-snippet":"max-snippet:-1","max-image-preview":"max-image-preview:large","max-video-preview":"max-video-preview:-1"},"canonical":"https:\/\/www.asepeyo.es\/gl\/salud-laboral\/","og_locale":"gl_ES","og_type":"article","og_title":"Sa\u00fade laboral - Asepeyo","og_description":"Somos expertos en salud laboral. Siempre que lo necesites, te atender\u00e1n los mejores profesionales sanitarios especializados en patolog\u00eda laboral.","og_url":"https:\/\/www.asepeyo.es\/gl\/salud-laboral\/","og_site_name":"Asepeyo","article_publisher":"https:\/\/es-es.facebook.com\/Asepeyo\/","article_modified_time":"2019-07-08T08:11:32+00:00","og_image":[{"width":1685,"height":871,"url":"https:\/\/www.asepeyo.es\/wp-content\/uploads\/recuperacion-piscina.jpg","type":"image\/jpeg"}],"twitter_card":"summary_large_image","twitter_site":"@Asepeyo","twitter_misc":{"Tempo de lectura":"5 minutos"},"schema":{"@context":"https:\/\/schema.org","@graph":[{"@type":"WebPage","@id":"https:\/\/www.asepeyo.es\/gl\/salud-laboral\/","url":"https:\/\/www.asepeyo.es\/gl\/salud-laboral\/","name":"Sa\u00fade laboral - Asepeyo","isPartOf":{"@id":"https:\/\/www.asepeyo.es\/gl\/#website"},"primaryImageOfPage":{"@id":"https:\/\/www.asepeyo.es\/gl\/salud-laboral\/#primaryimage"},"image":{"@id":"https:\/\/www.asepeyo.es\/gl\/salud-laboral\/#primaryimage"},"thumbnailUrl":"https:\/\/www.asepeyo.es\/wp-content\/uploads\/recuperacion-piscina.jpg","datePublished":"2017-06-13T09:02:37+00:00","dateModified":"2019-07-08T08:11:32+00:00","description":"Somos expertos en salud laboral. Siempre que lo necesites, te atender\u00e1n los mejores profesionales sanitarios especializados en patolog\u00eda laboral.","breadcrumb":{"@id":"https:\/\/www.asepeyo.es\/gl\/salud-laboral\/#breadcrumb"},"inLanguage":"gl-ES","potentialAction":[{"@type":"ReadAction","target":["https:\/\/www.asepeyo.es\/gl\/salud-laboral\/"]}]},{"@type":"ImageObject","inLanguage":"gl-ES","@id":"https:\/\/www.asepeyo.es\/gl\/salud-laboral\/#primaryimage","url":"https:\/\/www.asepeyo.es\/wp-content\/uploads\/recuperacion-piscina.jpg","contentUrl":"https:\/\/www.asepeyo.es\/wp-content\/uploads\/recuperacion-piscina.jpg","width":1685,"height":871},{"@type":"BreadcrumbList","@id":"https:\/\/www.asepeyo.es\/gl\/salud-laboral\/#breadcrumb","itemListElement":[{"@type":"ListItem","position":1,"name":"Inicio","item":"https:\/\/www.asepeyo.es\/gl\/"},{"@type":"ListItem","position":2,"name":"Sa\u00fade laboral"}]},{"@type":"WebSite","@id":"https:\/\/www.asepeyo.es\/gl\/#website","url":"https:\/\/www.asepeyo.es\/gl\/","name":"Asepeyo","description":"Mutua de accidentes de trabajo 151","publisher":{"@id":"https:\/\/www.asepeyo.es\/gl\/#organization"},"potentialAction":[{"@type":"SearchAction","target":{"@type":"EntryPoint","urlTemplate":"https:\/\/www.asepeyo.es\/gl\/?s={search_term_string}"},"query-input":{"@type":"PropertyValueSpecification","valueRequired":true,"valueName":"search_term_string"}}],"inLanguage":"gl-ES"},{"@type":"Organization","@id":"https:\/\/www.asepeyo.es\/gl\/#organization","name":"Asepeyo","url":"https:\/\/www.asepeyo.es\/gl\/","logo":{"@type":"ImageObject","inLanguage":"gl-ES","@id":"https:\/\/www.asepeyo.es\/gl\/#\/schema\/logo\/image\/","url":"https:\/\/www.asepeyo.es\/wp-content\/uploads\/logo-asepeyo-web-azul.png","contentUrl":"https:\/\/www.asepeyo.es\/wp-content\/uploads\/logo-asepeyo-web-azul.png","width":350,"height":55,"caption":"Asepeyo"},"image":{"@id":"https:\/\/www.asepeyo.es\/gl\/#\/schema\/logo\/image\/"},"sameAs":["https:\/\/es-es.facebook.com\/Asepeyo\/","https:\/\/x.com\/Asepeyo","https:\/\/www.instagram.com\/asepeyo\/?hl=es","https:\/\/es.linkedin.com\/company\/asepeyo","https:\/\/www.youtube.com\/channel\/UC42Ipj44IKKTITQ2HNoLmSQ"]}]}},"_links":{"self":[{"href":"https:\/\/www.asepeyo.es\/gl\/wp-json\/wp\/v2\/pages\/64581","targetHints":{"allow":["GET"]}}],"collection":[{"href":"https:\/\/www.asepeyo.es\/gl\/wp-json\/wp\/v2\/pages"}],"about":[{"href":"https:\/\/www.asepeyo.es\/gl\/wp-json\/wp\/v2\/types\/page"}],"author":[{"embeddable":true,"href":"https:\/\/www.asepeyo.es\/gl\/wp-json\/wp\/v2\/users\/2"}],"replies":[{"embeddable":true,"href":"https:\/\/www.asepeyo.es\/gl\/wp-json\/wp\/v2\/comments?post=64581"}],"version-history":[{"count":9,"href":"https:\/\/www.asepeyo.es\/gl\/wp-json\/wp\/v2\/pages\/64581\/revisions"}],"predecessor-version":[{"id":69962,"href":"https:\/\/www.asepeyo.es\/gl\/wp-json\/wp\/v2\/pages\/64581\/revisions\/69962"}],"wp:featuredmedia":[{"embeddable":true,"href":"https:\/\/www.asepeyo.es\/gl\/wp-json\/wp\/v2\/media\/64582"}],"wp:attachment":[{"href":"https:\/\/www.asepeyo.es\/gl\/wp-json\/wp\/v2\/media?parent=64581"}],"curies":[{"name":"wp","href":"https:\/\/api.w.org\/{rel}","templated":true}]}}