{"id":75148,"date":"2019-07-16T09:35:40","date_gmt":"2019-07-16T07:35:40","guid":{"rendered":"https:\/\/www.asepeyo.es\/atencion-usuario\/"},"modified":"2025-06-20T12:43:02","modified_gmt":"2025-06-20T10:43:02","slug":"atencion-usuario","status":"publish","type":"page","link":"https:\/\/www.asepeyo.es\/eu\/atencion-usuario\/","title":{"rendered":"Atenci\u00f3n al usuario"},"content":{"rendered":"<div class=\"row\">\n<div class=\"col-md-12\">\n<div class=\"py-md-5 py-2 text-center\">\n<h2>Formulario de contacto<\/h2>\n<p class=\"lead pt-5\">Para poder atender mejor tu consulta, necesitamos que nos dejes algunos datos.<\/p>\n<\/div>\n<\/div>\n<\/div>\n<div class=\"row\">\n<div class=\"col-md-9\">\n<div class=\"row\">\n<div class=\"col-xs-12 col-sm-12 col-md-10 col-lg-9 offset-md-1 offset-lg-1\">\n<form id=\"contact\" name=\"contact\">\n<div class=\"row\">\n<div class=\"col-md-6 mb-3 validar\">\n\t\t\t\t\t\t\t<label for=\"nombre\">Nombre <span class=\"required\">(campo obligatorio)<\/span><\/label> <input aria-required=\"true\" class=\"form-control\" id=\"nombre\" name=\"nombre\" placeholder=\"\" type=\"text\" value=\"\"\/>\n\t\t\t\t\t\t<\/div>\n<div class=\"col-md-6 mb-3 validar\">\n\t\t\t\t\t\t\t<label for=\"apellido\">Apellido\/s <span class=\"required\">(campo obligatorio)<\/span><\/label> <input aria-required=\"true\" class=\"form-control\" id=\"apellido\" name=\"apellido\" placeholder=\"\" type=\"text\" value=\"\"\/>\n\t\t\t\t\t\t<\/div>\n<\/div>\n<div class=\"row\">\n<div class=\"col-md-6 mb-3 validar\">\n\t\t\t\t\t\t\t<label for=\"email\">Email <span class=\"required\">(campo obligatorio)<\/span><\/label> <input aria-required=\"true\" class=\"form-control\" id=\"email\" name=\"email\" placeholder=\"\" type=\"email\"\/>\n\t\t\t\t\t\t<\/div>\n<div class=\"col-md-6 mb-3 validar\">\n\t\t\t\t\t\t\t<label for=\"telefono\">Tel\u00e9fono de contacto <span class=\"required\">(campo obligatorio)<\/span><\/label> <input aria-required=\"true\" class=\"form-control\" id=\"telefono\" name=\"telf\" placeholder=\"\" type=\"tel\"\/>\n\t\t\t\t\t\t<\/div>\n<\/div>\n<div class=\"row\">\n<div class=\"col-md-6 mb-3 validar\">\n\t\t\t\t\t\t\t<label for=\"cp\">C\u00f3digo postal <span class=\"required\">(campo obligatorio)<\/span><\/label> <input aria-required=\"true\" class=\"form-control\" id=\"cp\" name=\"cp\" placeholder=\"\" type=\"number\"\/>\n\t\t\t\t\t\t<\/div>\n<div class=\"col-md-6 mb-3\">\n\t\t\t\t\t\t\t<label for=\"empresa\">Empresa <span class=\"required\">(campo opcional)<\/span><\/label> <input aria-required=\"false\" class=\"form-control\" id=\"empresa\" name=\"empresa\" placeholder=\"\" type=\"text\"\/>\n\t\t\t\t\t\t<\/div>\n<\/div>\n<div class=\"row\">\n<div class=\"col-md-6 mb-3 validar\">\n\t\t\t\t\t\t\t<label for=\"solicitud\">Tengo una pregunta sobre: <span class=\"required\">(campo obligatorio)<\/span><\/label> <select aria-required=\"true\" class=\"custom-select d-block w-100\" id=\"solicitud\" name=\"solicitud\"><option value=\"\"><br \/>\n\t\t\t\t\t\t\t\t\tElije&#8230;<br \/>\n\t\t\t\t\t\t\t\t<\/option><option value=\"AD\"><br \/>\n\t\t\t\t\t\t\t\t\tAdministraci\u00f3n<br \/>\n\t\t\t\t\t\t\t\t<\/option><option value=\"OV\"><br \/>\n\t\t\t\t\t\t\t\t\tAsepeyo Oficina Virtual<br \/>\n\t\t\t\t\t\t\t\t<\/option><option value=\"PS\"><br \/>\n\t\t\t\t\t\t\t\t\tAsistencia Sanitaria<br \/>\n\t\t\t\t\t\t\t\t<\/option><option value=\"C0\"><br \/>\n\t\t\t\t\t\t\t\t\tC\u00f3digo de conducta<br \/>\n\t\t\t\t\t\t\t\t<\/option><option value=\"CA\"><br \/>\n\t\t\t\t\t\t\t\t\tGesti\u00f3n de Servicios<br \/>\n\t\t\t\t\t\t\t\t<\/option><option value=\"SH\"><br \/>\n\t\t\t\t\t\t\t\t\tPrevenci\u00f3n de riesgos<br \/>\n\t\t\t\t\t\t\t\t<\/option><!--<option value=\"PI\">\n\t\t\t\t\t\t\t\t\tPrograma Asepeyo Integra\n\t\t\t\t\t\t\t\t<\/option>--><option value=\"RA\"><br \/>\n\t\t\t\t\t\t\t\t\tRed de centros asistencial<br \/>\n\t\t\t\t\t\t\t\t<\/option><option value=\"SW\"><br \/>\n\t\t\t\t\t\t\t\t\tWeb<br \/>\n\t\t\t\t\t\t\t\t<\/option><\/select>\n\t\t\t\t\t\t<\/div>\n<div class=\"col-md-6 mb-3 motivo validar\" id=\"AD\" style=\"display:none\">\n\t\t\t\t\t\t\t<label for=\"motivo-AD\">Selecciona el motivo <span class=\"required\">(campo obligatorio)<\/span><\/label> <select aria-required=\"true\" class=\"custom-select d-block w-100\" id=\"motivo-AD\" name=\"motivo-AD\"><option value=\"\"><br \/>\n\t\t\t\t\t\t\t\t\tElige&#8230;<br \/>\n\t\t\t\t\t\t\t\t<\/option><option value=\"AT\"><br \/>\n\t\t\t\t\t\t\t\t\tAtenci\u00f3n \/ trato recibido<br \/>\n\t\t\t\t\t\t\t\t<\/option><option value=\"QI\"><br \/>\n\t\t\t\t\t\t\t\t\tCalidad y Medio Ambiente \/ ISO<br \/>\n\t\t\t\t\t\t\t\t<\/option><option value=\"TP\"><br \/>\n\t\t\t\t\t\t\t\t\tCese de actividad trabajadores aut\u00f3nomos &#8211; CATA<br \/>\n\t\t\t\t\t\t\t\t<\/option><option value=\"EG\"><br \/>\n\t\t\t\t\t\t\t\t\tCuidado de menores con c\u00e1ncer<br \/>\n\t\t\t\t\t\t\t\t<\/option><option value=\"DP\"><br \/>\n\t\t\t\t\t\t\t\t\tDa\u00f1os y perjuicios<br \/>\n\t\t\t\t\t\t\t\t<\/option><option value=\"DC\"><br \/>\n\t\t\t\t\t\t\t\t\tDeterminaci\u00f3n contingencia<br \/>\n\t\t\t\t\t\t\t\t<\/option><option value=\"EM\"><br \/>\n\t\t\t\t\t\t\t\t\te-AT\/e-CC<br \/>\n\t\t\t\t\t\t\t\t<\/option><option value=\"FA\"><br \/>\n\t\t\t\t\t\t\t\t\tFacturaci\u00f3n<br \/>\n\t\t\t\t\t\t\t\t<\/option><option value=\"IS\"><br \/>\n\t\t\t\t\t\t\t\t\tInformaci\u00f3n<br \/>\n\t\t\t\t\t\t\t\t<\/option><option value=\"IN\"><br \/>\n\t\t\t\t\t\t\t\t\tInform\u00e1tica<br \/>\n\t\t\t\t\t\t\t\t<\/option><option value=\"LD\"><br \/>\n\t\t\t\t\t\t\t\t\tLOPD<br \/>\n\t\t\t\t\t\t\t\t<\/option><option value=\"CM\"><br \/>\n\t\t\t\t\t\t\t\t\tModificaci\u00f3n datos (domicilio, nombre, etc)<br \/>\n\t\t\t\t\t\t\t\t<\/option><option value=\"OT\"><br \/>\n\t\t\t\t\t\t\t\t\tOtros<br \/>\n\t\t\t\t\t\t\t\t<\/option><option value=\"PT\"><br \/>\n\t\t\t\t\t\t\t\t\tParte de Accidente<br \/>\n\t\t\t\t\t\t\t\t<\/option><option value=\"PH\"><br \/>\n\t\t\t\t\t\t\t\t\tPrestaciones Econ\u00f3micas<br \/>\n\t\t\t\t\t\t\t\t<\/option><option value=\"RG\"><br \/>\n\t\t\t\t\t\t\t\t\tRiesgo de embarazo\/lactancia<br \/>\n\t\t\t\t\t\t\t\t<\/option><option value=\"SD\"><br \/>\n\t\t\t\t\t\t\t\t\tSistema DELT@\/CONTA<br \/>\n\t\t\t\t\t\t\t\t<\/option><option value=\"TE\"><br \/>\n\t\t\t\t\t\t\t\t\tTiempo espera<br \/>\n\t\t\t\t\t\t\t\t<\/option><\/select>\n\t\t\t\t\t\t<\/div>\n<div class=\"col-md-6 mb-3 motivo validar\" id=\"OV\" style=\"display:none\">\n\t\t\t\t\t\t\t<label for=\"motivo-OV\">Selecciona el motivo <span class=\"required\">(campo obligatorio)<\/span><\/label> <select aria-required=\"true\" class=\"custom-select d-block w-100\" id=\"motivo-OV\" name=\"motivo-OV\"><option value=\"\"><br \/>\n\t\t\t\t\t\t\t\t\tElige&#8230;<br \/>\n\t\t\t\t\t\t\t\t<\/option><option value=\"AU\"><br \/>\n\t\t\t\t\t\t\t\t\tAcceso usuarios registrados<br \/>\n\t\t\t\t\t\t\t\t<\/option><option value=\"AP\"><br \/>\n\t\t\t\t\t\t\t\t\tApp<br \/>\n\t\t\t\t\t\t\t\t<\/option><option value=\"CD\"><br \/>\n\t\t\t\t\t\t\t\t\tContenidos Web<br \/>\n\t\t\t\t\t\t\t\t<\/option><option value=\"FO\"><br \/>\n\t\t\t\t\t\t\t\t\tFormularios<br \/>\n\t\t\t\t\t\t\t\t<\/option><option value=\"IS\"><br \/>\n\t\t\t\t\t\t\t\t\tInfomaci\u00f3n m\u00e9dica<br \/>\n\t\t\t\t\t\t\t\t<\/option><option value=\"IF\"><br \/>\n\t\t\t\t\t\t\t\t\tInforme<br \/>\n\t\t\t\t\t\t\t\t<\/option><option value=\"CM\"><br \/>\n\t\t\t\t\t\t\t\t\tModificaci\u00f3n datos (domicilio, nombre, etc)<br \/>\n\t\t\t\t\t\t\t\t<\/option><option value=\"PT\"><br \/>\n\t\t\t\t\t\t\t\t\tParte de Accidente<br \/>\n\t\t\t\t\t\t\t\t<\/option><option value=\"PH\"><br \/>\n\t\t\t\t\t\t\t\t\tPrestaciones Econ\u00f3micas<br \/>\n\t\t\t\t\t\t\t\t<\/option><option value=\"BJ\"><br \/>\n\t\t\t\t\t\t\t\t\tSolicitud de baja<br \/>\n\t\t\t\t\t\t\t\t<\/option><\/select>\n\t\t\t\t\t\t<\/div>\n<div class=\"col-md-6 mb-3 motivo validar\" id=\"PS\" style=\"display:none\">\n\t\t\t\t\t\t\t<label for=\"motivo-PS\">Selecciona el motivo <span class=\"required\">(campo obligatorio)<\/span><\/label> <select aria-required=\"true\" class=\"custom-select d-block w-100\" id=\"motivo-PS\" name=\"motivo-PS\"><option value=\"\"><br \/>\n\t\t\t\t\t\t\t\t\tElige&#8230;<br \/>\n\t\t\t\t\t\t\t\t<\/option><option value=\"AL\"><br \/>\n\t\t\t\t\t\t\t\t\tAlta \/ baja laboral<br \/>\n\t\t\t\t\t\t\t\t<\/option><option value=\"AT\"><br \/>\n\t\t\t\t\t\t\t\t\tAtenci\u00f3n \/ trato<br \/>\n\t\t\t\t\t\t\t\t<\/option><option value=\"CS\"><br \/>\n\t\t\t\t\t\t\t\t\tCalidad servicio<br \/>\n\t\t\t\t\t\t\t\t<\/option><option value=\"QI\"><br \/>\n\t\t\t\t\t\t\t\t\tCalidad y Medio Ambiente \/ ISO<br \/>\n\t\t\t\t\t\t\t\t<\/option><option value=\"DC\"><br \/>\n\t\t\t\t\t\t\t\t\tDeterminaci\u00f3n contingencia<br \/>\n\t\t\t\t\t\t\t\t<\/option><option value=\"DG\"><br \/>\n\t\t\t\t\t\t\t\t\tDiagn\u00f3stico<br \/>\n\t\t\t\t\t\t\t\t<\/option><option value=\"DT\"><br \/>\n\t\t\t\t\t\t\t\t\tDiscrepancia tratamiento<br \/>\n\t\t\t\t\t\t\t\t<\/option><option value=\"IS\"><br \/>\n\t\t\t\t\t\t\t\t\tInformaci\u00f3n<br \/>\n\t\t\t\t\t\t\t\t<\/option><option value=\"IM\"><br \/>\n\t\t\t\t\t\t\t\t\tInformaci\u00f3n m\u00e9dica<br \/>\n\t\t\t\t\t\t\t\t<\/option><option value=\"NA\"><br \/>\n\t\t\t\t\t\t\t\t\tNegaci\u00f3n asistencia<br \/>\n\t\t\t\t\t\t\t\t<\/option><option value=\"PM\"><br \/>\n\t\t\t\t\t\t\t\t\tPraxis m\u00e9dica<br \/>\n\t\t\t\t\t\t\t\t<\/option><option value=\"RE\"><br \/>\n\t\t\t\t\t\t\t\t\tRehabilitaci\u00f3n<br \/>\n\t\t\t\t\t\t\t\t<\/option><option value=\"RG\"><br \/>\n\t\t\t\t\t\t\t\t\tRiesgo de embarazo\/lactancia<br \/>\n\t\t\t\t\t\t\t\t<\/option><option value=\"TE\"><br \/>\n\t\t\t\t\t\t\t\t\tTiempo espera<br \/>\n\t\t\t\t\t\t\t\t<\/option><option value=\"VA\"><br \/>\n\t\t\t\t\t\t\t\t\tVolante de Asistencia<br \/>\n\t\t\t\t\t\t\t\t<\/option><option value=\"OT\"><br \/>\n\t\t\t\t\t\t\t\t\tOtros<br \/>\n\t\t\t\t\t\t\t\t<\/option><\/select>\n\t\t\t\t\t\t<\/div>\n<div class=\"col-md-6 mb-3 motivo validar\" id=\"C0\" style=\"display:none\">\n\t\t\t\t\t\t\t<label for=\"motivo-C0\">Selecciona el motivo <span class=\"required\">(campo obligatorio)<\/span><\/label> <select aria-required=\"true\" class=\"custom-select d-block w-100\" id=\"motivo-C0\" name=\"motivo-C0\"><option value=\"\"><br \/>\n\t\t\t\t\t\t\t\t\tElige&#8230;<br \/>\n\t\t\t\t\t\t\t\t<\/option><option value=\"QI\"><br \/>\n\t\t\t\t\t\t\t\t\tCalidad y Medio Ambiente \/ ISO<br \/>\n\t\t\t\t\t\t\t\t<\/option><option value=\"CO\"><br \/>\n\t\t\t\t\t\t\t\t\tCobros<br \/>\n\t\t\t\t\t\t\t\t<\/option><option value=\"CN\"><br \/>\n\t\t\t\t\t\t\t\t\tContratos<br \/>\n\t\t\t\t\t\t\t\t<\/option><option value=\"DM\"><br \/>\n\t\t\t\t\t\t\t\t\tDiscriminaci\u00f3n<br \/>\n\t\t\t\t\t\t\t\t<\/option><option value=\"IS\"><br \/>\n\t\t\t\t\t\t\t\t\tInformaci\u00f3n<br \/>\n\t\t\t\t\t\t\t\t<\/option><option value=\"LD\"><br \/>\n\t\t\t\t\t\t\t\t\tLOPD<br \/>\n\t\t\t\t\t\t\t\t<\/option><option value=\"PG\"><br \/>\n\t\t\t\t\t\t\t\t\tProcedimientos de Gesti\u00f3n<br \/>\n\t\t\t\t\t\t\t\t<\/option><option value=\"RT\"><br \/>\n\t\t\t\t\t\t\t\t\tRetribuciones<br \/>\n\t\t\t\t\t\t\t\t<\/option><\/select>\n\t\t\t\t\t\t<\/div>\n<div class=\"col-md-6 mb-3 motivo validar\" id=\"CA\" style=\"display:none\">\n\t\t\t\t\t\t\t<label for=\"motivo-CA\">Selecciona el motivo <span class=\"required\">(campo obligatorio)<\/span><\/label> <select aria-required=\"true\" class=\"custom-select d-block w-100\" id=\"motivo-CA\" name=\"motivo-CA\"><option value=\"\"><br \/>\n\t\t\t\t\t\t\t\t\tElige&#8230;<br \/>\n\t\t\t\t\t\t\t\t<\/option><option value=\"AT\"><br \/>\n\t\t\t\t\t\t\t\t\tAtenci\u00f3n \/ trato<br \/>\n\t\t\t\t\t\t\t\t<\/option><option value=\"BO\"><br \/>\n\t\t\t\t\t\t\t\t\tBotiquines<br \/>\n\t\t\t\t\t\t\t\t<\/option><option value=\"BP\"><br \/>\n\t\t\t\t\t\t\t\t\tBotiquines pedido<br \/>\n\t\t\t\t\t\t\t\t<\/option><option value=\"QI\"><br \/>\n\t\t\t\t\t\t\t\t\tCalidad y Medio Ambiente \/ ISO<br \/>\n\t\t\t\t\t\t\t\t<\/option><option value=\"EM\"><br \/>\n\t\t\t\t\t\t\t\t\te-AT\/e-CC<br \/>\n\t\t\t\t\t\t\t\t<\/option><option value=\"IS\"><br \/>\n\t\t\t\t\t\t\t\t\tInformaci\u00f3n<br \/>\n\t\t\t\t\t\t\t\t<\/option><option value=\"OT\"><br \/>\n\t\t\t\t\t\t\t\t\tOtros<br \/>\n\t\t\t\t\t\t\t\t<\/option><\/select>\n\t\t\t\t\t\t<\/div>\n<div class=\"col-md-6 mb-3 motivo validar\" id=\"SH\" style=\"display:none\">\n\t\t\t\t\t\t\t<label for=\"motivo-SH\">Selecciona el motivo <span class=\"required\">(campo obligatorio)<\/span><\/label> <select aria-required=\"true\" class=\"custom-select d-block w-100\" id=\"motivo-SH\" name=\"motivo-SH\"><option value=\"\"><br \/>\n\t\t\t\t\t\t\t\t\tElige&#8230;<br \/>\n\t\t\t\t\t\t\t\t<\/option><option value=\"AT\"><br \/>\n\t\t\t\t\t\t\t\t\tAtenci\u00f3n \/ trato<br \/>\n\t\t\t\t\t\t\t\t<\/option><option value=\"BS\"><br \/>\n\t\t\t\t\t\t\t\t\tBonus<br \/>\n\t\t\t\t\t\t\t\t<\/option><option value=\"CS\"><br \/>\n\t\t\t\t\t\t\t\t\tCalidad servicio<br \/>\n\t\t\t\t\t\t\t\t<\/option><option value=\"IS\"><br \/>\n\t\t\t\t\t\t\t\t\tInformaci\u00f3n<br \/>\n\t\t\t\t\t\t\t\t<\/option><option value=\"IF\"><br \/>\n\t\t\t\t\t\t\t\t\tInforme<br \/>\n\t\t\t\t\t\t\t\t<\/option><option value=\"TE\"><br \/>\n\t\t\t\t\t\t\t\t\tTiempo espera<br \/>\n\t\t\t\t\t\t\t\t<\/option><option value=\"OT\"><br \/>\n\t\t\t\t\t\t\t\t\tOtros<br \/>\n\t\t\t\t\t\t\t\t<\/option><\/select>\n\t\t\t\t\t\t<\/div>\n<div class=\"col-md-6 mb-3 motivo validar\" id=\"PI\" style=\"display:none\">\n\t\t\t\t\t\t\t<label for=\"motivo-PI\">Selecciona el motivo <span class=\"required\">(campo obligatorio)<\/span><\/label> <select aria-required=\"true\" class=\"custom-select d-block w-100\" id=\"motivo-PI\" name=\"motivo-PI\"><option value=\"IS\"><br \/>\n\t\t\t\t\t\t\t\t\tInformaci\u00f3n<br \/>\n\t\t\t\t\t\t\t\t<\/option><\/select>\n\t\t\t\t\t\t<\/div>\n<div class=\"col-md-6 mb-3 motivo validar\" id=\"RA\" style=\"display:none\">\n\t\t\t\t\t\t\t<label for=\"motivo-RA\">Selecciona el motivo <span class=\"required\">(campo obligatorio)<\/span><\/label> <select aria-required=\"true\" class=\"custom-select d-block w-100\" id=\"motivo-RA\" name=\"motivo-RA\"><option value=\"\"><br \/>\n\t\t\t\t\t\t\t\t\tElige&#8230;<br \/>\n\t\t\t\t\t\t\t\t<\/option><option value=\"CE\"><br \/>\n\t\t\t\t\t\t\t\t\tCentros m\u00e9dicos Concertados<br \/>\n\t\t\t\t\t\t\t\t<\/option><option value=\"IS\"><br \/>\n\t\t\t\t\t\t\t\t\tInformaci\u00f3n<br \/>\n\t\t\t\t\t\t\t\t<\/option><option value=\"EC\"><br \/>\n\t\t\t\t\t\t\t\t\tInfraestructura centro<br \/>\n\t\t\t\t\t\t\t\t<\/option><option value=\"CM\"><br \/>\n\t\t\t\t\t\t\t\t\tModificaci\u00f3n datos (domicilio, nombre, etc)<br \/>\n\t\t\t\t\t\t\t\t<\/option><option value=\"UD\"><br \/>\n\t\t\t\t\t\t\t\t\tUbicaci\u00f3n\/Delegaciones<br \/>\n\t\t\t\t\t\t\t\t<\/option><option value=\"OT\"><br \/>\n\t\t\t\t\t\t\t\t\tOtros<br \/>\n\t\t\t\t\t\t\t\t<\/option><\/select>\n\t\t\t\t\t\t<\/div>\n<div class=\"col-md-6 mb-3 motivo validar\" id=\"SW\" style=\"display:none\">\n\t\t\t\t\t\t\t<label for=\"motivo-SW\">Selecciona el motivo <span class=\"required\">(campo obligatorio)<\/span><\/label> <select aria-required=\"true\" class=\"custom-select d-block w-100\" id=\"motivo-SW\" name=\"motivo-SW\"><option value=\"\"><br \/>\n\t\t\t\t\t\t\t\t\tElige&#8230;<br \/>\n\t\t\t\t\t\t\t\t<\/option><option value=\"CD\"><br \/>\n\t\t\t\t\t\t\t\t\tContenidos Web<br \/>\n\t\t\t\t\t\t\t\t<\/option><option value=\"FO\"><br \/>\n\t\t\t\t\t\t\t\t\tFormularios<br \/>\n\t\t\t\t\t\t\t\t<\/option><option value=\"IS\"><br \/>\n\t\t\t\t\t\t\t\t\tInformaci\u00f3n<br \/>\n\t\t\t\t\t\t\t\t<\/option><option value=\"OT\"><br \/>\n\t\t\t\t\t\t\t\t\tOtros<br \/>\n\t\t\t\t\t\t\t\t<\/option><\/select>\n\t\t\t\t\t\t<\/div>\n<\/div>\n<hr class=\"mb-4\"\/>\n<div class=\"row\">\n<div class=\"col-md-12 mb-3 validar\">\n\t\t\t\t\t\t\t<label for=\"consulta\">Com\u00e9ntanos tu consulta: <span class=\"required\">(campo obligatorio)<\/span><\/label><br \/>\n\t\t\t\t\t\t\t<textarea class=\"form-control\" id=\"consulta\" name=\"consulta\" rows=\"5\"><\/textarea>\n\t\t\t\t\t\t<\/div>\n<\/div>\n<hr class=\"mb-4\"\/>\n<div class=\"row\">\n<div class=\"col-md-12 mb-3 validar\">\n<div class=\"custom-control custom-checkbox\">\n\t\t\t\t\t\t\t\t<label for=\"agree\"><input aria-required=\"true\" id=\"agree\" name=\"agree\" required=\"\" type=\"checkbox\" value=\"agree\"\/> Aceptar la <a href=\"https:\/\/www.asepeyo.es\/eu\/aviso-legal\/#Privacidad_y_proteccion_datos_atencion_usuario\" rel=\"noopener noreferrer\" target=\"_blank\">pol\u00edtica de privacidad<\/a><\/label>\n\t\t\t\t\t\t\t<\/div>\n<\/div>\n<\/div>\n<hr class=\"mb-4\"\/>\n\t\t\t\t\t<button class=\"btn btn-primary btn-lg btn-block\" type=\"submit\">Envia tu consulta<\/button><br \/>\n\t\t\t\t<\/form>\n<\/div>\n<\/div>\n<\/div>\n<p><!-- fin col-7 --><\/p>\n<div class=\"col-md-3\">\n\t\t<strong>Tambi\u00e9n ponemos a tu disposici\u00f3n las l\u00edneas de atenci\u00f3n telef\u00f3nica y el chat:<\/strong>\n<p>Servicio de Atenci\u00f3n al Usuario<br \/>\n\t\t<span class=\"footer_contactoG\">900 151 002<\/span><\/p>\n<p>Servicio de Atenci\u00f3n al Asesor Laboral<br \/>\n\t\t<span class=\"footer_contactoG\">900 151 005<\/span><\/p>\n<p>Urgencias 24h<br \/>\n\t\t<span class=\"footer_contactoG\">900 151 000<\/span><\/p>\n<p>Email<br \/>\n\t\t<span class=\"footer_contactoG\"><a href=\"mailto:asepeyo@asepeyo.es\" rel=\"noopener noreferrer\" target=\"_blank\">asepeyo@asepeyo.es<\/a><\/span><\/p>\n<p>Todos nuestros centros asistenciales disponen de un <strong>servicio de teletraducci\u00f3n simult\u00e1nea<\/strong> para los trabajadores protegidos que no hablen espa\u00f1ol.<\/p>\n<\/div>\n<div class=\"mx-md-5 px-md-5\" id=\"mensaje\"><\/div>\n<\/div>\n<p><!-- fin row --><br \/>\n<script src='https:\/\/www.asepeyo.es\/forms\/js\/jquery-3.2.1.min.js'>\n<\/script><br \/>\n<script src='https:\/\/www.asepeyo.es\/forms\/js\/bootstrap.min.js'>\n<\/script><br \/>\n<script src='https:\/\/www.asepeyo.es\/forms\/js\/jquery.validate.min.js'>\n<\/script><br \/>\n<script src=\"https:\/\/www.asepeyo.es\/forms\/form-sau\/js\/validar.js\">\n<\/script><br \/>\n<script src=\"https:\/\/www.asepeyo.es\/forms\/form-sau\/js\/enviar.js\">\n<\/script><br \/>\n<script src=\"https:\/\/www.asepeyo.es\/forms\/form-sau\/js\/polyfill.min.js\">\n<\/script><\/p>\n","protected":false},"excerpt":{"rendered":"","protected":false},"author":2,"featured_media":0,"parent":0,"menu_order":0,"comment_status":"closed","ping_status":"closed","template":"","meta":{"_acf_changed":false,"generate_page_header":"","footnotes":""},"class_list":["post-75148","page","type-page","status-publish"],"acf":[],"yoast_head":"<!-- This site is optimized with the Yoast SEO plugin v27.4 - https:\/\/yoast.com\/product\/yoast-seo-wordpress\/ -->\n<title>Atenci\u00f3n al usuario - Asepeyo<\/title>\n<meta name=\"description\" content=\"\u00bfTienes alguna duda? Entra y rellena el formulario de contacto. Tambi\u00e9n puedes ponerte en contacto con con nosotros por telef\u00f3no, chat y redes sociales.\" \/>\n<meta name=\"robots\" content=\"index, follow, max-snippet:-1, max-image-preview:large, max-video-preview:-1\" \/>\n<link rel=\"canonical\" href=\"https:\/\/www.asepeyo.es\/eu\/atencion-usuario\/\" \/>\n<meta property=\"og:locale\" content=\"eu_ES\" \/>\n<meta property=\"og:type\" content=\"article\" \/>\n<meta property=\"og:title\" content=\"Atenci\u00f3n al usuario - Asepeyo\" \/>\n<meta property=\"og:description\" content=\"\u00bfTienes alguna duda? Entra y rellena el formulario de contacto. Tambi\u00e9n puedes ponerte en contacto con con nosotros por telef\u00f3no, chat y redes sociales.\" \/>\n<meta property=\"og:url\" content=\"https:\/\/www.asepeyo.es\/eu\/atencion-usuario\/\" \/>\n<meta property=\"og:site_name\" content=\"Asepeyo\" \/>\n<meta property=\"article:publisher\" content=\"https:\/\/es-es.facebook.com\/Asepeyo\/\" \/>\n<meta property=\"article:modified_time\" content=\"2025-06-20T10:43:02+00:00\" \/>\n<meta name=\"twitter:card\" content=\"summary_large_image\" \/>\n<meta name=\"twitter:site\" content=\"@Asepeyo\" \/>\n<meta name=\"twitter:label1\" content=\"Est. reading time\" \/>\n\t<meta name=\"twitter:data1\" content=\"2 minutes\" \/>\n<script type=\"application\/ld+json\" class=\"yoast-schema-graph\">{\"@context\":\"https:\\\/\\\/schema.org\",\"@graph\":[{\"@type\":\"WebPage\",\"@id\":\"https:\\\/\\\/www.asepeyo.es\\\/eu\\\/atencion-usuario\\\/\",\"url\":\"https:\\\/\\\/www.asepeyo.es\\\/eu\\\/atencion-usuario\\\/\",\"name\":\"Atenci\u00f3n al usuario - Asepeyo\",\"isPartOf\":{\"@id\":\"https:\\\/\\\/www.asepeyo.es\\\/eu\\\/#website\"},\"datePublished\":\"2019-07-16T07:35:40+00:00\",\"dateModified\":\"2025-06-20T10:43:02+00:00\",\"description\":\"\u00bfTienes alguna duda? Entra y rellena el formulario de contacto. Tambi\u00e9n puedes ponerte en contacto con con nosotros por telef\u00f3no, chat y redes sociales.\",\"breadcrumb\":{\"@id\":\"https:\\\/\\\/www.asepeyo.es\\\/eu\\\/atencion-usuario\\\/#breadcrumb\"},\"inLanguage\":\"eu-ES\",\"potentialAction\":[{\"@type\":\"ReadAction\",\"target\":[\"https:\\\/\\\/www.asepeyo.es\\\/eu\\\/atencion-usuario\\\/\"]}]},{\"@type\":\"BreadcrumbList\",\"@id\":\"https:\\\/\\\/www.asepeyo.es\\\/eu\\\/atencion-usuario\\\/#breadcrumb\",\"itemListElement\":[{\"@type\":\"ListItem\",\"position\":1,\"name\":\"Inicio\",\"item\":\"https:\\\/\\\/www.asepeyo.es\\\/eu\\\/\"},{\"@type\":\"ListItem\",\"position\":2,\"name\":\"Atenci\u00f3n al usuario\"}]},{\"@type\":\"WebSite\",\"@id\":\"https:\\\/\\\/www.asepeyo.es\\\/eu\\\/#website\",\"url\":\"https:\\\/\\\/www.asepeyo.es\\\/eu\\\/\",\"name\":\"Asepeyo\",\"description\":\"Mutua de accidentes de trabajo 151\",\"publisher\":{\"@id\":\"https:\\\/\\\/www.asepeyo.es\\\/eu\\\/#organization\"},\"potentialAction\":[{\"@type\":\"SearchAction\",\"target\":{\"@type\":\"EntryPoint\",\"urlTemplate\":\"https:\\\/\\\/www.asepeyo.es\\\/eu\\\/?s={search_term_string}\"},\"query-input\":{\"@type\":\"PropertyValueSpecification\",\"valueRequired\":true,\"valueName\":\"search_term_string\"}}],\"inLanguage\":\"eu-ES\"},{\"@type\":\"Organization\",\"@id\":\"https:\\\/\\\/www.asepeyo.es\\\/eu\\\/#organization\",\"name\":\"Asepeyo\",\"url\":\"https:\\\/\\\/www.asepeyo.es\\\/eu\\\/\",\"logo\":{\"@type\":\"ImageObject\",\"inLanguage\":\"eu-ES\",\"@id\":\"https:\\\/\\\/www.asepeyo.es\\\/eu\\\/#\\\/schema\\\/logo\\\/image\\\/\",\"url\":\"https:\\\/\\\/www.asepeyo.es\\\/wp-content\\\/uploads\\\/logo-asepeyo-web-azul.png\",\"contentUrl\":\"https:\\\/\\\/www.asepeyo.es\\\/wp-content\\\/uploads\\\/logo-asepeyo-web-azul.png\",\"width\":350,\"height\":55,\"caption\":\"Asepeyo\"},\"image\":{\"@id\":\"https:\\\/\\\/www.asepeyo.es\\\/eu\\\/#\\\/schema\\\/logo\\\/image\\\/\"},\"sameAs\":[\"https:\\\/\\\/es-es.facebook.com\\\/Asepeyo\\\/\",\"https:\\\/\\\/x.com\\\/Asepeyo\",\"https:\\\/\\\/www.instagram.com\\\/asepeyo\\\/?hl=es\",\"https:\\\/\\\/es.linkedin.com\\\/company\\\/asepeyo\",\"https:\\\/\\\/www.youtube.com\\\/channel\\\/UC42Ipj44IKKTITQ2HNoLmSQ\"]}]}<\/script>\n<!-- \/ Yoast SEO plugin. -->","yoast_head_json":{"title":"Atenci\u00f3n al usuario - Asepeyo","description":"\u00bfTienes alguna duda? Entra y rellena el formulario de contacto. Tambi\u00e9n puedes ponerte en contacto con con nosotros por telef\u00f3no, chat y redes sociales.","robots":{"index":"index","follow":"follow","max-snippet":"max-snippet:-1","max-image-preview":"max-image-preview:large","max-video-preview":"max-video-preview:-1"},"canonical":"https:\/\/www.asepeyo.es\/eu\/atencion-usuario\/","og_locale":"eu_ES","og_type":"article","og_title":"Atenci\u00f3n al usuario - Asepeyo","og_description":"\u00bfTienes alguna duda? Entra y rellena el formulario de contacto. Tambi\u00e9n puedes ponerte en contacto con con nosotros por telef\u00f3no, chat y redes sociales.","og_url":"https:\/\/www.asepeyo.es\/eu\/atencion-usuario\/","og_site_name":"Asepeyo","article_publisher":"https:\/\/es-es.facebook.com\/Asepeyo\/","article_modified_time":"2025-06-20T10:43:02+00:00","twitter_card":"summary_large_image","twitter_site":"@Asepeyo","twitter_misc":{"Est. reading time":"2 minutes"},"schema":{"@context":"https:\/\/schema.org","@graph":[{"@type":"WebPage","@id":"https:\/\/www.asepeyo.es\/eu\/atencion-usuario\/","url":"https:\/\/www.asepeyo.es\/eu\/atencion-usuario\/","name":"Atenci\u00f3n al usuario - Asepeyo","isPartOf":{"@id":"https:\/\/www.asepeyo.es\/eu\/#website"},"datePublished":"2019-07-16T07:35:40+00:00","dateModified":"2025-06-20T10:43:02+00:00","description":"\u00bfTienes alguna duda? Entra y rellena el formulario de contacto. Tambi\u00e9n puedes ponerte en contacto con con nosotros por telef\u00f3no, chat y redes sociales.","breadcrumb":{"@id":"https:\/\/www.asepeyo.es\/eu\/atencion-usuario\/#breadcrumb"},"inLanguage":"eu-ES","potentialAction":[{"@type":"ReadAction","target":["https:\/\/www.asepeyo.es\/eu\/atencion-usuario\/"]}]},{"@type":"BreadcrumbList","@id":"https:\/\/www.asepeyo.es\/eu\/atencion-usuario\/#breadcrumb","itemListElement":[{"@type":"ListItem","position":1,"name":"Inicio","item":"https:\/\/www.asepeyo.es\/eu\/"},{"@type":"ListItem","position":2,"name":"Atenci\u00f3n al usuario"}]},{"@type":"WebSite","@id":"https:\/\/www.asepeyo.es\/eu\/#website","url":"https:\/\/www.asepeyo.es\/eu\/","name":"Asepeyo","description":"Mutua de accidentes de trabajo 151","publisher":{"@id":"https:\/\/www.asepeyo.es\/eu\/#organization"},"potentialAction":[{"@type":"SearchAction","target":{"@type":"EntryPoint","urlTemplate":"https:\/\/www.asepeyo.es\/eu\/?s={search_term_string}"},"query-input":{"@type":"PropertyValueSpecification","valueRequired":true,"valueName":"search_term_string"}}],"inLanguage":"eu-ES"},{"@type":"Organization","@id":"https:\/\/www.asepeyo.es\/eu\/#organization","name":"Asepeyo","url":"https:\/\/www.asepeyo.es\/eu\/","logo":{"@type":"ImageObject","inLanguage":"eu-ES","@id":"https:\/\/www.asepeyo.es\/eu\/#\/schema\/logo\/image\/","url":"https:\/\/www.asepeyo.es\/wp-content\/uploads\/logo-asepeyo-web-azul.png","contentUrl":"https:\/\/www.asepeyo.es\/wp-content\/uploads\/logo-asepeyo-web-azul.png","width":350,"height":55,"caption":"Asepeyo"},"image":{"@id":"https:\/\/www.asepeyo.es\/eu\/#\/schema\/logo\/image\/"},"sameAs":["https:\/\/es-es.facebook.com\/Asepeyo\/","https:\/\/x.com\/Asepeyo","https:\/\/www.instagram.com\/asepeyo\/?hl=es","https:\/\/es.linkedin.com\/company\/asepeyo","https:\/\/www.youtube.com\/channel\/UC42Ipj44IKKTITQ2HNoLmSQ"]}]}},"_links":{"self":[{"href":"https:\/\/www.asepeyo.es\/eu\/wp-json\/wp\/v2\/pages\/75148","targetHints":{"allow":["GET"]}}],"collection":[{"href":"https:\/\/www.asepeyo.es\/eu\/wp-json\/wp\/v2\/pages"}],"about":[{"href":"https:\/\/www.asepeyo.es\/eu\/wp-json\/wp\/v2\/types\/page"}],"author":[{"embeddable":true,"href":"https:\/\/www.asepeyo.es\/eu\/wp-json\/wp\/v2\/users\/2"}],"replies":[{"embeddable":true,"href":"https:\/\/www.asepeyo.es\/eu\/wp-json\/wp\/v2\/comments?post=75148"}],"version-history":[{"count":2,"href":"https:\/\/www.asepeyo.es\/eu\/wp-json\/wp\/v2\/pages\/75148\/revisions"}],"predecessor-version":[{"id":1488703,"href":"https:\/\/www.asepeyo.es\/eu\/wp-json\/wp\/v2\/pages\/75148\/revisions\/1488703"}],"wp:attachment":[{"href":"https:\/\/www.asepeyo.es\/eu\/wp-json\/wp\/v2\/media?parent=75148"}],"curies":[{"name":"wp","href":"https:\/\/api.w.org\/{rel}","templated":true}]}}