{"id":1459984,"date":"2022-06-01T19:02:45","date_gmt":"2022-06-01T17:02:45","guid":{"rendered":"https:\/\/www.asepeyo.es\/?page_id=1459984"},"modified":"2022-06-01T19:11:47","modified_gmt":"2022-06-01T17:11:47","slug":"red-de-delegaciones","status":"publish","type":"page","link":"https:\/\/www.asepeyo.es\/eu\/red-de-delegaciones\/","title":{"rendered":"Ordezkaritzen sarea"},"content":{"rendered":"<div class=\"alert alert-danger alert-dismissible fade show maven\" role=\"alert\"> Indica los datos en el buscador. En el listado que aparecer\u00e1 debajo del mapa, tendr\u00e1s la informaci\u00f3n de contacto del centro y su correo electr\u00f3nico.<br \/>\n  <button type=\"button\" class=\"close\" data-dismiss=\"alert\" aria-label=\"Close\"><span aria-hidden=\"true\">\u00d7<\/span><\/button>\n<\/div>\n<style>.embed-container { position: relative; padding-bottom: 56.25%; height: 0; overflow: hidden; max-width: 100%; } .embed-container iframe, .embed-container object, .embed-container embed { position: absolute; top: 0; left: 0; width: 100%; height: 100%; }<\/style>\n<div class=\"embed-container\"><iframe loading=\"lazy\" style=\"border: 0;\" src=\"https:\/\/old.asepeyo.es\/AOS60_GADA_WEB_WAR_CL\/delegacionesAsepeyo-es_ES.html\" width=\"300\" height=\"300\"><\/iframe><\/div>\n<div class=\"alert alert-light alert-dismissible fade show\" role=\"alert\">\n<h4 class=\"alert-heading\">Informaci\u00f3n<\/h4>\n<p>La relaci\u00f3n de centros m\u00e1s pr\u00f3ximos que aparece a continuaci\u00f3n se basa en la distancia entre ellos en l\u00ednea recta, y no seg\u00fan el recorrido existente entre ambos.<\/p>\n<p>Cuando hayas indicado un centro, en el mapa que aparece puedes hacer menos zoom, y as\u00ed tendr\u00e1s todos los centros disponibles y m\u00e1s pr\u00f3ximos a tu b\u00fasqueda.<\/p>\n<hr \/>\n<p class=\"mt-0\">Estamos trabajando para modificar y mejorar este sistema.<\/p>\n<p><button class=\"close\" type=\"button\" data-dismiss=\"alert\" aria-label=\"Close\"><br \/>\n<span aria-hidden=\"true\">\u00d7<\/span><br \/>\n<\/button><\/p>\n<\/div>\n<p><script>\n$('.alert').alert()<\/script><\/p>\n\n","protected":false},"excerpt":{"rendered":"","protected":false},"author":1,"featured_media":0,"parent":0,"menu_order":0,"comment_status":"closed","ping_status":"closed","template":"","meta":{"_acf_changed":false,"generate_page_header":"","footnotes":""},"class_list":["post-1459984","page","type-page","status-publish"],"acf":[],"yoast_head":"<!-- This site is optimized with the Yoast SEO plugin v27.2 - https:\/\/yoast.com\/product\/yoast-seo-wordpress\/ -->\n<title>Ordezkaritzen sarea - Asepeyo<\/title>\n<meta name=\"description\" content=\"Jakin nahi duzu zein laguntza-zentro duzun hurbilen? 178 ordezkaritza, 1.500 laguntza-gune eta 3 ospitale dituzu zure osasuna zaintzeko.\" \/>\n<meta name=\"robots\" content=\"index, follow, max-snippet:-1, max-image-preview:large, max-video-preview:-1\" \/>\n<link rel=\"canonical\" href=\"https:\/\/www.asepeyo.es\/eu\/red-de-delegaciones\/\" \/>\n<meta property=\"og:locale\" content=\"eu_ES\" \/>\n<meta property=\"og:type\" content=\"article\" \/>\n<meta property=\"og:title\" content=\"Ordezkaritzen sarea - Asepeyo\" \/>\n<meta property=\"og:description\" content=\"Jakin nahi duzu zein laguntza-zentro duzun hurbilen? 178 ordezkaritza, 1.500 laguntza-gune eta 3 ospitale dituzu zure osasuna zaintzeko.\" \/>\n<meta property=\"og:url\" content=\"https:\/\/www.asepeyo.es\/eu\/red-de-delegaciones\/\" \/>\n<meta property=\"og:site_name\" content=\"Asepeyo\" \/>\n<meta property=\"article:publisher\" content=\"https:\/\/es-es.facebook.com\/Asepeyo\/\" \/>\n<meta property=\"article:modified_time\" content=\"2022-06-01T17:11:47+00:00\" \/>\n<meta name=\"twitter:card\" content=\"summary_large_image\" \/>\n<meta name=\"twitter:site\" content=\"@Asepeyo\" \/>\n<meta name=\"twitter:label1\" content=\"Est. reading time\" \/>\n\t<meta name=\"twitter:data1\" content=\"1 minute\" \/>\n<script type=\"application\/ld+json\" class=\"yoast-schema-graph\">{\"@context\":\"https:\/\/schema.org\",\"@graph\":[{\"@type\":\"WebPage\",\"@id\":\"https:\/\/www.asepeyo.es\/eu\/red-de-delegaciones\/\",\"url\":\"https:\/\/www.asepeyo.es\/eu\/red-de-delegaciones\/\",\"name\":\"Ordezkaritzen sarea - Asepeyo\",\"isPartOf\":{\"@id\":\"https:\/\/www.asepeyo.es\/eu\/#website\"},\"datePublished\":\"2022-06-01T17:02:45+00:00\",\"dateModified\":\"2022-06-01T17:11:47+00:00\",\"description\":\"Jakin nahi duzu zein laguntza-zentro duzun hurbilen? 178 ordezkaritza, 1.500 laguntza-gune eta 3 ospitale dituzu zure osasuna zaintzeko.\",\"breadcrumb\":{\"@id\":\"https:\/\/www.asepeyo.es\/eu\/red-de-delegaciones\/#breadcrumb\"},\"inLanguage\":\"eu-ES\",\"potentialAction\":[{\"@type\":\"ReadAction\",\"target\":[\"https:\/\/www.asepeyo.es\/eu\/red-de-delegaciones\/\"]}]},{\"@type\":\"BreadcrumbList\",\"@id\":\"https:\/\/www.asepeyo.es\/eu\/red-de-delegaciones\/#breadcrumb\",\"itemListElement\":[{\"@type\":\"ListItem\",\"position\":1,\"name\":\"Inicio\",\"item\":\"https:\/\/www.asepeyo.es\/eu\/\"},{\"@type\":\"ListItem\",\"position\":2,\"name\":\"Ordezkaritzen sarea\"}]},{\"@type\":\"WebSite\",\"@id\":\"https:\/\/www.asepeyo.es\/eu\/#website\",\"url\":\"https:\/\/www.asepeyo.es\/eu\/\",\"name\":\"Asepeyo\",\"description\":\"Mutua de accidentes de trabajo 151\",\"publisher\":{\"@id\":\"https:\/\/www.asepeyo.es\/eu\/#organization\"},\"potentialAction\":[{\"@type\":\"SearchAction\",\"target\":{\"@type\":\"EntryPoint\",\"urlTemplate\":\"https:\/\/www.asepeyo.es\/eu\/?s={search_term_string}\"},\"query-input\":{\"@type\":\"PropertyValueSpecification\",\"valueRequired\":true,\"valueName\":\"search_term_string\"}}],\"inLanguage\":\"eu-ES\"},{\"@type\":\"Organization\",\"@id\":\"https:\/\/www.asepeyo.es\/eu\/#organization\",\"name\":\"Asepeyo\",\"url\":\"https:\/\/www.asepeyo.es\/eu\/\",\"logo\":{\"@type\":\"ImageObject\",\"inLanguage\":\"eu-ES\",\"@id\":\"https:\/\/www.asepeyo.es\/eu\/#\/schema\/logo\/image\/\",\"url\":\"https:\/\/www.asepeyo.es\/wp-content\/uploads\/logo-asepeyo-web-azul.png\",\"contentUrl\":\"https:\/\/www.asepeyo.es\/wp-content\/uploads\/logo-asepeyo-web-azul.png\",\"width\":350,\"height\":55,\"caption\":\"Asepeyo\"},\"image\":{\"@id\":\"https:\/\/www.asepeyo.es\/eu\/#\/schema\/logo\/image\/\"},\"sameAs\":[\"https:\/\/es-es.facebook.com\/Asepeyo\/\",\"https:\/\/x.com\/Asepeyo\",\"https:\/\/www.instagram.com\/asepeyo\/?hl=es\",\"https:\/\/es.linkedin.com\/company\/asepeyo\",\"https:\/\/www.youtube.com\/channel\/UC42Ipj44IKKTITQ2HNoLmSQ\"]}]}<\/script>\n<!-- \/ Yoast SEO plugin. -->","yoast_head_json":{"title":"Ordezkaritzen sarea - Asepeyo","description":"Jakin nahi duzu zein laguntza-zentro duzun hurbilen? 178 ordezkaritza, 1.500 laguntza-gune eta 3 ospitale dituzu zure osasuna zaintzeko.","robots":{"index":"index","follow":"follow","max-snippet":"max-snippet:-1","max-image-preview":"max-image-preview:large","max-video-preview":"max-video-preview:-1"},"canonical":"https:\/\/www.asepeyo.es\/eu\/red-de-delegaciones\/","og_locale":"eu_ES","og_type":"article","og_title":"Ordezkaritzen sarea - Asepeyo","og_description":"Jakin nahi duzu zein laguntza-zentro duzun hurbilen? 178 ordezkaritza, 1.500 laguntza-gune eta 3 ospitale dituzu zure osasuna zaintzeko.","og_url":"https:\/\/www.asepeyo.es\/eu\/red-de-delegaciones\/","og_site_name":"Asepeyo","article_publisher":"https:\/\/es-es.facebook.com\/Asepeyo\/","article_modified_time":"2022-06-01T17:11:47+00:00","twitter_card":"summary_large_image","twitter_site":"@Asepeyo","twitter_misc":{"Est. reading time":"1 minute"},"schema":{"@context":"https:\/\/schema.org","@graph":[{"@type":"WebPage","@id":"https:\/\/www.asepeyo.es\/eu\/red-de-delegaciones\/","url":"https:\/\/www.asepeyo.es\/eu\/red-de-delegaciones\/","name":"Ordezkaritzen sarea - Asepeyo","isPartOf":{"@id":"https:\/\/www.asepeyo.es\/eu\/#website"},"datePublished":"2022-06-01T17:02:45+00:00","dateModified":"2022-06-01T17:11:47+00:00","description":"Jakin nahi duzu zein laguntza-zentro duzun hurbilen? 178 ordezkaritza, 1.500 laguntza-gune eta 3 ospitale dituzu zure osasuna zaintzeko.","breadcrumb":{"@id":"https:\/\/www.asepeyo.es\/eu\/red-de-delegaciones\/#breadcrumb"},"inLanguage":"eu-ES","potentialAction":[{"@type":"ReadAction","target":["https:\/\/www.asepeyo.es\/eu\/red-de-delegaciones\/"]}]},{"@type":"BreadcrumbList","@id":"https:\/\/www.asepeyo.es\/eu\/red-de-delegaciones\/#breadcrumb","itemListElement":[{"@type":"ListItem","position":1,"name":"Inicio","item":"https:\/\/www.asepeyo.es\/eu\/"},{"@type":"ListItem","position":2,"name":"Ordezkaritzen sarea"}]},{"@type":"WebSite","@id":"https:\/\/www.asepeyo.es\/eu\/#website","url":"https:\/\/www.asepeyo.es\/eu\/","name":"Asepeyo","description":"Mutua de accidentes de trabajo 151","publisher":{"@id":"https:\/\/www.asepeyo.es\/eu\/#organization"},"potentialAction":[{"@type":"SearchAction","target":{"@type":"EntryPoint","urlTemplate":"https:\/\/www.asepeyo.es\/eu\/?s={search_term_string}"},"query-input":{"@type":"PropertyValueSpecification","valueRequired":true,"valueName":"search_term_string"}}],"inLanguage":"eu-ES"},{"@type":"Organization","@id":"https:\/\/www.asepeyo.es\/eu\/#organization","name":"Asepeyo","url":"https:\/\/www.asepeyo.es\/eu\/","logo":{"@type":"ImageObject","inLanguage":"eu-ES","@id":"https:\/\/www.asepeyo.es\/eu\/#\/schema\/logo\/image\/","url":"https:\/\/www.asepeyo.es\/wp-content\/uploads\/logo-asepeyo-web-azul.png","contentUrl":"https:\/\/www.asepeyo.es\/wp-content\/uploads\/logo-asepeyo-web-azul.png","width":350,"height":55,"caption":"Asepeyo"},"image":{"@id":"https:\/\/www.asepeyo.es\/eu\/#\/schema\/logo\/image\/"},"sameAs":["https:\/\/es-es.facebook.com\/Asepeyo\/","https:\/\/x.com\/Asepeyo","https:\/\/www.instagram.com\/asepeyo\/?hl=es","https:\/\/es.linkedin.com\/company\/asepeyo","https:\/\/www.youtube.com\/channel\/UC42Ipj44IKKTITQ2HNoLmSQ"]}]}},"_links":{"self":[{"href":"https:\/\/www.asepeyo.es\/eu\/wp-json\/wp\/v2\/pages\/1459984","targetHints":{"allow":["GET"]}}],"collection":[{"href":"https:\/\/www.asepeyo.es\/eu\/wp-json\/wp\/v2\/pages"}],"about":[{"href":"https:\/\/www.asepeyo.es\/eu\/wp-json\/wp\/v2\/types\/page"}],"author":[{"embeddable":true,"href":"https:\/\/www.asepeyo.es\/eu\/wp-json\/wp\/v2\/users\/1"}],"replies":[{"embeddable":true,"href":"https:\/\/www.asepeyo.es\/eu\/wp-json\/wp\/v2\/comments?post=1459984"}],"version-history":[{"count":2,"href":"https:\/\/www.asepeyo.es\/eu\/wp-json\/wp\/v2\/pages\/1459984\/revisions"}],"predecessor-version":[{"id":1460054,"href":"https:\/\/www.asepeyo.es\/eu\/wp-json\/wp\/v2\/pages\/1459984\/revisions\/1460054"}],"wp:attachment":[{"href":"https:\/\/www.asepeyo.es\/eu\/wp-json\/wp\/v2\/media?parent=1459984"}],"curies":[{"name":"wp","href":"https:\/\/api.w.org\/{rel}","templated":true}]}}