{"id":71632,"date":"2019-08-13T17:40:04","date_gmt":"2019-08-13T15:40:04","guid":{"rendered":"https:\/\/www.asepeyo.es\/?page_id=71632"},"modified":"2019-08-13T17:41:10","modified_gmt":"2019-08-13T15:41:10","slug":"somos-tu-mutua","status":"publish","type":"page","link":"https:\/\/www.asepeyo.es\/ca\/somos-tu-mutua\/","title":{"rendered":"Som la teva m\u00fatua"},"content":{"rendered":"\n<div class=\"container\">\n<div class=\"align-center pb-5 mb-5\">\n<h2>Per qu\u00e8 nosaltres?<\/h2>\n<\/div>\n<div class=\"row pb5\">\n<div class=\"col-md-6 flex col-xs-12 pb-5\">\n<div class=\"col-md-2 col-xs-12 pb-5\">\n\t\t\t\t<span class=\"icono-te-llamamos\"><i class=\"fal fa-stethoscope fa-3x\"><!-- icon --><\/i><\/span>\n\t\t\t<\/div>\n<div class=\"col-md-10 align-left\">\n<div class=\"content\">\n<h3 class=\"f3 p-0\"><span class=\" text-primary\">Tenim cura<\/span> de tu<\/h3>\n<div class=\"sub header\">\n\t\t\t\t\t\tM\u00e9s de 1.500 professionals sanitaris al teu servei. Proporcionem els tractaments m\u00e8dics i rehabilitadors necessaris i assumim els costos de serveis i farm\u00e0cia.\n\t\t\t\t\t<\/div>\n<\/div>\n<\/div>\n<\/div>\n<div class=\"col-md-6 flex col-xs-12 pb-5\">\n<div class=\"col-md-2 col-xs-12 pb-5\">\n\t\t\t\t<span class=\"icono-te-llamamos\"><i class=\"fal fa-laptop-medical fa-3x\"><!-- icon --><\/i><\/span>\n\t\t\t<\/div>\n<div class=\"col-md-10 align-left\">\n<div class=\"content\">\n<h3 class=\"f3 p-0\"><span class=\" text-primary\">Tecnologia<\/span> al teu servei<\/h3>\n<div class=\"sub header\">\n\t\t\t\t\t\tDestacats aven\u00e7os en medicina como ara la telemedicina, les cintes antigrativat\u00f2ries i la impressi\u00f3 \u00f2ssia en 3D. Noves aplicacions que et permeten estar connectat les 24 hores del dia.\n\t\t\t\t\t<\/div>\n<\/div>\n<\/div>\n<\/div>\n<\/div>\n<div class=\"row pb5\">\n<div class=\"col-md-6 flex col-xs-12 pb-5\">\n<div class=\"col-md-2 col-xs-12 pb-5\">\n\t\t\t\t<span class=\"icono-te-llamamos\"><i class=\"fal fa-traffic-cone fa-3x\"><!-- icon --><\/i><\/span>\n\t\t\t<\/div>\n<div class=\"col-md-10 align-left\">\n<div class=\"content\">\n<h3 class=\"f3 p-0\"><span class=\" text-primary\">Redu\u00efm<\/span> els teus riscos<\/h3>\n<div class=\"sub header\">\n\t\t\t\t\t\tM\u00e9s de 80 consultors en prevenci\u00f3 t&#8217;assessoren, de manera personalitzada, i t&#8217;ajuden a crear ambients laborals m\u00e9s segurs amb l&#8217;\u00faltima tecnologia: realitat virtual, drons o el programa Virtual Ergonomics.\n\t\t\t\t\t<\/div>\n<\/div>\n<\/div>\n<\/div>\n<div class=\"col-md-6 flex col-xs-12 pb-5\">\n<div class=\"col-md-2 col-xs-12 pb-5\">\n\t\t\t\t<span class=\"icono-te-llamamos\"><i class=\"fal fa-puzzle-piece fa-3x\"><!-- icon --><\/i><\/span>\n\t\t\t<\/div>\n<div class=\"col-md-10 align-left\">\n<div class=\"content\">\n<h3 class=\"f3 p-0\">Gestionem <span class=\" text-primary\">amb tu<\/span><\/h3>\n<div class=\"sub header\">\n\t\t\t\t\t\tEt facilitem dades, informes i eines necessaris, basats en business intelligente, amb qu\u00e8 pots elaborar el diagn\u00f2stic i analitzar la situaci\u00f3 d&#8217;absentisme a la teva empresa.\n\t\t\t\t\t<\/div>\n<\/div>\n<\/div>\n<\/div>\n<\/div>\n<\/div>\n<div class=\"grid-container mb-3\">\n<div class=\"titulo\">\n<h2>Les teves gestions, en un sol clic.<\/h2>\n<\/div>\n<div class=\"grid-70 prefix-15 grid-mobile-100 align-center mb-5\">\n<p class=\"lead\">Facilitem tots els teus tr\u00e0mits. T&#8217;estalviem \u00a0temps i agilitzem al m\u00e0xim els processos a trav\u00e9s de:<\/p>\n<\/div>\n<\/div>\n<div class=\"grid-container mb-5\">\n<div class=\"grid-100\">\n<div class=\"grid-60 sufix-40 mobile-grid-100\">\n<div class=\"list-group\">\n<div class=\"mb-4\">\n<h4 class=\"mb-2 b\">Les nostres <span class=\" text-primary\">apps<\/span><\/h4>\n<p><span style=\"font-weight: 400;\">Amb Asepeyo empresas, Asepeyo asesor\u00edas i Mi Asepeyo disposes de m\u00e9s de 50 funcionalitats per saber, en temps real, l&#8217;estat de salut de la teva empresa<\/span>\n\t\t\t\t<\/p><\/div>\n<div class=\"mb-4\">\n<h4 class=\"mb-2 b\">Asepeyo <span class=\" text-primary\">Oficina Virtual<\/span><\/h4>\n<p>Plataforma vinculada a les apps que, a m\u00e9s, et permet gestionar els teus tr\u00e0mits i exportar documents i informes.\n\t\t\t\t<\/p><\/div>\n<div class=\"mb-4\">\n<h4 class=\"mb-2 b\"><span class=\" text-primary\">An\u00e0lisi din\u00e0mica<\/span> de Dades<\/h4>\n<p>Aplicaci\u00f3 per analitzar i explotar online totes les variables sobre el comportament i l&#8217;evoluci\u00f3 de l&#8217;absentisme a la teva empresa.\n\t\t\t\t<\/p><\/div>\n<\/div>\n<\/div>\n<\/div>\n<\/div>\n<div class=\"grid-100 titulo align-center\">\n<h2>Estem a prop teu<\/h2>\n<\/div>\n<div class=\"grid-70 prefix-15 grid-mobile-100 align-center mb-5\">\n<p class=\"lead\">M\u00e9s de 3.500 professionals i la m\u00e9s avan\u00e7ada tecnologia m\u00e8dico-cient\u00edfica disponibles a:<\/p>\n<\/div>\n<div id=\"counter\">\n<div class=\"grid-container align-center mb-5\">\n<div class=\"grid-33 tablet-grid-33 mobile-grid-100\">\n\t\t\t<span class=\"icono-te-llamamos\"><i class=\"fal fa-building fa-3x\"><!-- icon --><\/i><\/span>\n<p class=\"f2 mb0\">+<span class=\"counter\">178<\/span><\/p>\n<h4 class=\"maven pt0 f4 black\">Delegacions<\/h4>\n<\/div>\n<div class=\"grid-33 tablet-grid-33 mobile-grid-100\">\n\t\t\t<span class=\"icono-te-llamamos\"><i class=\"fal fa-hospital fa-3x\"><!-- icon --><\/i><\/span>\n<p class=\"f2 mb0\">+<span class=\"counter\">3<\/span><\/p>\n<h4 class=\"maven pt0 f4 black\">Hospitals propis<\/h4>\n<\/div>\n<div class=\"grid-33 tablet-grid-33 mobile-grid-100\">\n\t\t\t<span class=\"icono-te-llamamos\"><i class=\"fal fa-clinic-medical fa-3x\"><!-- icon --><\/i><\/span>\n<p class=\"f2 mb0\">+<span class=\"counter\">1500<\/span><\/p>\n<h4 class=\"maven pt0 f4 black\">Punts assistencials<\/h4>\n<\/div>\n<\/div>\n<\/div>\n<div class=\"grid-container\">\n<div class=\"grid-70 prefix-15\">\n<h2 class=\" titulo\">T&#8217;hem conven\u00e7ut?<\/h2>\n<p class=\" pb-3 lead align-center\">Deixa&#8217;ns les teves dades i ens posarem en contacte amb tu en menys de 48 hores. Tenim cura de la salut dels teus treballadors i de la teva empresa.<\/p>\n\n<div class=\"wpcf7 no-js\" id=\"wpcf7-f52122-o1\" lang=\"es-ES\" dir=\"ltr\" data-wpcf7-id=\"52122\">\n<div class=\"screen-reader-response\"><p role=\"status\" aria-live=\"polite\" aria-atomic=\"true\"><\/p> <ul><\/ul><\/div>\n<form action=\"\/ca\/wp-json\/wp\/v2\/pages\/71632#wpcf7-f52122-o1\" method=\"post\" class=\"wpcf7-form init wpcf7-acceptance-as-validation\" aria-label=\"Contact form\" novalidate=\"novalidate\" data-status=\"init\">\n<fieldset class=\"hidden-fields-container\"><input type=\"hidden\" name=\"_wpcf7\" value=\"52122\" \/><input type=\"hidden\" name=\"_wpcf7_version\" value=\"6.1.5\" \/><input type=\"hidden\" name=\"_wpcf7_locale\" value=\"es_ES\" \/><input type=\"hidden\" name=\"_wpcf7_unit_tag\" value=\"wpcf7-f52122-o1\" \/><input type=\"hidden\" name=\"_wpcf7_container_post\" value=\"0\" \/><input type=\"hidden\" name=\"_wpcf7_posted_data_hash\" value=\"\" \/><input type=\"hidden\" name=\"_wpcf7_recaptcha_response\" value=\"\" \/>\n<\/fieldset>\n<div class=\"grid-parent form-perfil form-sobre-azul\">\n\t<div class=\"grid-100 respuesta\">\n\t<div class=\"wpcf7-response-output\" aria-hidden=\"true\"><\/div>\n\t<\/div>\n\t<div class=\"grid-50 tablet-grid-50 mobil-grid-100 pb-5\">\n\t\t<fieldset>\n\t\t\t<p><label for=\"your-name\"> Nombre* <small class=\"text-danger\">(obligatorio)<\/small> <\/label><input size=\"40\" maxlength=\"400\" class=\"wpcf7-form-control wpcf7-text wpcf7-validates-as-required\" id=\"your-name\" aria-required=\"true\" aria-invalid=\"false\" value=\"\" type=\"text\" name=\"your-name\" \/>\n\t\t\t<\/p>\n\t\t<\/fieldset>\n\t<\/div>\n\t<div class=\"grid-50 tablet-grid-50 mobil-grid-100 pb-5\">\n\t\t<p><label for=\"your-telf\"> Tel* <small class=\"text-danger\">(obligatorio)<\/small> <\/label><input size=\"40\" maxlength=\"400\" class=\"wpcf7-form-control wpcf7-tel wpcf7-validates-as-required wpcf7-text wpcf7-validates-as-tel\" id=\"your-telf\" aria-required=\"true\" aria-invalid=\"false\" value=\"\" type=\"tel\" name=\"your-telf\" \/>\n\t\t<\/p>\n\t<\/div>\n\t<div class=\"grid-50 tablet-grid-50 mobil-grid-100 pb-5\">\n\t\t<p><label for=\"postcode\">C\u00f3digo postal <\/label><input size=\"40\" maxlength=\"400\" class=\"wpcf7-form-control wpcf7-text\" id=\"postcode\" aria-invalid=\"false\" value=\"\" type=\"text\" name=\"postcode\" \/>\n\t\t<\/p>\n\t<\/div>\n\t<div class=\"grid-50 tablet-grid-50 mobil-grid-100 pb-5\">\n\t\t<p><label for=\"your-email\"> Correo electr\u00f3nico* <small class=\"text-danger\">(obligatorio)<\/small> <\/label><input size=\"40\" maxlength=\"400\" class=\"wpcf7-form-control wpcf7-email wpcf7-validates-as-required wpcf7-text wpcf7-validates-as-email\" id=\"your-email\" aria-required=\"true\" aria-invalid=\"false\" value=\"\" type=\"email\" name=\"your-email\" \/>\n\t\t<\/p>\n\t<\/div>\n\t<div class=\"grid-100\">\n\t\t<p><label for=\"your-name\"> Pregunta de seguridad:* <small class=\"text-danger\">(obligatorio)<\/small> <\/label><label><span class=\"wpcf7-quiz-label\">1+2=<\/span> <input size=\"40\" class=\"wpcf7-form-control wpcf7-quiz w-50\" id=\"calculo-form\" autocomplete=\"off\" aria-required=\"true\" aria-invalid=\"false\" type=\"text\" name=\"calculo-form\" \/><\/label><input type=\"hidden\" name=\"_wpcf7_quiz_answer_calculo-form\" value=\"b6ad8635a149810ca9ff3bd2dcc93d58\" \/>\n\t\t<\/p>\n\t<\/div>\n\t<div class=\"grid-100 pt-3\">\n\t\t<p><label class=\"form-accept\" for=\"acceptance\"><span class=\"wpcf7-form-control wpcf7-acceptance\"><span class=\"wpcf7-list-item\"><input type=\"checkbox\" name=\"accept-this-1\" value=\"1\" id=\"acceptance\" aria-invalid=\"false\" \/><\/span><\/span> Acepto la <a href=\"\/aviso-legal\/#Privacidad_y_proteccion_de_datos_de_caracter_personal\">pol\u00edtica de privacidad<\/a>.<br \/>\nNo utilizaremos este correo para enviarte informaci\u00f3n comercial<\/label><br \/>\n<small class=\"text-danger\">*Campos obligatorios<\/small>\n\t\t<\/p>\n\t\t<div class=\"grid-100 align-center\">\n\t\t\t<p><label for=\"enviar\"><button class=\"boton-rojo\" id=\"Enviar-tellamamos\" onclick=\"gtag('event', 'enviar', { 'event_category': 'formulario', 'event_label': 'Te llamamos', 'value': '0'});\"><input class=\"wpcf7-form-control wpcf7-submit has-spinner\" type=\"submit\" value=\"Send\" \/><\/button><\/label>\n\t\t\t<\/p>\n\t\t<\/div>\n\t<\/div>\n<\/div>\n<\/form>\n<\/div>\n<\/div>\n<\/div>\n<div class=\"grid-container banners-azules\">\n<div class=\"grid-33 mobile-grid-100 maven align-center\">\n\t\t<i class=\"fal fa-desktop fa-3x\"><!-- icon --><\/i>\n<p class=\"pt-5 px-3 f4\">Els teus tr\u00e0mits a Oficina Virtual<\/p>\n<p><a class=\"btn btn-white\" href=\"\/blog\/autonomos\/\">Accedeix a AOV<\/a>\n\t<\/p><\/div>\n<div class=\"grid-33 mobile-grid-100 maven align-center\">\n\t\t<i class=\"fal fa-question-circle fa-3x\"><!-- icon --><\/i>\n<p class=\"pt-5 px-3 f4\">Troba la resposta als teus dubtes<\/p>\n<p><a class=\"btn btn-white\" href=\"\/dudas\/\">Preguntes freq\u00fcents<\/a>\n\t<\/p><\/div>\n<div class=\"grid-33 mobile-grid-100 maven align-center\">\n\t\t<i class=\"fal fa-mobile-alt fa-3x\"><!-- icon --><\/i>\n<p class=\"pt-5 px-3 f4\">Sempre informat. Tot des del teu m\u00f2bil<\/p>\n<p><a class=\"btn btn-white\" href=\"\/tecnologia-innovacion\/#Apps_y_oficina_virtual\">Coneix les nostres apps<\/a>\n\t<\/p><\/div>\n<\/div>\n","protected":false},"excerpt":{"rendered":"","protected":false},"author":2,"featured_media":71633,"parent":0,"menu_order":0,"comment_status":"closed","ping_status":"closed","template":"","meta":{"_acf_changed":false,"generate_page_header":"","footnotes":""},"class_list":["post-71632","page","type-page","status-publish","has-post-thumbnail"],"acf":[],"yoast_head":"<!-- This site is optimized with the Yoast SEO plugin v27.4 - https:\/\/yoast.com\/product\/yoast-seo-wordpress\/ -->\n<title>Som la teva m\u00fatua - Asepeyo<\/title>\n<meta name=\"robots\" content=\"index, follow, max-snippet:-1, max-image-preview:large, max-video-preview:-1\" \/>\n<link rel=\"canonical\" href=\"https:\/\/www.asepeyo.es\/ca\/somos-tu-mutua\/\" \/>\n<meta property=\"og:locale\" content=\"ca_ES\" \/>\n<meta property=\"og:type\" content=\"article\" \/>\n<meta property=\"og:title\" content=\"Som la teva m\u00fatua - Asepeyo\" \/>\n<meta property=\"og:url\" content=\"https:\/\/www.asepeyo.es\/ca\/somos-tu-mutua\/\" \/>\n<meta property=\"og:site_name\" content=\"Asepeyo\" \/>\n<meta property=\"article:publisher\" content=\"https:\/\/es-es.facebook.com\/Asepeyo\/\" \/>\n<meta property=\"article:modified_time\" content=\"2019-08-13T15:41:10+00:00\" \/>\n<meta property=\"og:image\" content=\"https:\/\/www.asepeyo.es\/wp-content\/uploads\/bg-somos-tu-mutua.jpg\" \/>\n\t<meta property=\"og:image:width\" content=\"3000\" \/>\n\t<meta property=\"og:image:height\" content=\"1687\" \/>\n\t<meta property=\"og:image:type\" content=\"image\/jpeg\" \/>\n<meta name=\"twitter:card\" content=\"summary_large_image\" \/>\n<meta name=\"twitter:site\" content=\"@Asepeyo\" \/>\n<meta name=\"twitter:label1\" content=\"Est. reading time\" \/>\n\t<meta name=\"twitter:data1\" content=\"2 minutes\" \/>\n<script type=\"application\/ld+json\" class=\"yoast-schema-graph\">{\"@context\":\"https:\\\/\\\/schema.org\",\"@graph\":[{\"@type\":\"WebPage\",\"@id\":\"https:\\\/\\\/www.asepeyo.es\\\/ca\\\/somos-tu-mutua\\\/\",\"url\":\"https:\\\/\\\/www.asepeyo.es\\\/ca\\\/somos-tu-mutua\\\/\",\"name\":\"Som la teva m\u00fatua - Asepeyo\",\"isPartOf\":{\"@id\":\"https:\\\/\\\/www.asepeyo.es\\\/ca\\\/#website\"},\"primaryImageOfPage\":{\"@id\":\"https:\\\/\\\/www.asepeyo.es\\\/ca\\\/somos-tu-mutua\\\/#primaryimage\"},\"image\":{\"@id\":\"https:\\\/\\\/www.asepeyo.es\\\/ca\\\/somos-tu-mutua\\\/#primaryimage\"},\"thumbnailUrl\":\"https:\\\/\\\/www.asepeyo.es\\\/wp-content\\\/uploads\\\/bg-somos-tu-mutua.jpg\",\"datePublished\":\"2019-08-13T15:40:04+00:00\",\"dateModified\":\"2019-08-13T15:41:10+00:00\",\"breadcrumb\":{\"@id\":\"https:\\\/\\\/www.asepeyo.es\\\/ca\\\/somos-tu-mutua\\\/#breadcrumb\"},\"inLanguage\":\"ca-ES\",\"potentialAction\":[{\"@type\":\"ReadAction\",\"target\":[\"https:\\\/\\\/www.asepeyo.es\\\/ca\\\/somos-tu-mutua\\\/\"]}]},{\"@type\":\"ImageObject\",\"inLanguage\":\"ca-ES\",\"@id\":\"https:\\\/\\\/www.asepeyo.es\\\/ca\\\/somos-tu-mutua\\\/#primaryimage\",\"url\":\"https:\\\/\\\/www.asepeyo.es\\\/wp-content\\\/uploads\\\/bg-somos-tu-mutua.jpg\",\"contentUrl\":\"https:\\\/\\\/www.asepeyo.es\\\/wp-content\\\/uploads\\\/bg-somos-tu-mutua.jpg\",\"width\":3000,\"height\":1687},{\"@type\":\"BreadcrumbList\",\"@id\":\"https:\\\/\\\/www.asepeyo.es\\\/ca\\\/somos-tu-mutua\\\/#breadcrumb\",\"itemListElement\":[{\"@type\":\"ListItem\",\"position\":1,\"name\":\"Inicio\",\"item\":\"https:\\\/\\\/www.asepeyo.es\\\/ca\\\/\"},{\"@type\":\"ListItem\",\"position\":2,\"name\":\"Som la teva m\u00fatua\"}]},{\"@type\":\"WebSite\",\"@id\":\"https:\\\/\\\/www.asepeyo.es\\\/ca\\\/#website\",\"url\":\"https:\\\/\\\/www.asepeyo.es\\\/ca\\\/\",\"name\":\"Asepeyo\",\"description\":\"Mutua de accidentes de trabajo 151\",\"publisher\":{\"@id\":\"https:\\\/\\\/www.asepeyo.es\\\/ca\\\/#organization\"},\"potentialAction\":[{\"@type\":\"SearchAction\",\"target\":{\"@type\":\"EntryPoint\",\"urlTemplate\":\"https:\\\/\\\/www.asepeyo.es\\\/ca\\\/?s={search_term_string}\"},\"query-input\":{\"@type\":\"PropertyValueSpecification\",\"valueRequired\":true,\"valueName\":\"search_term_string\"}}],\"inLanguage\":\"ca-ES\"},{\"@type\":\"Organization\",\"@id\":\"https:\\\/\\\/www.asepeyo.es\\\/ca\\\/#organization\",\"name\":\"Asepeyo\",\"url\":\"https:\\\/\\\/www.asepeyo.es\\\/ca\\\/\",\"logo\":{\"@type\":\"ImageObject\",\"inLanguage\":\"ca-ES\",\"@id\":\"https:\\\/\\\/www.asepeyo.es\\\/ca\\\/#\\\/schema\\\/logo\\\/image\\\/\",\"url\":\"https:\\\/\\\/www.asepeyo.es\\\/wp-content\\\/uploads\\\/logo-asepeyo-web-azul.png\",\"contentUrl\":\"https:\\\/\\\/www.asepeyo.es\\\/wp-content\\\/uploads\\\/logo-asepeyo-web-azul.png\",\"width\":350,\"height\":55,\"caption\":\"Asepeyo\"},\"image\":{\"@id\":\"https:\\\/\\\/www.asepeyo.es\\\/ca\\\/#\\\/schema\\\/logo\\\/image\\\/\"},\"sameAs\":[\"https:\\\/\\\/es-es.facebook.com\\\/Asepeyo\\\/\",\"https:\\\/\\\/x.com\\\/Asepeyo\",\"https:\\\/\\\/www.instagram.com\\\/asepeyo\\\/?hl=es\",\"https:\\\/\\\/es.linkedin.com\\\/company\\\/asepeyo\",\"https:\\\/\\\/www.youtube.com\\\/channel\\\/UC42Ipj44IKKTITQ2HNoLmSQ\"]}]}<\/script>\n<!-- \/ Yoast SEO plugin. -->","yoast_head_json":{"title":"Som la teva m\u00fatua - Asepeyo","robots":{"index":"index","follow":"follow","max-snippet":"max-snippet:-1","max-image-preview":"max-image-preview:large","max-video-preview":"max-video-preview:-1"},"canonical":"https:\/\/www.asepeyo.es\/ca\/somos-tu-mutua\/","og_locale":"ca_ES","og_type":"article","og_title":"Som la teva m\u00fatua - Asepeyo","og_url":"https:\/\/www.asepeyo.es\/ca\/somos-tu-mutua\/","og_site_name":"Asepeyo","article_publisher":"https:\/\/es-es.facebook.com\/Asepeyo\/","article_modified_time":"2019-08-13T15:41:10+00:00","og_image":[{"width":3000,"height":1687,"url":"https:\/\/www.asepeyo.es\/wp-content\/uploads\/bg-somos-tu-mutua.jpg","type":"image\/jpeg"}],"twitter_card":"summary_large_image","twitter_site":"@Asepeyo","twitter_misc":{"Est. reading time":"2 minutes"},"schema":{"@context":"https:\/\/schema.org","@graph":[{"@type":"WebPage","@id":"https:\/\/www.asepeyo.es\/ca\/somos-tu-mutua\/","url":"https:\/\/www.asepeyo.es\/ca\/somos-tu-mutua\/","name":"Som la teva m\u00fatua - Asepeyo","isPartOf":{"@id":"https:\/\/www.asepeyo.es\/ca\/#website"},"primaryImageOfPage":{"@id":"https:\/\/www.asepeyo.es\/ca\/somos-tu-mutua\/#primaryimage"},"image":{"@id":"https:\/\/www.asepeyo.es\/ca\/somos-tu-mutua\/#primaryimage"},"thumbnailUrl":"https:\/\/www.asepeyo.es\/wp-content\/uploads\/bg-somos-tu-mutua.jpg","datePublished":"2019-08-13T15:40:04+00:00","dateModified":"2019-08-13T15:41:10+00:00","breadcrumb":{"@id":"https:\/\/www.asepeyo.es\/ca\/somos-tu-mutua\/#breadcrumb"},"inLanguage":"ca-ES","potentialAction":[{"@type":"ReadAction","target":["https:\/\/www.asepeyo.es\/ca\/somos-tu-mutua\/"]}]},{"@type":"ImageObject","inLanguage":"ca-ES","@id":"https:\/\/www.asepeyo.es\/ca\/somos-tu-mutua\/#primaryimage","url":"https:\/\/www.asepeyo.es\/wp-content\/uploads\/bg-somos-tu-mutua.jpg","contentUrl":"https:\/\/www.asepeyo.es\/wp-content\/uploads\/bg-somos-tu-mutua.jpg","width":3000,"height":1687},{"@type":"BreadcrumbList","@id":"https:\/\/www.asepeyo.es\/ca\/somos-tu-mutua\/#breadcrumb","itemListElement":[{"@type":"ListItem","position":1,"name":"Inicio","item":"https:\/\/www.asepeyo.es\/ca\/"},{"@type":"ListItem","position":2,"name":"Som la teva m\u00fatua"}]},{"@type":"WebSite","@id":"https:\/\/www.asepeyo.es\/ca\/#website","url":"https:\/\/www.asepeyo.es\/ca\/","name":"Asepeyo","description":"Mutua de accidentes de trabajo 151","publisher":{"@id":"https:\/\/www.asepeyo.es\/ca\/#organization"},"potentialAction":[{"@type":"SearchAction","target":{"@type":"EntryPoint","urlTemplate":"https:\/\/www.asepeyo.es\/ca\/?s={search_term_string}"},"query-input":{"@type":"PropertyValueSpecification","valueRequired":true,"valueName":"search_term_string"}}],"inLanguage":"ca-ES"},{"@type":"Organization","@id":"https:\/\/www.asepeyo.es\/ca\/#organization","name":"Asepeyo","url":"https:\/\/www.asepeyo.es\/ca\/","logo":{"@type":"ImageObject","inLanguage":"ca-ES","@id":"https:\/\/www.asepeyo.es\/ca\/#\/schema\/logo\/image\/","url":"https:\/\/www.asepeyo.es\/wp-content\/uploads\/logo-asepeyo-web-azul.png","contentUrl":"https:\/\/www.asepeyo.es\/wp-content\/uploads\/logo-asepeyo-web-azul.png","width":350,"height":55,"caption":"Asepeyo"},"image":{"@id":"https:\/\/www.asepeyo.es\/ca\/#\/schema\/logo\/image\/"},"sameAs":["https:\/\/es-es.facebook.com\/Asepeyo\/","https:\/\/x.com\/Asepeyo","https:\/\/www.instagram.com\/asepeyo\/?hl=es","https:\/\/es.linkedin.com\/company\/asepeyo","https:\/\/www.youtube.com\/channel\/UC42Ipj44IKKTITQ2HNoLmSQ"]}]}},"_links":{"self":[{"href":"https:\/\/www.asepeyo.es\/ca\/wp-json\/wp\/v2\/pages\/71632","targetHints":{"allow":["GET"]}}],"collection":[{"href":"https:\/\/www.asepeyo.es\/ca\/wp-json\/wp\/v2\/pages"}],"about":[{"href":"https:\/\/www.asepeyo.es\/ca\/wp-json\/wp\/v2\/types\/page"}],"author":[{"embeddable":true,"href":"https:\/\/www.asepeyo.es\/ca\/wp-json\/wp\/v2\/users\/2"}],"replies":[{"embeddable":true,"href":"https:\/\/www.asepeyo.es\/ca\/wp-json\/wp\/v2\/comments?post=71632"}],"version-history":[{"count":4,"href":"https:\/\/www.asepeyo.es\/ca\/wp-json\/wp\/v2\/pages\/71632\/revisions"}],"predecessor-version":[{"id":71640,"href":"https:\/\/www.asepeyo.es\/ca\/wp-json\/wp\/v2\/pages\/71632\/revisions\/71640"}],"wp:featuredmedia":[{"embeddable":true,"href":"https:\/\/www.asepeyo.es\/ca\/wp-json\/wp\/v2\/media\/71633"}],"wp:attachment":[{"href":"https:\/\/www.asepeyo.es\/ca\/wp-json\/wp\/v2\/media?parent=71632"}],"curies":[{"name":"wp","href":"https:\/\/api.w.org\/{rel}","templated":true}]}}