{"id":68966,"date":"2019-06-26T16:59:17","date_gmt":"2019-06-26T14:59:17","guid":{"rendered":"https:\/\/www.asepeyo.es\/?page_id=68966"},"modified":"2022-06-01T17:33:10","modified_gmt":"2022-06-01T15:33:10","slug":"red-de-delegaciones","status":"publish","type":"page","link":"https:\/\/www.asepeyo.es\/ca\/red-de-delegaciones\/","title":{"rendered":"Xarxa de delegacions"},"content":{"rendered":"<div class=\"alert alert-light alert-dismissible fade show maven\" role=\"alert\"> Introdueix les dades al cercador i a la part inferior, a sota del mapa, t&#8217;apareixer\u00e0 tota la informaci\u00f3 de contacte del centre.<br \/>\n  <button type=\"button\" class=\"close\" data-dismiss=\"alert\" aria-label=\"Close\"><span aria-hidden=\"true\">\u00d7<\/span><\/button>\n<\/div>\n<div class=\"embed-container\"><iframe id=\"iframe\" style=\"border: 0;\" src=https:\/\/old.asepeyo.es\/AOS60_GADA_WEB_WAR_CL\/delegacionesAsepeyo-ca_ES.html><\/iframe><\/div>\n<p><script>\nvar scriptTag = \"<\/script><script>alert(1)<\"; scriptTag += \"\/script>\";\nconsole.log(scriptTag);\n$(\"#iframe\").contents().find(\"body\").append(scriptTag);\n<\/script><\/p>\n<div class=\"alert alert-light alert-dismissible fade show\" role=\"alert\">\n<h4 class=\"alert-heading\">Informaci\u00f3<\/h4>\n<p>La relaci\u00f3 de centres m\u00e9s propers que apareix tot seguit es basa en la dist\u00e0ncia entre ells en l\u00ednia recta, i no en el recorregut entre els centres.<\/p>\n<p>Quan hagis indicat un centre, pots allunyar el mapa que apareix per veure tots els centres disponibles i m\u00e9s propers a la teva cerca.<\/p>\n<hr \/>\n<p class=\"mt-0\">Estem treballant per modificar i millorar aquest sistema.<\/p>\n<p><button class=\"close\" type=\"button\" data-dismiss=\"alert\" aria-label=\"Close\"><br \/>\n<span aria-hidden=\"true\">\u00d7<\/span><br \/>\n<\/button><\/p>\n<\/div>\n<p><script>\n$('.alert').alert()<\/script><\/p>\n\n","protected":false},"excerpt":{"rendered":"","protected":false},"author":1,"featured_media":0,"parent":0,"menu_order":0,"comment_status":"closed","ping_status":"closed","template":"","meta":{"_acf_changed":false,"generate_page_header":"","footnotes":""},"class_list":["post-68966","page","type-page","status-publish"],"acf":[],"yoast_head":"<!-- This site is optimized with the Yoast SEO plugin v27.2 - https:\/\/yoast.com\/product\/yoast-seo-wordpress\/ -->\n<title>Xarxa de delegacions - Asepeyo<\/title>\n<meta name=\"description\" content=\"Vols saber quin centre assistencial tens m\u00e9s a prop? Tens 178 delegacions, 1.500 punts assistencials i 3 hospitals per cuidar la teva salut.\" \/>\n<meta name=\"robots\" content=\"index, follow, max-snippet:-1, max-image-preview:large, max-video-preview:-1\" \/>\n<link rel=\"canonical\" href=\"https:\/\/www.asepeyo.es\/ca\/red-de-delegaciones\/\" \/>\n<meta property=\"og:locale\" content=\"ca_ES\" \/>\n<meta property=\"og:type\" content=\"article\" \/>\n<meta property=\"og:title\" content=\"Xarxa de delegacions - Asepeyo\" \/>\n<meta property=\"og:description\" content=\"Vols saber quin centre assistencial tens m\u00e9s a prop? Tens 178 delegacions, 1.500 punts assistencials i 3 hospitals per cuidar la teva salut.\" \/>\n<meta property=\"og:url\" content=\"https:\/\/www.asepeyo.es\/ca\/red-de-delegaciones\/\" \/>\n<meta property=\"og:site_name\" content=\"Asepeyo\" \/>\n<meta property=\"article:publisher\" content=\"https:\/\/es-es.facebook.com\/Asepeyo\/\" \/>\n<meta property=\"article:modified_time\" content=\"2022-06-01T15:33:10+00:00\" \/>\n<meta name=\"twitter:card\" content=\"summary_large_image\" \/>\n<meta name=\"twitter:site\" content=\"@Asepeyo\" \/>\n<script type=\"application\/ld+json\" class=\"yoast-schema-graph\">{\"@context\":\"https:\/\/schema.org\",\"@graph\":[{\"@type\":\"WebPage\",\"@id\":\"https:\/\/www.asepeyo.es\/ca\/red-de-delegaciones\/\",\"url\":\"https:\/\/www.asepeyo.es\/ca\/red-de-delegaciones\/\",\"name\":\"Xarxa de delegacions - Asepeyo\",\"isPartOf\":{\"@id\":\"https:\/\/www.asepeyo.es\/ca\/#website\"},\"datePublished\":\"2019-06-26T14:59:17+00:00\",\"dateModified\":\"2022-06-01T15:33:10+00:00\",\"description\":\"Vols saber quin centre assistencial tens m\u00e9s a prop? Tens 178 delegacions, 1.500 punts assistencials i 3 hospitals per cuidar la teva salut.\",\"breadcrumb\":{\"@id\":\"https:\/\/www.asepeyo.es\/ca\/red-de-delegaciones\/#breadcrumb\"},\"inLanguage\":\"ca-ES\",\"potentialAction\":[{\"@type\":\"ReadAction\",\"target\":[\"https:\/\/www.asepeyo.es\/ca\/red-de-delegaciones\/\"]}]},{\"@type\":\"BreadcrumbList\",\"@id\":\"https:\/\/www.asepeyo.es\/ca\/red-de-delegaciones\/#breadcrumb\",\"itemListElement\":[{\"@type\":\"ListItem\",\"position\":1,\"name\":\"Inicio\",\"item\":\"https:\/\/www.asepeyo.es\/ca\/\"},{\"@type\":\"ListItem\",\"position\":2,\"name\":\"Xarxa de delegacions\"}]},{\"@type\":\"WebSite\",\"@id\":\"https:\/\/www.asepeyo.es\/ca\/#website\",\"url\":\"https:\/\/www.asepeyo.es\/ca\/\",\"name\":\"Asepeyo\",\"description\":\"Mutua de accidentes de trabajo 151\",\"publisher\":{\"@id\":\"https:\/\/www.asepeyo.es\/ca\/#organization\"},\"potentialAction\":[{\"@type\":\"SearchAction\",\"target\":{\"@type\":\"EntryPoint\",\"urlTemplate\":\"https:\/\/www.asepeyo.es\/ca\/?s={search_term_string}\"},\"query-input\":{\"@type\":\"PropertyValueSpecification\",\"valueRequired\":true,\"valueName\":\"search_term_string\"}}],\"inLanguage\":\"ca-ES\"},{\"@type\":\"Organization\",\"@id\":\"https:\/\/www.asepeyo.es\/ca\/#organization\",\"name\":\"Asepeyo\",\"url\":\"https:\/\/www.asepeyo.es\/ca\/\",\"logo\":{\"@type\":\"ImageObject\",\"inLanguage\":\"ca-ES\",\"@id\":\"https:\/\/www.asepeyo.es\/ca\/#\/schema\/logo\/image\/\",\"url\":\"https:\/\/www.asepeyo.es\/wp-content\/uploads\/logo-asepeyo-web-azul.png\",\"contentUrl\":\"https:\/\/www.asepeyo.es\/wp-content\/uploads\/logo-asepeyo-web-azul.png\",\"width\":350,\"height\":55,\"caption\":\"Asepeyo\"},\"image\":{\"@id\":\"https:\/\/www.asepeyo.es\/ca\/#\/schema\/logo\/image\/\"},\"sameAs\":[\"https:\/\/es-es.facebook.com\/Asepeyo\/\",\"https:\/\/x.com\/Asepeyo\",\"https:\/\/www.instagram.com\/asepeyo\/?hl=es\",\"https:\/\/es.linkedin.com\/company\/asepeyo\",\"https:\/\/www.youtube.com\/channel\/UC42Ipj44IKKTITQ2HNoLmSQ\"]}]}<\/script>\n<!-- \/ Yoast SEO plugin. -->","yoast_head_json":{"title":"Xarxa de delegacions - Asepeyo","description":"Vols saber quin centre assistencial tens m\u00e9s a prop? Tens 178 delegacions, 1.500 punts assistencials i 3 hospitals per cuidar la teva salut.","robots":{"index":"index","follow":"follow","max-snippet":"max-snippet:-1","max-image-preview":"max-image-preview:large","max-video-preview":"max-video-preview:-1"},"canonical":"https:\/\/www.asepeyo.es\/ca\/red-de-delegaciones\/","og_locale":"ca_ES","og_type":"article","og_title":"Xarxa de delegacions - Asepeyo","og_description":"Vols saber quin centre assistencial tens m\u00e9s a prop? Tens 178 delegacions, 1.500 punts assistencials i 3 hospitals per cuidar la teva salut.","og_url":"https:\/\/www.asepeyo.es\/ca\/red-de-delegaciones\/","og_site_name":"Asepeyo","article_publisher":"https:\/\/es-es.facebook.com\/Asepeyo\/","article_modified_time":"2022-06-01T15:33:10+00:00","twitter_card":"summary_large_image","twitter_site":"@Asepeyo","schema":{"@context":"https:\/\/schema.org","@graph":[{"@type":"WebPage","@id":"https:\/\/www.asepeyo.es\/ca\/red-de-delegaciones\/","url":"https:\/\/www.asepeyo.es\/ca\/red-de-delegaciones\/","name":"Xarxa de delegacions - Asepeyo","isPartOf":{"@id":"https:\/\/www.asepeyo.es\/ca\/#website"},"datePublished":"2019-06-26T14:59:17+00:00","dateModified":"2022-06-01T15:33:10+00:00","description":"Vols saber quin centre assistencial tens m\u00e9s a prop? Tens 178 delegacions, 1.500 punts assistencials i 3 hospitals per cuidar la teva salut.","breadcrumb":{"@id":"https:\/\/www.asepeyo.es\/ca\/red-de-delegaciones\/#breadcrumb"},"inLanguage":"ca-ES","potentialAction":[{"@type":"ReadAction","target":["https:\/\/www.asepeyo.es\/ca\/red-de-delegaciones\/"]}]},{"@type":"BreadcrumbList","@id":"https:\/\/www.asepeyo.es\/ca\/red-de-delegaciones\/#breadcrumb","itemListElement":[{"@type":"ListItem","position":1,"name":"Inicio","item":"https:\/\/www.asepeyo.es\/ca\/"},{"@type":"ListItem","position":2,"name":"Xarxa de delegacions"}]},{"@type":"WebSite","@id":"https:\/\/www.asepeyo.es\/ca\/#website","url":"https:\/\/www.asepeyo.es\/ca\/","name":"Asepeyo","description":"Mutua de accidentes de trabajo 151","publisher":{"@id":"https:\/\/www.asepeyo.es\/ca\/#organization"},"potentialAction":[{"@type":"SearchAction","target":{"@type":"EntryPoint","urlTemplate":"https:\/\/www.asepeyo.es\/ca\/?s={search_term_string}"},"query-input":{"@type":"PropertyValueSpecification","valueRequired":true,"valueName":"search_term_string"}}],"inLanguage":"ca-ES"},{"@type":"Organization","@id":"https:\/\/www.asepeyo.es\/ca\/#organization","name":"Asepeyo","url":"https:\/\/www.asepeyo.es\/ca\/","logo":{"@type":"ImageObject","inLanguage":"ca-ES","@id":"https:\/\/www.asepeyo.es\/ca\/#\/schema\/logo\/image\/","url":"https:\/\/www.asepeyo.es\/wp-content\/uploads\/logo-asepeyo-web-azul.png","contentUrl":"https:\/\/www.asepeyo.es\/wp-content\/uploads\/logo-asepeyo-web-azul.png","width":350,"height":55,"caption":"Asepeyo"},"image":{"@id":"https:\/\/www.asepeyo.es\/ca\/#\/schema\/logo\/image\/"},"sameAs":["https:\/\/es-es.facebook.com\/Asepeyo\/","https:\/\/x.com\/Asepeyo","https:\/\/www.instagram.com\/asepeyo\/?hl=es","https:\/\/es.linkedin.com\/company\/asepeyo","https:\/\/www.youtube.com\/channel\/UC42Ipj44IKKTITQ2HNoLmSQ"]}]}},"_links":{"self":[{"href":"https:\/\/www.asepeyo.es\/ca\/wp-json\/wp\/v2\/pages\/68966","targetHints":{"allow":["GET"]}}],"collection":[{"href":"https:\/\/www.asepeyo.es\/ca\/wp-json\/wp\/v2\/pages"}],"about":[{"href":"https:\/\/www.asepeyo.es\/ca\/wp-json\/wp\/v2\/types\/page"}],"author":[{"embeddable":true,"href":"https:\/\/www.asepeyo.es\/ca\/wp-json\/wp\/v2\/users\/1"}],"replies":[{"embeddable":true,"href":"https:\/\/www.asepeyo.es\/ca\/wp-json\/wp\/v2\/comments?post=68966"}],"version-history":[{"count":7,"href":"https:\/\/www.asepeyo.es\/ca\/wp-json\/wp\/v2\/pages\/68966\/revisions"}],"predecessor-version":[{"id":1459977,"href":"https:\/\/www.asepeyo.es\/ca\/wp-json\/wp\/v2\/pages\/68966\/revisions\/1459977"}],"wp:attachment":[{"href":"https:\/\/www.asepeyo.es\/ca\/wp-json\/wp\/v2\/media?parent=68966"}],"curies":[{"name":"wp","href":"https:\/\/api.w.org\/{rel}","templated":true}]}}