{"id":68870,"date":"2019-06-26T13:34:23","date_gmt":"2019-06-26T11:34:23","guid":{"rendered":"https:\/\/www.asepeyo.es\/?page_id=68870"},"modified":"2023-10-23T19:23:01","modified_gmt":"2023-10-23T17:23:01","slug":"contacto","status":"publish","type":"page","link":"https:\/\/www.asepeyo.es\/ca\/contacto\/","title":{"rendered":"Contacta con nosotros"},"content":{"rendered":"<div class=\"grid-container\">\n<div class=\"grid-70 prefix-20 titulo\">\n<h2><span id=\"Telefonos\">Tel\u00e8fons<\/span><\/h2>\n<\/div>\n<div class=\"grid-70 prefix-20\">\n<h3>Urg\u00e8ncies 24 hores<\/h3>\n<p>Has tingut un accident de treball?<br \/>\n\t\tEt garantim una assist\u00e8ncia sanit\u00e0ria les 24 hores, els 365 dies de l\u2019any. Els nostres professionals et donaran les primeres indicacions i activaran els recursos d\u2019emerg\u00e8ncia.<\/p>\n<p class=\"destacado-negro-peque\">900 151 000<\/p>\n<h3>Servei d&#8217;Atenci\u00f3 a Pacients i Persones Usu\u00e0ries<br \/>\n<\/h3>\n<p>Tens algun dubte o consulta?<br \/>\n\t\tSolucionem tots els teus dubtes sobre els nostres serveis.<\/p>\n<p class=\"destacado-negro-peque\">910 504 390<\/p>\n<h3>Servei d&#8217;Atenci\u00f3 a l&#8217;Assessor Laboral<\/h3>\n<p>Ets una assessoria o assessor\/a laboral?<br \/>\n\t\tDisposes d\u2019una l\u00ednia especialitzada per a consultar directament amb els nostres experts.<br \/>\n\t\tAssessorem directament totes les seves necessitats<\/p>\n<p class=\"destacado-negro-peque\">900 151 005<\/p>\n<h3>Oficina de Coordinaci\u00f3 de Serveis<\/h3>\n<p>La teva empresa disposa d&#8217;una gran infraestructura? Les grans empreses plantegen necessitats a mida en determinats moments. La nostra oficina est\u00e0 especialitzada a resoldre els temes directament. Consulta amb els nostres experts.<\/p>\n<p class=\"destacado-negro-peque\">900 151 003<\/p>\n<\/div>\n<\/div>\n<div class=\"grid-container\">\n<div class=\"grid-70 prefix-20 titulo\">\n<h2>Correu electr\u00f2nic<\/h2>\n<\/div>\n<div class=\"grid-70 prefix-20 align-center\">\n<p>Envia&#8217;ns un correu electr\u00f2nic amb les teves preguntes, suggeriments i comentaris al <a class=\"underline\" href=\"https:\/\/www.asepeyo.es\/atencion-usuario\/\">nostre formulari<\/a><\/p>\n<\/div>\n<\/div>\n<div class=\"grid-container\">\n<div class=\"grid-70 prefix-20 titulo\">\n<h2>Xarxes socials<\/h2>\n<\/div>\n<div class=\"grid-70 prefix-20 align-center\">\n\t\t<span itemscope itemtype=\"http:\/\/schema.org\/Organization\"><\/span>\n\t\t<link href=\"https:\/\/www.asepeyo.es\" itemprop=\"url\"\/>\n<ul class=\"fa-ul f1 iconos-sociales\">\n<li><span itemscope itemtype=\"http:\/\/schema.org\/Organization\"><a aria-label=\"LinkedIn\" href=\"https:\/\/es.linkedin.com\/company\/asepeyo\" itemprop=\"sameAs\" rel=\"noopener noreferrer\" target=\"_blank\" title=\"LinkedIn\"><span class=\"fa-li\"><i aria-hidden=\"true\" class=\"fab fa-linkedin-in\" title=\"linkedin\"><\/i><\/span><\/a><\/span><\/li>\n<li>\n\t\t\t\t<a aria-label=\"Twitter\" href=\"https:\/\/twitter.com\/asepeyo\" itemprop=\"sameAs\" rel=\"noopener noreferrer\" target=\"_blank\" title=\"Refilar\"><span class=\"fa-li\"><i aria-hidden=\"true\" class=\"fab fa-twitter\" title=\"twitter\"><\/i><\/span><\/a>\n\t\t\t<\/li>\n<li>\n\t\t\t\t<a aria-label=\"YouTube\" href=\"https:\/\/www.youtube.com\/user\/AsepeyoMutua\" itemprop=\"sameAs\" rel=\"noopener noreferrer\" target=\"_blank\" title=\"YouTube\"><span class=\"fa-li\"><i aria-hidden=\"true\" class=\"fab fa-youtube\" title=\"youtube\"><\/i><\/span><\/a>\n\t\t\t<\/li>\n<li>\n\t\t\t\t<a aria-label=\"Facebook\" href=\"https:\/\/es-es.facebook.com\/Asepeyo\/\" itemprop=\"sameAs\" rel=\"noopener noreferrer\" target=\"_blank\" title=\"Facebook\"><span class=\"fa-li\"><i aria-hidden=\"true\" class=\"fab fa-facebook\" title=\"facebook\"><\/i><\/span><\/a>\n\t\t\t<\/li>\n<li>\n\t\t\t\t<a aria-label=\"Instagram\" href=\"https:\/\/www.instagram.com\/asepeyo\/\" itemprop=\"sameAs\" rel=\"noopener noreferrer\" target=\"_blank\" title=\"Instagram\"><span class=\"fa-li\"><i aria-hidden=\"true\" class=\"fab fa-instagram\" title=\"instagram\"><\/i><\/span><\/a>\n\t\t\t<\/li>\n<\/ul><\/div>\n<\/div>\n<div class=\"grid-container\">\n<div class=\"grid-70 prefix-20 titulo\">\n<h2>Xarxa de centres<\/h2>\n<\/div>\n<div class=\"grid-70 prefix-20 align-center\">\n<p>Vols saber quin \u00e9s el centre que tens m\u00e9s a prop? Indica la teva ubicaci\u00f3 i la dist\u00e0ncia que et pots despla\u00e7ar. Tria el centre que sigui del teu inter\u00e8s i comprova la ruta m\u00e9s directa.<\/p>\n<\/div>\n<div class=\"grid-70 prefix-20 titulo\">\n\t\t<a href=\"\/ca\/red-de-delegaciones\/\"><button class=\"boton-azul\">Troba el teu centre<\/button><\/a>\n\t<\/div>\n<\/div>\n<div class=\"grid-container\">\n<div class=\"grid-70 prefix-20 titulo\">\n<h2>Ajuda&#8217;ns a millorar<\/h2>\n<p><span class=\"titulo-subtitulo\">Oficina virtual de reclamacions<\/span><\/p>\n<\/div>\n<div class=\"grid-70 prefix-20\">\n\t\tL&#8217;oficina virtual de reclamacions del Ministeri de Treball, Migracions i Seguretat Social gestiona les queixes dels treballadors sobre la gesti\u00f3 de les m\u00fatues. El Ministeri centralitza les reclamacions i m\u00e9s tard les remet a la m\u00fatua. Aquesta hi dona una resposta que, posteriorment, el Ministeri fa arribar als ciutadans.\n<p><a href=\"http:\/\/www.ovrmatepss.es\/virtual\/\" rel=\"nofollow noopener noreferrer\" target=\"_blank\">http:\/\/www.ovrmatepss.es\/virtual\/<\/a><\/p>\n<p>A m\u00e9s, ha posat en marxa un tel\u00e8fon d&#8217;informaci\u00f3 sobre m\u00fatues perqu\u00e8 els usuaris realitzin directament les seves consultes.<\/p>\n<p>Tel\u00e8fon informaci\u00f3: <strong>902 112 651<\/strong><\/p>\n<p>Horari d&#8217;hivern:<br \/>\n\t\tde 8.30 h a 14.30 h i de 16.00 h a 18.30 h, de dilluns a dijous<br \/>\n\t\tde 8.30 a 14.30 h, els divendres<br \/>\n\t\tHorari estiu:<br \/>\n\t\t8-15 h<\/p>\n<\/div>\n<\/div>\n","protected":false},"excerpt":{"rendered":"","protected":false},"author":2,"featured_media":68874,"parent":0,"menu_order":0,"comment_status":"closed","ping_status":"closed","template":"","meta":{"_acf_changed":false,"generate_page_header":"","footnotes":""},"class_list":["post-68870","page","type-page","status-publish","has-post-thumbnail"],"acf":[],"yoast_head":"<!-- This site is optimized with the Yoast SEO plugin v27.4 - https:\/\/yoast.com\/product\/yoast-seo-wordpress\/ -->\n<title>Contacta con nosotros - Asepeyo<\/title>\n<meta name=\"description\" content=\"Tens algun dubte o consulta?Solucionem tots els teus dubtes sobre els nostres serveis. 910 504 390\" \/>\n<meta name=\"robots\" content=\"index, follow, max-snippet:-1, max-image-preview:large, max-video-preview:-1\" \/>\n<link rel=\"canonical\" href=\"https:\/\/www.asepeyo.es\/ca\/contacto\/\" \/>\n<meta property=\"og:locale\" content=\"ca_ES\" \/>\n<meta property=\"og:type\" content=\"article\" \/>\n<meta property=\"og:title\" content=\"Contacta con nosotros - Asepeyo\" \/>\n<meta property=\"og:description\" content=\"Tens algun dubte o consulta?Solucionem tots els teus dubtes sobre els nostres serveis. 910 504 390\" \/>\n<meta property=\"og:url\" content=\"https:\/\/www.asepeyo.es\/ca\/contacto\/\" \/>\n<meta property=\"og:site_name\" content=\"Asepeyo\" \/>\n<meta property=\"article:publisher\" content=\"https:\/\/es-es.facebook.com\/Asepeyo\/\" \/>\n<meta property=\"article:modified_time\" content=\"2023-10-23T17:23:01+00:00\" \/>\n<meta property=\"og:image\" content=\"https:\/\/www.asepeyo.es\/wp-content\/uploads\/contacta-con-asepeyo.jpg\" \/>\n\t<meta property=\"og:image:width\" content=\"2048\" \/>\n\t<meta property=\"og:image:height\" content=\"1017\" \/>\n\t<meta property=\"og:image:type\" content=\"image\/jpeg\" \/>\n<meta name=\"twitter:card\" content=\"summary_large_image\" \/>\n<meta name=\"twitter:site\" content=\"@Asepeyo\" \/>\n<meta name=\"twitter:label1\" content=\"Est. reading time\" \/>\n\t<meta name=\"twitter:data1\" content=\"2 minutes\" \/>\n<script type=\"application\/ld+json\" class=\"yoast-schema-graph\">{\"@context\":\"https:\\\/\\\/schema.org\",\"@graph\":[{\"@type\":\"WebPage\",\"@id\":\"https:\\\/\\\/www.asepeyo.es\\\/ca\\\/contacto\\\/\",\"url\":\"https:\\\/\\\/www.asepeyo.es\\\/ca\\\/contacto\\\/\",\"name\":\"Contacta con nosotros - Asepeyo\",\"isPartOf\":{\"@id\":\"https:\\\/\\\/www.asepeyo.es\\\/ca\\\/#website\"},\"primaryImageOfPage\":{\"@id\":\"https:\\\/\\\/www.asepeyo.es\\\/ca\\\/contacto\\\/#primaryimage\"},\"image\":{\"@id\":\"https:\\\/\\\/www.asepeyo.es\\\/ca\\\/contacto\\\/#primaryimage\"},\"thumbnailUrl\":\"https:\\\/\\\/www.asepeyo.es\\\/wp-content\\\/uploads\\\/contacta-con-asepeyo.jpg\",\"datePublished\":\"2019-06-26T11:34:23+00:00\",\"dateModified\":\"2023-10-23T17:23:01+00:00\",\"description\":\"Tens algun dubte o consulta?Solucionem tots els teus dubtes sobre els nostres serveis. 910 504 390\",\"breadcrumb\":{\"@id\":\"https:\\\/\\\/www.asepeyo.es\\\/ca\\\/contacto\\\/#breadcrumb\"},\"inLanguage\":\"ca-ES\",\"potentialAction\":[{\"@type\":\"ReadAction\",\"target\":[\"https:\\\/\\\/www.asepeyo.es\\\/ca\\\/contacto\\\/\"]}]},{\"@type\":\"ImageObject\",\"inLanguage\":\"ca-ES\",\"@id\":\"https:\\\/\\\/www.asepeyo.es\\\/ca\\\/contacto\\\/#primaryimage\",\"url\":\"https:\\\/\\\/www.asepeyo.es\\\/wp-content\\\/uploads\\\/contacta-con-asepeyo.jpg\",\"contentUrl\":\"https:\\\/\\\/www.asepeyo.es\\\/wp-content\\\/uploads\\\/contacta-con-asepeyo.jpg\",\"width\":2048,\"height\":1017},{\"@type\":\"BreadcrumbList\",\"@id\":\"https:\\\/\\\/www.asepeyo.es\\\/ca\\\/contacto\\\/#breadcrumb\",\"itemListElement\":[{\"@type\":\"ListItem\",\"position\":1,\"name\":\"Inicio\",\"item\":\"https:\\\/\\\/www.asepeyo.es\\\/ca\\\/\"},{\"@type\":\"ListItem\",\"position\":2,\"name\":\"Contacta con nosotros\"}]},{\"@type\":\"WebSite\",\"@id\":\"https:\\\/\\\/www.asepeyo.es\\\/ca\\\/#website\",\"url\":\"https:\\\/\\\/www.asepeyo.es\\\/ca\\\/\",\"name\":\"Asepeyo\",\"description\":\"Mutua de accidentes de trabajo 151\",\"publisher\":{\"@id\":\"https:\\\/\\\/www.asepeyo.es\\\/ca\\\/#organization\"},\"potentialAction\":[{\"@type\":\"SearchAction\",\"target\":{\"@type\":\"EntryPoint\",\"urlTemplate\":\"https:\\\/\\\/www.asepeyo.es\\\/ca\\\/?s={search_term_string}\"},\"query-input\":{\"@type\":\"PropertyValueSpecification\",\"valueRequired\":true,\"valueName\":\"search_term_string\"}}],\"inLanguage\":\"ca-ES\"},{\"@type\":\"Organization\",\"@id\":\"https:\\\/\\\/www.asepeyo.es\\\/ca\\\/#organization\",\"name\":\"Asepeyo\",\"url\":\"https:\\\/\\\/www.asepeyo.es\\\/ca\\\/\",\"logo\":{\"@type\":\"ImageObject\",\"inLanguage\":\"ca-ES\",\"@id\":\"https:\\\/\\\/www.asepeyo.es\\\/ca\\\/#\\\/schema\\\/logo\\\/image\\\/\",\"url\":\"https:\\\/\\\/www.asepeyo.es\\\/wp-content\\\/uploads\\\/logo-asepeyo-web-azul.png\",\"contentUrl\":\"https:\\\/\\\/www.asepeyo.es\\\/wp-content\\\/uploads\\\/logo-asepeyo-web-azul.png\",\"width\":350,\"height\":55,\"caption\":\"Asepeyo\"},\"image\":{\"@id\":\"https:\\\/\\\/www.asepeyo.es\\\/ca\\\/#\\\/schema\\\/logo\\\/image\\\/\"},\"sameAs\":[\"https:\\\/\\\/es-es.facebook.com\\\/Asepeyo\\\/\",\"https:\\\/\\\/x.com\\\/Asepeyo\",\"https:\\\/\\\/www.instagram.com\\\/asepeyo\\\/?hl=es\",\"https:\\\/\\\/es.linkedin.com\\\/company\\\/asepeyo\",\"https:\\\/\\\/www.youtube.com\\\/channel\\\/UC42Ipj44IKKTITQ2HNoLmSQ\"]}]}<\/script>\n<!-- \/ Yoast SEO plugin. -->","yoast_head_json":{"title":"Contacta con nosotros - Asepeyo","description":"Tens algun dubte o consulta?Solucionem tots els teus dubtes sobre els nostres serveis. 910 504 390","robots":{"index":"index","follow":"follow","max-snippet":"max-snippet:-1","max-image-preview":"max-image-preview:large","max-video-preview":"max-video-preview:-1"},"canonical":"https:\/\/www.asepeyo.es\/ca\/contacto\/","og_locale":"ca_ES","og_type":"article","og_title":"Contacta con nosotros - Asepeyo","og_description":"Tens algun dubte o consulta?Solucionem tots els teus dubtes sobre els nostres serveis. 910 504 390","og_url":"https:\/\/www.asepeyo.es\/ca\/contacto\/","og_site_name":"Asepeyo","article_publisher":"https:\/\/es-es.facebook.com\/Asepeyo\/","article_modified_time":"2023-10-23T17:23:01+00:00","og_image":[{"width":2048,"height":1017,"url":"https:\/\/www.asepeyo.es\/wp-content\/uploads\/contacta-con-asepeyo.jpg","type":"image\/jpeg"}],"twitter_card":"summary_large_image","twitter_site":"@Asepeyo","twitter_misc":{"Est. reading time":"2 minutes"},"schema":{"@context":"https:\/\/schema.org","@graph":[{"@type":"WebPage","@id":"https:\/\/www.asepeyo.es\/ca\/contacto\/","url":"https:\/\/www.asepeyo.es\/ca\/contacto\/","name":"Contacta con nosotros - Asepeyo","isPartOf":{"@id":"https:\/\/www.asepeyo.es\/ca\/#website"},"primaryImageOfPage":{"@id":"https:\/\/www.asepeyo.es\/ca\/contacto\/#primaryimage"},"image":{"@id":"https:\/\/www.asepeyo.es\/ca\/contacto\/#primaryimage"},"thumbnailUrl":"https:\/\/www.asepeyo.es\/wp-content\/uploads\/contacta-con-asepeyo.jpg","datePublished":"2019-06-26T11:34:23+00:00","dateModified":"2023-10-23T17:23:01+00:00","description":"Tens algun dubte o consulta?Solucionem tots els teus dubtes sobre els nostres serveis. 910 504 390","breadcrumb":{"@id":"https:\/\/www.asepeyo.es\/ca\/contacto\/#breadcrumb"},"inLanguage":"ca-ES","potentialAction":[{"@type":"ReadAction","target":["https:\/\/www.asepeyo.es\/ca\/contacto\/"]}]},{"@type":"ImageObject","inLanguage":"ca-ES","@id":"https:\/\/www.asepeyo.es\/ca\/contacto\/#primaryimage","url":"https:\/\/www.asepeyo.es\/wp-content\/uploads\/contacta-con-asepeyo.jpg","contentUrl":"https:\/\/www.asepeyo.es\/wp-content\/uploads\/contacta-con-asepeyo.jpg","width":2048,"height":1017},{"@type":"BreadcrumbList","@id":"https:\/\/www.asepeyo.es\/ca\/contacto\/#breadcrumb","itemListElement":[{"@type":"ListItem","position":1,"name":"Inicio","item":"https:\/\/www.asepeyo.es\/ca\/"},{"@type":"ListItem","position":2,"name":"Contacta con nosotros"}]},{"@type":"WebSite","@id":"https:\/\/www.asepeyo.es\/ca\/#website","url":"https:\/\/www.asepeyo.es\/ca\/","name":"Asepeyo","description":"Mutua de accidentes de trabajo 151","publisher":{"@id":"https:\/\/www.asepeyo.es\/ca\/#organization"},"potentialAction":[{"@type":"SearchAction","target":{"@type":"EntryPoint","urlTemplate":"https:\/\/www.asepeyo.es\/ca\/?s={search_term_string}"},"query-input":{"@type":"PropertyValueSpecification","valueRequired":true,"valueName":"search_term_string"}}],"inLanguage":"ca-ES"},{"@type":"Organization","@id":"https:\/\/www.asepeyo.es\/ca\/#organization","name":"Asepeyo","url":"https:\/\/www.asepeyo.es\/ca\/","logo":{"@type":"ImageObject","inLanguage":"ca-ES","@id":"https:\/\/www.asepeyo.es\/ca\/#\/schema\/logo\/image\/","url":"https:\/\/www.asepeyo.es\/wp-content\/uploads\/logo-asepeyo-web-azul.png","contentUrl":"https:\/\/www.asepeyo.es\/wp-content\/uploads\/logo-asepeyo-web-azul.png","width":350,"height":55,"caption":"Asepeyo"},"image":{"@id":"https:\/\/www.asepeyo.es\/ca\/#\/schema\/logo\/image\/"},"sameAs":["https:\/\/es-es.facebook.com\/Asepeyo\/","https:\/\/x.com\/Asepeyo","https:\/\/www.instagram.com\/asepeyo\/?hl=es","https:\/\/es.linkedin.com\/company\/asepeyo","https:\/\/www.youtube.com\/channel\/UC42Ipj44IKKTITQ2HNoLmSQ"]}]}},"_links":{"self":[{"href":"https:\/\/www.asepeyo.es\/ca\/wp-json\/wp\/v2\/pages\/68870","targetHints":{"allow":["GET"]}}],"collection":[{"href":"https:\/\/www.asepeyo.es\/ca\/wp-json\/wp\/v2\/pages"}],"about":[{"href":"https:\/\/www.asepeyo.es\/ca\/wp-json\/wp\/v2\/types\/page"}],"author":[{"embeddable":true,"href":"https:\/\/www.asepeyo.es\/ca\/wp-json\/wp\/v2\/users\/2"}],"replies":[{"embeddable":true,"href":"https:\/\/www.asepeyo.es\/ca\/wp-json\/wp\/v2\/comments?post=68870"}],"version-history":[{"count":14,"href":"https:\/\/www.asepeyo.es\/ca\/wp-json\/wp\/v2\/pages\/68870\/revisions"}],"predecessor-version":[{"id":1483294,"href":"https:\/\/www.asepeyo.es\/ca\/wp-json\/wp\/v2\/pages\/68870\/revisions\/1483294"}],"wp:featuredmedia":[{"embeddable":true,"href":"https:\/\/www.asepeyo.es\/ca\/wp-json\/wp\/v2\/media\/68874"}],"wp:attachment":[{"href":"https:\/\/www.asepeyo.es\/ca\/wp-json\/wp\/v2\/media?parent=68870"}],"curies":[{"name":"wp","href":"https:\/\/api.w.org\/{rel}","templated":true}]}}