{"id":68854,"date":"2019-06-26T13:19:04","date_gmt":"2019-06-26T11:19:04","guid":{"rendered":"https:\/\/www.asepeyo.es\/?page_id=68854"},"modified":"2019-06-26T13:19:04","modified_gmt":"2019-06-26T11:19:04","slug":"que-son-las-mutuas","status":"publish","type":"page","link":"https:\/\/www.asepeyo.es\/ca\/conocenos\/que-son-las-mutuas\/","title":{"rendered":"Qu\u00e8 s\u00f3n les m\u00fatues d\u2019accidents de treball?"},"content":{"rendered":"\n<div class=\"titulo\">\n<h2>Qu\u00e8 s\u00f3n les m\u00fatues col\u00b7laboradores amb la Seguretat Social?<\/h2>\n<\/div>\n<p>Les m\u00fatues col\u00b7laboradores amb la Seguretat Social s\u00f3n associacions privades d&#8217;empresaris sense \u00e0nim de lucre autoritzades pel Ministeri de Treball, Migracions i Seguretat Social. La seva finalitat \u00e9s col\u00b7laborar en la gesti\u00f3 de les conting\u00e8ncies d&#8217;accidents laborals i de malalties professionals del personal al seu servei.<\/p>\n<div class=\"grid-50 prefix-25 pv5\">\n<p><img decoding=\"async\" alt=\"\u00c0mbit de m\u00fatua d'accidents de treball.\" src=\"https:\/\/www.asepeyo.es\/wp-content\/uploads\/que-son-las-mutuas-asistencia-sanitaria-1024x683.jpg\"\/><\/p>\n<\/div>\n<div class=\"titulo\">\n<h2>Quin \u00e9s l&#8217;\u00e0mbit d&#8217;actuaci\u00f3 d&#8217;aquestes m\u00fatues?<\/h2>\n<\/div>\n<p>Les m\u00fatues col\u00b7laboradores amb la Seguretat Social adquireixen personalitat jur\u00eddica un cop constitu\u00efdes i, per tant, tenen capacitat per complir les seves finalitats.<\/p>\n<p>L&#8217;empresari tria lliurement associar-se a la m\u00fatua que s&#8217;adapti millor a les seves necessitats i a les dels treballadors de la seva plantilla, tant per raons de qualitat del servei com de proximitat.<\/p>\n<h3>Les activitats de les m\u00fatues col\u00b7laboradors amb la Seguretat Social se centren en:<\/h3>\n<ul>\n<li>La <strong><a href=\"https:\/\/www.asepeyo.es\/ca\/prestaciones\/#Accidente_de_trabajo_y_enfermedad_profesional\">gesti\u00f3 de les prestacions econ\u00f2miques i de l&#8217;assist\u00e8ncia sanit\u00e0ria<\/a><\/strong>\u00a0incloent-hi la rehabilitaci\u00f3, que s\u2019inclouen en la protecci\u00f3 de les conting\u00e8ncies d&#8217;accidents laborals i de malalties professionals de la Seguretat Social. Tamb\u00e9 s&#8217;ocupen de les activitats de prevenci\u00f3 d&#8217;aquestes conting\u00e8ncies<\/li>\n<li>La\u00a0<strong><a href=\"https:\/\/www.asepeyo.es\/ca\/prestaciones\/#Enfermedad_comun_y_accidente_no_laboral\">gesti\u00f3 de la prestaci\u00f3 econ\u00f2mica d&#8217;incapacitat temporal derivada de malaltia comuna i accident no laboral<\/a><\/strong><\/li>\n<li>La\u00a0<strong><a href=\"https:\/\/www.asepeyo.es\/ca\/prestaciones\/#Otros_subsidios\">gesti\u00f3 de les prestacions per risc durant l&#8217;embar\u00e0s i risc durant la lact\u00e0ncia natural<\/a><\/strong><\/li>\n<li>La<strong>\u00a0<a href=\"https:\/\/www.asepeyo.es\/ca\/prestaciones\/#Otros_subsidios\">gesti\u00f3 de les prestacions econ\u00f2miques per cessament de l&#8217;activitat<\/a> \u00a0<\/strong>dels treballadors aut\u00f2noms<\/li>\n<li>La\u00a0<strong><a href=\"https:\/\/www.asepeyo.es\/ca\/prestaciones\/#Otros_subsidios\">gesti\u00f3 de la prestaci\u00f3 de la cura de menors<\/a><\/strong> amb c\u00e0ncer o amb una altra malaltia greu<\/li>\n<li>La <strong><a href=\"https:\/\/www.asepeyo.es\/ca\/prestaciones\/#Otras_ayudas_economicas\">resta d&#8217;activitats de la Seguretat Social<\/a><\/strong> que els siguin atribu\u00efdes legalment<\/li>\n<\/ul>\n<div class=\"titulo\">\n<h2>Com es constitueixen aquestes m\u00fatues?<\/h2>\n<\/div>\n<p>A Espanya hi ha un total de 20 m\u00fatues col\u00b7laboradores amb la Seguretat Social repartides per tot el territori nacional i totes estan associades a l\u2019 <a href=\"http:\/\/www.amat.es\/\" rel=\"noopener noreferrer\" target=\"_blank\">AMAT<\/a> (Associaci\u00f3 de M\u00fatues d&#8217;Accidents de Treball i Malalties Professionals de la Seguretat Social).<\/p>\n<p>Aquest organisme, fundat l&#8217;any 1986, s&#8217;encarrega de &#8220;coordinar, representar, orientar, gestionar, fomentar i defensar els interessos generals i comuns de les m\u00fatues&#8221;. Les seves activitats principals s\u00f3n la seva representaci\u00f3 institucional i l&#8217;organitzaci\u00f3 d&#8217;activitats de car\u00e0cter general, entre les quals cal destacar les relacionades amb la promoci\u00f3 de la prevenci\u00f3 de riscos laborals.<\/p>\n<div class=\"grid-100 pv5\"><img decoding=\"async\" alt=\"M\u00fatua col\u00b7laboradora de la Seguretat Social. Asepeyo Hospital de dia Cartuja.\" class=\"aligncenter\" src=\"https:\/\/www.asepeyo.es\/wp-content\/uploads\/Exterior-Hospital-de-dia-Cartuja-Asepeyo.jpg\"\/><\/div>\n\n<div class=\"titulo\">\n<h2><span id=\"Actividades_de_las_mutuas_colaboradoras_con_la_Seguridad_Social\">Activitats de les m\u00fatues col\u00b7laboradores amb la Seguretat Social<\/span><\/h2>\n<\/div>\n<h3><a href=\"https:\/\/www.asepeyo.es\/ca\/tecnologia-innovacion\/\">Gesti\u00f3 empresarial i transformaci\u00f3 digital<\/a><\/h3>\n<div class=\"videoWrapper\">\n\t\t<iframe loading=\"lazy\" allowfullscreen=\"allowfullscreen\" frameborder=\"0\" height=\"150\" src=\"https:\/\/www.youtube.com\/embed\/Q3AkAxFWOFY\" width=\"100%\"><\/iframe>\n\t<\/div>\n<h3><a href=\"https:\/\/www.asepeyo.es\/ca\/seguridad-laboral\/\">Prevenci\u00f3 de riscos laborals<\/a><\/h3>\n<div class=\"videoWrapper\">\n\t\t<iframe loading=\"lazy\" allowfullscreen=\"allowfullscreen\" frameborder=\"0\" height=\"150\" src=\"https:\/\/www.youtube.com\/embed\/VM4NQ1sdLGk\" width=\"100%\"><\/iframe>\n\t<\/div>\n<h3><a href=\"https:\/\/www.asepeyo.es\/ca\/accion-social\/\">Acci\u00f3 social<\/a><\/h3>\n<div class=\"videoWrapper\">\n\t\t<iframe loading=\"lazy\" allowfullscreen=\"allowfullscreen\" frameborder=\"0\" height=\"150\" src=\"https:\/\/www.youtube.com\/embed\/-BlOzu0IOGk\" width=\"100%\"><\/iframe>\n\t<\/div>\n<p>Si ens vols con\u00e8ixer millor, visita la secci\u00f3&nbsp;<a href=\"https:\/\/www.asepeyo.es\/ca\/conocenos\/\">&#8216;Qui som&#8217;<\/a>.<\/p>\n","protected":false},"excerpt":{"rendered":"","protected":false},"author":2,"featured_media":0,"parent":68557,"menu_order":0,"comment_status":"closed","ping_status":"closed","template":"","meta":{"_acf_changed":false,"generate_page_header":"","footnotes":""},"class_list":["post-68854","page","type-page","status-publish"],"acf":[],"yoast_head":"<!-- This site is optimized with the Yoast SEO plugin v27.4 - https:\/\/yoast.com\/product\/yoast-seo-wordpress\/ -->\n<title>Qu\u00e8 s\u00f3n les m\u00fatues d\u2019accidents de treball? - Asepeyo<\/title>\n<meta name=\"description\" content=\"Les m\u00fatues d&#039;accidents de treball s\u00f3n associacions privades d&#039;empresaris sense \u00e0nim de lucre que col\u00b7laboren en la gesti\u00f3 de la Seguretat Social.\" \/>\n<meta name=\"robots\" content=\"index, follow, max-snippet:-1, max-image-preview:large, max-video-preview:-1\" \/>\n<link rel=\"canonical\" href=\"https:\/\/www.asepeyo.es\/ca\/conocenos\/que-son-las-mutuas\/\" \/>\n<meta property=\"og:locale\" content=\"ca_ES\" \/>\n<meta property=\"og:type\" content=\"article\" \/>\n<meta property=\"og:title\" content=\"Qu\u00e8 s\u00f3n les m\u00fatues d\u2019accidents de treball? - Asepeyo\" \/>\n<meta property=\"og:description\" content=\"Les m\u00fatues d&#039;accidents de treball s\u00f3n associacions privades d&#039;empresaris sense \u00e0nim de lucre que col\u00b7laboren en la gesti\u00f3 de la Seguretat Social.\" \/>\n<meta property=\"og:url\" content=\"https:\/\/www.asepeyo.es\/ca\/conocenos\/que-son-las-mutuas\/\" \/>\n<meta property=\"og:site_name\" content=\"Asepeyo\" \/>\n<meta property=\"article:publisher\" content=\"https:\/\/es-es.facebook.com\/Asepeyo\/\" \/>\n<meta property=\"og:image\" content=\"https:\/\/www.asepeyo.es\/wp-content\/uploads\/que-son-las-mutuas-asistencia-sanitaria-1024x683.jpg\" \/>\n<meta name=\"twitter:card\" content=\"summary_large_image\" \/>\n<meta name=\"twitter:site\" content=\"@Asepeyo\" \/>\n<meta name=\"twitter:label1\" content=\"Est. reading time\" \/>\n\t<meta name=\"twitter:data1\" content=\"2 minutes\" \/>\n<script type=\"application\/ld+json\" class=\"yoast-schema-graph\">{\"@context\":\"https:\\\/\\\/schema.org\",\"@graph\":[{\"@type\":\"WebPage\",\"@id\":\"https:\\\/\\\/www.asepeyo.es\\\/ca\\\/conocenos\\\/que-son-las-mutuas\\\/\",\"url\":\"https:\\\/\\\/www.asepeyo.es\\\/ca\\\/conocenos\\\/que-son-las-mutuas\\\/\",\"name\":\"Qu\u00e8 s\u00f3n les m\u00fatues d\u2019accidents de treball? - Asepeyo\",\"isPartOf\":{\"@id\":\"https:\\\/\\\/www.asepeyo.es\\\/ca\\\/#website\"},\"primaryImageOfPage\":{\"@id\":\"https:\\\/\\\/www.asepeyo.es\\\/ca\\\/conocenos\\\/que-son-las-mutuas\\\/#primaryimage\"},\"image\":{\"@id\":\"https:\\\/\\\/www.asepeyo.es\\\/ca\\\/conocenos\\\/que-son-las-mutuas\\\/#primaryimage\"},\"thumbnailUrl\":\"https:\\\/\\\/www.asepeyo.es\\\/wp-content\\\/uploads\\\/que-son-las-mutuas-asistencia-sanitaria-1024x683.jpg\",\"datePublished\":\"2019-06-26T11:19:04+00:00\",\"description\":\"Les m\u00fatues d'accidents de treball s\u00f3n associacions privades d'empresaris sense \u00e0nim de lucre que col\u00b7laboren en la gesti\u00f3 de la Seguretat Social.\",\"breadcrumb\":{\"@id\":\"https:\\\/\\\/www.asepeyo.es\\\/ca\\\/conocenos\\\/que-son-las-mutuas\\\/#breadcrumb\"},\"inLanguage\":\"ca-ES\",\"potentialAction\":[{\"@type\":\"ReadAction\",\"target\":[\"https:\\\/\\\/www.asepeyo.es\\\/ca\\\/conocenos\\\/que-son-las-mutuas\\\/\"]}]},{\"@type\":\"ImageObject\",\"inLanguage\":\"ca-ES\",\"@id\":\"https:\\\/\\\/www.asepeyo.es\\\/ca\\\/conocenos\\\/que-son-las-mutuas\\\/#primaryimage\",\"url\":\"https:\\\/\\\/www.asepeyo.es\\\/wp-content\\\/uploads\\\/que-son-las-mutuas-asistencia-sanitaria-1024x683.jpg\",\"contentUrl\":\"https:\\\/\\\/www.asepeyo.es\\\/wp-content\\\/uploads\\\/que-son-las-mutuas-asistencia-sanitaria-1024x683.jpg\"},{\"@type\":\"BreadcrumbList\",\"@id\":\"https:\\\/\\\/www.asepeyo.es\\\/ca\\\/conocenos\\\/que-son-las-mutuas\\\/#breadcrumb\",\"itemListElement\":[{\"@type\":\"ListItem\",\"position\":1,\"name\":\"Inicio\",\"item\":\"https:\\\/\\\/www.asepeyo.es\\\/ca\\\/\"},{\"@type\":\"ListItem\",\"position\":2,\"name\":\"Qui som?\",\"item\":\"https:\\\/\\\/www.asepeyo.es\\\/ca\\\/conocenos\\\/\"},{\"@type\":\"ListItem\",\"position\":3,\"name\":\"Qu\u00e8 s\u00f3n les m\u00fatues d\u2019accidents de treball?\"}]},{\"@type\":\"WebSite\",\"@id\":\"https:\\\/\\\/www.asepeyo.es\\\/ca\\\/#website\",\"url\":\"https:\\\/\\\/www.asepeyo.es\\\/ca\\\/\",\"name\":\"Asepeyo\",\"description\":\"Mutua de accidentes de trabajo 151\",\"publisher\":{\"@id\":\"https:\\\/\\\/www.asepeyo.es\\\/ca\\\/#organization\"},\"potentialAction\":[{\"@type\":\"SearchAction\",\"target\":{\"@type\":\"EntryPoint\",\"urlTemplate\":\"https:\\\/\\\/www.asepeyo.es\\\/ca\\\/?s={search_term_string}\"},\"query-input\":{\"@type\":\"PropertyValueSpecification\",\"valueRequired\":true,\"valueName\":\"search_term_string\"}}],\"inLanguage\":\"ca-ES\"},{\"@type\":\"Organization\",\"@id\":\"https:\\\/\\\/www.asepeyo.es\\\/ca\\\/#organization\",\"name\":\"Asepeyo\",\"url\":\"https:\\\/\\\/www.asepeyo.es\\\/ca\\\/\",\"logo\":{\"@type\":\"ImageObject\",\"inLanguage\":\"ca-ES\",\"@id\":\"https:\\\/\\\/www.asepeyo.es\\\/ca\\\/#\\\/schema\\\/logo\\\/image\\\/\",\"url\":\"https:\\\/\\\/www.asepeyo.es\\\/wp-content\\\/uploads\\\/logo-asepeyo-web-azul.png\",\"contentUrl\":\"https:\\\/\\\/www.asepeyo.es\\\/wp-content\\\/uploads\\\/logo-asepeyo-web-azul.png\",\"width\":350,\"height\":55,\"caption\":\"Asepeyo\"},\"image\":{\"@id\":\"https:\\\/\\\/www.asepeyo.es\\\/ca\\\/#\\\/schema\\\/logo\\\/image\\\/\"},\"sameAs\":[\"https:\\\/\\\/es-es.facebook.com\\\/Asepeyo\\\/\",\"https:\\\/\\\/x.com\\\/Asepeyo\",\"https:\\\/\\\/www.instagram.com\\\/asepeyo\\\/?hl=es\",\"https:\\\/\\\/es.linkedin.com\\\/company\\\/asepeyo\",\"https:\\\/\\\/www.youtube.com\\\/channel\\\/UC42Ipj44IKKTITQ2HNoLmSQ\"]}]}<\/script>\n<!-- \/ Yoast SEO plugin. -->","yoast_head_json":{"title":"Qu\u00e8 s\u00f3n les m\u00fatues d\u2019accidents de treball? - Asepeyo","description":"Les m\u00fatues d'accidents de treball s\u00f3n associacions privades d'empresaris sense \u00e0nim de lucre que col\u00b7laboren en la gesti\u00f3 de la Seguretat Social.","robots":{"index":"index","follow":"follow","max-snippet":"max-snippet:-1","max-image-preview":"max-image-preview:large","max-video-preview":"max-video-preview:-1"},"canonical":"https:\/\/www.asepeyo.es\/ca\/conocenos\/que-son-las-mutuas\/","og_locale":"ca_ES","og_type":"article","og_title":"Qu\u00e8 s\u00f3n les m\u00fatues d\u2019accidents de treball? - Asepeyo","og_description":"Les m\u00fatues d'accidents de treball s\u00f3n associacions privades d'empresaris sense \u00e0nim de lucre que col\u00b7laboren en la gesti\u00f3 de la Seguretat Social.","og_url":"https:\/\/www.asepeyo.es\/ca\/conocenos\/que-son-las-mutuas\/","og_site_name":"Asepeyo","article_publisher":"https:\/\/es-es.facebook.com\/Asepeyo\/","og_image":[{"url":"https:\/\/www.asepeyo.es\/wp-content\/uploads\/que-son-las-mutuas-asistencia-sanitaria-1024x683.jpg","type":"","width":"","height":""}],"twitter_card":"summary_large_image","twitter_site":"@Asepeyo","twitter_misc":{"Est. reading time":"2 minutes"},"schema":{"@context":"https:\/\/schema.org","@graph":[{"@type":"WebPage","@id":"https:\/\/www.asepeyo.es\/ca\/conocenos\/que-son-las-mutuas\/","url":"https:\/\/www.asepeyo.es\/ca\/conocenos\/que-son-las-mutuas\/","name":"Qu\u00e8 s\u00f3n les m\u00fatues d\u2019accidents de treball? - Asepeyo","isPartOf":{"@id":"https:\/\/www.asepeyo.es\/ca\/#website"},"primaryImageOfPage":{"@id":"https:\/\/www.asepeyo.es\/ca\/conocenos\/que-son-las-mutuas\/#primaryimage"},"image":{"@id":"https:\/\/www.asepeyo.es\/ca\/conocenos\/que-son-las-mutuas\/#primaryimage"},"thumbnailUrl":"https:\/\/www.asepeyo.es\/wp-content\/uploads\/que-son-las-mutuas-asistencia-sanitaria-1024x683.jpg","datePublished":"2019-06-26T11:19:04+00:00","description":"Les m\u00fatues d'accidents de treball s\u00f3n associacions privades d'empresaris sense \u00e0nim de lucre que col\u00b7laboren en la gesti\u00f3 de la Seguretat Social.","breadcrumb":{"@id":"https:\/\/www.asepeyo.es\/ca\/conocenos\/que-son-las-mutuas\/#breadcrumb"},"inLanguage":"ca-ES","potentialAction":[{"@type":"ReadAction","target":["https:\/\/www.asepeyo.es\/ca\/conocenos\/que-son-las-mutuas\/"]}]},{"@type":"ImageObject","inLanguage":"ca-ES","@id":"https:\/\/www.asepeyo.es\/ca\/conocenos\/que-son-las-mutuas\/#primaryimage","url":"https:\/\/www.asepeyo.es\/wp-content\/uploads\/que-son-las-mutuas-asistencia-sanitaria-1024x683.jpg","contentUrl":"https:\/\/www.asepeyo.es\/wp-content\/uploads\/que-son-las-mutuas-asistencia-sanitaria-1024x683.jpg"},{"@type":"BreadcrumbList","@id":"https:\/\/www.asepeyo.es\/ca\/conocenos\/que-son-las-mutuas\/#breadcrumb","itemListElement":[{"@type":"ListItem","position":1,"name":"Inicio","item":"https:\/\/www.asepeyo.es\/ca\/"},{"@type":"ListItem","position":2,"name":"Qui som?","item":"https:\/\/www.asepeyo.es\/ca\/conocenos\/"},{"@type":"ListItem","position":3,"name":"Qu\u00e8 s\u00f3n les m\u00fatues d\u2019accidents de treball?"}]},{"@type":"WebSite","@id":"https:\/\/www.asepeyo.es\/ca\/#website","url":"https:\/\/www.asepeyo.es\/ca\/","name":"Asepeyo","description":"Mutua de accidentes de trabajo 151","publisher":{"@id":"https:\/\/www.asepeyo.es\/ca\/#organization"},"potentialAction":[{"@type":"SearchAction","target":{"@type":"EntryPoint","urlTemplate":"https:\/\/www.asepeyo.es\/ca\/?s={search_term_string}"},"query-input":{"@type":"PropertyValueSpecification","valueRequired":true,"valueName":"search_term_string"}}],"inLanguage":"ca-ES"},{"@type":"Organization","@id":"https:\/\/www.asepeyo.es\/ca\/#organization","name":"Asepeyo","url":"https:\/\/www.asepeyo.es\/ca\/","logo":{"@type":"ImageObject","inLanguage":"ca-ES","@id":"https:\/\/www.asepeyo.es\/ca\/#\/schema\/logo\/image\/","url":"https:\/\/www.asepeyo.es\/wp-content\/uploads\/logo-asepeyo-web-azul.png","contentUrl":"https:\/\/www.asepeyo.es\/wp-content\/uploads\/logo-asepeyo-web-azul.png","width":350,"height":55,"caption":"Asepeyo"},"image":{"@id":"https:\/\/www.asepeyo.es\/ca\/#\/schema\/logo\/image\/"},"sameAs":["https:\/\/es-es.facebook.com\/Asepeyo\/","https:\/\/x.com\/Asepeyo","https:\/\/www.instagram.com\/asepeyo\/?hl=es","https:\/\/es.linkedin.com\/company\/asepeyo","https:\/\/www.youtube.com\/channel\/UC42Ipj44IKKTITQ2HNoLmSQ"]}]}},"_links":{"self":[{"href":"https:\/\/www.asepeyo.es\/ca\/wp-json\/wp\/v2\/pages\/68854","targetHints":{"allow":["GET"]}}],"collection":[{"href":"https:\/\/www.asepeyo.es\/ca\/wp-json\/wp\/v2\/pages"}],"about":[{"href":"https:\/\/www.asepeyo.es\/ca\/wp-json\/wp\/v2\/types\/page"}],"author":[{"embeddable":true,"href":"https:\/\/www.asepeyo.es\/ca\/wp-json\/wp\/v2\/users\/2"}],"replies":[{"embeddable":true,"href":"https:\/\/www.asepeyo.es\/ca\/wp-json\/wp\/v2\/comments?post=68854"}],"version-history":[{"count":7,"href":"https:\/\/www.asepeyo.es\/ca\/wp-json\/wp\/v2\/pages\/68854\/revisions"}],"predecessor-version":[{"id":68862,"href":"https:\/\/www.asepeyo.es\/ca\/wp-json\/wp\/v2\/pages\/68854\/revisions\/68862"}],"up":[{"embeddable":true,"href":"https:\/\/www.asepeyo.es\/ca\/wp-json\/wp\/v2\/pages\/68557"}],"wp:attachment":[{"href":"https:\/\/www.asepeyo.es\/ca\/wp-json\/wp\/v2\/media?parent=68854"}],"curies":[{"name":"wp","href":"https:\/\/api.w.org\/{rel}","templated":true}]}}