{"id":68839,"date":"2019-06-26T13:06:20","date_gmt":"2019-06-26T11:06:20","guid":{"rendered":"https:\/\/www.asepeyo.es\/?page_id=68839"},"modified":"2021-10-28T11:25:18","modified_gmt":"2021-10-28T09:25:18","slug":"estructura-organizativa","status":"publish","type":"page","link":"https:\/\/www.asepeyo.es\/ca\/conocenos\/estructura-organizativa\/","title":{"rendered":"Estructura organizativa"},"content":{"rendered":"<div class=\"titulo\">\n<h2>\u00d2rgans<\/h2>\n<\/div>\n<p><strong>Junta General<\/strong>: \u00e9s l&#8217;\u00f2rgan superior de govern de l&#8217;entitat, estant integrat per totes les empreses associades.<\/p>\n<p><strong>Consell d&#8217;administraci\u00f3:<\/strong> \u00c9s l&#8217;\u00f2rgan al que correspon el govern directe de la m\u00fatua. Es compon de representants dels mutualistes i els seus components no perceben cap tipus de retribuci\u00f3.<\/p>\n<ul class=\"no-list-style icon-list\">\n<li>\n\t\t\t<i class=\"fal fa-file-pdf text-primary\"><\/i><a href=\"\/wp-content\/uploads\/Organigrama-junta-directiva-asepeyo.pdf\" rel=\"noopener noreferrer\" target=\"_blank\">Descarrega&#8217;t la Junta directiva<\/a>\n\t\t<\/li>\n<\/ul>\n<p><strong>Director<\/strong>Gerent: exerceix la direcci\u00f3 executiva de la m\u00fatua i desenvolupa els seus objectius generals i la direcci\u00f3 ordin\u00e0ria de l&#8217;entitat. \u00c9s designat pel Consell d&#8217;administraci\u00f3 i el seu nomenament est\u00e0 condicionada a la confirmaci\u00f3 del Ministeri de treball, Migracions i seguretat social.<\/p>\n<div class=\"titulo\">\n<h2>\u00d2rgans de Participaci\u00f3<\/h2>\n<\/div>\n<p><strong>Comissi\u00f3 de control i seguiment:<\/strong> \u00c9s el cos de participaci\u00f3 dels agents socials, que correspon con\u00e8ixer i informar de la gesti\u00f3 de les mesures m\u00fatues i proposar per al millor desenvolupament de les mateixes. Est\u00e0 format per representants designats per les organitzacions sindicals i empresarials m\u00e9s destacades.<\/p>\n<ul class=\"no-list-style icon-list\">\n<li>\n\t\t\t<i class=\"fal fa-file-pdf text-primary\"><\/i><a href=\"\/wp-content\/uploads\/Organigrama-comision-control-y-seguimiento-asepeyo-cat.pdf\" rel=\"noopener noreferrer\" target=\"_blank\">Descarrega&#8217;t la Comissi\u00f3 de control i seguiment<\/a> (22 KBytes)\n\t\t<\/li>\n<\/ul>\n<p><strong>Comissi\u00f3 de prestacions especials:<\/strong> Presta ajudes econ\u00f2miques destinades a pal\u00b7liar les necessitats d&#8217;accidents de treball o malalties professionals. Est\u00e0 format per societats mutualistes, designades pel Consell d&#8217;administraci\u00f3, i els treballadors protegits i representants sindicals, designats per les organitzacions m\u00e9s representatives, en la mateixa proporci\u00f3.<\/p>\n<ul class=\"no-list-style icon-list\">\n<li>\n\t\t\t<i class=\"fal fa-file-pdf text-primary\"><\/i><a href=\"\/wp-content\/uploads\/Organigrama-comision-de-prestaciones-especiales-asepeyo-cat.pdf\" rel=\"noopener noreferrer\" target=\"_blank\">Descarrega&#8217;t la Comissi\u00f3 de prestacions especials<\/a> (22 KBytes)\n\t\t<\/li>\n<\/ul>\n<div class=\"titulo\">\n<h2>\u00d2rgans Consultius<\/h2>\n<\/div>\n<p><strong>Consells assessors<\/strong>: s\u00f3n \u00f2rgans consultius descentralitzats mitjan\u00e7ant els quals la participaci\u00f3 m\u00fatua d&#8217;entitats m\u00fatues s&#8217;articula en les diferents \u00e0rees territorials en qu\u00e8 opera. Estan compostos per representants d&#8217;empreses m\u00fatues.<\/p>\n<ul class=\"no-list-style icon-list\">\n<li><i class=\"fal fa-file-pdf text-primary\"><\/i><a href=\"\/wp-content\/uploads\/Organigrama-consejo-regional-andalucia-asepeyo-cat.pdf\" target=\"_blank\" rel=\"noopener noreferrer\">Descarregar El Consell Consultiu d&#8217;Andalusia<\/a><\/li>\n<li><i class=\"fal fa-file-pdf text-primary\"><\/i><a href=\"\/wp-content\/uploads\/Organigrama-consejo-regional-baleares-asepeyo-cat.pdf\" target=\"_blank\" rel=\"noopener noreferrer\">Descarregar el Consell Consultiu de les Illes Balears<\/a><\/li>\n<li><i class=\"fal fa-file-pdf text-primary\"><\/i><a href=\"\/wp-content\/uploads\/Organigrama-consejo-regional-canarias-asepeyo-cat.pdf\" target=\"_blank\" rel=\"noopener noreferrer\">Descarregar el Consell Consultiu de Can\u00e0ries<\/a><\/li>\n<li><i class=\"fal fa-file-pdf text-primary\"><\/i><a href=\"https:\/\/www.asepeyo.es\/wp-content\/uploads\/Organigrama-consejo-regional-castilla-la-mancha-asepeyo.pdf\" target=\"_blank\" rel=\"noopener noreferrer\">Descarregar el Consell Consultiu de Castella La Manxa<\/a><\/li>\n<li><i class=\"fal fa-file-pdf text-primary\"><\/i><a href=\"\/wp-content\/uploads\/Organigrama-consejo-regional-catalun%CC%83a-asepeyo-cat.pdf\" target=\"_blank\" rel=\"noopener noreferrer\">Descarregar el Consell Consultiu de Catalunya<\/a><\/li>\n<li><i class=\"fal fa-file-pdf text-primary\"><\/i><a href=\"\/wp-content\/uploads\/Organigrama-consejo-regional-madrid-asepeyo-cat.pdf\" target=\"_blank\" rel=\"noopener noreferrer\">Descarregar el Consell Consultiu de Madrid<\/a><\/li>\n<li><i class=\"fal fa-file-pdf text-primary\"><\/i><a href=\"\/wp-content\/uploads\/Organigrama-consejo-regional-menorca-asepeyo-cat.pdf\" target=\"_blank\" rel=\"noopener noreferrer\">Descarregar el Consell Consultiu de Menorca<\/a><\/li>\n<li><i class=\"fal fa-file-pdf text-primary\"><\/i><a href=\"\/wp-content\/uploads\/Organigrama-consejo-regional-norte-asepeyo-cat.pdf\" target=\"_blank\" rel=\"noopener noreferrer\">Descarrega el Consell Consultiu nord<\/a><\/li>\n<li><i class=\"fal fa-file-pdf text-primary\"><\/i><a href=\"\/wp-content\/uploads\/Organigrama-consejo-regional-valencia-murcia-asepeyo-cat.pdf\" target=\"_blank\" rel=\"noopener noreferrer\">Descarrega el Consell Consultiu de la Comunitat Valenciana i la Regi\u00f3 de M\u00farcia<\/a><\/li>\n<\/ul>\n<div class=\"titulo\">\n<h2><span id=\"Organizacion_General\">Organitzaci\u00f3 general<\/span><\/h2>\n<\/div>\n<p>Est\u00e0 constitu\u00efda pel conseller delegat i les 5 subdireccions generals.<\/p>\n<ul class=\"no-list-style icon-list\">\n<li>\n\t\t\t<i class=\"fal fa-file-pdf text-primary\"><\/i><a href=\"\/wp-content\/uploads\/Organigrama-direccion-general-asepeyo-cat.pdf\" rel=\"noopener noreferrer\" target=\"_blank\">Descarregar l&#8217;organitzaci\u00f3 general<\/a>\n\t\t<\/li>\n<\/ul>\n","protected":false},"excerpt":{"rendered":"","protected":false},"author":1,"featured_media":0,"parent":68557,"menu_order":0,"comment_status":"closed","ping_status":"closed","template":"","meta":{"_acf_changed":false,"generate_page_header":"","footnotes":""},"class_list":["post-68839","page","type-page","status-publish"],"acf":[],"yoast_head":"<!-- This site is optimized with the Yoast SEO plugin v27.3 - https:\/\/yoast.com\/product\/yoast-seo-wordpress\/ -->\n<title>Estructura organizativa - Asepeyo<\/title>\n<meta name=\"robots\" content=\"index, follow, max-snippet:-1, max-image-preview:large, max-video-preview:-1\" \/>\n<link rel=\"canonical\" href=\"https:\/\/www.asepeyo.es\/ca\/conocenos\/estructura-organizativa\/\" \/>\n<meta property=\"og:locale\" content=\"ca_ES\" \/>\n<meta property=\"og:type\" content=\"article\" \/>\n<meta property=\"og:title\" content=\"Estructura organizativa - Asepeyo\" \/>\n<meta property=\"og:url\" content=\"https:\/\/www.asepeyo.es\/ca\/conocenos\/estructura-organizativa\/\" \/>\n<meta property=\"og:site_name\" content=\"Asepeyo\" \/>\n<meta property=\"article:publisher\" content=\"https:\/\/es-es.facebook.com\/Asepeyo\/\" \/>\n<meta property=\"article:modified_time\" content=\"2021-10-28T09:25:18+00:00\" \/>\n<meta name=\"twitter:card\" content=\"summary_large_image\" \/>\n<meta name=\"twitter:site\" content=\"@Asepeyo\" \/>\n<meta name=\"twitter:label1\" content=\"Est. reading time\" \/>\n\t<meta name=\"twitter:data1\" content=\"2 minutes\" \/>\n<script type=\"application\/ld+json\" class=\"yoast-schema-graph\">{\"@context\":\"https:\\\/\\\/schema.org\",\"@graph\":[{\"@type\":\"WebPage\",\"@id\":\"https:\\\/\\\/www.asepeyo.es\\\/ca\\\/conocenos\\\/estructura-organizativa\\\/\",\"url\":\"https:\\\/\\\/www.asepeyo.es\\\/ca\\\/conocenos\\\/estructura-organizativa\\\/\",\"name\":\"Estructura organizativa - Asepeyo\",\"isPartOf\":{\"@id\":\"https:\\\/\\\/www.asepeyo.es\\\/ca\\\/#website\"},\"datePublished\":\"2019-06-26T11:06:20+00:00\",\"dateModified\":\"2021-10-28T09:25:18+00:00\",\"breadcrumb\":{\"@id\":\"https:\\\/\\\/www.asepeyo.es\\\/ca\\\/conocenos\\\/estructura-organizativa\\\/#breadcrumb\"},\"inLanguage\":\"ca-ES\",\"potentialAction\":[{\"@type\":\"ReadAction\",\"target\":[\"https:\\\/\\\/www.asepeyo.es\\\/ca\\\/conocenos\\\/estructura-organizativa\\\/\"]}]},{\"@type\":\"BreadcrumbList\",\"@id\":\"https:\\\/\\\/www.asepeyo.es\\\/ca\\\/conocenos\\\/estructura-organizativa\\\/#breadcrumb\",\"itemListElement\":[{\"@type\":\"ListItem\",\"position\":1,\"name\":\"Inicio\",\"item\":\"https:\\\/\\\/www.asepeyo.es\\\/ca\\\/\"},{\"@type\":\"ListItem\",\"position\":2,\"name\":\"Qui som?\",\"item\":\"https:\\\/\\\/www.asepeyo.es\\\/ca\\\/conocenos\\\/\"},{\"@type\":\"ListItem\",\"position\":3,\"name\":\"Estructura organizativa\"}]},{\"@type\":\"WebSite\",\"@id\":\"https:\\\/\\\/www.asepeyo.es\\\/ca\\\/#website\",\"url\":\"https:\\\/\\\/www.asepeyo.es\\\/ca\\\/\",\"name\":\"Asepeyo\",\"description\":\"Mutua de accidentes de trabajo 151\",\"publisher\":{\"@id\":\"https:\\\/\\\/www.asepeyo.es\\\/ca\\\/#organization\"},\"potentialAction\":[{\"@type\":\"SearchAction\",\"target\":{\"@type\":\"EntryPoint\",\"urlTemplate\":\"https:\\\/\\\/www.asepeyo.es\\\/ca\\\/?s={search_term_string}\"},\"query-input\":{\"@type\":\"PropertyValueSpecification\",\"valueRequired\":true,\"valueName\":\"search_term_string\"}}],\"inLanguage\":\"ca-ES\"},{\"@type\":\"Organization\",\"@id\":\"https:\\\/\\\/www.asepeyo.es\\\/ca\\\/#organization\",\"name\":\"Asepeyo\",\"url\":\"https:\\\/\\\/www.asepeyo.es\\\/ca\\\/\",\"logo\":{\"@type\":\"ImageObject\",\"inLanguage\":\"ca-ES\",\"@id\":\"https:\\\/\\\/www.asepeyo.es\\\/ca\\\/#\\\/schema\\\/logo\\\/image\\\/\",\"url\":\"https:\\\/\\\/www.asepeyo.es\\\/wp-content\\\/uploads\\\/logo-asepeyo-web-azul.png\",\"contentUrl\":\"https:\\\/\\\/www.asepeyo.es\\\/wp-content\\\/uploads\\\/logo-asepeyo-web-azul.png\",\"width\":350,\"height\":55,\"caption\":\"Asepeyo\"},\"image\":{\"@id\":\"https:\\\/\\\/www.asepeyo.es\\\/ca\\\/#\\\/schema\\\/logo\\\/image\\\/\"},\"sameAs\":[\"https:\\\/\\\/es-es.facebook.com\\\/Asepeyo\\\/\",\"https:\\\/\\\/x.com\\\/Asepeyo\",\"https:\\\/\\\/www.instagram.com\\\/asepeyo\\\/?hl=es\",\"https:\\\/\\\/es.linkedin.com\\\/company\\\/asepeyo\",\"https:\\\/\\\/www.youtube.com\\\/channel\\\/UC42Ipj44IKKTITQ2HNoLmSQ\"]}]}<\/script>\n<!-- \/ Yoast SEO plugin. -->","yoast_head_json":{"title":"Estructura organizativa - Asepeyo","robots":{"index":"index","follow":"follow","max-snippet":"max-snippet:-1","max-image-preview":"max-image-preview:large","max-video-preview":"max-video-preview:-1"},"canonical":"https:\/\/www.asepeyo.es\/ca\/conocenos\/estructura-organizativa\/","og_locale":"ca_ES","og_type":"article","og_title":"Estructura organizativa - Asepeyo","og_url":"https:\/\/www.asepeyo.es\/ca\/conocenos\/estructura-organizativa\/","og_site_name":"Asepeyo","article_publisher":"https:\/\/es-es.facebook.com\/Asepeyo\/","article_modified_time":"2021-10-28T09:25:18+00:00","twitter_card":"summary_large_image","twitter_site":"@Asepeyo","twitter_misc":{"Est. reading time":"2 minutes"},"schema":{"@context":"https:\/\/schema.org","@graph":[{"@type":"WebPage","@id":"https:\/\/www.asepeyo.es\/ca\/conocenos\/estructura-organizativa\/","url":"https:\/\/www.asepeyo.es\/ca\/conocenos\/estructura-organizativa\/","name":"Estructura organizativa - Asepeyo","isPartOf":{"@id":"https:\/\/www.asepeyo.es\/ca\/#website"},"datePublished":"2019-06-26T11:06:20+00:00","dateModified":"2021-10-28T09:25:18+00:00","breadcrumb":{"@id":"https:\/\/www.asepeyo.es\/ca\/conocenos\/estructura-organizativa\/#breadcrumb"},"inLanguage":"ca-ES","potentialAction":[{"@type":"ReadAction","target":["https:\/\/www.asepeyo.es\/ca\/conocenos\/estructura-organizativa\/"]}]},{"@type":"BreadcrumbList","@id":"https:\/\/www.asepeyo.es\/ca\/conocenos\/estructura-organizativa\/#breadcrumb","itemListElement":[{"@type":"ListItem","position":1,"name":"Inicio","item":"https:\/\/www.asepeyo.es\/ca\/"},{"@type":"ListItem","position":2,"name":"Qui som?","item":"https:\/\/www.asepeyo.es\/ca\/conocenos\/"},{"@type":"ListItem","position":3,"name":"Estructura organizativa"}]},{"@type":"WebSite","@id":"https:\/\/www.asepeyo.es\/ca\/#website","url":"https:\/\/www.asepeyo.es\/ca\/","name":"Asepeyo","description":"Mutua de accidentes de trabajo 151","publisher":{"@id":"https:\/\/www.asepeyo.es\/ca\/#organization"},"potentialAction":[{"@type":"SearchAction","target":{"@type":"EntryPoint","urlTemplate":"https:\/\/www.asepeyo.es\/ca\/?s={search_term_string}"},"query-input":{"@type":"PropertyValueSpecification","valueRequired":true,"valueName":"search_term_string"}}],"inLanguage":"ca-ES"},{"@type":"Organization","@id":"https:\/\/www.asepeyo.es\/ca\/#organization","name":"Asepeyo","url":"https:\/\/www.asepeyo.es\/ca\/","logo":{"@type":"ImageObject","inLanguage":"ca-ES","@id":"https:\/\/www.asepeyo.es\/ca\/#\/schema\/logo\/image\/","url":"https:\/\/www.asepeyo.es\/wp-content\/uploads\/logo-asepeyo-web-azul.png","contentUrl":"https:\/\/www.asepeyo.es\/wp-content\/uploads\/logo-asepeyo-web-azul.png","width":350,"height":55,"caption":"Asepeyo"},"image":{"@id":"https:\/\/www.asepeyo.es\/ca\/#\/schema\/logo\/image\/"},"sameAs":["https:\/\/es-es.facebook.com\/Asepeyo\/","https:\/\/x.com\/Asepeyo","https:\/\/www.instagram.com\/asepeyo\/?hl=es","https:\/\/es.linkedin.com\/company\/asepeyo","https:\/\/www.youtube.com\/channel\/UC42Ipj44IKKTITQ2HNoLmSQ"]}]}},"_links":{"self":[{"href":"https:\/\/www.asepeyo.es\/ca\/wp-json\/wp\/v2\/pages\/68839","targetHints":{"allow":["GET"]}}],"collection":[{"href":"https:\/\/www.asepeyo.es\/ca\/wp-json\/wp\/v2\/pages"}],"about":[{"href":"https:\/\/www.asepeyo.es\/ca\/wp-json\/wp\/v2\/types\/page"}],"author":[{"embeddable":true,"href":"https:\/\/www.asepeyo.es\/ca\/wp-json\/wp\/v2\/users\/1"}],"replies":[{"embeddable":true,"href":"https:\/\/www.asepeyo.es\/ca\/wp-json\/wp\/v2\/comments?post=68839"}],"version-history":[{"count":17,"href":"https:\/\/www.asepeyo.es\/ca\/wp-json\/wp\/v2\/pages\/68839\/revisions"}],"predecessor-version":[{"id":1450146,"href":"https:\/\/www.asepeyo.es\/ca\/wp-json\/wp\/v2\/pages\/68839\/revisions\/1450146"}],"up":[{"embeddable":true,"href":"https:\/\/www.asepeyo.es\/ca\/wp-json\/wp\/v2\/pages\/68557"}],"wp:attachment":[{"href":"https:\/\/www.asepeyo.es\/ca\/wp-json\/wp\/v2\/media?parent=68839"}],"curies":[{"name":"wp","href":"https:\/\/api.w.org\/{rel}","templated":true}]}}