{"id":68557,"date":"2019-06-25T16:16:49","date_gmt":"2019-06-25T14:16:49","guid":{"rendered":"https:\/\/www.asepeyo.es\/?page_id=68557"},"modified":"2019-06-25T16:17:29","modified_gmt":"2019-06-25T14:17:29","slug":"conocenos","status":"publish","type":"page","link":"https:\/\/www.asepeyo.es\/ca\/conocenos\/","title":{"rendered":"Qui som?"},"content":{"rendered":"<div class=\"\">\n<div class=\"grid-70  prefix-20 tablet-grid-75 tablet-prefix-25 mobile-grid-100\">\n<div class=\"titulo\">\n<h2><span id=\"Quienes_somos\">Qui som?<br \/>\n<\/span><\/h2>\n<\/div>\n<p class=\"empty\">Som una associaci\u00f3 d&#8217;empresaris sense afany de lucre. La nostra activitat priorit\u00e0ria se centra en la prestaci\u00f3 d&#8217;assist\u00e8ncia sanit\u00e0ria i la gesti\u00f3 de les prestacions econ\u00f2miques per accident de treball, malaltia professional, malaltia comuna i accident no laboral.<\/p>\n<p class=\"empty\">Tamb\u00e9 realitzem l&#8217;activitat preventiva que la normativa de la Sesguretat Social regula, i gestionem aquestes prestacions:<\/p>\n<ul>\n<li>Cessament d&#8217;activitat de treballadors aut\u00f2noms<\/li>\n<li>Prestaci\u00f3 per cura de menors afectats de c\u00e0ncer o altra malaltia greu<\/li>\n<li>Subsidi de risc per a l&#8217;embar\u00e0s i\/o la lact\u00e0ncia natural <\/li>\n<\/ul>\n<p class=\"empty\">Per a m\u00e9s informaci\u00f3, consulta el nostre apartat  <a href=\"https:\/\/www.asepeyo.es\/ca\/conocenos\/que-son-las-mutuas\/\">&#8220;Qu\u00e8 s\u00f3n les m\u00fatues&#8221;<br \/>\n<\/a>.<\/p>\n<\/div>\n<\/div>\n<div class=\"\">\n<div class=\"grid-70  prefix-20 tablet-grid-75 tablet-prefix-25 mobile-grid-100\">\n<div class=\"titulo\">\n<h2><span id=\"Mision_vision_y_valores\">Missi\u00f3, visi\u00f3 i valors<br \/>\n<\/span><\/h2>\n<\/div>\n<p class=\"empty\"><strong>Missi\u00f3:<\/strong>  tenim cura de la salut dels treballadors.\n<\/p>\n<p class=\"empty\"><strong>Visi\u00f3: <\/strong> oferir un servei excel\u00b7lent, innovador i comprom\u00e8s amb les personas que ens impulsi com a aliat estrat\u00e8gic en salut i cultura preventiva.\n<\/p>\n<p class=\"empty\"><strong>Valors:<\/strong>  s\u00f3n principis, amb vocaci\u00f3 de perman\u00e8ncia, que constitueixen el marc de refer\u00e8ncia de la nostra actuaci\u00f3 di\u00e0ria i s\u00f3n assumits i aplicats per tot el personal de la m\u00fatua.\n<\/p>\n<ul>\n<li>Vocaci\u00f3 de servei: procurar l&#8217;obtenci\u00f3 de m\u00e0xims est\u00e0ndards de qualitat en l&#8217;experi\u00e8ncia del client, donant prioritat absoluta al treballador accidentat o malalt.<\/li>\n<li>Orientaci\u00f3 a les persones: promoure les relacions basades en la confian\u00e7a, el respecte mutu i l&#8217;escolta activa.<\/li>\n<li>Efici\u00e8ncia en la gesti\u00f3: administrar els recursos de forma prudent, amb criteris de sostenibilitat i transpar\u00e8ncia.<\/li>\n<li>Contribuci\u00f3 social positiva: aportar valor a la societat, especialment en relaci\u00f3 amb els col\u00b7lectius en situaci\u00f3 de necessitat, promovent la implantaci\u00f3 de bones pr\u00e0ctiques mediambientals.<\/li>\n<li>Integritat i legalitat: actuar amb humanitat, \u00e8tica i honestedat, complint sempre amb la legalitat.<\/li>\n<li>Innovaci\u00f3: maximitzant la innovaci\u00f3 orientada a la satisfacci\u00f3 de necessitats reals, millorant constantment el servei, les instal\u00b7lacions i els equips.<\/li>\n<li>Treball en equip: procurant la integraci\u00f3 de cadascun dels nostres professionals en l&#8217;estrat\u00e8gia general de l&#8217;empresa, promovent el  treball col\u00b7laboratiu entre equips i departaments.<\/li>\n<\/ul>\n<\/div>\n<\/div>\n<div class=\"grid-70  prefix-20 tablet-grid-75 tablet-prefix-25 mobile-grid-100\">\n<div class=\"titulo\">\n<h2><span id=\"Historia_de_Asepeyo\">Hist\u00f2ria d&#8217;Asepeyo<\/span><\/h2>\n<\/div>\n<div class=\"videoWrapper\"><iframe loading=\"lazy\" src=\"https:\/\/www.youtube.com\/embed\/Aoq2q0R2FPk\" width=\"300\" height=\"150\" frameborder=\"0\" allowfullscreen=\"allowfullscreen\"><\/iframe><\/div>\n<p class=\"empty\">Fundada l&#8217;any 1915 com a Mutualitat de Previsi\u00f3 Social, l&#8217;any 1944 va passar a denominar-se <strong>Assist\u00e8ncia Sanit\u00e0ria Econ\u00f2mica per a Empleats i Obrers, Mutualitat de Prevenci\u00f3 Social (A.S.E.P.E.Y O.)<\/strong>, amb l&#8217;objectiu de gestionar l&#8217;asseguran\u00e7a obligat\u00f2ria de malaltia a tot l&#8217;Estat. L&#8217;any 1965 Asepeyo deixa de ser una entitat de previsi\u00f3 social i es converteix en M\u00fatua Patronal d&#8217;Accidents de Treball i Malalties Professionals.\n<\/p>\n<p class=\"empty\">Quan va entrar en vigor la Llei 4\/1990, dels pressupostos generals de l&#8217;Estat per al 1990, Asepeyo canvia la seva denominaci\u00f3 per la de &#8220;M\u00fatua d&#8217;Accidents de Treball i Malalties Professionals de la Seguretat Social&#8221;.\n<\/p>\n<p class=\"empty\">\u00c9s a partir de 1996 quan la M\u00fatua, a m\u00e9s de la gesti\u00f3 d&#8217;accidents de treball i malalties professionals, comen\u00e7a a cobrir la prestaci\u00f3 econ\u00f2mica de la incapacitat temporal per conting\u00e8ncies comunes.<\/p>\n<p class=\"empty\">Amb l&#8217;entrada en vigor de la Llei de prevenci\u00f3 de riscos laborals (Llei 31\/1995 i Reial decret 39\/1997), les autoritats laborals reconeixen a Asepeyo la capacitat per convertir-se en un Servei de Prevenci\u00f3, a banda d&#8217;acreditar-la per a poder actuar per tot el territori espanyol.<\/p>\n<p class=\"empty\">Un cop aprovat l&#8217;11 de juny de 2005 en Consell de Ministres el Reial decret pel qual es regula el seu r\u00e8gim de funcionament com a serveis de prevenci\u00f3, les m\u00fatues d&#8217;accidents de treball i malalties professionals separen la seva activitat com a serveis de prevenci\u00f3 aliens constituint societats de prevenci\u00f3. Asepeyo separa aquesta activitat constituint la Societat de Prevenci\u00f3 d&#8217;Asepeyo, que des del 2013 es denomina Aspy Prevenci\u00f3. Arran de la Llei 35\/2014 Asepeyo es va veure obligada a desprendre&#8217;s de les seves participacions a Aspy i actualment les dues entitats mantenen una total independ\u00e8ncia de gesti\u00f3 i <strong>no estan vinculades de cap manera<\/strong>.<\/p>\n<p class=\"empty\">Al 2010, Asepeyo assumeix noves prestacions, com la del cessament d&#8217;activitat de treballadors aut\u00f2noms i, al 2011, les prestacions de cura del menor i de risc durant l&#8217;embar\u00e0s i la lact\u00e0ncia natural.<\/p>\n<p class=\"empty\">Al 2015, amb la nova Llei de m\u00fatues, Asepeyo passa a denominar-se Asepeyo, M\u00fatua Col\u00b7laboradora amb la Seguretat Social.<\/p>\n<p class=\"empty\">Asepeyo compta actualment amb una \u00e0mplia organitzaci\u00f3 pr\u00f2pia present en totes les comunitats aut\u00f2nomes. Entre les seves delegacions disposa de 142 centres assistencials, 4 hospitals (2 de propis i 2 de mancomunats) i un hospital de dia, 5 centres de rehabilitaci\u00f3, 2 centres de seguretat i higiene en el treball, 15 oficines d&#8217;atenci\u00f3 al p\u00fablic, 4 oficines de control d&#8217;ITCC i 4 oficines centrals. <\/p>\n<p class=\"empty\">L&#8217;hospital de Barcelona (Sant Cugat), l&#8217;hospital de Madrid (Coslada) i l&#8217;hospital de dia de Sevilla (Cartuja) s\u00f3n tres centres de refer\u00e8ncia que disposen de la m\u00e9s avan\u00e7ada tecnologia i compten amb equips multidisciplinaris de professionals.<\/p>\n<p class=\"empty\">Asepeyo t\u00e9 una plantilla de m\u00e9s de 3.300 professionals amb una gran organitzaci\u00f3 sanit\u00e0ria de prevenci\u00f3 i rehabilitaci\u00f3, distribu\u00efda per tot l&#8217;Estat espanyol en centres sanitaris i hospitals. Aquesta infraestructura garanteix una assist\u00e8ncia completa dels accidentats, des de la primera cura i atenci\u00f3 d&#8217;urg\u00e8ncies fins a la intervenci\u00f3 quir\u00fargica i la rehabilitaci\u00f3.<\/p>\n<p class=\"empty\">Al llarg de m\u00e9s de 100 anys d&#8217;exist\u00e8ncia, Asepeyo sempre ha desenvolupat una important activitat en la promoci\u00f3 de la salut, la investigaci\u00f3, el desenvolupament i la implantaci\u00f3 de mesures de seguretat i salut laboral.<\/p>\n<\/div>\n","protected":false},"excerpt":{"rendered":"","protected":false},"author":1,"featured_media":0,"parent":0,"menu_order":0,"comment_status":"closed","ping_status":"closed","template":"","meta":{"_acf_changed":false,"generate_page_header":"","footnotes":""},"class_list":["post-68557","page","type-page","status-publish"],"acf":[],"yoast_head":"<!-- This site is optimized with the Yoast SEO plugin v27.4 - https:\/\/yoast.com\/product\/yoast-seo-wordpress\/ -->\n<title>Qui som? - Asepeyo<\/title>\n<meta name=\"robots\" content=\"index, follow, max-snippet:-1, max-image-preview:large, max-video-preview:-1\" \/>\n<link rel=\"canonical\" href=\"https:\/\/www.asepeyo.es\/ca\/conocenos\/\" \/>\n<meta property=\"og:locale\" content=\"ca_ES\" \/>\n<meta property=\"og:type\" content=\"article\" \/>\n<meta property=\"og:title\" content=\"Qui som? - Asepeyo\" \/>\n<meta property=\"og:url\" content=\"https:\/\/www.asepeyo.es\/ca\/conocenos\/\" \/>\n<meta property=\"og:site_name\" content=\"Asepeyo\" \/>\n<meta property=\"article:publisher\" content=\"https:\/\/es-es.facebook.com\/Asepeyo\/\" \/>\n<meta property=\"article:modified_time\" content=\"2019-06-25T14:17:29+00:00\" \/>\n<meta name=\"twitter:card\" content=\"summary_large_image\" \/>\n<meta name=\"twitter:site\" content=\"@Asepeyo\" \/>\n<meta name=\"twitter:label1\" content=\"Est. reading time\" \/>\n\t<meta name=\"twitter:data1\" content=\"4 minutes\" \/>\n<script type=\"application\/ld+json\" class=\"yoast-schema-graph\">{\"@context\":\"https:\\\/\\\/schema.org\",\"@graph\":[{\"@type\":\"WebPage\",\"@id\":\"https:\\\/\\\/www.asepeyo.es\\\/ca\\\/conocenos\\\/\",\"url\":\"https:\\\/\\\/www.asepeyo.es\\\/ca\\\/conocenos\\\/\",\"name\":\"Qui som? - Asepeyo\",\"isPartOf\":{\"@id\":\"https:\\\/\\\/www.asepeyo.es\\\/ca\\\/#website\"},\"datePublished\":\"2019-06-25T14:16:49+00:00\",\"dateModified\":\"2019-06-25T14:17:29+00:00\",\"breadcrumb\":{\"@id\":\"https:\\\/\\\/www.asepeyo.es\\\/ca\\\/conocenos\\\/#breadcrumb\"},\"inLanguage\":\"ca-ES\",\"potentialAction\":[{\"@type\":\"ReadAction\",\"target\":[\"https:\\\/\\\/www.asepeyo.es\\\/ca\\\/conocenos\\\/\"]}]},{\"@type\":\"BreadcrumbList\",\"@id\":\"https:\\\/\\\/www.asepeyo.es\\\/ca\\\/conocenos\\\/#breadcrumb\",\"itemListElement\":[{\"@type\":\"ListItem\",\"position\":1,\"name\":\"Inicio\",\"item\":\"https:\\\/\\\/www.asepeyo.es\\\/ca\\\/\"},{\"@type\":\"ListItem\",\"position\":2,\"name\":\"Qui som?\"}]},{\"@type\":\"WebSite\",\"@id\":\"https:\\\/\\\/www.asepeyo.es\\\/ca\\\/#website\",\"url\":\"https:\\\/\\\/www.asepeyo.es\\\/ca\\\/\",\"name\":\"Asepeyo\",\"description\":\"Mutua de accidentes de trabajo 151\",\"publisher\":{\"@id\":\"https:\\\/\\\/www.asepeyo.es\\\/ca\\\/#organization\"},\"potentialAction\":[{\"@type\":\"SearchAction\",\"target\":{\"@type\":\"EntryPoint\",\"urlTemplate\":\"https:\\\/\\\/www.asepeyo.es\\\/ca\\\/?s={search_term_string}\"},\"query-input\":{\"@type\":\"PropertyValueSpecification\",\"valueRequired\":true,\"valueName\":\"search_term_string\"}}],\"inLanguage\":\"ca-ES\"},{\"@type\":\"Organization\",\"@id\":\"https:\\\/\\\/www.asepeyo.es\\\/ca\\\/#organization\",\"name\":\"Asepeyo\",\"url\":\"https:\\\/\\\/www.asepeyo.es\\\/ca\\\/\",\"logo\":{\"@type\":\"ImageObject\",\"inLanguage\":\"ca-ES\",\"@id\":\"https:\\\/\\\/www.asepeyo.es\\\/ca\\\/#\\\/schema\\\/logo\\\/image\\\/\",\"url\":\"https:\\\/\\\/www.asepeyo.es\\\/wp-content\\\/uploads\\\/logo-asepeyo-web-azul.png\",\"contentUrl\":\"https:\\\/\\\/www.asepeyo.es\\\/wp-content\\\/uploads\\\/logo-asepeyo-web-azul.png\",\"width\":350,\"height\":55,\"caption\":\"Asepeyo\"},\"image\":{\"@id\":\"https:\\\/\\\/www.asepeyo.es\\\/ca\\\/#\\\/schema\\\/logo\\\/image\\\/\"},\"sameAs\":[\"https:\\\/\\\/es-es.facebook.com\\\/Asepeyo\\\/\",\"https:\\\/\\\/x.com\\\/Asepeyo\",\"https:\\\/\\\/www.instagram.com\\\/asepeyo\\\/?hl=es\",\"https:\\\/\\\/es.linkedin.com\\\/company\\\/asepeyo\",\"https:\\\/\\\/www.youtube.com\\\/channel\\\/UC42Ipj44IKKTITQ2HNoLmSQ\"]}]}<\/script>\n<!-- \/ Yoast SEO plugin. -->","yoast_head_json":{"title":"Qui som? - Asepeyo","robots":{"index":"index","follow":"follow","max-snippet":"max-snippet:-1","max-image-preview":"max-image-preview:large","max-video-preview":"max-video-preview:-1"},"canonical":"https:\/\/www.asepeyo.es\/ca\/conocenos\/","og_locale":"ca_ES","og_type":"article","og_title":"Qui som? - Asepeyo","og_url":"https:\/\/www.asepeyo.es\/ca\/conocenos\/","og_site_name":"Asepeyo","article_publisher":"https:\/\/es-es.facebook.com\/Asepeyo\/","article_modified_time":"2019-06-25T14:17:29+00:00","twitter_card":"summary_large_image","twitter_site":"@Asepeyo","twitter_misc":{"Est. reading time":"4 minutes"},"schema":{"@context":"https:\/\/schema.org","@graph":[{"@type":"WebPage","@id":"https:\/\/www.asepeyo.es\/ca\/conocenos\/","url":"https:\/\/www.asepeyo.es\/ca\/conocenos\/","name":"Qui som? - Asepeyo","isPartOf":{"@id":"https:\/\/www.asepeyo.es\/ca\/#website"},"datePublished":"2019-06-25T14:16:49+00:00","dateModified":"2019-06-25T14:17:29+00:00","breadcrumb":{"@id":"https:\/\/www.asepeyo.es\/ca\/conocenos\/#breadcrumb"},"inLanguage":"ca-ES","potentialAction":[{"@type":"ReadAction","target":["https:\/\/www.asepeyo.es\/ca\/conocenos\/"]}]},{"@type":"BreadcrumbList","@id":"https:\/\/www.asepeyo.es\/ca\/conocenos\/#breadcrumb","itemListElement":[{"@type":"ListItem","position":1,"name":"Inicio","item":"https:\/\/www.asepeyo.es\/ca\/"},{"@type":"ListItem","position":2,"name":"Qui som?"}]},{"@type":"WebSite","@id":"https:\/\/www.asepeyo.es\/ca\/#website","url":"https:\/\/www.asepeyo.es\/ca\/","name":"Asepeyo","description":"Mutua de accidentes de trabajo 151","publisher":{"@id":"https:\/\/www.asepeyo.es\/ca\/#organization"},"potentialAction":[{"@type":"SearchAction","target":{"@type":"EntryPoint","urlTemplate":"https:\/\/www.asepeyo.es\/ca\/?s={search_term_string}"},"query-input":{"@type":"PropertyValueSpecification","valueRequired":true,"valueName":"search_term_string"}}],"inLanguage":"ca-ES"},{"@type":"Organization","@id":"https:\/\/www.asepeyo.es\/ca\/#organization","name":"Asepeyo","url":"https:\/\/www.asepeyo.es\/ca\/","logo":{"@type":"ImageObject","inLanguage":"ca-ES","@id":"https:\/\/www.asepeyo.es\/ca\/#\/schema\/logo\/image\/","url":"https:\/\/www.asepeyo.es\/wp-content\/uploads\/logo-asepeyo-web-azul.png","contentUrl":"https:\/\/www.asepeyo.es\/wp-content\/uploads\/logo-asepeyo-web-azul.png","width":350,"height":55,"caption":"Asepeyo"},"image":{"@id":"https:\/\/www.asepeyo.es\/ca\/#\/schema\/logo\/image\/"},"sameAs":["https:\/\/es-es.facebook.com\/Asepeyo\/","https:\/\/x.com\/Asepeyo","https:\/\/www.instagram.com\/asepeyo\/?hl=es","https:\/\/es.linkedin.com\/company\/asepeyo","https:\/\/www.youtube.com\/channel\/UC42Ipj44IKKTITQ2HNoLmSQ"]}]}},"_links":{"self":[{"href":"https:\/\/www.asepeyo.es\/ca\/wp-json\/wp\/v2\/pages\/68557","targetHints":{"allow":["GET"]}}],"collection":[{"href":"https:\/\/www.asepeyo.es\/ca\/wp-json\/wp\/v2\/pages"}],"about":[{"href":"https:\/\/www.asepeyo.es\/ca\/wp-json\/wp\/v2\/types\/page"}],"author":[{"embeddable":true,"href":"https:\/\/www.asepeyo.es\/ca\/wp-json\/wp\/v2\/users\/1"}],"replies":[{"embeddable":true,"href":"https:\/\/www.asepeyo.es\/ca\/wp-json\/wp\/v2\/comments?post=68557"}],"version-history":[{"count":9,"href":"https:\/\/www.asepeyo.es\/ca\/wp-json\/wp\/v2\/pages\/68557\/revisions"}],"predecessor-version":[{"id":68566,"href":"https:\/\/www.asepeyo.es\/ca\/wp-json\/wp\/v2\/pages\/68557\/revisions\/68566"}],"wp:attachment":[{"href":"https:\/\/www.asepeyo.es\/ca\/wp-json\/wp\/v2\/media?parent=68557"}],"curies":[{"name":"wp","href":"https:\/\/api.w.org\/{rel}","templated":true}]}}