{"id":68468,"date":"2019-06-25T15:10:46","date_gmt":"2019-06-25T13:10:46","guid":{"rendered":"https:\/\/www.asepeyo.es\/?page_id=68468"},"modified":"2019-09-05T18:03:00","modified_gmt":"2019-09-05T16:03:00","slug":"autonomo","status":"publish","type":"page","link":"https:\/\/www.asepeyo.es\/ca\/autonomo\/","title":{"rendered":"Aut\u00f3nomo"},"content":{"rendered":"\n<div class=\"align-center\">\n<div class=\"titulo\">\n<h2>Som la teva m\u00fatua perqu\u00e8<br \/>\n<\/h2>\n<\/div>\n<div class=\"grid-100 pb5\">\n<div class=\"grid-33 grid-mobile-100 px-md-5 pb-5\">\n\t\t\t<i class=\"fal fa-thumbs-up fa-3x text-primary\"><\/i>\n<div class=\"content\">\n<h3 class=\"f3\">Marquem la difer\u00e8ncia<br \/>\n<\/h3>\n<div class=\"sub header\">\n\t\t\t\t\tEstem al teu costat oferint-te la millor cobertura en conting\u00e8ncies comunes, conting\u00e8ncies professionals i cessament d&#8217;activitat, aquestes dues \u00faltimes, ja obligat\u00f2ries. Tria&#8217;ns i veur\u00e0s com gestionem tots els teus tr\u00e0mits de manera \u00e0gil, r\u00e0pida, transparent i eficient.\n\t\t\t\t<\/div>\n<\/div>\n<\/div>\n<div class=\"grid-33 grid-mobile-100  px-md-5 pb-5\">\n\t\t\t<i class=\"fal fa-briefcase fa-3x text-primary\"><\/i>\n<div class=\"content\">\n<h3 class=\"f3\">Valorem la teva feina<\/h3>\n<div class=\"sub header\">\n\t\t\t\t\tComprenem que no puguis perdre ni un sol dia de treball, que la teva jornada sigui llarga i que tinguis molt poc temps. Nosaltres t&#8217;oferim una assist\u00e8ncia sanit\u00e0ria immediata i de qualitat, sense llistes d&#8217;espera, en tots els nostres centres assistencials.\n\t\t\t\t<\/div>\n<\/div>\n<\/div>\n<div class=\"grid-33 grid-mobile-100 px-md-5 pb-5\">\n\t\t\t<i class=\"fal fa-hands-helping fa-3x text-primary\"><\/i>\n<div class=\"content\">\n<h3 class=\"f3\">T&#8217;ajudem, sempre<\/h3>\n<div class=\"sub header\">\n\t\t\t\t\tEstem a la teva disposici\u00f3 les 24 hores, els 7 dies a la setmana, per a donar-te el millor servei i ajudar-te en tot el que necessitis. Et posem a l\u2019abast m\u00faltiples eines per resoldre els teus tr\u00e0mits i fer les teves gestions r\u00e0pides i adaptades a les teves necessitats.\n\t\t\t\t<\/div>\n<\/div>\n<\/div>\n<\/div>\n<\/div>\n<div class=\"titulo\">\n<h2>Qu\u00e8 t&#8217;oferim?<\/h2>\n<\/div>\n<div class=\"grid-70 push-15 mobile-grid-100\">\n<div id=\"accordion\" class=\"panel-group accordion-border-gradient\">\n<div class=\"card\">\n<div id=\"headingOne\" class=\"card-header\">\n<h5 class=\"mb-0\"><a class=\"collapsed\" role=\"button\" rel=\"noopener noreferrer\" aria-controls=\"collapseOne\" aria-expanded=\"false\" data-target=\"#collapseOne\" data-toggle=\"collapse\">Conting\u00e8ncia comuna. Malaltia comuna i accident no laboral<br \/>\n<\/a><\/h5>\n<\/div>\n<div id=\"collapseOne\" class=\"collapse\" aria-labelledby=\"headingOne\" data-parent=\"#accordion\">\n<div class=\"card-body\">\n<div class=\"mb-3 p-4\">\n<p class=\"mb-1\">Si est\u00e0s de baixa m\u00e8dica per malaltia comuna o accident no laboral, posem a la teva disposici\u00f3 un equip administratiu especialitzat a tramitar el cobrament dels dies de baixa:\n<\/p>\n<ul>\n<li>El 60% de la base reguladora, del 4t al 20\u00e8 dia de baixa\n<\/li>\n<li>El 75% de la base reguladora, a partir del 21\u00e8 dia de baixa\n<\/li>\n<\/ul>\n<p class=\"mb-1\">Tamb\u00e9 t&#8217;oferim un seguiment per part dels m\u00e9s de 1.500 professionals sanitaris de la M\u00fatua, de reconegut prestigi i amb el millor equipament ambulatori, hospitalari, terap\u00e8utic i de diagn\u00f2stic.\n<\/p>\n<\/div>\n<\/div>\n<\/div>\n<\/div>\n<div class=\"card\">\n<div id=\"headingTwo\" class=\"card-header\">\n<h5 class=\"mb-0\"><a class=\"collapsed\" role=\"button\" rel=\"noopener noreferrer\" aria-controls=\"collapseTwo\" aria-expanded=\"false\" data-target=\"#collapseTwo\" data-toggle=\"collapse\">Conting\u00e8ncia professional. Accident de treball i malaltia professional<br \/>\n<\/a><\/h5>\n<\/div>\n<div id=\"collapseTwo\" class=\"collapse\" aria-labelledby=\"headingTwo\" data-parent=\"#accordion\">\n<div class=\"card-body\">\n<div class=\"mb-3 p-4\">\n<p class=\"mb-1\">Si tens un accident de treball o una malaltia professional, t&#8217;ajudem en tot el que necessitis.\n<\/p>\n<p class=\"mb-1\">En cas de baixa m\u00e8dica, cobrar\u00e0s la prestaci\u00f3 econ\u00f2mica a partir de l&#8217;endem\u00e0 de la baixa, i ser\u00e0 del 75% de la base reguladora.\n<\/p>\n<p class=\"mb-1\">Li oferim la millor assist\u00e8ncia sanit\u00e0ria fins a la seva recuperaci\u00f3, incloent-hi tot el que sigui necessari: visites especialitzades, intervencions quir\u00fargiques, hospitalitzaci\u00f3 i medicaci\u00f3.<\/p>\n<p class=\"mb-1\">Si es produ\u00efssin seq\u00fceles irreversibles, les quals provoquen limitacions, tramitarem les indemnitzacions o pensions necess\u00e0ries davant la Direcci\u00f3 Provincial de l&#8217;Institut Nacional de Seguretat Social o l&#8217;Institut Social de la Marina.\n<\/p>\n<\/div>\n<\/div>\n<\/div>\n<\/div>\n<div class=\"card\">\n<div id=\"headingThree\" class=\"card-header\">\n<h5 class=\"mb-0\"><a class=\"collapsed\" role=\"button\" rel=\"noopener noreferrer\" aria-controls=\"collapseThree\" aria-expanded=\"false\" data-target=\"#collapseThree\" data-toggle=\"collapse\">Prestaci\u00f3 en cas d&#8217;atur<br \/>\n<\/a><\/h5>\n<\/div>\n<div id=\"collapseThree\" class=\"collapse\" aria-labelledby=\"headingThree\" data-parent=\"#accordion\">\n<div class=\"card-body\">\n<div class=\"mb-3 p-4\">\n<p class=\"mb-1\">Si has cessat totalment en la teva activitat et correspon el 70% de la mitjana de les bases reguladores dels 12 mesos anteriors de cotitzaci\u00f3.\n<\/p>\n<\/div>\n<\/div>\n<\/div>\n<\/div>\n<div class=\"card\">\n<div id=\"headingThree\" class=\"card-header\">\n<h5 class=\"mb-0\"><a class=\"collapsed\" role=\"button\" rel=\"noopener noreferrer\" aria-controls=\"riesgo-embarazo\" aria-expanded=\"false\" data-target=\"#riesgo-embarazo\" data-toggle=\"collapse\">Subsidi de risc per a l&#8217;embar\u00e0s i\/o lact\u00e0ncia natural<br \/>\n<\/a><\/h5>\n<\/div>\n<div id=\"riesgo-embarazo\" class=\"collapse\" aria-labelledby=\"heading-riesgo-embarazo\" data-parent=\"#accordion\">\n<div class=\"card-body\">\n<div class=\"mb-3 p-4\">\n<p class=\"mb-1\">Si la teva activitat pot perjudicar la bona evoluci\u00f3 de la gestaci\u00f3, pots optar a aquesta prestaci\u00f3. El subsidi \u00e9s del 100% de la base reguladora a partir del reconeixement de la prestaci\u00f3.\n<\/p>\n<\/div>\n<\/div>\n<\/div>\n<\/div>\n<div class=\"card\">\n<div id=\"headingThree\" class=\"card-header\">\n<h5 class=\"mb-0\"><a class=\"collapsed\" role=\"button\" rel=\"noopener noreferrer\" aria-controls=\"cuidado-menor\" aria-expanded=\"false\" data-target=\"#cuidado-menor\" data-toggle=\"collapse\">Cura del menor amb c\u00e0ncer<br \/>\n<\/a><\/h5>\n<\/div>\n<div id=\"cuidado-menor\" class=\"collapse\" aria-labelledby=\"heading-cuidado-menor\" data-parent=\"#accordion\">\n<div class=\"card-body\">\n<div class=\"mb-4\">\n<p class=\"mb-1\">Si necessites reduir la jornada laboral en m\u00e9s del 50% per cuidar un menor al teu c\u00e0rrec amb c\u00e0ncer o malaltia greu, sol\u00b7licita aquesta prestaci\u00f3 que cobreix el 100% de la base de reguladora corresponent a la part de jornada redu\u00efda.\n<\/p>\n<\/div>\n<\/div>\n<\/div>\n<\/div>\n<\/div>\n<\/div>\n<div class=\"row\">\n<div class=\"col-7 offset-md-1\">\n<h2 class=\"pt-5\">Calcula la teva quota<\/h2>\n<p class=\"lead\">Calcula quant has de pagar cada mes a la Seguretat Social i la prestaci\u00f3 que rebr\u00e0s en cas de baixa m\u00e8dica o cessament d&#8217;activitat<\/p>\n<p><a href=\"https:\/\/www.asepeyo.es\/autonomo\/calcula-tu-cuota-de-autonomos\/\" class=\"btn-gradient f4 red btn\">Calcula-la ara!<\/a><\/p>\n<\/div>\n<div class=\"col-4\"><img decoding=\"async\" src=\"https:\/\/www.asepeyo.es\/wp-content\/uploads\/calculadora-banner.png\" alt=\"Calculadora de aut\u00f3nomos\"\/><\/div>\n<\/div>\n<div class=\"grid-container\">\n<div class=\"grid-70 prefix-15 titulo\">\n<h2>Ajudes econ\u00f2miques espec\u00edfiques<\/h2>\n<\/div>\n<div class=\"grid-70 prefix-20 mobile-grid-100\">\n<p>\nSi la teva baixa m\u00e8dica per accident de treball supera el mes de duraci\u00f3 i, per aix\u00f2, el teu negoci queda inoperatiu, t&#8217;ajudem a resoldre les necessitats de la teva unitat familiar mentre duri la baixa m\u00e8dica.\n<\/p>\n<p>\nNom\u00e9s ens has d&#8217;aportar la factura del mes anterior a l&#8217;accident de tots els conceptes que al\u00b7leguis, juntament amb la sol\u00b7licitud d&#8217;ajuda social signada.\n<\/p>\n<\/div>\n<div class=\"grid-70 prefix-15 mobile-grid-100 align-center my-4\"><a href=\"\/wp-content\/uploads\/formulario-solicitud-ayuda-social-es.pdf\" target=\"_blank\" rel=\"noopener noreferrer\"><button class=\"btn boton-azul p-3\"><i class=\"fal fa-file-pdf\"><\/i>Descarregar el formulari de sol\u00b7licitud<\/button><\/a><\/div>\n<\/div>\n<div class=\"grid-container\">\n<div class=\"grid-70 prefix-15 titulo\">\n<h2 class=\" titulo\">Vols donar-te d&#8217;alta amb nosaltres?<\/h2>\n<p class=\" pb-3 lead align-center\">Si vols estar amb nosaltres, deixa&#8217;ns les teves dades. <br \/>\nEn menys de 48 hores ens posarem en contacte amb tu:<\/p>\n\n<div class=\"wpcf7 no-js\" id=\"wpcf7-f50354-o1\" lang=\"es-ES\" dir=\"ltr\" data-wpcf7-id=\"50354\">\n<div class=\"screen-reader-response\"><p role=\"status\" aria-live=\"polite\" aria-atomic=\"true\"><\/p> <ul><\/ul><\/div>\n<form action=\"\/ca\/wp-json\/wp\/v2\/pages\/68468#wpcf7-f50354-o1\" method=\"post\" class=\"wpcf7-form init use-floating-validation-tip wpcf7-acceptance-as-validation\" aria-label=\"Contact form\" novalidate=\"novalidate\" data-status=\"init\">\n<fieldset class=\"hidden-fields-container\"><input type=\"hidden\" name=\"_wpcf7\" value=\"50354\" \/><input type=\"hidden\" name=\"_wpcf7_version\" value=\"6.1.5\" \/><input type=\"hidden\" name=\"_wpcf7_locale\" value=\"es_ES\" \/><input type=\"hidden\" name=\"_wpcf7_unit_tag\" value=\"wpcf7-f50354-o1\" \/><input type=\"hidden\" name=\"_wpcf7_container_post\" value=\"0\" \/><input type=\"hidden\" name=\"_wpcf7_posted_data_hash\" value=\"\" \/><input type=\"hidden\" name=\"_wpcf7_recaptcha_response\" value=\"\" \/>\n<\/fieldset>\n<div class=\"grid-parent form-perfil form-sobre-azul\">\n\t<div class=\"grid-100 respuesta\">\n\t<div class=\"wpcf7-response-output\" aria-hidden=\"true\"><\/div>\n\t<\/div>\n\t<div class=\"grid-50 tablet-grid-50 mobil-grid-100 pb-5\">\n\t\t<fieldset>\n\t\t\t<p><label for=\"your-name\"> Nombre* <small class=\"text-danger\">(obligatorio)<\/small> <\/label><input size=\"40\" maxlength=\"400\" class=\"wpcf7-form-control wpcf7-text wpcf7-validates-as-required\" id=\"your-name\" aria-required=\"true\" aria-invalid=\"false\" value=\"\" type=\"text\" name=\"your-name\" \/>\n\t\t\t<\/p>\n\t\t<\/fieldset>\n\t<\/div>\n\t<div class=\"grid-50 tablet-grid-50 mobil-grid-100 pb-5\">\n\t\t<p><label for=\"your-telf\"> Tel* <small class=\"text-danger\">(obligatorio)<\/small> <\/label><input size=\"40\" maxlength=\"400\" class=\"wpcf7-form-control wpcf7-tel wpcf7-validates-as-required wpcf7-text wpcf7-validates-as-tel\" id=\"your-telf\" aria-required=\"true\" aria-invalid=\"false\" value=\"\" type=\"tel\" name=\"your-telf\" \/>\n\t\t<\/p>\n\t<\/div>\n\t<div class=\"grid-50 tablet-grid-50 mobil-grid-100 pb-5\">\n\t\t<p><label for=\"postcode\">C\u00f3digo postal <\/label><input size=\"40\" maxlength=\"400\" class=\"wpcf7-form-control wpcf7-text\" id=\"postcode\" aria-invalid=\"false\" value=\"\" type=\"text\" name=\"postcode\" \/>\n\t\t<\/p>\n\t<\/div>\n\t<div class=\"grid-50 tablet-grid-50 mobil-grid-100 pb-5\">\n\t\t<p><label for=\"your-email\"> Correo electr\u00f3nico* <small class=\"text-danger\">(obligatorio)<\/small> <\/label><input size=\"40\" maxlength=\"400\" class=\"wpcf7-form-control wpcf7-email wpcf7-validates-as-required wpcf7-text wpcf7-validates-as-email\" id=\"your-email\" aria-required=\"true\" aria-invalid=\"false\" value=\"\" type=\"email\" name=\"your-email\" \/>\n\t\t<\/p>\n\t<\/div>\n\t<div class=\"grid-100\">\n\t\t<p><label for=\"your-name\"> Pregunta de seguridad:* <small class=\"text-danger\">(obligatorio)<\/small> <\/label><label><span class=\"wpcf7-quiz-label\">2+Cinco=<\/span> <input size=\"40\" class=\"wpcf7-form-control wpcf7-quiz w-50\" id=\"calculo-form\" autocomplete=\"off\" aria-required=\"true\" aria-invalid=\"false\" type=\"text\" name=\"calculo-form\" \/><\/label><input type=\"hidden\" name=\"_wpcf7_quiz_answer_calculo-form\" value=\"5270d860c697fe3c6f254b7b5d5d05f3\" \/>\n\t\t<\/p>\n\t<\/div>\n\t<div class=\"grid-100 pt-3\">\n\t\t<p><label class=\"form-accept\" for=\"acceptance\"><span class=\"wpcf7-form-control wpcf7-acceptance\"><span class=\"wpcf7-list-item\"><input type=\"checkbox\" name=\"accept-this-1\" value=\"1\" id=\"acceptance\" aria-invalid=\"false\" \/><\/span><\/span> Acepto la <a href=\"\/aviso-legal\/#Privacidad_y_proteccion_de_datos_de_caracter_personal\">pol\u00edtica de privacidad<\/a>.<br \/>\nNo utilizaremos este correo para enviarte informaci\u00f3n comercial<\/label><br \/>\n<small class=\"text-danger\">*Campos obligatorios<\/small>\n\t\t<\/p>\n\t\t<div class=\"grid-100 align-center\">\n\t\t\t<p><label for=\"enviar\"><button class=\"boton-rojo\" id=\"Formulario-Autonomos\" onclick=\"gtag('event', 'enviar', { 'event_category': 'formulario', 'event_label': 'Te llamamos - Autonomos', 'value': '0'});\"><input class=\"wpcf7-form-control wpcf7-submit has-spinner\" type=\"submit\" value=\"Send\" \/><\/button><\/label>\n\t\t\t<\/p>\n\t\t<\/div>\n\t<\/div>\n<\/div>\n<\/form>\n<\/div>\n\n<\/div>\n<\/div>\n<div class=\"grid-container banners-azules\">\n<div class=\"grid-33 mobile-grid-100 maven align-center\">\n<i class=\"fal fa-comment-alt-edit fa-3x\"><\/i>\n<p class=\"pt-5 px-3 f4\">La informaci\u00f3 m\u00e9s recent del teu sector  <\/p>\n<p><a href=\"\/blog\/autonomos\/\" class=\"btn btn-white\">Blog aut\u00f2noms<\/a><\/p>\n<\/div>\n<div class=\"grid-33 mobile-grid-100 maven align-center\">\n<i class=\"fal fa-question-circle fa-3x\"><\/i>\n<p class=\"pt-5 px-3 f4\">Tens algun altre dubte?  <\/p>\n<p><a href=\"\/ca\/dudas\/\" class=\"btn btn-white\">Preguntes freq\u00fcents<br \/>\n<\/a><\/p>\n<\/div>\n<div class=\"grid-33 mobile-grid-100 maven align-center\">\n<i class=\"fal fa-map-marked fa-3x\"><\/i>\n<p class=\"pt-5 px-3 f4\">Trobar el teu centre m\u00e9s proper <\/p>\n<p><a href=\"\/ca\/centros\/\" class=\"btn btn-white\">Xarxa de centres<\/a><\/p>\n<\/div>\n<\/div>\n","protected":false},"excerpt":{"rendered":"","protected":false},"author":2,"featured_media":72640,"parent":0,"menu_order":0,"comment_status":"closed","ping_status":"closed","template":"","meta":{"_acf_changed":false,"generate_page_header":"","footnotes":""},"class_list":["post-68468","page","type-page","status-publish","has-post-thumbnail"],"acf":[],"yoast_head":"<!-- This site is optimized with the Yoast SEO plugin v27.4 - https:\/\/yoast.com\/product\/yoast-seo-wordpress\/ -->\n<title>Aut\u00f3nomo - Asepeyo<\/title>\n<meta name=\"description\" content=\"T&#039;oferim l&#039;acc\u00e9s a una assist\u00e8ncia sanit\u00e0ria immediata i de qualitat, sense llistes d&#039;espera, en tots els nostres centres assistencials. Vols unir-te?\" \/>\n<meta name=\"robots\" content=\"index, follow, max-snippet:-1, max-image-preview:large, max-video-preview:-1\" \/>\n<link rel=\"canonical\" href=\"https:\/\/www.asepeyo.es\/ca\/autonomo\/\" \/>\n<meta property=\"og:locale\" content=\"ca_ES\" \/>\n<meta property=\"og:type\" content=\"article\" \/>\n<meta property=\"og:title\" content=\"Aut\u00f3nomo - Asepeyo\" \/>\n<meta property=\"og:description\" content=\"T&#039;oferim l&#039;acc\u00e9s a una assist\u00e8ncia sanit\u00e0ria immediata i de qualitat, sense llistes d&#039;espera, en tots els nostres centres assistencials. Vols unir-te?\" \/>\n<meta property=\"og:url\" content=\"https:\/\/www.asepeyo.es\/ca\/autonomo\/\" \/>\n<meta property=\"og:site_name\" content=\"Asepeyo\" \/>\n<meta property=\"article:publisher\" content=\"https:\/\/es-es.facebook.com\/Asepeyo\/\" \/>\n<meta property=\"article:modified_time\" content=\"2019-09-05T16:03:00+00:00\" \/>\n<meta property=\"og:image\" content=\"https:\/\/www.asepeyo.es\/wp-content\/uploads\/fondo-autonomos-2-scaled.jpg\" \/>\n\t<meta property=\"og:image:width\" content=\"2560\" \/>\n\t<meta property=\"og:image:height\" content=\"988\" \/>\n\t<meta property=\"og:image:type\" content=\"image\/jpeg\" \/>\n<meta name=\"twitter:card\" content=\"summary_large_image\" \/>\n<meta name=\"twitter:site\" content=\"@Asepeyo\" \/>\n<meta name=\"twitter:label1\" content=\"Est. reading time\" \/>\n\t<meta name=\"twitter:data1\" content=\"3 minutes\" \/>\n<script type=\"application\/ld+json\" class=\"yoast-schema-graph\">{\"@context\":\"https:\\\/\\\/schema.org\",\"@graph\":[{\"@type\":\"WebPage\",\"@id\":\"https:\\\/\\\/www.asepeyo.es\\\/ca\\\/autonomo\\\/\",\"url\":\"https:\\\/\\\/www.asepeyo.es\\\/ca\\\/autonomo\\\/\",\"name\":\"Aut\u00f3nomo - Asepeyo\",\"isPartOf\":{\"@id\":\"https:\\\/\\\/www.asepeyo.es\\\/ca\\\/#website\"},\"primaryImageOfPage\":{\"@id\":\"https:\\\/\\\/www.asepeyo.es\\\/ca\\\/autonomo\\\/#primaryimage\"},\"image\":{\"@id\":\"https:\\\/\\\/www.asepeyo.es\\\/ca\\\/autonomo\\\/#primaryimage\"},\"thumbnailUrl\":\"https:\\\/\\\/www.asepeyo.es\\\/wp-content\\\/uploads\\\/fondo-autonomos-2-scaled.jpg\",\"datePublished\":\"2019-06-25T13:10:46+00:00\",\"dateModified\":\"2019-09-05T16:03:00+00:00\",\"description\":\"T'oferim l'acc\u00e9s a una assist\u00e8ncia sanit\u00e0ria immediata i de qualitat, sense llistes d'espera, en tots els nostres centres assistencials. Vols unir-te?\",\"breadcrumb\":{\"@id\":\"https:\\\/\\\/www.asepeyo.es\\\/ca\\\/autonomo\\\/#breadcrumb\"},\"inLanguage\":\"ca-ES\",\"potentialAction\":[{\"@type\":\"ReadAction\",\"target\":[\"https:\\\/\\\/www.asepeyo.es\\\/ca\\\/autonomo\\\/\"]}]},{\"@type\":\"ImageObject\",\"inLanguage\":\"ca-ES\",\"@id\":\"https:\\\/\\\/www.asepeyo.es\\\/ca\\\/autonomo\\\/#primaryimage\",\"url\":\"https:\\\/\\\/www.asepeyo.es\\\/wp-content\\\/uploads\\\/fondo-autonomos-2-scaled.jpg\",\"contentUrl\":\"https:\\\/\\\/www.asepeyo.es\\\/wp-content\\\/uploads\\\/fondo-autonomos-2-scaled.jpg\",\"width\":2560,\"height\":988},{\"@type\":\"BreadcrumbList\",\"@id\":\"https:\\\/\\\/www.asepeyo.es\\\/ca\\\/autonomo\\\/#breadcrumb\",\"itemListElement\":[{\"@type\":\"ListItem\",\"position\":1,\"name\":\"Inicio\",\"item\":\"https:\\\/\\\/www.asepeyo.es\\\/ca\\\/\"},{\"@type\":\"ListItem\",\"position\":2,\"name\":\"Aut\u00f3nomo\"}]},{\"@type\":\"WebSite\",\"@id\":\"https:\\\/\\\/www.asepeyo.es\\\/ca\\\/#website\",\"url\":\"https:\\\/\\\/www.asepeyo.es\\\/ca\\\/\",\"name\":\"Asepeyo\",\"description\":\"Mutua de accidentes de trabajo 151\",\"publisher\":{\"@id\":\"https:\\\/\\\/www.asepeyo.es\\\/ca\\\/#organization\"},\"potentialAction\":[{\"@type\":\"SearchAction\",\"target\":{\"@type\":\"EntryPoint\",\"urlTemplate\":\"https:\\\/\\\/www.asepeyo.es\\\/ca\\\/?s={search_term_string}\"},\"query-input\":{\"@type\":\"PropertyValueSpecification\",\"valueRequired\":true,\"valueName\":\"search_term_string\"}}],\"inLanguage\":\"ca-ES\"},{\"@type\":\"Organization\",\"@id\":\"https:\\\/\\\/www.asepeyo.es\\\/ca\\\/#organization\",\"name\":\"Asepeyo\",\"url\":\"https:\\\/\\\/www.asepeyo.es\\\/ca\\\/\",\"logo\":{\"@type\":\"ImageObject\",\"inLanguage\":\"ca-ES\",\"@id\":\"https:\\\/\\\/www.asepeyo.es\\\/ca\\\/#\\\/schema\\\/logo\\\/image\\\/\",\"url\":\"https:\\\/\\\/www.asepeyo.es\\\/wp-content\\\/uploads\\\/logo-asepeyo-web-azul.png\",\"contentUrl\":\"https:\\\/\\\/www.asepeyo.es\\\/wp-content\\\/uploads\\\/logo-asepeyo-web-azul.png\",\"width\":350,\"height\":55,\"caption\":\"Asepeyo\"},\"image\":{\"@id\":\"https:\\\/\\\/www.asepeyo.es\\\/ca\\\/#\\\/schema\\\/logo\\\/image\\\/\"},\"sameAs\":[\"https:\\\/\\\/es-es.facebook.com\\\/Asepeyo\\\/\",\"https:\\\/\\\/x.com\\\/Asepeyo\",\"https:\\\/\\\/www.instagram.com\\\/asepeyo\\\/?hl=es\",\"https:\\\/\\\/es.linkedin.com\\\/company\\\/asepeyo\",\"https:\\\/\\\/www.youtube.com\\\/channel\\\/UC42Ipj44IKKTITQ2HNoLmSQ\"]}]}<\/script>\n<!-- \/ Yoast SEO plugin. -->","yoast_head_json":{"title":"Aut\u00f3nomo - Asepeyo","description":"T'oferim l'acc\u00e9s a una assist\u00e8ncia sanit\u00e0ria immediata i de qualitat, sense llistes d'espera, en tots els nostres centres assistencials. Vols unir-te?","robots":{"index":"index","follow":"follow","max-snippet":"max-snippet:-1","max-image-preview":"max-image-preview:large","max-video-preview":"max-video-preview:-1"},"canonical":"https:\/\/www.asepeyo.es\/ca\/autonomo\/","og_locale":"ca_ES","og_type":"article","og_title":"Aut\u00f3nomo - Asepeyo","og_description":"T'oferim l'acc\u00e9s a una assist\u00e8ncia sanit\u00e0ria immediata i de qualitat, sense llistes d'espera, en tots els nostres centres assistencials. Vols unir-te?","og_url":"https:\/\/www.asepeyo.es\/ca\/autonomo\/","og_site_name":"Asepeyo","article_publisher":"https:\/\/es-es.facebook.com\/Asepeyo\/","article_modified_time":"2019-09-05T16:03:00+00:00","og_image":[{"width":2560,"height":988,"url":"https:\/\/www.asepeyo.es\/wp-content\/uploads\/fondo-autonomos-2-scaled.jpg","type":"image\/jpeg"}],"twitter_card":"summary_large_image","twitter_site":"@Asepeyo","twitter_misc":{"Est. reading time":"3 minutes"},"schema":{"@context":"https:\/\/schema.org","@graph":[{"@type":"WebPage","@id":"https:\/\/www.asepeyo.es\/ca\/autonomo\/","url":"https:\/\/www.asepeyo.es\/ca\/autonomo\/","name":"Aut\u00f3nomo - Asepeyo","isPartOf":{"@id":"https:\/\/www.asepeyo.es\/ca\/#website"},"primaryImageOfPage":{"@id":"https:\/\/www.asepeyo.es\/ca\/autonomo\/#primaryimage"},"image":{"@id":"https:\/\/www.asepeyo.es\/ca\/autonomo\/#primaryimage"},"thumbnailUrl":"https:\/\/www.asepeyo.es\/wp-content\/uploads\/fondo-autonomos-2-scaled.jpg","datePublished":"2019-06-25T13:10:46+00:00","dateModified":"2019-09-05T16:03:00+00:00","description":"T'oferim l'acc\u00e9s a una assist\u00e8ncia sanit\u00e0ria immediata i de qualitat, sense llistes d'espera, en tots els nostres centres assistencials. Vols unir-te?","breadcrumb":{"@id":"https:\/\/www.asepeyo.es\/ca\/autonomo\/#breadcrumb"},"inLanguage":"ca-ES","potentialAction":[{"@type":"ReadAction","target":["https:\/\/www.asepeyo.es\/ca\/autonomo\/"]}]},{"@type":"ImageObject","inLanguage":"ca-ES","@id":"https:\/\/www.asepeyo.es\/ca\/autonomo\/#primaryimage","url":"https:\/\/www.asepeyo.es\/wp-content\/uploads\/fondo-autonomos-2-scaled.jpg","contentUrl":"https:\/\/www.asepeyo.es\/wp-content\/uploads\/fondo-autonomos-2-scaled.jpg","width":2560,"height":988},{"@type":"BreadcrumbList","@id":"https:\/\/www.asepeyo.es\/ca\/autonomo\/#breadcrumb","itemListElement":[{"@type":"ListItem","position":1,"name":"Inicio","item":"https:\/\/www.asepeyo.es\/ca\/"},{"@type":"ListItem","position":2,"name":"Aut\u00f3nomo"}]},{"@type":"WebSite","@id":"https:\/\/www.asepeyo.es\/ca\/#website","url":"https:\/\/www.asepeyo.es\/ca\/","name":"Asepeyo","description":"Mutua de accidentes de trabajo 151","publisher":{"@id":"https:\/\/www.asepeyo.es\/ca\/#organization"},"potentialAction":[{"@type":"SearchAction","target":{"@type":"EntryPoint","urlTemplate":"https:\/\/www.asepeyo.es\/ca\/?s={search_term_string}"},"query-input":{"@type":"PropertyValueSpecification","valueRequired":true,"valueName":"search_term_string"}}],"inLanguage":"ca-ES"},{"@type":"Organization","@id":"https:\/\/www.asepeyo.es\/ca\/#organization","name":"Asepeyo","url":"https:\/\/www.asepeyo.es\/ca\/","logo":{"@type":"ImageObject","inLanguage":"ca-ES","@id":"https:\/\/www.asepeyo.es\/ca\/#\/schema\/logo\/image\/","url":"https:\/\/www.asepeyo.es\/wp-content\/uploads\/logo-asepeyo-web-azul.png","contentUrl":"https:\/\/www.asepeyo.es\/wp-content\/uploads\/logo-asepeyo-web-azul.png","width":350,"height":55,"caption":"Asepeyo"},"image":{"@id":"https:\/\/www.asepeyo.es\/ca\/#\/schema\/logo\/image\/"},"sameAs":["https:\/\/es-es.facebook.com\/Asepeyo\/","https:\/\/x.com\/Asepeyo","https:\/\/www.instagram.com\/asepeyo\/?hl=es","https:\/\/es.linkedin.com\/company\/asepeyo","https:\/\/www.youtube.com\/channel\/UC42Ipj44IKKTITQ2HNoLmSQ"]}]}},"_links":{"self":[{"href":"https:\/\/www.asepeyo.es\/ca\/wp-json\/wp\/v2\/pages\/68468","targetHints":{"allow":["GET"]}}],"collection":[{"href":"https:\/\/www.asepeyo.es\/ca\/wp-json\/wp\/v2\/pages"}],"about":[{"href":"https:\/\/www.asepeyo.es\/ca\/wp-json\/wp\/v2\/types\/page"}],"author":[{"embeddable":true,"href":"https:\/\/www.asepeyo.es\/ca\/wp-json\/wp\/v2\/users\/2"}],"replies":[{"embeddable":true,"href":"https:\/\/www.asepeyo.es\/ca\/wp-json\/wp\/v2\/comments?post=68468"}],"version-history":[{"count":9,"href":"https:\/\/www.asepeyo.es\/ca\/wp-json\/wp\/v2\/pages\/68468\/revisions"}],"predecessor-version":[{"id":72643,"href":"https:\/\/www.asepeyo.es\/ca\/wp-json\/wp\/v2\/pages\/68468\/revisions\/72643"}],"wp:featuredmedia":[{"embeddable":true,"href":"https:\/\/www.asepeyo.es\/ca\/wp-json\/wp\/v2\/media\/72640"}],"wp:attachment":[{"href":"https:\/\/www.asepeyo.es\/ca\/wp-json\/wp\/v2\/media?parent=68468"}],"curies":[{"name":"wp","href":"https:\/\/api.w.org\/{rel}","templated":true}]}}