{"id":68344,"date":"2019-06-25T12:41:21","date_gmt":"2019-06-25T10:41:21","guid":{"rendered":"https:\/\/www.asepeyo.es\/?page_id=68344"},"modified":"2020-08-04T15:43:04","modified_gmt":"2020-08-04T13:43:04","slug":"accion-social","status":"publish","type":"page","link":"https:\/\/www.asepeyo.es\/ca\/accion-social\/","title":{"rendered":"Acci\u00f3 social"},"content":{"rendered":"<div class=\"titulo\">\n<h2>Qu\u00e8 s\u00f3n les prestacions complement\u00e0ries?<\/h2>\n<\/div>\n<p>S\u00f3n prestacions independents de les que s&#8217;inclouen en el sistema de la Seguretat Social, tot i que les complementen.  La seva finalitat \u00e9s cobrir econ\u00f2micament situacions de necessitat o estats especials que han sorgit als treballadors o als seus drethavents (persones que tenen drets legals respecte de l&#8217;accidentat, habitualment per motius hereditaris) com a conseq\u00fc\u00e8ncia d&#8217;un accident laboral o d&#8217;una malaltia professional.<\/p>\n<p>Aquestes prestacions es reconeixen a trav\u00e9s d&#8217;una comissi\u00f3 en qu\u00e8 intervenen, a parts iguals, representants dels treballadors i de les empreses, i que es denomina Comissi\u00f3 de Prestacions Especials. <\/p>\n<p>La normativa que les regula \u00e9s la <a href=\"https:\/\/www.asepeyo.es\/wp-content\/uploads\/Resolucion-DGOSS-Prestaciones-complementarias-FIRMADA.pdf\" target=\"_blank\" rel=\"noopener noreferrer\">Resoluci\u00f3n del 28 de octubre de 2019<\/a>  de la Direcci\u00f3 General d&#8217;Ordenaci\u00f3 de la Seguretat Social, per la qual s&#8217;estableix el r\u00e8gim d&#8217;aplicaci\u00f3 de les prestacions complement\u00e0ries de l&#8217;art. 96.1 b) del text ref\u00f3s de la Llei General de la Seguretat Social.<\/p>\n<div class=\"titulo\">\n<h2>Qui les pot sol\u00b7licitar i quin requisits tenen?<\/h2>\n<\/div>\n<ul class=\"fa-ul m-2\">\n<li><i class=\"fad fa-check-double text-primary\"><\/i>Treballadors accidentats o afectats per una malaltia professional<\/li>\n<li><i class=\"fad fa-check-double text-primary\"><\/i> Drethavents dels treballadors<\/li>\n<\/ul>\n<p>Els requisits per accedir a aquestes prestacions s\u00f3n:<\/p>\n<ul class=\"fa-ul m-2\">\n<li><i class=\"fad fa-check-double text-primary\"><\/i>Nom\u00e9s \u00e9s possible recon\u00e8ixer una \u00fanica ajuda per accident o malaltia professional<\/li>\n<li><i class=\"fad fa-check-double text-primary\"><\/i>No superar un determinat l\u00edmit d&#8217;ingressos de la unitat de conviv\u00e8ncia de l&#8217;accidentat\n<\/li>\n<\/ul>\n<div class=\"titulo\">\n<h2>Quines ajudes pots sol\u00b7licitar?<\/h2>\n<\/div>\n<p>Rehabilitaci\u00f3 i recuperaci\u00f3:<\/p>\n<ul class=\"fa-ul m-2\">\n<li><i class=\"fal fa-arrow-right\"><\/i>Ajuda per costejar l\u2019ingr\u00e9s en un centre sociosanitari o residencial<\/li>\n<li><i class=\"fal fa-arrow-right\"><\/i> Ajuda per costejar les despeses vinculades a l\u2019ingr\u00e9s d&#8217;un treballador en un centre hospitalari<\/li>\n<li><i class=\"fal fa-arrow-right\"><\/i> Ajuda per a pr\u00f2tesis i ajudes t\u00e8cniques no incloses en la Seguretat Social<\/li>\n<li><i class=\"fal fa-arrow-right\"><\/i> Ajuda per a tractaments m\u00e8dics o ter\u00e0pies no inclosos en la Seguretat Social<\/li>\n<\/ul>\n<p>Reorientaci\u00f3 professional i adaptaci\u00f3 del lloc de treball:<\/p>\n<ul class=\"fa-ul m-2\">\n<li><i class=\"fal fa-arrow-right\"><\/i> Cursos de formaci\u00f3 professional i inserci\u00f3 laboral<\/li>\n<li><i class=\"fal fa-arrow-right\"><\/i> Adaptaci\u00f3 del local en qu\u00e8 el treballador aut\u00f2nom duu a terme la seva activitat<\/li>\n<\/ul>\n<p>Ajuda per adaptar els mitjans essencials per al desenvolupament de les activitats b\u00e0siques de la vida di\u00e0ria:<\/p>\n<ul class=\"fa-ul m-2\">\n<li><i class=\"fal fa-arrow-right\"><\/i> Ajuda per eliminar barreres a l\u2019habitatge habitual<\/li>\n<li><i class=\"fal fa-arrow-right\"><\/i> Ajuda per adquirir un habitatge habitual adaptat<\/li>\n<li><i class=\"fal fa-arrow-right\"><\/i> Ajuda per adaptar el vehicle<\/li>\n<li><i class=\"fal fa-arrow-right\"><\/i> Suport domiciliari per desenvolupar les activitats b\u00e0siques de la vida di\u00e0ria<\/li>\n<li><i class=\"fal fa-arrow-right\"><\/i> Ajuda per accedir a les noves tecnologies de la informaci\u00f3 i comunicaci\u00f3<\/li>\n<\/ul>\n<p>Altres prestacions:<\/p>\n<ul class=\"fa-ul m-2\">\n<li><i class=\"fal fa-arrow-right\"><\/i> Complement a l\u2019auxili per defunci\u00f3<\/li>\n<li><i class=\"fal fa-arrow-right\"><\/i> Ajuda per a la formaci\u00f3 en la cura de persones en situaci\u00f3 de gran invalidesa<\/li>\n<li><i class=\"fal fa-arrow-right\"><\/i> Ajuda per al manteniment de la possessi\u00f3 o el gaudi de l\u2019habitatge habitual<\/li>\n<\/ul>\n<div class=\"titulo\">\n<h3>Com pots sol\u00b7licitar una ajuda social?<\/h3>\n<\/div>\n<p>Descarrega el formulari de sol\u00b7licitud d&#8217;ajuda social i emplena&#8217;l. Presenta&#8217;l, juntament amb la documentaci\u00f3 necess\u00e0ria, a qualsevol centre de la nostra <a href=\"https:\/\/www.asepeyo.es\/red-de-delegaciones\/\" target=\"_blank\" rel=\"noopener noreferrer\">xarxa assistencial<\/a>.<\/p>\n<p>El nostre departament de Prestacions valora cada sol\u00b7licitud rebuda i la presenta a la Comissi\u00f3 de Prestacions Especials, que les resol i n&#8217;emet la resoluci\u00f3 corresponent. <\/p>\n<div class=\"grid-100 align-center\"><a class=\"contiene-boton\" href=\"https:\/\/www.asepeyo.es\/wp-content\/uploads\/formulario-solicitud-ayuda-social-CAT.pdf\"><button class=\"boton-azul\">Descarrega el formulari de sol\u00b7licitud<\/button><\/a><\/div>\n<div class=\"titulo\">\n<h2>Comissi\u00f3 de Prestacions Especials d\u2019Asepeyo<\/h2>\n<\/div>\n<div class=\"grid-100 align-center pt5\"><img loading=\"lazy\" decoding=\"async\" class=\"alignnone size-full wp-image-58303\" src=\"https:\/\/www.asepeyo.es\/wp-content\/uploads\/asepeyo-memoria-comision-prestaciones-especiales-cat.jpg\" alt=\"\" width=\"640\" height=\"640\" \/><\/div>\n<div class=\"grid-100 align-center pt5\"><a href=\"https:\/\/www.asepeyo.es\/wp-content\/uploads\/comision-de-prestaciones-especiales-asepeyo.pdf\" target=\"_alt\" rel=\"noopener noreferrer\"><button class=\"boton-border-azul\">Mem\u00f2ria de la Comissio de Prestacions Especials<\/button><\/a><\/div>\n","protected":false},"excerpt":{"rendered":"","protected":false},"author":2,"featured_media":79000,"parent":0,"menu_order":0,"comment_status":"closed","ping_status":"closed","template":"","meta":{"_acf_changed":false,"generate_page_header":"","footnotes":""},"class_list":["post-68344","page","type-page","status-publish","has-post-thumbnail"],"acf":[],"yoast_head":"<!-- This site is optimized with the Yoast SEO plugin v27.4 - https:\/\/yoast.com\/product\/yoast-seo-wordpress\/ -->\n<title>Acci\u00f3 social - Asepeyo<\/title>\n<meta name=\"description\" content=\"Impulsamos ayudas sociales para trabajadores accidentados y familiares. Entra y te explicamos que ayudas sociales puedes solicitar y c\u00f3mo solicitarlas.\" \/>\n<meta name=\"robots\" content=\"index, follow, max-snippet:-1, max-image-preview:large, max-video-preview:-1\" \/>\n<link rel=\"canonical\" href=\"https:\/\/www.asepeyo.es\/ca\/accion-social\/\" \/>\n<meta property=\"og:locale\" content=\"ca_ES\" \/>\n<meta property=\"og:type\" content=\"article\" \/>\n<meta property=\"og:title\" content=\"Acci\u00f3 social - Asepeyo\" \/>\n<meta property=\"og:description\" content=\"Impulsamos ayudas sociales para trabajadores accidentados y familiares. Entra y te explicamos que ayudas sociales puedes solicitar y c\u00f3mo solicitarlas.\" \/>\n<meta property=\"og:url\" content=\"https:\/\/www.asepeyo.es\/ca\/accion-social\/\" \/>\n<meta property=\"og:site_name\" content=\"Asepeyo\" \/>\n<meta property=\"article:publisher\" content=\"https:\/\/es-es.facebook.com\/Asepeyo\/\" \/>\n<meta property=\"article:modified_time\" content=\"2020-08-04T13:43:04+00:00\" \/>\n<meta property=\"og:image\" content=\"https:\/\/www.asepeyo.es\/wp-content\/uploads\/bg-servicio-accion-social-prov-scaled-scaled-scaled-scaled.jpg\" \/>\n\t<meta property=\"og:image:width\" content=\"2560\" \/>\n\t<meta property=\"og:image:height\" content=\"1025\" \/>\n\t<meta property=\"og:image:type\" content=\"image\/jpeg\" \/>\n<meta name=\"twitter:card\" content=\"summary_large_image\" \/>\n<meta name=\"twitter:site\" content=\"@Asepeyo\" \/>\n<meta name=\"twitter:label1\" content=\"Est. reading time\" \/>\n\t<meta name=\"twitter:data1\" content=\"2 minutes\" \/>\n<script type=\"application\/ld+json\" class=\"yoast-schema-graph\">{\"@context\":\"https:\\\/\\\/schema.org\",\"@graph\":[{\"@type\":\"WebPage\",\"@id\":\"https:\\\/\\\/www.asepeyo.es\\\/ca\\\/accion-social\\\/\",\"url\":\"https:\\\/\\\/www.asepeyo.es\\\/ca\\\/accion-social\\\/\",\"name\":\"Acci\u00f3 social - Asepeyo\",\"isPartOf\":{\"@id\":\"https:\\\/\\\/www.asepeyo.es\\\/ca\\\/#website\"},\"primaryImageOfPage\":{\"@id\":\"https:\\\/\\\/www.asepeyo.es\\\/ca\\\/accion-social\\\/#primaryimage\"},\"image\":{\"@id\":\"https:\\\/\\\/www.asepeyo.es\\\/ca\\\/accion-social\\\/#primaryimage\"},\"thumbnailUrl\":\"https:\\\/\\\/www.asepeyo.es\\\/wp-content\\\/uploads\\\/bg-servicio-accion-social-prov-scaled-scaled-scaled-scaled.jpg\",\"datePublished\":\"2019-06-25T10:41:21+00:00\",\"dateModified\":\"2020-08-04T13:43:04+00:00\",\"description\":\"Impulsamos ayudas sociales para trabajadores accidentados y familiares. Entra y te explicamos que ayudas sociales puedes solicitar y c\u00f3mo solicitarlas.\",\"breadcrumb\":{\"@id\":\"https:\\\/\\\/www.asepeyo.es\\\/ca\\\/accion-social\\\/#breadcrumb\"},\"inLanguage\":\"ca-ES\",\"potentialAction\":[{\"@type\":\"ReadAction\",\"target\":[\"https:\\\/\\\/www.asepeyo.es\\\/ca\\\/accion-social\\\/\"]}]},{\"@type\":\"ImageObject\",\"inLanguage\":\"ca-ES\",\"@id\":\"https:\\\/\\\/www.asepeyo.es\\\/ca\\\/accion-social\\\/#primaryimage\",\"url\":\"https:\\\/\\\/www.asepeyo.es\\\/wp-content\\\/uploads\\\/bg-servicio-accion-social-prov-scaled-scaled-scaled-scaled.jpg\",\"contentUrl\":\"https:\\\/\\\/www.asepeyo.es\\\/wp-content\\\/uploads\\\/bg-servicio-accion-social-prov-scaled-scaled-scaled-scaled.jpg\",\"width\":2560,\"height\":1025},{\"@type\":\"BreadcrumbList\",\"@id\":\"https:\\\/\\\/www.asepeyo.es\\\/ca\\\/accion-social\\\/#breadcrumb\",\"itemListElement\":[{\"@type\":\"ListItem\",\"position\":1,\"name\":\"Inicio\",\"item\":\"https:\\\/\\\/www.asepeyo.es\\\/ca\\\/\"},{\"@type\":\"ListItem\",\"position\":2,\"name\":\"Acci\u00f3 social\"}]},{\"@type\":\"WebSite\",\"@id\":\"https:\\\/\\\/www.asepeyo.es\\\/ca\\\/#website\",\"url\":\"https:\\\/\\\/www.asepeyo.es\\\/ca\\\/\",\"name\":\"Asepeyo\",\"description\":\"Mutua de accidentes de trabajo 151\",\"publisher\":{\"@id\":\"https:\\\/\\\/www.asepeyo.es\\\/ca\\\/#organization\"},\"potentialAction\":[{\"@type\":\"SearchAction\",\"target\":{\"@type\":\"EntryPoint\",\"urlTemplate\":\"https:\\\/\\\/www.asepeyo.es\\\/ca\\\/?s={search_term_string}\"},\"query-input\":{\"@type\":\"PropertyValueSpecification\",\"valueRequired\":true,\"valueName\":\"search_term_string\"}}],\"inLanguage\":\"ca-ES\"},{\"@type\":\"Organization\",\"@id\":\"https:\\\/\\\/www.asepeyo.es\\\/ca\\\/#organization\",\"name\":\"Asepeyo\",\"url\":\"https:\\\/\\\/www.asepeyo.es\\\/ca\\\/\",\"logo\":{\"@type\":\"ImageObject\",\"inLanguage\":\"ca-ES\",\"@id\":\"https:\\\/\\\/www.asepeyo.es\\\/ca\\\/#\\\/schema\\\/logo\\\/image\\\/\",\"url\":\"https:\\\/\\\/www.asepeyo.es\\\/wp-content\\\/uploads\\\/logo-asepeyo-web-azul.png\",\"contentUrl\":\"https:\\\/\\\/www.asepeyo.es\\\/wp-content\\\/uploads\\\/logo-asepeyo-web-azul.png\",\"width\":350,\"height\":55,\"caption\":\"Asepeyo\"},\"image\":{\"@id\":\"https:\\\/\\\/www.asepeyo.es\\\/ca\\\/#\\\/schema\\\/logo\\\/image\\\/\"},\"sameAs\":[\"https:\\\/\\\/es-es.facebook.com\\\/Asepeyo\\\/\",\"https:\\\/\\\/x.com\\\/Asepeyo\",\"https:\\\/\\\/www.instagram.com\\\/asepeyo\\\/?hl=es\",\"https:\\\/\\\/es.linkedin.com\\\/company\\\/asepeyo\",\"https:\\\/\\\/www.youtube.com\\\/channel\\\/UC42Ipj44IKKTITQ2HNoLmSQ\"]}]}<\/script>\n<!-- \/ Yoast SEO plugin. -->","yoast_head_json":{"title":"Acci\u00f3 social - Asepeyo","description":"Impulsamos ayudas sociales para trabajadores accidentados y familiares. Entra y te explicamos que ayudas sociales puedes solicitar y c\u00f3mo solicitarlas.","robots":{"index":"index","follow":"follow","max-snippet":"max-snippet:-1","max-image-preview":"max-image-preview:large","max-video-preview":"max-video-preview:-1"},"canonical":"https:\/\/www.asepeyo.es\/ca\/accion-social\/","og_locale":"ca_ES","og_type":"article","og_title":"Acci\u00f3 social - Asepeyo","og_description":"Impulsamos ayudas sociales para trabajadores accidentados y familiares. Entra y te explicamos que ayudas sociales puedes solicitar y c\u00f3mo solicitarlas.","og_url":"https:\/\/www.asepeyo.es\/ca\/accion-social\/","og_site_name":"Asepeyo","article_publisher":"https:\/\/es-es.facebook.com\/Asepeyo\/","article_modified_time":"2020-08-04T13:43:04+00:00","og_image":[{"width":2560,"height":1025,"url":"https:\/\/www.asepeyo.es\/wp-content\/uploads\/bg-servicio-accion-social-prov-scaled-scaled-scaled-scaled.jpg","type":"image\/jpeg"}],"twitter_card":"summary_large_image","twitter_site":"@Asepeyo","twitter_misc":{"Est. reading time":"2 minutes"},"schema":{"@context":"https:\/\/schema.org","@graph":[{"@type":"WebPage","@id":"https:\/\/www.asepeyo.es\/ca\/accion-social\/","url":"https:\/\/www.asepeyo.es\/ca\/accion-social\/","name":"Acci\u00f3 social - Asepeyo","isPartOf":{"@id":"https:\/\/www.asepeyo.es\/ca\/#website"},"primaryImageOfPage":{"@id":"https:\/\/www.asepeyo.es\/ca\/accion-social\/#primaryimage"},"image":{"@id":"https:\/\/www.asepeyo.es\/ca\/accion-social\/#primaryimage"},"thumbnailUrl":"https:\/\/www.asepeyo.es\/wp-content\/uploads\/bg-servicio-accion-social-prov-scaled-scaled-scaled-scaled.jpg","datePublished":"2019-06-25T10:41:21+00:00","dateModified":"2020-08-04T13:43:04+00:00","description":"Impulsamos ayudas sociales para trabajadores accidentados y familiares. Entra y te explicamos que ayudas sociales puedes solicitar y c\u00f3mo solicitarlas.","breadcrumb":{"@id":"https:\/\/www.asepeyo.es\/ca\/accion-social\/#breadcrumb"},"inLanguage":"ca-ES","potentialAction":[{"@type":"ReadAction","target":["https:\/\/www.asepeyo.es\/ca\/accion-social\/"]}]},{"@type":"ImageObject","inLanguage":"ca-ES","@id":"https:\/\/www.asepeyo.es\/ca\/accion-social\/#primaryimage","url":"https:\/\/www.asepeyo.es\/wp-content\/uploads\/bg-servicio-accion-social-prov-scaled-scaled-scaled-scaled.jpg","contentUrl":"https:\/\/www.asepeyo.es\/wp-content\/uploads\/bg-servicio-accion-social-prov-scaled-scaled-scaled-scaled.jpg","width":2560,"height":1025},{"@type":"BreadcrumbList","@id":"https:\/\/www.asepeyo.es\/ca\/accion-social\/#breadcrumb","itemListElement":[{"@type":"ListItem","position":1,"name":"Inicio","item":"https:\/\/www.asepeyo.es\/ca\/"},{"@type":"ListItem","position":2,"name":"Acci\u00f3 social"}]},{"@type":"WebSite","@id":"https:\/\/www.asepeyo.es\/ca\/#website","url":"https:\/\/www.asepeyo.es\/ca\/","name":"Asepeyo","description":"Mutua de accidentes de trabajo 151","publisher":{"@id":"https:\/\/www.asepeyo.es\/ca\/#organization"},"potentialAction":[{"@type":"SearchAction","target":{"@type":"EntryPoint","urlTemplate":"https:\/\/www.asepeyo.es\/ca\/?s={search_term_string}"},"query-input":{"@type":"PropertyValueSpecification","valueRequired":true,"valueName":"search_term_string"}}],"inLanguage":"ca-ES"},{"@type":"Organization","@id":"https:\/\/www.asepeyo.es\/ca\/#organization","name":"Asepeyo","url":"https:\/\/www.asepeyo.es\/ca\/","logo":{"@type":"ImageObject","inLanguage":"ca-ES","@id":"https:\/\/www.asepeyo.es\/ca\/#\/schema\/logo\/image\/","url":"https:\/\/www.asepeyo.es\/wp-content\/uploads\/logo-asepeyo-web-azul.png","contentUrl":"https:\/\/www.asepeyo.es\/wp-content\/uploads\/logo-asepeyo-web-azul.png","width":350,"height":55,"caption":"Asepeyo"},"image":{"@id":"https:\/\/www.asepeyo.es\/ca\/#\/schema\/logo\/image\/"},"sameAs":["https:\/\/es-es.facebook.com\/Asepeyo\/","https:\/\/x.com\/Asepeyo","https:\/\/www.instagram.com\/asepeyo\/?hl=es","https:\/\/es.linkedin.com\/company\/asepeyo","https:\/\/www.youtube.com\/channel\/UC42Ipj44IKKTITQ2HNoLmSQ"]}]}},"_links":{"self":[{"href":"https:\/\/www.asepeyo.es\/ca\/wp-json\/wp\/v2\/pages\/68344","targetHints":{"allow":["GET"]}}],"collection":[{"href":"https:\/\/www.asepeyo.es\/ca\/wp-json\/wp\/v2\/pages"}],"about":[{"href":"https:\/\/www.asepeyo.es\/ca\/wp-json\/wp\/v2\/types\/page"}],"author":[{"embeddable":true,"href":"https:\/\/www.asepeyo.es\/ca\/wp-json\/wp\/v2\/users\/2"}],"replies":[{"embeddable":true,"href":"https:\/\/www.asepeyo.es\/ca\/wp-json\/wp\/v2\/comments?post=68344"}],"version-history":[{"count":19,"href":"https:\/\/www.asepeyo.es\/ca\/wp-json\/wp\/v2\/pages\/68344\/revisions"}],"predecessor-version":[{"id":906677,"href":"https:\/\/www.asepeyo.es\/ca\/wp-json\/wp\/v2\/pages\/68344\/revisions\/906677"}],"wp:featuredmedia":[{"embeddable":true,"href":"https:\/\/www.asepeyo.es\/ca\/wp-json\/wp\/v2\/media\/79000"}],"wp:attachment":[{"href":"https:\/\/www.asepeyo.es\/ca\/wp-json\/wp\/v2\/media?parent=68344"}],"curies":[{"name":"wp","href":"https:\/\/api.w.org\/{rel}","templated":true}]}}