{"id":68227,"date":"2019-06-25T11:40:33","date_gmt":"2019-06-25T09:40:33","guid":{"rendered":"https:\/\/www.asepeyo.es\/?page_id=68227"},"modified":"2024-07-23T19:19:55","modified_gmt":"2024-07-23T17:19:55","slug":"tecnologia-innovacion","status":"publish","type":"page","link":"https:\/\/www.asepeyo.es\/ca\/tecnologia-innovacion\/","title":{"rendered":"Tecnologia, innovaci\u00f3 i el seu impacte en els nostres serveis"},"content":{"rendered":"<div class=\"grid-70 prefix-20 tablet-grid-75 tablet-prefix-25 mobile-grid-100\">\n<div class=\"titulo\">\n<h2><span id=\"Tecnologia_y_prevencion\">Tecnologia i prevenci\u00f3<br \/>\n<\/span><\/h2>\n<p><span class=\"titulo-subtitulo\">Et fem l\u2019entorn laboral m\u00e9s segur<br \/>\n<\/span><\/p>\n<\/div>\n<\/div>\n<div class=\"grid-container\">\n<div class=\"grid-70 prefix-20\">\n<h3>\u00daltima tecnologia en prevenci\u00f3<\/h3>\n<div class=\"videoWrapper\"><iframe loading=\"lazy\" src=\"https:\/\/www.youtube.com\/embed\/xrlQOpMr7TI\" width=\"560\" height=\"315\" frameborder=\"0\" allowfullscreen=\"allowfullscreen\"><\/iframe><\/div>\n<h3>Simuladors de conducci\u00f3<\/h3>\n<p>Comprova el teu nivell de conducci\u00f3 a trav\u00e9s d&#8217;un simulador d&#8217;alta immersi\u00f3. T\u2019oferim el m\u00e9s alt nivell de realitat. Podr\u00e0s recrear tot tipus de situacions i avaluar les teves habilitats al volant, sense c\u00f3rrer cap risc.<\/p>\n<div class=\"videoWrapper\"><iframe loading=\"lazy\" src=\"https:\/\/www.youtube.com\/embed\/UCnJQfnCC3M\" width=\"100%\" height=\"150\" frameborder=\"0\" allowfullscreen=\"allowfullscreen\"><\/iframe><\/div>\n<h3>Realitat virtual<\/h3>\n<p>Experimenta situacions reals de riscos laborals: caiguda d&#8217;altura, el\u00e8ctrics accidents o incendis. Sabr\u00e0s quines s\u00f3n les mesures m\u00e9s adequades per prevenir-los i les seves conseq\u00fc\u00e8ncies.<\/p>\n<h3>Reproducci\u00f3 d&#8217;entorns ac\u00fastics<\/h3>\n<p>Experimenta les sensacions que provoca el soroll als treballadors. Podr\u00e0s analitzar els seus efectes i aplicar les millors mesures preventives.<\/p>\n<\/div>\n<\/div>\n<div class=\"grid-70  prefix-20 tablet-grid-75 tablet-prefix-25 mobile-grid-100\">\n<div class=\"titulo\">\n<h2><span id=\"Tecnologia_y_sanidad\">Tecnologia i sanitat<\/span><\/h2>\n<p><span class=\"titulo-subtitulo\">Som m\u00e9s efica\u00e7os en el teu diagn\u00f2stic i tractament <\/span>\n<\/p>\n<\/div>\n<p>Volem oferir als nostres treballadors protegits un servei innovador i prioritari en el camp de la medicina i la fisioter\u00e0pia. Per aix\u00f2 treballem en projectes de R+D+i i mantenim els equipaments a l&#8217;avantguarda dels aven\u00e7os tecnol\u00f2gics. <\/p>\n<p>Tot seguit te&#8217;n mostrem algulns exemples pr\u00e0ctics:<\/p>\n<\/div>\n<div class=\"grid-70  prefix-20 tablet-grid-75 tablet-prefix-25 mobile-grid-100\">\n<h3 id=\"impresora-3d\">Impressora 3D<\/h3>\n<p>Hem impulsat l&#8217;\u00fas de la impressi\u00f3 en 3D, en l&#8217;\u00e0mbit de la traumatologia, amb un programa de recerca m\u00e8dica. Aquesta tecnologia \u00e9s un gran aven\u00e7 en el tractament de les fractures complexes (pelvis i extremitats superiors).<\/p>\n<p>Les impressores 3D reprodueixen, a escala natural, models d&#8217;ossos de lesions greus. Aix\u00f2 facilita a l&#8217;equip m\u00e8dic la possibilitat d&#8217;avaluar les estructures \u00f2ssies fracturades abans de la cirurgia i suposa una excel\u00b7lent eina de formaci\u00f3. A m\u00e9s, el pacient obt\u00e9 una informaci\u00f3 m\u00e9s detallada del tractament que li ser\u00e0 practicat. <\/p>\n<p>El proc\u00e9s d&#8217;impressi\u00f3 s&#8217;inicia amb la captura de la imatge de l&#8217;element a reproduir, mitjan\u00e7ant un TAC. El programari genera una reconstrucci\u00f3 tridimensional d&#8217;aquesta imatge a l&#8217;ordinador. Posteriorment, la impressora 3D imprimeix una pe\u00e7a que reprodueix amb tot detall, i en mida real, la imatge radiol\u00f2gica. \u00c9s el model dels ossos que l&#8217;equip de cirurgians despr\u00e9s intervindr\u00e0.  <\/p>\n<p>Fins a avui, hem utilitzat la impressi\u00f3 3D per a la planificaci\u00f3 i resoluci\u00f3 quir\u00fargica de fractures complexes. I, en algunes cirurgies, s&#8217;ha esterilitzat la pe\u00e7a impresa en 3D per ajudar a modelar el material que fixa les fractures (claus, cargols o plaques) i facilitar, aix\u00ed, la seva col\u00b7locaci\u00f3 correcta.<\/p>\n<div class=\"videoWrapper\"><iframe allowfullscreen=\"\" frameborder=\"0\" width=\"100%\" src=\"https:\/\/www.youtube.com\/embed\/tAV-z9qTL0o\" \"100%\"=\"\"><\/iframe><\/div>\n<\/div>\n<div class=\"grid-70  prefix-20 tablet-grid-75 tablet-prefix-25 mobile-grid-100\">\n<h3 id=\"cinta-gravitatoria\">Cinta antigravitat\u00f2ria Alter-G<\/h3>\n<p>Posem l&#8217;\u00faltima tecnologia aeroespacial al servei de la teva rehabilitaci\u00f3. La cinta antigravitat\u00f2ria permet reduir el pes corporal del pacient fins al 80%, ajustant el percentatge de gravetat, en funci\u00f3 de la lesi\u00f3 i tipus de lesi\u00f3. El pacient experimenta sensaci\u00f3 de flotabilitat. <\/p>\n<p>La cinta antigravitat\u00f2ria afavoreix l&#8217;aplicaci\u00f3 de t\u00e8cniques de fisioter\u00e0pia de manera preco\u00e7 en patologies molt prevalents a la M\u00fatua. Els pacients amb lesi\u00f3 d&#8217;extremitat inferior milloren la qualitat del tractament, escurcen el temps de recuperaci\u00f3 i reduixen el temps de baixa.\n<\/p>\n<\/div>\n<div class=\"grid-70 prefix-20 tablet-grid-75 tablet-prefix-25 mobile-grid-100\">\n<h3 id=\"telemedicina\">Telemedicina<\/h3>\n<\/div>\n<div class=\"grid-70 prefix-20 tablet-grid-75 tablet-prefix-25 mobile-grid-100\">\n<p>La consulta virtual des dels centres assistencials amb els nostres especialistes, a trav\u00e9s d&#8217;\u00e0udio i v\u00eddeo, \u00e9s ja una realitat. Podem interactuar amb el pacient, observar les seves lesions i, a trav\u00e9s del metge del centre asistencial, fer l\u2019exploraci\u00f3 f\u00edsica.<\/p>\n<p>Amb l&#8217;aplicaci\u00f3 d&#8217;aquesta tecnologia disposar\u00e1s dels millors facultatius siguis on siguis, amb una optimitzaci\u00f3 dels temps de consultes i els teus despla\u00e7aments.<\/p>\n<\/div>\n<div class=\"grid-70 prefix-20 tablet-grid-75 tablet-prefix-25 mobile-grid-100\">\n<div class=\"videoWrapper\"><iframe src=\"https:\/\/www.youtube.com\/embed\/ySErnjSOd7s\" width=\"100%\" frameborder=\"0\" allowfullscreen=\"allowfullscreen\"><\/iframe><\/div>\n<\/div>\n<div class=\"grid-70 prefix-20 tablet-grid-75 tablet-prefix-25 mobile-grid-100\">\n<div class=\"titulo\">\n<h2><span id=\"Apps_y_oficina_virtual\">Apps i oficina virtual<br \/>\n<\/span><\/h2>\n<p><span class=\"titulo-subtitulo\">Amb nosaltres, all\u00e0 on siguis<\/span><\/p>\n<\/div>\n<p>Des de qualsevol lloc, des de qualsevol dispositiu estem sempre amb tu. Amb Asepeyo live estem disponibles les 24 hores, els 365 dies de l&#8217;any.<\/p>\n<p>Alguns exemples:<\/p>\n<\/div>\n<div class=\"grid-70 prefix-20 tablet-grid-75 tablet-prefix-25 mobile-grid-100\">\n<h3 id=\"asepeyo-oficina-virtual\">Asepeyo Oficina Virtual<\/h3>\n<p><strong>Si ets una empresa o una assessoria laboral<br \/>\n<\/strong><br \/>Fes f\u00e0cils els tr\u00e0mits habituals. Emplena els comunicats d\u2019accident de treball o demana l\u2019assist\u00e8ncia sanit\u00e0ria d\u2019un treballador\/a als nostres centres assistencials.\n<\/p>\n<div class=\"br-del\"><!-- HTML comment --><\/div>\n<p><strong>Si ets un treballador protegit<\/strong><br \/>Consulta les teves dades, accedeix als teus informes m\u00e8dics i comprova els teus cobraments mentres est\u00e0s de baixa.<\/p>\n<h4>Encara no tens acc\u00e9s a l&#8217;oficina virtual?<\/h4>\n<p>Si ets treballador\/a i disposes de DNI electr\u00f2nic, pots fer-ho directament.<br \/>Si no, demana l&#8217;acc\u00e9s al teu centre assist\u00e8ncial m\u00e9s proper  o emplena: <\/p>\n<p><a href=\"\/ca\/registrate-en-asepeyo-oficina-virtual\/\">Sol\u00b7licitud d&#8217;acc\u00e9s <\/a><\/p>\n<\/div>\n<div class=\"grid-70 prefix-20 tablet-grid-75 tablet-prefix-25 mobile-grid-100\">\n<h3 id=\"asepeyo-empresas\">App &#8216;mi Asepeyo&#8217;<\/h3>\n<div class=\"grid-30 prefix-10 tablet-grid-30 tablet-prefix-10 hide-on-mobile\"><img decoding=\"async\" src=\"https:\/\/www.asepeyo.es\/wp-content\/uploads\/app-mi-asepeyo-pantalla-146x300.png\" alt=\"\"\/><\/div>\n<div class=\"grid-60 tablet-grid-60 mobile-grid-100\">\n<p class=\"empty\">Si ets treballador\/a d&#8217;una empresa mutualista d\u2019Asepeyo pots gestionar la teva relaci\u00f3 amb la M\u00fatua des el seu smartphone. Algunes de les funcionalitats m\u00e9s destacades s\u00f3n l\u2019acc\u00e9s a informes sanitaris de fins a 5 anys d\u2019antiguitat i l\u2019acc\u00e9s a la teva agenda m\u00e8dica. Tamb\u00e9 podr\u00e0s personalitzar les alertes de citacions m\u00e8diques i accedir al seguiment del teu tractament de rehabilitaci\u00f3. <\/p>\n<div class=\"grid-100 align-center\">\n<p class=\"align-center\">Descarrega&#8217;t l&#8217;app aqu\u00ed:<\/p>\n<p>&nbsp;<\/p>\n<div class=\"grid-50 tablet-grid-50 align-center\"><a href=\"https:\/\/itunes.apple.com\/es\/app\/mi-asepeyo\/id1303697850\" target=\"_blank\" rel=\"noopener noreferrer\"><img decoding=\"async\" class=\"alignleft\" src=\"\/wp-content\/uploads\/app-store.png\" alt=\"Descarrega en itunes\"\/><\/a><\/div>\n<div class=\"grid-50 tablet-grid-50 align-center\"><a href=\"https:\/\/play.google.com\/store\/apps\/details?id=com.asepeyo.asepeyousuarios\" target=\"_blank\" rel=\"noopener noreferrer\"><img decoding=\"async\" class=\"alignleft\" src=\"\/wp-content\/uploads\/google-play.png\" alt=\"Descarregar el Google jugar\"\/><\/a><\/div>\n<\/div>\n<\/div>\n<\/div>\n<div class=\"grid-70  prefix-20 tablet-grid-75 tablet-prefix-25 mobile-grid-100\">\n<h3 id=\"analisis-dinamico-de-datos\">An\u00e0lisi Din\u00e0mica de Dades<\/h3>\n<p>Les empreses amb un nombre elevat de treballadors necessiten un sistema de gesti\u00f3 de la seva sinistralitat i absentisme. Si pertanys a un departament de Recursos Humans o de Prevenci\u00f3 i la teva empresa \u00e9s mutualista d&#8217;Asepeyo, amb l\u2019aplicatiu de Business Intelligence pots fer en temps real el diagn\u00f2stic de la salut de la teva empresa. Tamb\u00e9 pots interactuar, directament, amb l&#8217;informe corporatiu d&#8217;empreses i agrupar les dades que necessitis per agilitzar preses de decisions. <\/p>\n<\/div>\n<div class=\"grid-70 prefix-20 tablet-grid-75 tablet-prefix-25 mobile-grid-100\">\n<div class=\"titulo\">\n<h2><span id=\"Nuevas_infraestructuras\">Noves infraestructures<\/span><\/h2>\n<p><span class=\"titulo-subtitulo\">Millorem la teva experi\u00e8ncia d&#8217;usuari<br \/>\n<\/span><\/p>\n<\/div>\n<\/div>\n<div class=\"grid-70 prefix-20 tablet-grid-75 tablet-prefix-25 mobile-grid-100\">\n<p><img loading=\"lazy\" decoding=\"async\" src=\"https:\/\/www.asepeyo.es\/wp-content\/uploads\/firma-biometrica-asepeyo.jpg\" alt=\"\" width=\"900\" height=\"600\"\/><\/p>\n<\/div>\n<div class=\"grid-70 prefix-20 tablet-grid-75 tablet-prefix-25 mobile-grid-100\">\n<h3>Cartelleria Digital<\/h3>\n<p>Volem que estiguis sempre ben informat. Tindr\u00e0s acc\u00e9s a la nostra informaci\u00f3 m\u00e9s destacada des dels nostres hospitals, aix\u00ed com de tots els centres assistencials.<\/p>\n<\/div>\n<div class=\"grid-70 prefix-20 tablet-grid-75 tablet-prefix-25 mobile-grid-100\">\n<h3>WiFi<\/h3>\n<p>En totes les nostres instal\u00b7lacions pots disposar d&#8217;internet a trav\u00e9s de la wifi corporativa. Nom\u00e9s has de registrar-te una vegada i el teu acc\u00e9s et servir\u00e0 per a qualsevol centre d&#8217;Asepeyo. I tot, d&#8217;una manera autom\u00e0tica i segura.<\/p>\n<h3>Signatura biom\u00e8trica mitjan\u00e7ant tauleta digital<\/h3>\n<p>Volem relacionar-nos amb tu de forma pr\u00e0ctica i senzilla abandonant l&#8217;\u00fas del paper. Els nostres departaments d&#8217;admissi\u00f3 et faran totes les teves gestions, amb l&#8217;ajuda del nostre sistema corporatiu de signatura biom\u00e8trica.<\/p>\n<\/div>\n<div class=\"grid-70 prefix-20 tablet-grid-75 tablet-prefix-25 mobile-grid-100\">\n<div class=\"titulo\">\n<h2><span id=\"Nuestro_modelo_digital_Asepeyo_live\">El nostre model digital Asepeyo live<\/span><\/h2>\n<\/div>\n<p>Asepeyo live \u00e9s el nostre model de transformaci\u00f3 digital amb el qual proposem una nova manera d&#8217;oferir els serveis de la M\u00fatua. Tenim en marxa m\u00e9s de 40 projectes de digitalitzaci\u00f3, on  el client \u00e9s el protagonista. Amb nosaltres podr\u00e0s viure la nostra transformaci\u00f3 en primera persona.<\/p>\n<div class=\"grid-70 prefix-15 tablet-grid-70 tablet-prefix-15 mobile-grid-100 align-center\"><\/div>\n<\/div>\n","protected":false},"excerpt":{"rendered":"","protected":false},"author":2,"featured_media":68232,"parent":0,"menu_order":0,"comment_status":"closed","ping_status":"closed","template":"","meta":{"_acf_changed":false,"generate_page_header":"","footnotes":""},"class_list":["post-68227","page","type-page","status-publish","has-post-thumbnail"],"acf":[],"yoast_head":"<!-- This site is optimized with the Yoast SEO plugin v27.4 - https:\/\/yoast.com\/product\/yoast-seo-wordpress\/ -->\n<title>Tecnologia, innovaci\u00f3 i el seu impacte en els nostres serveis - Asepeyo<\/title>\n<meta name=\"description\" content=\"Des de qualsevol lloc i des de qualsevol dispositiu, sempre som amb tu. Amb Asepeyo live estem disponibles les 24 hores, els 365 dies de l&#039;any.\" \/>\n<meta name=\"robots\" content=\"index, follow, max-snippet:-1, max-image-preview:large, max-video-preview:-1\" \/>\n<link rel=\"canonical\" href=\"https:\/\/www.asepeyo.es\/ca\/tecnologia-innovacion\/\" \/>\n<meta property=\"og:locale\" content=\"ca_ES\" \/>\n<meta property=\"og:type\" content=\"article\" \/>\n<meta property=\"og:title\" content=\"Tecnologia, innovaci\u00f3 i el seu impacte en els nostres serveis - Asepeyo\" \/>\n<meta property=\"og:description\" content=\"Des de qualsevol lloc i des de qualsevol dispositiu, sempre som amb tu. Amb Asepeyo live estem disponibles les 24 hores, els 365 dies de l&#039;any.\" \/>\n<meta property=\"og:url\" content=\"https:\/\/www.asepeyo.es\/ca\/tecnologia-innovacion\/\" \/>\n<meta property=\"og:site_name\" content=\"Asepeyo\" \/>\n<meta property=\"article:publisher\" content=\"https:\/\/es-es.facebook.com\/Asepeyo\/\" \/>\n<meta property=\"article:modified_time\" content=\"2024-07-23T17:19:55+00:00\" \/>\n<meta property=\"og:image\" content=\"https:\/\/www.asepeyo.es\/wp-content\/uploads\/tecnologa-inovacion-alter-g-asepeyo.jpg\" \/>\n\t<meta property=\"og:image:width\" content=\"1838\" \/>\n\t<meta property=\"og:image:height\" content=\"1075\" \/>\n\t<meta property=\"og:image:type\" content=\"image\/jpeg\" \/>\n<meta name=\"twitter:card\" content=\"summary_large_image\" \/>\n<meta name=\"twitter:site\" content=\"@Asepeyo\" \/>\n<meta name=\"twitter:label1\" content=\"Est. reading time\" \/>\n\t<meta name=\"twitter:data1\" content=\"8 minutes\" \/>\n<script type=\"application\/ld+json\" class=\"yoast-schema-graph\">{\"@context\":\"https:\\\/\\\/schema.org\",\"@graph\":[{\"@type\":\"WebPage\",\"@id\":\"https:\\\/\\\/www.asepeyo.es\\\/ca\\\/tecnologia-innovacion\\\/\",\"url\":\"https:\\\/\\\/www.asepeyo.es\\\/ca\\\/tecnologia-innovacion\\\/\",\"name\":\"Tecnologia, innovaci\u00f3 i el seu impacte en els nostres serveis - Asepeyo\",\"isPartOf\":{\"@id\":\"https:\\\/\\\/www.asepeyo.es\\\/ca\\\/#website\"},\"primaryImageOfPage\":{\"@id\":\"https:\\\/\\\/www.asepeyo.es\\\/ca\\\/tecnologia-innovacion\\\/#primaryimage\"},\"image\":{\"@id\":\"https:\\\/\\\/www.asepeyo.es\\\/ca\\\/tecnologia-innovacion\\\/#primaryimage\"},\"thumbnailUrl\":\"https:\\\/\\\/www.asepeyo.es\\\/wp-content\\\/uploads\\\/tecnologa-inovacion-alter-g-asepeyo.jpg\",\"datePublished\":\"2019-06-25T09:40:33+00:00\",\"dateModified\":\"2024-07-23T17:19:55+00:00\",\"description\":\"Des de qualsevol lloc i des de qualsevol dispositiu, sempre som amb tu. Amb Asepeyo live estem disponibles les 24 hores, els 365 dies de l'any.\",\"breadcrumb\":{\"@id\":\"https:\\\/\\\/www.asepeyo.es\\\/ca\\\/tecnologia-innovacion\\\/#breadcrumb\"},\"inLanguage\":\"ca-ES\",\"potentialAction\":[{\"@type\":\"ReadAction\",\"target\":[\"https:\\\/\\\/www.asepeyo.es\\\/ca\\\/tecnologia-innovacion\\\/\"]}]},{\"@type\":\"ImageObject\",\"inLanguage\":\"ca-ES\",\"@id\":\"https:\\\/\\\/www.asepeyo.es\\\/ca\\\/tecnologia-innovacion\\\/#primaryimage\",\"url\":\"https:\\\/\\\/www.asepeyo.es\\\/wp-content\\\/uploads\\\/tecnologa-inovacion-alter-g-asepeyo.jpg\",\"contentUrl\":\"https:\\\/\\\/www.asepeyo.es\\\/wp-content\\\/uploads\\\/tecnologa-inovacion-alter-g-asepeyo.jpg\",\"width\":1838,\"height\":1075},{\"@type\":\"BreadcrumbList\",\"@id\":\"https:\\\/\\\/www.asepeyo.es\\\/ca\\\/tecnologia-innovacion\\\/#breadcrumb\",\"itemListElement\":[{\"@type\":\"ListItem\",\"position\":1,\"name\":\"Inicio\",\"item\":\"https:\\\/\\\/www.asepeyo.es\\\/ca\\\/\"},{\"@type\":\"ListItem\",\"position\":2,\"name\":\"Tecnologia, innovaci\u00f3 i el seu impacte en els nostres serveis\"}]},{\"@type\":\"WebSite\",\"@id\":\"https:\\\/\\\/www.asepeyo.es\\\/ca\\\/#website\",\"url\":\"https:\\\/\\\/www.asepeyo.es\\\/ca\\\/\",\"name\":\"Asepeyo\",\"description\":\"Mutua de accidentes de trabajo 151\",\"publisher\":{\"@id\":\"https:\\\/\\\/www.asepeyo.es\\\/ca\\\/#organization\"},\"potentialAction\":[{\"@type\":\"SearchAction\",\"target\":{\"@type\":\"EntryPoint\",\"urlTemplate\":\"https:\\\/\\\/www.asepeyo.es\\\/ca\\\/?s={search_term_string}\"},\"query-input\":{\"@type\":\"PropertyValueSpecification\",\"valueRequired\":true,\"valueName\":\"search_term_string\"}}],\"inLanguage\":\"ca-ES\"},{\"@type\":\"Organization\",\"@id\":\"https:\\\/\\\/www.asepeyo.es\\\/ca\\\/#organization\",\"name\":\"Asepeyo\",\"url\":\"https:\\\/\\\/www.asepeyo.es\\\/ca\\\/\",\"logo\":{\"@type\":\"ImageObject\",\"inLanguage\":\"ca-ES\",\"@id\":\"https:\\\/\\\/www.asepeyo.es\\\/ca\\\/#\\\/schema\\\/logo\\\/image\\\/\",\"url\":\"https:\\\/\\\/www.asepeyo.es\\\/wp-content\\\/uploads\\\/logo-asepeyo-web-azul.png\",\"contentUrl\":\"https:\\\/\\\/www.asepeyo.es\\\/wp-content\\\/uploads\\\/logo-asepeyo-web-azul.png\",\"width\":350,\"height\":55,\"caption\":\"Asepeyo\"},\"image\":{\"@id\":\"https:\\\/\\\/www.asepeyo.es\\\/ca\\\/#\\\/schema\\\/logo\\\/image\\\/\"},\"sameAs\":[\"https:\\\/\\\/es-es.facebook.com\\\/Asepeyo\\\/\",\"https:\\\/\\\/x.com\\\/Asepeyo\",\"https:\\\/\\\/www.instagram.com\\\/asepeyo\\\/?hl=es\",\"https:\\\/\\\/es.linkedin.com\\\/company\\\/asepeyo\",\"https:\\\/\\\/www.youtube.com\\\/channel\\\/UC42Ipj44IKKTITQ2HNoLmSQ\"]}]}<\/script>\n<!-- \/ Yoast SEO plugin. -->","yoast_head_json":{"title":"Tecnologia, innovaci\u00f3 i el seu impacte en els nostres serveis - Asepeyo","description":"Des de qualsevol lloc i des de qualsevol dispositiu, sempre som amb tu. Amb Asepeyo live estem disponibles les 24 hores, els 365 dies de l'any.","robots":{"index":"index","follow":"follow","max-snippet":"max-snippet:-1","max-image-preview":"max-image-preview:large","max-video-preview":"max-video-preview:-1"},"canonical":"https:\/\/www.asepeyo.es\/ca\/tecnologia-innovacion\/","og_locale":"ca_ES","og_type":"article","og_title":"Tecnologia, innovaci\u00f3 i el seu impacte en els nostres serveis - Asepeyo","og_description":"Des de qualsevol lloc i des de qualsevol dispositiu, sempre som amb tu. Amb Asepeyo live estem disponibles les 24 hores, els 365 dies de l'any.","og_url":"https:\/\/www.asepeyo.es\/ca\/tecnologia-innovacion\/","og_site_name":"Asepeyo","article_publisher":"https:\/\/es-es.facebook.com\/Asepeyo\/","article_modified_time":"2024-07-23T17:19:55+00:00","og_image":[{"width":1838,"height":1075,"url":"https:\/\/www.asepeyo.es\/wp-content\/uploads\/tecnologa-inovacion-alter-g-asepeyo.jpg","type":"image\/jpeg"}],"twitter_card":"summary_large_image","twitter_site":"@Asepeyo","twitter_misc":{"Est. reading time":"8 minutes"},"schema":{"@context":"https:\/\/schema.org","@graph":[{"@type":"WebPage","@id":"https:\/\/www.asepeyo.es\/ca\/tecnologia-innovacion\/","url":"https:\/\/www.asepeyo.es\/ca\/tecnologia-innovacion\/","name":"Tecnologia, innovaci\u00f3 i el seu impacte en els nostres serveis - Asepeyo","isPartOf":{"@id":"https:\/\/www.asepeyo.es\/ca\/#website"},"primaryImageOfPage":{"@id":"https:\/\/www.asepeyo.es\/ca\/tecnologia-innovacion\/#primaryimage"},"image":{"@id":"https:\/\/www.asepeyo.es\/ca\/tecnologia-innovacion\/#primaryimage"},"thumbnailUrl":"https:\/\/www.asepeyo.es\/wp-content\/uploads\/tecnologa-inovacion-alter-g-asepeyo.jpg","datePublished":"2019-06-25T09:40:33+00:00","dateModified":"2024-07-23T17:19:55+00:00","description":"Des de qualsevol lloc i des de qualsevol dispositiu, sempre som amb tu. Amb Asepeyo live estem disponibles les 24 hores, els 365 dies de l'any.","breadcrumb":{"@id":"https:\/\/www.asepeyo.es\/ca\/tecnologia-innovacion\/#breadcrumb"},"inLanguage":"ca-ES","potentialAction":[{"@type":"ReadAction","target":["https:\/\/www.asepeyo.es\/ca\/tecnologia-innovacion\/"]}]},{"@type":"ImageObject","inLanguage":"ca-ES","@id":"https:\/\/www.asepeyo.es\/ca\/tecnologia-innovacion\/#primaryimage","url":"https:\/\/www.asepeyo.es\/wp-content\/uploads\/tecnologa-inovacion-alter-g-asepeyo.jpg","contentUrl":"https:\/\/www.asepeyo.es\/wp-content\/uploads\/tecnologa-inovacion-alter-g-asepeyo.jpg","width":1838,"height":1075},{"@type":"BreadcrumbList","@id":"https:\/\/www.asepeyo.es\/ca\/tecnologia-innovacion\/#breadcrumb","itemListElement":[{"@type":"ListItem","position":1,"name":"Inicio","item":"https:\/\/www.asepeyo.es\/ca\/"},{"@type":"ListItem","position":2,"name":"Tecnologia, innovaci\u00f3 i el seu impacte en els nostres serveis"}]},{"@type":"WebSite","@id":"https:\/\/www.asepeyo.es\/ca\/#website","url":"https:\/\/www.asepeyo.es\/ca\/","name":"Asepeyo","description":"Mutua de accidentes de trabajo 151","publisher":{"@id":"https:\/\/www.asepeyo.es\/ca\/#organization"},"potentialAction":[{"@type":"SearchAction","target":{"@type":"EntryPoint","urlTemplate":"https:\/\/www.asepeyo.es\/ca\/?s={search_term_string}"},"query-input":{"@type":"PropertyValueSpecification","valueRequired":true,"valueName":"search_term_string"}}],"inLanguage":"ca-ES"},{"@type":"Organization","@id":"https:\/\/www.asepeyo.es\/ca\/#organization","name":"Asepeyo","url":"https:\/\/www.asepeyo.es\/ca\/","logo":{"@type":"ImageObject","inLanguage":"ca-ES","@id":"https:\/\/www.asepeyo.es\/ca\/#\/schema\/logo\/image\/","url":"https:\/\/www.asepeyo.es\/wp-content\/uploads\/logo-asepeyo-web-azul.png","contentUrl":"https:\/\/www.asepeyo.es\/wp-content\/uploads\/logo-asepeyo-web-azul.png","width":350,"height":55,"caption":"Asepeyo"},"image":{"@id":"https:\/\/www.asepeyo.es\/ca\/#\/schema\/logo\/image\/"},"sameAs":["https:\/\/es-es.facebook.com\/Asepeyo\/","https:\/\/x.com\/Asepeyo","https:\/\/www.instagram.com\/asepeyo\/?hl=es","https:\/\/es.linkedin.com\/company\/asepeyo","https:\/\/www.youtube.com\/channel\/UC42Ipj44IKKTITQ2HNoLmSQ"]}]}},"_links":{"self":[{"href":"https:\/\/www.asepeyo.es\/ca\/wp-json\/wp\/v2\/pages\/68227","targetHints":{"allow":["GET"]}}],"collection":[{"href":"https:\/\/www.asepeyo.es\/ca\/wp-json\/wp\/v2\/pages"}],"about":[{"href":"https:\/\/www.asepeyo.es\/ca\/wp-json\/wp\/v2\/types\/page"}],"author":[{"embeddable":true,"href":"https:\/\/www.asepeyo.es\/ca\/wp-json\/wp\/v2\/users\/2"}],"replies":[{"embeddable":true,"href":"https:\/\/www.asepeyo.es\/ca\/wp-json\/wp\/v2\/comments?post=68227"}],"version-history":[{"count":14,"href":"https:\/\/www.asepeyo.es\/ca\/wp-json\/wp\/v2\/pages\/68227\/revisions"}],"predecessor-version":[{"id":1486316,"href":"https:\/\/www.asepeyo.es\/ca\/wp-json\/wp\/v2\/pages\/68227\/revisions\/1486316"}],"wp:featuredmedia":[{"embeddable":true,"href":"https:\/\/www.asepeyo.es\/ca\/wp-json\/wp\/v2\/media\/68232"}],"wp:attachment":[{"href":"https:\/\/www.asepeyo.es\/ca\/wp-json\/wp\/v2\/media?parent=68227"}],"curies":[{"name":"wp","href":"https:\/\/api.w.org\/{rel}","templated":true}]}}