{"id":68190,"date":"2019-06-25T11:07:06","date_gmt":"2019-06-25T09:07:06","guid":{"rendered":"https:\/\/www.asepeyo.es\/?page_id=68190"},"modified":"2024-11-04T12:25:51","modified_gmt":"2024-11-04T11:25:51","slug":"seguridad-laboral","status":"publish","type":"page","link":"https:\/\/www.asepeyo.es\/ca\/seguridad-laboral\/","title":{"rendered":"Prevenci\u00f3n de riesgos laborales"},"content":{"rendered":"<div class=\"grid-70 prefix-20 tablet-grid-75 tablet-prefix-25 mobile-grid-100\">\n<div class=\"titulo\">\n<h2>Professionals i recursos t\u00e8cnics<\/h2>\n<\/div>\n<p>A Asepeyo ens comprometem amb la prevenci\u00f3. Volem que les nostres empreses mutualistes puguin reduir la sinistralitat laboral i, per aix\u00f2, fomentem una cultura preventiva.<\/p>\n<p>Ens avalen 45 anys de coneixement i d&#8217;experi\u00e8ncia, els millors assessors en prevenci\u00f3 i uns recursos t\u00e8cnics altament especialitzats.<\/p>\n<p>Les nostres accions es basen en el rigor i el compliment absolut de la normativa. Al llarg de la nostra traject\u00f2ria, hem destacat seguint les directrius que estableix anualment el<br \/>\n<a href=\"https:\/\/prevencion.asepeyo.es\/acciones-preventivas\/plan-de-actividades-preventivas\/\" target=\"_blank\" rel=\"noopener noreferrer\"> Pla General d&#8217;Activitats Preventives<\/a>.<\/p>\n<p>Aquestes activitats s\u00f3n prestacions a favor dels empresaris i els seus treballadors, les quals no generen drets subjectius, per tal d\u2019assistir-los en el control i reduir els accidents de treball i les malalties professionals. Correspon a la Secretaria d&#8217;Estat de la Seguretat Social establir la planificaci\u00f3 peri\u00f2dica de les activitats, criteris, contingut i ordre de prefer\u00e8ncia.<\/p>\n<p>\u00c9s per aix\u00f2 que la nostra activitat en mat\u00e8ria preventiva, descrita al seg\u00fcent apartat, s&#8217;adapta en tot moment al que estableix el Pla General d&#8217;Activitats Preventives.<\/p>\n<div class=\"grid-70 prefix-15 suffix-15 mobile-100 pt3\"><img loading=\"lazy\" decoding=\"async\" width=\"900\" height=\"600\" class=\"alignnone size-medium wp-image-56393\" src=\"https:\/\/www.asepeyo.es\/wp-content\/uploads\/profesionales-en-prevencion.jpg\" sizes=\"auto, (max-width: 900px) 100vw, 900px\" srcset=\"https:\/\/www.asepeyo.es\/wp-content\/uploads\/profesionales-en-prevencion.jpg 900w, https:\/\/www.asepeyo.es\/wp-content\/uploads\/profesionales-en-prevencion-300x200.jpg 300w, https:\/\/www.asepeyo.es\/wp-content\/uploads\/profesionales-en-prevencion-768x512.jpg 768w\" alt=\"\" \/><\/div>\n<\/div>\n<div class=\"grid-70 prefix-20 tablet-grid-75 tablet-prefix-25 mobile-grid-100\">\n<div class=\"titulo\">\n<h2>Nova plataforma e-learning de prevenci\u00f3<\/h2>\n<\/div>\n<p>T&#8217;expliquem com sensibilitzar en prevenci\u00f3 i promocionar la salut mental i f\u00edsica, amb un acc\u00e9s segur, senzill i personalitzat a trav\u00e9s d&#8217;Asepeyo Oficina Virtual.<br \/>\nComptem amb una oferta de continguts en temes com igualtat, assetjament, salut mental, seguretat vi\u00e0ria, i activitats empresarials i riscos espec\u00edfics.<br \/>\nAccedeix <a href=\"https:\/\/prevencion.asepeyo.es\/e-learning\/\" target=\"_blank\" rel=\"noopener\">al cat\u00e0leg e-learning<\/a> del Portal de prevenci\u00f3 d&#8217;Asepeyo i descobreix-los.<\/p>\n<div class=\"d-flex justify-content-center mb-5\"><iframe loading=\"lazy\" width=\"560\" height=\"315\" src=\"https:\/\/www.youtube.com\/embed\/fVuNGakfQGo?si=q1UzpOolPmYPwNzQ\" title=\"YouTube video player\" frameborder=\"0\" allow=\"accelerometer; autoplay; clipboard-write; encrypted-media; gyroscope; picture-in-picture; web-share\" referrerpolicy=\"strict-origin-when-cross-origin\" allowfullscreen><\/iframe><\/div>\n<\/div>\n<p>Per m\u00e9s informaci\u00f3:<\/p>\n<div class=\"align-center\"><a href=\"https:\/\/prevencion.asepeyo.es\/documento\/documento-plataforma-e-learning-de-prevencion\/\"><button class=\"boton-azul\">Presentaci\u00f3 plataforma e-learning<\/button><\/a><\/div>\n<div class=\"grid-70  prefix-20 tablet-grid-75 tablet-prefix-25 mobile-grid-100\">\n<div class=\"titulo\">\n<h2>Millorem la prevenci\u00f3 d&#8217;una manera diferent<\/h2>\n<\/div>\n<p>Busquem la manera d&#8217;oferir-te un servei diferent posant a la teva disposici\u00f3 m\u00e9s de 80 professionals que resoldran tots els teus dubtes, i l&#8217;\u00faltima <a href=\"\/ca\/tecnologia-innovacion\/#Tecnologia_y_prevencion\">tecnologia a la teva disposici\u00f3.<\/a> <\/p>\n<\/div>\n<div class=\"grid-70 prefix-20 tablet-grid-75 tablet-prefix-25 mobile-grid-100\">\n<article class=\"grid-100 mb6 lh-copy\">\n<div class=\"grid-50 mobile-grid-100 content-txt\">\n<h3>Tecnologia aplicada a la prevenci\u00f3<\/h3>\n<p>Utilitzem l&#8217;\u00faltima tecnologia aplicada a la prevenci\u00f3: la realitat virtual per evitar les caigudes d&#8217;altura; els drons per reduir la sinistralitat laboral; simuladors de conducci\u00f3 per prevenir accidents, o projectes de reproducci\u00f3 d&#8217;entorns ac\u00fastics que permeten avaluar el soroll en entorns laborals.<\/p>\n<div class=\"grid-100 mt5\"><a class=\"asepeyo-blue4 link ba pv3 ph4 mt5 hover-shadow fw6 f5 maven align-right\" href=\"\/ca\/tecnologia-innovacion\/#Tecnologia_y_prevencion\" target=\"_blank\" rel=\"noopener noreferrer\">M\u00e9s informaci\u00f3 <\/a><\/div>\n<\/div>\n<div class=\"grid-50 mobile-grid-100 align-right content-img\"><img loading=\"lazy\" decoding=\"async\" class=\"alignnone size-full wp-image-56395\" src=\"https:\/\/www.asepeyo.es\/wp-content\/uploads\/dron-tecnologia-prevencion.png\" sizes=\"auto, (max-width: 500px) 100vw, 500px\" srcset=\"https:\/\/www.asepeyo.es\/wp-content\/uploads\/dron-tecnologia-prevencion.png 500w, https:\/\/www.asepeyo.es\/wp-content\/uploads\/dron-tecnologia-prevencion-300x214.png 300w\" alt=\"\" width=\"500\" height=\"356\" \/><\/div>\n<\/article>\n<\/div>\n<div class=\"grid-70 prefix-20 tablet-grid-75 tablet-prefix-25 mobile-grid-100\">\n<p>A m\u00e9s, com que sabem com n&#8217;\u00e9s d&#8217;important la prevenci\u00f3, premiem i difonem les millors pr\u00e0ctiques preventives amb l&#8217;objectiu de compartir experi\u00e8ncies per millorar la seguretat laboral de les empreses.\n<\/p>\n<div class=\"grid-container flex\">\n<div class=\"grid-50 flex flex-column items-center align-center mobile-grid-100 pv5\">\n<div class=\"flex justify-center items-center\">\n<div class=\"bg-asepeyo4 big-box-shadow br-100 content-icon flex align-center\">\n\t\t\t\t<img decoding=\"async\" src=\"https:\/\/www.asepeyo.es\/wp-content\/uploads\/icono-auditoria-prevencion.png\" alt=\"\"\/>\n\t\t\t<\/div>\n<\/div>\n<h6 class=\"f3 mv0 pt4 pb3 b\">Consultoria personalitzada<\/h6>\n<p class=\"lh-copy measure-narrow center f5 o-90 pb3 ph3 flex-grow-1\" style=\"width:100%;\">Assessorem les nostres empreses de forma personalitzada\n<\/p>\n<p><a class=\"asepeyo-blue4 link ba pv3 ph4 hover-shadow fw6 f5 maven\" href=\"https:\/\/prevencion.asepeyo.es\/servicios\/consultoria\/\" target=\"_blank\" rel=\"noopener noreferrer\">Fes la teva pregunta<\/a>\n\t<\/p>\n<\/div>\n<div class=\"grid-50 flex flex-column items-center align-center mobile-grid-100 b--grey pv5\">\n<div class=\"flex justify-center items-center\">\n<div class=\"bg-asepeyo4 big-box-shadow br-100 content-icon flex align-center\">\n                                  <img decoding=\"async\" src=\"https:\/\/www.asepeyo.es\/wp-content\/uploads\/icono-premios-asepeyo-prevencion.png\" alt=\"\"\/>\t\t\t<\/div>\n<\/div>\n<h6 class=\"f3 mv0 pt4 pb3 b\">Premis Asepeyo<br \/>\n<\/h6>\n<p class=\"lh-copy measure-narrow center f5 o-90 pb3 ph3 flex-grow-1\" style=\"width:100%;\">Presenta&#8217;t als Premis Asepeyo a les millors pr\u00e0ctiques preventives\n<\/p>\n<p><a class=\"asepeyo-blue4 link ba pv3 ph4 hover-shadow fw6 f5 maven\" href=\"\/ca\/premios-mejores-practicas-prevencion\/\">Anima&#8217;t a participar-hi!<\/a>\n\t<\/p>\n<\/div>\n<\/div>\n<\/div>\n<div class=\"grid-70 prefix-20 tablet-grid-75 tablet-prefix-25 mobile-grid-100\">\n<div class=\"titulo\">\n<h2>Informaci\u00f3 i sensibilitzaci\u00f3<\/h2>\n<\/div>\n<div class=\"grid-50 mobile-grid-100 content-txt\">Promovem la prevenci\u00f3 de riscos laborals com a eix central de les decisions de les nostres empreses mutualistes. T&#8217;oferim un ampli cat\u00e0leg d&#8217;accions informatives adre\u00e7at a les persones que tinguin assignades funcions preventives en la teva empresa, sobre les quals pretenem millorar les seves habilitats i coneixements. T&#8217;ajudem a fomentar un canvi d&#8217;actitud, tal com estableix el Pla General d&#8217;Activitats Preventives, aprovat anualment per la Secretaria d&#8217;Estat de la Seguretat Social.<\/div>\n<div class=\"grid-50 mobile-grid-100 content-txt\"><img loading=\"lazy\" decoding=\"async\" class=\"alignnone size-full wp-image-53044\" src=\"https:\/\/www.asepeyo.es\/wp-content\/uploads\/asepeyo-formacion-prevencion-de-riegos.jpg\" alt=\"\" width=\"900\" height=\"600\" \/><\/div>\n<div class=\"grid-100 mobile-grid-100 content-txt\">\n<hr \/>\n<p>Les accions que et proposem s\u00f3n molt pr\u00e0ctiques i adaptables a totes les situacions: presencial, semipresencial i <em>en l\u00ednia<\/em>. Utilitzem per a la versi\u00f3 <em>en l\u00ednia<\/em> una\u00a0<a href=\"http:\/\/www.formacionsh.asepeyo.es\/SH\" target=\"_blank\" rel=\"noopener noreferrer\">plataforma especialitzada d&#8217;e-learning<\/a>.<\/p>\n<p><a href=\"https:\/\/prevencion.asepeyo.es\/acciones-preventivas\/talleres-sensibilizacion\/\" target=\"_blank\" rel=\"noopener noreferrer\">Calendari d&#8217;accions d&#8217; informaci\u00f3 i sensibilitzaci\u00f3 per a l&#8217;any en curs<\/a>.<\/p>\n<\/div>\n<\/div>\n<div class=\"grid-70 prefix-20 tablet-grid-75 tablet-prefix-25 mobile-grid-100\">\n<div class=\"titulo\">\n<h2><span id=\"Campanas_de_concienciacion\">Campanyes de conscienciaci\u00f3<\/span><\/h2>\n<\/div>\n<h3>Nova campanya: La prevenci\u00f3 dels riscos psicosocials, una oportunitat per a una empresa amb futur<br \/>\n<\/h3>\n<p>Els riscos psicosocials i l&#8217;estr\u00e8s laboral s\u00f3n dos dels problemes que m\u00e9s dificultats plantegen en l&#8217;\u00e0mbit de la seguretat i la salut a la feina. Els problemes psicosocials comporten un cost elevat per a les empreses i la societat de la Uni\u00f3 Europea, i l&#8217;estr\u00e8s \u00e9s el segon problema de salut laboral m\u00e9s freq\u00fcent a Espanya.\n<\/p>\n<hr \/>\n<div class=\"videoWrapper\"><iframe src=\"https:\/\/www.youtube.com\/embed\/CIoYnGUkV_Q\" frameborder=\"0\" allowfullscreen=\"allowfullscreen\"><\/iframe><\/div>\n<hr \/>\n<div class=\"align-center\"><a href=\"https:\/\/prevencion.asepeyo.es\/acciones-preventivas\/campanas-prevencion\/prevencion-riesgos-psicosociales\/\"><button class=\"boton-azul\">Nova campanya de riscos psicosocials<\/button><\/a><\/div>\n<hr \/>\n<p>Dissenyem campanyes de prevenci\u00f3 d&#8217;acord amb el que s&#8217;estableix al Pla General d&#8217;Activitats Preventives de la Seguretat Social elaborat pel Ministeri de Treball, Migracions i Seguretat Social.<\/p>\n<div class=\"\">\n<ul>\n<li><a href=\"https:\/\/prevencion.asepeyo.es\/acciones-preventivas\/campanas-prevencion\/caidas-altura\/\">Caigudes d&#8217;altura, un risc a totes les empreses<br \/>\n<\/a><\/li>\n<li><a href=\"https:\/\/prevencion.asepeyo.es\/acciones-preventivas\/campanas-prevencion\/guias-sensibilizacion-prevencion-sector-hosteleria\/\">Guies de sensibilitzaci\u00f3 sobre la prevenci\u00f3 en el sector de l&#8217;hostaleria<br \/>\n<\/a><\/li>\n<li><a href=\"https:\/\/prevencion.asepeyo.es\/acciones-preventivas\/campanas-prevencion\/prevencion-extincion-incendios\/\">Prevenci\u00f3 i extinci\u00f3 d&#8217;incendis<br \/>\n<\/a><\/li>\n<li><a href=\"https:\/\/prevencion.asepeyo.es\/acciones-preventivas\/campanas-prevencion\/protegete-sol-trabajo\/\">Protegeix-te del sol, tamb\u00e9 a la feina<\/a><\/li>\n<\/ul>\n<\/div>\n<hr \/>\n<\/div>\n<div class=\"grid-70 prefix-20 tablet-grid-75 tablet-prefix-25 mobile-grid-100\">\n<div class=\"titulo\">\n<h2><span id=\"Sistema_de_incentivos_para_la_prevencion_Bonus\">Sistema d&#8217;incentius per a la prevenci\u00f3 &#8216;Bonus&#8217;<\/span><\/h2>\n<\/div>\n<section id=\"banner\" class=\"bg-black-30 pa3\">\n<div class=\"align-center white ph5 pb3\">\n<h3>Se suspende el sistema de incentivos bonus por lo que no se presentaran solicitudes ni en el a\u00f1o 2020 ni en 2021.<\/h3>\n<\/div>\n<\/section>\n<p>El sistema d&#8217;incentius per a la prevenci\u00f3 dels bons fa possible reduir les cotitzacions per conting\u00e8ncies professionals a les empreses han disminu\u00eft considerablement els accidents de treball i han fet accions efectives en la prevenci\u00f3 de la Accidents de treball i malalties professionals.<\/p>\n<p>Es pot sol\u00b7licitar cada any, si es compleixen uns requisits de cotitzaci\u00f3, si els nivells de sinistralitat es mantenen per sota dels l\u00edmits establerts i si s&#8217;han dut a terme determinades actuacions preventives b\u00e0siques. La quantia d&#8217;aquest incentiu es pot incrementar si s&#8217;han fet inversions en prevenci\u00f3 durant l&#8217;any anterior a la presentaci\u00f3 de la sol\u00b7licitud, denominat &#8220;per\u00edode d&#8217;observaci\u00f3&#8221;.\n<\/p>\n<div class=\"videoWrapper\"><iframe src=\"https:\/\/www.youtube.com\/embed\/MQQYDO03Yn4\" width=\"100%\" frameborder=\"0\" allowfullscreen=\"allowfullscreen\"><\/iframe><\/div>\n<p>Els nostres consultors en prevenci\u00f3 t&#8217;aconsellaran envers les mesures necess\u00e0ries per a sol\u00b7licitar l&#8217;incentiu &#8220;Bonus&#8221;, el qual t&#8217;ajudar\u00e0 a seguir invertint en prevenci\u00f3. <\/p>\n<div class=\"align-center\"><a href=\"https:\/\/prevencion.asepeyo.es\/servicios\/bonus-sistema-incentivos-la-prevencion\/\"><button class=\"boton-azul\">Coneix tots els detalls <\/button><\/a><\/div>\n<\/div>\n<div class=\"grid-70 prefix-20 tablet-grid-75 tablet-prefix-25 mobile-grid-100\">\n<div class=\"titulo\">\n<h2>Portal de prevenci\u00f3<\/h2>\n<\/div>\n<p>Si vols saber m\u00e9s sobre els serveis que oferim en prevenci\u00f3 de riscos laborals, entra al nostre portal especialitzat. Hi trobar\u00e0s m\u00e9s informaci\u00f3 sobre consultoria i assist\u00e8ncia t\u00e8cnica, formaci\u00f3, estudis i projectes, campanyes, tallers de sensibilitzaci\u00f3, documentaci\u00f3 t\u00e8cnica i aplicacions, entre altres apartats.\n<\/p>\n<div class=\"br-del\"><!-- HTML comment --><\/div>\n<div class=\"align-center\"><a href=\"https:\/\/prevencion.asepeyo.es\"><button class=\"boton-azul\">Portal de prevenci\u00f3 de riscos laborals<br \/>\n<\/button><\/a><\/div>\n<\/div>\n","protected":false},"excerpt":{"rendered":"","protected":false},"author":2,"featured_media":68196,"parent":0,"menu_order":0,"comment_status":"closed","ping_status":"closed","template":"","meta":{"_acf_changed":false,"generate_page_header":"","footnotes":""},"class_list":["post-68190","page","type-page","status-publish","has-post-thumbnail"],"acf":[],"yoast_head":"<!-- This site is optimized with the Yoast SEO plugin v27.4 - https:\/\/yoast.com\/product\/yoast-seo-wordpress\/ -->\n<title>Prevenci\u00f3n de riesgos laborales - Asepeyo<\/title>\n<meta name=\"description\" content=\"Te ayudamos a gestionar y a controlar los riesgos laborales de tu empresa con los mejores consultores y la \u00faltima tecnolog\u00eda en salud y seguridad laboral.\" \/>\n<meta name=\"robots\" content=\"index, follow, max-snippet:-1, max-image-preview:large, max-video-preview:-1\" \/>\n<link rel=\"canonical\" href=\"https:\/\/www.asepeyo.es\/ca\/seguridad-laboral\/\" \/>\n<meta property=\"og:locale\" content=\"ca_ES\" \/>\n<meta property=\"og:type\" content=\"article\" \/>\n<meta property=\"og:title\" content=\"Prevenci\u00f3n de riesgos laborales - Asepeyo\" \/>\n<meta property=\"og:description\" content=\"Te ayudamos a gestionar y a controlar los riesgos laborales de tu empresa con los mejores consultores y la \u00faltima tecnolog\u00eda en salud y seguridad laboral.\" \/>\n<meta property=\"og:url\" content=\"https:\/\/www.asepeyo.es\/ca\/seguridad-laboral\/\" \/>\n<meta property=\"og:site_name\" content=\"Asepeyo\" \/>\n<meta property=\"article:publisher\" content=\"https:\/\/es-es.facebook.com\/Asepeyo\/\" \/>\n<meta property=\"article:modified_time\" content=\"2024-11-04T11:25:51+00:00\" \/>\n<meta property=\"og:image\" content=\"https:\/\/www.asepeyo.es\/wp-content\/uploads\/seguridad-laboral-croda-asepeyo.jpg\" \/>\n\t<meta property=\"og:image:width\" content=\"500\" \/>\n\t<meta property=\"og:image:height\" content=\"333\" \/>\n\t<meta property=\"og:image:type\" content=\"image\/jpeg\" \/>\n<meta name=\"twitter:card\" content=\"summary_large_image\" \/>\n<meta name=\"twitter:site\" content=\"@Asepeyo\" \/>\n<meta name=\"twitter:label1\" content=\"Est. reading time\" \/>\n\t<meta name=\"twitter:data1\" content=\"5 minutes\" \/>\n<script type=\"application\/ld+json\" class=\"yoast-schema-graph\">{\"@context\":\"https:\\\/\\\/schema.org\",\"@graph\":[{\"@type\":\"WebPage\",\"@id\":\"https:\\\/\\\/www.asepeyo.es\\\/ca\\\/seguridad-laboral\\\/\",\"url\":\"https:\\\/\\\/www.asepeyo.es\\\/ca\\\/seguridad-laboral\\\/\",\"name\":\"Prevenci\u00f3n de riesgos laborales - Asepeyo\",\"isPartOf\":{\"@id\":\"https:\\\/\\\/www.asepeyo.es\\\/ca\\\/#website\"},\"primaryImageOfPage\":{\"@id\":\"https:\\\/\\\/www.asepeyo.es\\\/ca\\\/seguridad-laboral\\\/#primaryimage\"},\"image\":{\"@id\":\"https:\\\/\\\/www.asepeyo.es\\\/ca\\\/seguridad-laboral\\\/#primaryimage\"},\"thumbnailUrl\":\"https:\\\/\\\/www.asepeyo.es\\\/wp-content\\\/uploads\\\/seguridad-laboral-croda-asepeyo.jpg\",\"datePublished\":\"2019-06-25T09:07:06+00:00\",\"dateModified\":\"2024-11-04T11:25:51+00:00\",\"description\":\"Te ayudamos a gestionar y a controlar los riesgos laborales de tu empresa con los mejores consultores y la \u00faltima tecnolog\u00eda en salud y seguridad laboral.\",\"breadcrumb\":{\"@id\":\"https:\\\/\\\/www.asepeyo.es\\\/ca\\\/seguridad-laboral\\\/#breadcrumb\"},\"inLanguage\":\"ca-ES\",\"potentialAction\":[{\"@type\":\"ReadAction\",\"target\":[\"https:\\\/\\\/www.asepeyo.es\\\/ca\\\/seguridad-laboral\\\/\"]}]},{\"@type\":\"ImageObject\",\"inLanguage\":\"ca-ES\",\"@id\":\"https:\\\/\\\/www.asepeyo.es\\\/ca\\\/seguridad-laboral\\\/#primaryimage\",\"url\":\"https:\\\/\\\/www.asepeyo.es\\\/wp-content\\\/uploads\\\/seguridad-laboral-croda-asepeyo.jpg\",\"contentUrl\":\"https:\\\/\\\/www.asepeyo.es\\\/wp-content\\\/uploads\\\/seguridad-laboral-croda-asepeyo.jpg\",\"width\":500,\"height\":333},{\"@type\":\"BreadcrumbList\",\"@id\":\"https:\\\/\\\/www.asepeyo.es\\\/ca\\\/seguridad-laboral\\\/#breadcrumb\",\"itemListElement\":[{\"@type\":\"ListItem\",\"position\":1,\"name\":\"Inicio\",\"item\":\"https:\\\/\\\/www.asepeyo.es\\\/ca\\\/\"},{\"@type\":\"ListItem\",\"position\":2,\"name\":\"Prevenci\u00f3n de riesgos laborales\"}]},{\"@type\":\"WebSite\",\"@id\":\"https:\\\/\\\/www.asepeyo.es\\\/ca\\\/#website\",\"url\":\"https:\\\/\\\/www.asepeyo.es\\\/ca\\\/\",\"name\":\"Asepeyo\",\"description\":\"Mutua de accidentes de trabajo 151\",\"publisher\":{\"@id\":\"https:\\\/\\\/www.asepeyo.es\\\/ca\\\/#organization\"},\"potentialAction\":[{\"@type\":\"SearchAction\",\"target\":{\"@type\":\"EntryPoint\",\"urlTemplate\":\"https:\\\/\\\/www.asepeyo.es\\\/ca\\\/?s={search_term_string}\"},\"query-input\":{\"@type\":\"PropertyValueSpecification\",\"valueRequired\":true,\"valueName\":\"search_term_string\"}}],\"inLanguage\":\"ca-ES\"},{\"@type\":\"Organization\",\"@id\":\"https:\\\/\\\/www.asepeyo.es\\\/ca\\\/#organization\",\"name\":\"Asepeyo\",\"url\":\"https:\\\/\\\/www.asepeyo.es\\\/ca\\\/\",\"logo\":{\"@type\":\"ImageObject\",\"inLanguage\":\"ca-ES\",\"@id\":\"https:\\\/\\\/www.asepeyo.es\\\/ca\\\/#\\\/schema\\\/logo\\\/image\\\/\",\"url\":\"https:\\\/\\\/www.asepeyo.es\\\/wp-content\\\/uploads\\\/logo-asepeyo-web-azul.png\",\"contentUrl\":\"https:\\\/\\\/www.asepeyo.es\\\/wp-content\\\/uploads\\\/logo-asepeyo-web-azul.png\",\"width\":350,\"height\":55,\"caption\":\"Asepeyo\"},\"image\":{\"@id\":\"https:\\\/\\\/www.asepeyo.es\\\/ca\\\/#\\\/schema\\\/logo\\\/image\\\/\"},\"sameAs\":[\"https:\\\/\\\/es-es.facebook.com\\\/Asepeyo\\\/\",\"https:\\\/\\\/x.com\\\/Asepeyo\",\"https:\\\/\\\/www.instagram.com\\\/asepeyo\\\/?hl=es\",\"https:\\\/\\\/es.linkedin.com\\\/company\\\/asepeyo\",\"https:\\\/\\\/www.youtube.com\\\/channel\\\/UC42Ipj44IKKTITQ2HNoLmSQ\"]}]}<\/script>\n<!-- \/ Yoast SEO plugin. -->","yoast_head_json":{"title":"Prevenci\u00f3n de riesgos laborales - Asepeyo","description":"Te ayudamos a gestionar y a controlar los riesgos laborales de tu empresa con los mejores consultores y la \u00faltima tecnolog\u00eda en salud y seguridad laboral.","robots":{"index":"index","follow":"follow","max-snippet":"max-snippet:-1","max-image-preview":"max-image-preview:large","max-video-preview":"max-video-preview:-1"},"canonical":"https:\/\/www.asepeyo.es\/ca\/seguridad-laboral\/","og_locale":"ca_ES","og_type":"article","og_title":"Prevenci\u00f3n de riesgos laborales - Asepeyo","og_description":"Te ayudamos a gestionar y a controlar los riesgos laborales de tu empresa con los mejores consultores y la \u00faltima tecnolog\u00eda en salud y seguridad laboral.","og_url":"https:\/\/www.asepeyo.es\/ca\/seguridad-laboral\/","og_site_name":"Asepeyo","article_publisher":"https:\/\/es-es.facebook.com\/Asepeyo\/","article_modified_time":"2024-11-04T11:25:51+00:00","og_image":[{"width":500,"height":333,"url":"https:\/\/www.asepeyo.es\/wp-content\/uploads\/seguridad-laboral-croda-asepeyo.jpg","type":"image\/jpeg"}],"twitter_card":"summary_large_image","twitter_site":"@Asepeyo","twitter_misc":{"Est. reading time":"5 minutes"},"schema":{"@context":"https:\/\/schema.org","@graph":[{"@type":"WebPage","@id":"https:\/\/www.asepeyo.es\/ca\/seguridad-laboral\/","url":"https:\/\/www.asepeyo.es\/ca\/seguridad-laboral\/","name":"Prevenci\u00f3n de riesgos laborales - Asepeyo","isPartOf":{"@id":"https:\/\/www.asepeyo.es\/ca\/#website"},"primaryImageOfPage":{"@id":"https:\/\/www.asepeyo.es\/ca\/seguridad-laboral\/#primaryimage"},"image":{"@id":"https:\/\/www.asepeyo.es\/ca\/seguridad-laboral\/#primaryimage"},"thumbnailUrl":"https:\/\/www.asepeyo.es\/wp-content\/uploads\/seguridad-laboral-croda-asepeyo.jpg","datePublished":"2019-06-25T09:07:06+00:00","dateModified":"2024-11-04T11:25:51+00:00","description":"Te ayudamos a gestionar y a controlar los riesgos laborales de tu empresa con los mejores consultores y la \u00faltima tecnolog\u00eda en salud y seguridad laboral.","breadcrumb":{"@id":"https:\/\/www.asepeyo.es\/ca\/seguridad-laboral\/#breadcrumb"},"inLanguage":"ca-ES","potentialAction":[{"@type":"ReadAction","target":["https:\/\/www.asepeyo.es\/ca\/seguridad-laboral\/"]}]},{"@type":"ImageObject","inLanguage":"ca-ES","@id":"https:\/\/www.asepeyo.es\/ca\/seguridad-laboral\/#primaryimage","url":"https:\/\/www.asepeyo.es\/wp-content\/uploads\/seguridad-laboral-croda-asepeyo.jpg","contentUrl":"https:\/\/www.asepeyo.es\/wp-content\/uploads\/seguridad-laboral-croda-asepeyo.jpg","width":500,"height":333},{"@type":"BreadcrumbList","@id":"https:\/\/www.asepeyo.es\/ca\/seguridad-laboral\/#breadcrumb","itemListElement":[{"@type":"ListItem","position":1,"name":"Inicio","item":"https:\/\/www.asepeyo.es\/ca\/"},{"@type":"ListItem","position":2,"name":"Prevenci\u00f3n de riesgos laborales"}]},{"@type":"WebSite","@id":"https:\/\/www.asepeyo.es\/ca\/#website","url":"https:\/\/www.asepeyo.es\/ca\/","name":"Asepeyo","description":"Mutua de accidentes de trabajo 151","publisher":{"@id":"https:\/\/www.asepeyo.es\/ca\/#organization"},"potentialAction":[{"@type":"SearchAction","target":{"@type":"EntryPoint","urlTemplate":"https:\/\/www.asepeyo.es\/ca\/?s={search_term_string}"},"query-input":{"@type":"PropertyValueSpecification","valueRequired":true,"valueName":"search_term_string"}}],"inLanguage":"ca-ES"},{"@type":"Organization","@id":"https:\/\/www.asepeyo.es\/ca\/#organization","name":"Asepeyo","url":"https:\/\/www.asepeyo.es\/ca\/","logo":{"@type":"ImageObject","inLanguage":"ca-ES","@id":"https:\/\/www.asepeyo.es\/ca\/#\/schema\/logo\/image\/","url":"https:\/\/www.asepeyo.es\/wp-content\/uploads\/logo-asepeyo-web-azul.png","contentUrl":"https:\/\/www.asepeyo.es\/wp-content\/uploads\/logo-asepeyo-web-azul.png","width":350,"height":55,"caption":"Asepeyo"},"image":{"@id":"https:\/\/www.asepeyo.es\/ca\/#\/schema\/logo\/image\/"},"sameAs":["https:\/\/es-es.facebook.com\/Asepeyo\/","https:\/\/x.com\/Asepeyo","https:\/\/www.instagram.com\/asepeyo\/?hl=es","https:\/\/es.linkedin.com\/company\/asepeyo","https:\/\/www.youtube.com\/channel\/UC42Ipj44IKKTITQ2HNoLmSQ"]}]}},"_links":{"self":[{"href":"https:\/\/www.asepeyo.es\/ca\/wp-json\/wp\/v2\/pages\/68190","targetHints":{"allow":["GET"]}}],"collection":[{"href":"https:\/\/www.asepeyo.es\/ca\/wp-json\/wp\/v2\/pages"}],"about":[{"href":"https:\/\/www.asepeyo.es\/ca\/wp-json\/wp\/v2\/types\/page"}],"author":[{"embeddable":true,"href":"https:\/\/www.asepeyo.es\/ca\/wp-json\/wp\/v2\/users\/2"}],"replies":[{"embeddable":true,"href":"https:\/\/www.asepeyo.es\/ca\/wp-json\/wp\/v2\/comments?post=68190"}],"version-history":[{"count":24,"href":"https:\/\/www.asepeyo.es\/ca\/wp-json\/wp\/v2\/pages\/68190\/revisions"}],"predecessor-version":[{"id":68242,"href":"https:\/\/www.asepeyo.es\/ca\/wp-json\/wp\/v2\/pages\/68190\/revisions\/68242"}],"wp:featuredmedia":[{"embeddable":true,"href":"https:\/\/www.asepeyo.es\/ca\/wp-json\/wp\/v2\/media\/68196"}],"wp:attachment":[{"href":"https:\/\/www.asepeyo.es\/ca\/wp-json\/wp\/v2\/media?parent=68190"}],"curies":[{"name":"wp","href":"https:\/\/api.w.org\/{rel}","templated":true}]}}