{"id":68162,"date":"2019-06-25T10:46:14","date_gmt":"2019-06-25T08:46:14","guid":{"rendered":"https:\/\/www.asepeyo.es\/?page_id=68162"},"modified":"2020-12-23T12:32:03","modified_gmt":"2020-12-23T11:32:03","slug":"salud-laboral","status":"publish","type":"page","link":"https:\/\/www.asepeyo.es\/ca\/salud-laboral\/","title":{"rendered":"Proyecto de gesti\u00f3n cl\u00ednica"},"content":{"rendered":"<div class=\"grid-70 prefix-20 tablet-grid-75 tablet-prefix-25 mobile-grid-100\">\n<div class=\"titulo\">\n<h2>El nostre projecte de gesti\u00f3 cl\u00ednica<\/h2>\n<\/div>\n<p>El nostre objectiu \u00e9s millorar la teva salut mitjan\u00e7ant les pr\u00e0ctiques cl\u00edniques m\u00e9s adequades. Per aix\u00f2, situem el pacient i el seu diagn\u00f2stic en el centre de la nostra gesti\u00f3 cl\u00ednica.<\/p>\n<p>Treballem amb un model d&#8217;atenci\u00f3 orientat a la millora cont\u00ednua i basat en la:<\/p>\n<ul>\n<li>Gesti\u00f3 del coneixement i de la compet\u00e8ncia<\/li>\n<li>Experi\u00e8ncia dels nostres professionals<\/li>\n<li>Orientaci\u00f3 cap al treball en equip \u2013refor\u00e7ant la capacitat multidisciplin\u00e0ria<\/li>\n<li>Avaluaci\u00f3 cont\u00ednua dels resultats cl\u00ednics<\/li>\n<li>Llarga traject\u00f2ria com a especialistes en la salut al treball<\/li>\n<\/ul>\n<p>El nostre equip sanitari, format per m\u00e9s de 1.500 professionals experts en l&#8217;\u00e0mbit laboral, facilita les millors i m\u00e9s eficients solucions terap\u00e8utiques per resoldre cada situaci\u00f3. Volem que els nostres pacients obtinguin la cura m\u00e9s efectiva i en el menor temps possible, per aix\u00f2 oferim la millor pr\u00e0ctica cl\u00ednica.<\/p>\n<\/div>\n<div class=\"grid-70  prefix-20 tablet-grid-75 tablet-prefix-25 mobile-grid-100\">\n<div class=\"titulo\">\n<h2>Accident de treball i malaltia professional <\/h2>\n<\/div>\n<p>Amb la nostra <a href=\"\/ca\/centros\">xarxa d&#8217;assist\u00e8ncia sanit\u00e0ria<\/a> aconseguim una atenci\u00f3 propera, professionalitzada i completa, des de la primera cura i atenci\u00f3 d&#8217;urg\u00e8ncies, fins a la intervenci\u00f3 quir\u00fargica en traumatologia i la posterior rehabilitaci\u00f3. Hem arribat a acords d&#8217;assist\u00e8ncia sanit\u00e0ria amb altres m\u00fatues col\u00b7laboradores de la Seguretat Social per incrementar aquesta proximitat. Cobrim tots els costos dels serveis sanitaris necessaris per a la teva curaci\u00f3. I ho fem amb recursos propis o a trav\u00e9s de m\u00e9s d&#8217;1.400 serveis concertats autoritzats (hospitalitzaci\u00f3, cirurgia\u2026).<\/p>\n<p>Tamb\u00e9 ens fem c\u00e0rrec de totes les despeses farmac\u00e8utiques, aix\u00ed que no haur\u00e0s d&#8217;abonar costos addicionals.<\/p>\n<\/div>\n<div class=\"grid-70  prefix-20 tablet-grid-75 tablet-prefix-25 mobile-grid-100\">\n<div class=\"titulo\">\n<h2>Assist\u00e8ncia sanit\u00e0ria 24 hores<\/h2>\n<\/div>\n<div class=\"grid-60  tablet-grid-60 mobile-grid-100\">\n<p>Pots comptar amb nosaltres sempre que ens necessitis. Disposes de serveis permanents de gu\u00e0rdia localitzada en una \u00e0mplia xarxa de serveis concertats. En cas d&#8217;accident, truca&#8217;ns i et direm quin \u00e9s el centre que tens m\u00e9s a prop teu. <\/p>\n<p class=\"destacado-blue\">900 151 000<\/p>\n<\/div>\n<div class=\"grid-30 prefix-10  tablet-grid-30 tablet-prefix-10 hide-on-mobile\"><img decoding=\"async\" src=\"\/wp-content\/uploads\/24-horas-asepeyo.svg\" alt=\"\" viewbox=\"0 0 100 100\"\/><\/div>\n<\/div>\n<div class=\"grid-70 prefix-20 tablet-grid-75 tablet-prefix-25 mobile-grid-100\">\n<h3 class=\"align-center\">Treballadors despla\u00e7ats a l&#8217;estranger <\/h3>\n<p>Si treballes fora d&#8217;Espanya i tens un accident de treball, truca a la nostra l\u00ednia d&#8217;atenci\u00f3 medicalitzada. T&#8217;atendr\u00e0 un sanitari que valorar\u00e0 la situaci\u00f3, i et dir\u00e0 a quin centre de salut t&#8217;has de dirigir.<\/p>\n<p class=\"destacado-blue\">+34 937 057 540<\/p>\n<p class=\"pt-3\">Recorda que, abans de qualsevol despla\u00e7ament de treballadors a l&#8217;estranger, l&#8217;empresa ha de realitzar els tr\u00e0mits necessaris a trav\u00e9s de la web de la<a href=\"http:\/\/www.seg-social.es\/wps\/portal\/wss\/internet\/InformacionUtil\/32078\/38626\" alt=\"Acceso a la web. Se abre en una nueva ventana.\" target=\"_alt\" rel=\"noopener\">Tresoreria General de la Seguretat Social<\/a><\/p>\n<\/div>\n<div class=\"grid-70 prefix-20 tablet-grid-75 tablet-prefix-25 mobile-grid-100\">\n<div class=\"titulo\">\n<h2>Hospitals<\/h2>\n<\/div>\n<p>Estem dotats amb l&#8217;\u00faltima tecnologia sanit\u00e0ria. Els nostres hospitals s\u00f3n el m\u00e0xim exponent de la nostra vocaci\u00f3 de servei i especialitzaci\u00f3. S\u00f3n el suport de la xarxa assistencial en el  diagn\u00f2stic i el tractament de lesions.<br \/>\nTenim 2 hospitals d&#8217;assist\u00e8ncia integral, 1 hospital de dia i 2 altres centres hospitalaris mancomunats.\n<\/p>\n<h3 class=\"align-center\">Hospitals propis<\/h3>\n<div class=\"grid-100\">\n<div class=\"grid-33 tablet-grid-33 mobile-grid-100 align-center\"><a href=\"\/ca\/centro\/hospital-coslada\/\"><button class=\"boton-azul\">Hospital Asepeyo Madrid<br \/>\n(Coslada)<\/button><\/a><\/div>\n<div class=\"grid-33 tablet-grid-33 mobile-grid-100 align-center\"><a href=\"\/ca\/centro\/hospital-sant-cugat\/\"><button class=\"boton-azul\">Hospital Asepeyo de Barcelona<br \/>\n(Sant Cugat)<\/button><\/a><\/div>\n<div class=\"grid-33 tablet-grid-33 mobile-grid-100 align-center\"><a href=\"\/ca\/centro\/hospital-de-dia-cartuja\/\"><button class=\"boton-azul\">Hospital de Dia Asepeyo Sevilla<br \/>(Cartuja)<\/button><\/a><\/div>\n<\/div>\n<h4 class=\"align-center\">Hospitals mancomunats<\/h4>\n<ul>\n<li><a href=\"http:\/\/www.intermutualeuskadi.es\/\" target=\"_blank\" rel=\"nofollow noopener noreferrer\">Hospital Intermutual d&#8217;Euskadi a Bilbao<\/a><\/li>\n<li><a href=\"https:\/\/www.hilevante.com\/\" target=\"_blank\" rel=\"nofollow noopener noreferrer\">Hospital Intermutual de Llevant a Val\u00e8ncia<\/a><\/li>\n<\/ul>\n<p>Serveis dels hospitals:<\/p>\n<ul>\n<li>Urg\u00e8ncies<\/li>\n<li>\u00c0rea quir\u00fargica\n<\/li>\n<li>Unitat de cures intensives\n<\/li>\n<li>Unitats d&#8217;hospitalitzaci\u00f3\n<\/li>\n<li>Consultes externes\n<\/li>\n<li>Proves de diagn\u00f2stic\n<\/li>\n<li>Rehabilitaci\u00f3\n<\/li>\n<li>Readaptaci\u00f3 professional<\/li>\n<li>Laboratori\n<\/li>\n<li>Farm\u00e0cia\n<\/li>\n<li>Unitat de valoraci\u00f3 funcional<\/li>\n<li>Departament d&#8217;assist\u00e8ncia social i psicologia<\/li>\n<li>Serveis auxiliars i de seguretat<\/li>\n<\/ul>\n<p>L&#8217;organitzaci\u00f3 m\u00e8dica dels hospitals est\u00e0 formada per equips quir\u00fargics i unitats d&#8217;especialitat funcional, ra\u00f3 per la qual en cada equip col\u00b7laboren especialistes de diferents \u00e0rees.<\/p>\n<p>Els hospitals estan acreditats com a hospitals docents en la formaci\u00f3 reglada dels MIR. Tamb\u00e9 acullen alumnes en pr\u00e0ctiques d&#8217;infermeria, fisioter\u00e0pia, auxiliar d&#8217;infermeria, ter\u00e0pia ocupacional, t\u00e8cnic en radiologia i en nutrici\u00f3.<\/p>\n<\/div>\n<div class=\"grid-70  prefix-20 tablet-grid-75 tablet-prefix-25 mobile-grid-100\">\n<div class=\"titulo\">\n<h2>Unitats de refer\u00e8ncia de malalties professionals <\/h2>\n<\/div>\n<p>Per millorar la detecci\u00f3, l&#8217;atenci\u00f3, el diagn\u00f2stic i la declaraci\u00f3 de les malalties laborals, hem implementat un projecte basat en la creaci\u00f3 d&#8217;Unitats de Refer\u00e8ncia de Malalties Professionals (UREP).<\/p>\n<p>Aquestes unitats ofereixen suport t\u00e8cnic especialitzat a la xarxa de centres assistencials i estan integrats per professionals sanitaris especialistes en medicina del treball. Les seves funcions s\u00f3n:<\/p>\n<ul>\n<li>Gesti\u00f3 sanit\u00e0ria dels casos de malaltia professional.<\/li>\n<li>Funcions de formaci\u00f3, juntament amb altres professionals sanitaris, experts en prestacions i prevenci\u00f3. <\/li>\n<li>Funcions de consulta i\/o orientaci\u00f3 sobre casos procedents dels centres assistencials.<\/li>\n<li>Seguiment epidemiol\u00f2gic de les malalties professionals.<\/li>\n<li>Elaboraci\u00f3, implantaci\u00f3 i revisi\u00f3 peri\u00f2dica de guies basades en l&#8217;evid\u00e8ncia cient\u00edfica.<\/li>\n<\/ul>\n<\/div>\n<div class=\"grid-70  prefix-20 tablet-grid-75 tablet-prefix-25 mobile-grid-100\">\n<div class=\"titulo\">\n<h2>Hist\u00f2ria cl\u00ednica \u00fanica <\/h2>\n<\/div>\n<div class=\"grid-60  tablet-grid-60 mobile-grid-100\">\n<p>Tota la informaci\u00f3 sanit\u00e0ria dels nostres pacients est\u00e0 integrada dins una hist\u00f2ria cl\u00ednica \u00fanica i individualitzada, en l\u00ednia, accessible des de qualsevol centre d&#8217;Asepeyo.<\/p>\n<p>Els pacients tenen a la seva disposici\u00f3 <a href=\"https:\/\/oficinavirtual.asepeyo.es\/\" alt=\"Haz clic para ir a la p\u00e1gina de Asepeyo Oficina Virtual\" target=\"_blank\" rel=\"noopener noreferrer\">Asepeyo Oficina Virtual (AOV)<\/a>  on poden accedir a informaci\u00f3 rellevant dels seus processos cl\u00ednics.<\/p>\n<\/div>\n<div class=\"grid-30 prefix-10  tablet-grid-30 tablet-prefix-10 hide-on-mobile\"><img decoding=\"async\" src=\"\/wp-content\/uploads\/icono-microscopio-analisis.svg\" alt=\"Una icona de microscopi\"\/><\/div>\n<\/div>\n<div class=\"grid-70  prefix-20 tablet-grid-75 tablet-prefix-25 mobile-grid-100\">\n<div class=\"titulo\">\n<h2>Seguiment del proc\u00e9s m\u00e8dic per malaltia comuna o accident no laboral<\/h2>\n<\/div>\n<p>El Servei P\u00fablic de Salut \u00e9s el responsable d&#8217;emetre les baixes i altes en els casos de malaltia comuna o accident no laboral.  Des d&#8217;Asepeyo, com a m\u00fatua col\u00b7laboradora amb la Seguretat Social, realitzem visites m\u00e8diques per al control i seguiment d&#8217;aquests processos.<\/p>\n<p>Fem actuacions de control i seguiment des del primer dia de la baixa. Tamb\u00e9 realitzem les proves complement\u00e0ries necess\u00e0ries per verificar un diagn\u00f2stic o un estat patol\u00f2gic.<\/p>\n<p>Per tal d&#8217;afavorir la millora del treballador\/a i la seva propera reincorporaci\u00f3 laboral, pr\u00e8via autoritzaci\u00f3 del Servei P\u00fablic de Salut i del pacient, podem realitzar:<\/p>\n<ul>\n<li>Proves diagn\u00f2stiques complement\u00e0ries\n<\/li>\n<li>Tractaments\n<\/li>\n<li>Rehabilitaci\u00f3\n<\/li>\n<li>Intervencions quir\u00fargiques\n<\/li>\n<li>Consultes m\u00e8diques\n<\/li>\n<\/ul>\n<p>Quan els nostres professionals sanitaris consideren que la situaci\u00f3 del pacient \u00e9s compatible amb l&#8217;activitat laboral, poden realitzar una proposta d&#8217;alta a la Inspecci\u00f3 M\u00e8dica del Servei P\u00fablic de la Salut.<\/p>\n<p>Si valoren que la situaci\u00f3 no t\u00e9 curaci\u00f3 i no \u00e9s compatible amb l&#8217;activitat laboral, els metges poden fer una proposta d&#8217;incapacitat a resoldre per part de l&#8217;Institut Nacional de la Seguretat Social.<\/p>\n<\/div>\n<div class=\"grid-70 prefix-20 tablet-grid-75 tablet-prefix-25 mobile-grid-100\">\n<div class=\"titulo\">\n<h2>Inversi\u00f3 en tecnologia i equipaments sanitaris<\/h2>\n<\/div>\n<div class=\"grid-60 tablet-grid-60 mobile-grid-100\">\n<p>T&#8217;oferim un immillorable servei i, per aconseguir-lo, utilitzem la millor tecnologia. Fem inversions significatives en equipaments sanitaris ambulatoris, hospitalaris, diagn\u00f2stics i terap\u00e8utics.<\/p>\n<p>Coneix m\u00e9s la nostra aposta per la tecnologia aplicada a la salut a <a href=\"\/ca\/tecnologia-innovacion\/\">Tecnologia i innovaci\u00f3<\/a><\/p>\n<\/div>\n<div class=\"grid-30 prefix-10 tablet-grid-30 tablet-prefix-10 hide-on-mobile\"><img decoding=\"async\" src=\"\/wp-content\/uploads\/icono-realidad-aumentada.svg\" alt=\"\" \/><\/div>\n<\/div>\n","protected":false},"excerpt":{"rendered":"","protected":false},"author":2,"featured_media":68150,"parent":0,"menu_order":0,"comment_status":"closed","ping_status":"closed","template":"","meta":{"_acf_changed":false,"generate_page_header":"","footnotes":""},"class_list":["post-68162","page","type-page","status-publish","has-post-thumbnail"],"acf":[],"yoast_head":"<!-- This site is optimized with the Yoast SEO plugin v27.4 - https:\/\/yoast.com\/product\/yoast-seo-wordpress\/ -->\n<title>Proyecto de gesti\u00f3n cl\u00ednica - Asepeyo<\/title>\n<meta name=\"description\" content=\"Somos expertos en salud laboral. Siempre que lo necesites, te atender\u00e1n los mejores profesionales sanitarios especializados en patolog\u00eda laboral.\" \/>\n<meta name=\"robots\" content=\"index, follow, max-snippet:-1, max-image-preview:large, max-video-preview:-1\" \/>\n<link rel=\"canonical\" href=\"https:\/\/www.asepeyo.es\/ca\/salud-laboral\/\" \/>\n<meta property=\"og:locale\" content=\"ca_ES\" \/>\n<meta property=\"og:type\" content=\"article\" \/>\n<meta property=\"og:title\" content=\"Proyecto de gesti\u00f3n cl\u00ednica - Asepeyo\" \/>\n<meta property=\"og:description\" content=\"Somos expertos en salud laboral. Siempre que lo necesites, te atender\u00e1n los mejores profesionales sanitarios especializados en patolog\u00eda laboral.\" \/>\n<meta property=\"og:url\" content=\"https:\/\/www.asepeyo.es\/ca\/salud-laboral\/\" \/>\n<meta property=\"og:site_name\" content=\"Asepeyo\" \/>\n<meta property=\"article:publisher\" content=\"https:\/\/es-es.facebook.com\/Asepeyo\/\" \/>\n<meta property=\"article:modified_time\" content=\"2020-12-23T11:32:03+00:00\" \/>\n<meta property=\"og:image\" content=\"https:\/\/www.asepeyo.es\/wp-content\/uploads\/recuperacion-piscina.jpg\" \/>\n\t<meta property=\"og:image:width\" content=\"1685\" \/>\n\t<meta property=\"og:image:height\" content=\"871\" \/>\n\t<meta property=\"og:image:type\" content=\"image\/jpeg\" \/>\n<meta name=\"twitter:card\" content=\"summary_large_image\" \/>\n<meta name=\"twitter:site\" content=\"@Asepeyo\" \/>\n<meta name=\"twitter:label1\" content=\"Est. reading time\" \/>\n\t<meta name=\"twitter:data1\" content=\"5 minutes\" \/>\n<script type=\"application\/ld+json\" class=\"yoast-schema-graph\">{\"@context\":\"https:\\\/\\\/schema.org\",\"@graph\":[{\"@type\":\"WebPage\",\"@id\":\"https:\\\/\\\/www.asepeyo.es\\\/ca\\\/salud-laboral\\\/\",\"url\":\"https:\\\/\\\/www.asepeyo.es\\\/ca\\\/salud-laboral\\\/\",\"name\":\"Proyecto de gesti\u00f3n cl\u00ednica - Asepeyo\",\"isPartOf\":{\"@id\":\"https:\\\/\\\/www.asepeyo.es\\\/ca\\\/#website\"},\"primaryImageOfPage\":{\"@id\":\"https:\\\/\\\/www.asepeyo.es\\\/ca\\\/salud-laboral\\\/#primaryimage\"},\"image\":{\"@id\":\"https:\\\/\\\/www.asepeyo.es\\\/ca\\\/salud-laboral\\\/#primaryimage\"},\"thumbnailUrl\":\"https:\\\/\\\/www.asepeyo.es\\\/wp-content\\\/uploads\\\/recuperacion-piscina.jpg\",\"datePublished\":\"2019-06-25T08:46:14+00:00\",\"dateModified\":\"2020-12-23T11:32:03+00:00\",\"description\":\"Somos expertos en salud laboral. Siempre que lo necesites, te atender\u00e1n los mejores profesionales sanitarios especializados en patolog\u00eda laboral.\",\"breadcrumb\":{\"@id\":\"https:\\\/\\\/www.asepeyo.es\\\/ca\\\/salud-laboral\\\/#breadcrumb\"},\"inLanguage\":\"ca-ES\",\"potentialAction\":[{\"@type\":\"ReadAction\",\"target\":[\"https:\\\/\\\/www.asepeyo.es\\\/ca\\\/salud-laboral\\\/\"]}]},{\"@type\":\"ImageObject\",\"inLanguage\":\"ca-ES\",\"@id\":\"https:\\\/\\\/www.asepeyo.es\\\/ca\\\/salud-laboral\\\/#primaryimage\",\"url\":\"https:\\\/\\\/www.asepeyo.es\\\/wp-content\\\/uploads\\\/recuperacion-piscina.jpg\",\"contentUrl\":\"https:\\\/\\\/www.asepeyo.es\\\/wp-content\\\/uploads\\\/recuperacion-piscina.jpg\",\"width\":1685,\"height\":871},{\"@type\":\"BreadcrumbList\",\"@id\":\"https:\\\/\\\/www.asepeyo.es\\\/ca\\\/salud-laboral\\\/#breadcrumb\",\"itemListElement\":[{\"@type\":\"ListItem\",\"position\":1,\"name\":\"Inicio\",\"item\":\"https:\\\/\\\/www.asepeyo.es\\\/ca\\\/\"},{\"@type\":\"ListItem\",\"position\":2,\"name\":\"Proyecto de gesti\u00f3n cl\u00ednica\"}]},{\"@type\":\"WebSite\",\"@id\":\"https:\\\/\\\/www.asepeyo.es\\\/ca\\\/#website\",\"url\":\"https:\\\/\\\/www.asepeyo.es\\\/ca\\\/\",\"name\":\"Asepeyo\",\"description\":\"Mutua de accidentes de trabajo 151\",\"publisher\":{\"@id\":\"https:\\\/\\\/www.asepeyo.es\\\/ca\\\/#organization\"},\"potentialAction\":[{\"@type\":\"SearchAction\",\"target\":{\"@type\":\"EntryPoint\",\"urlTemplate\":\"https:\\\/\\\/www.asepeyo.es\\\/ca\\\/?s={search_term_string}\"},\"query-input\":{\"@type\":\"PropertyValueSpecification\",\"valueRequired\":true,\"valueName\":\"search_term_string\"}}],\"inLanguage\":\"ca-ES\"},{\"@type\":\"Organization\",\"@id\":\"https:\\\/\\\/www.asepeyo.es\\\/ca\\\/#organization\",\"name\":\"Asepeyo\",\"url\":\"https:\\\/\\\/www.asepeyo.es\\\/ca\\\/\",\"logo\":{\"@type\":\"ImageObject\",\"inLanguage\":\"ca-ES\",\"@id\":\"https:\\\/\\\/www.asepeyo.es\\\/ca\\\/#\\\/schema\\\/logo\\\/image\\\/\",\"url\":\"https:\\\/\\\/www.asepeyo.es\\\/wp-content\\\/uploads\\\/logo-asepeyo-web-azul.png\",\"contentUrl\":\"https:\\\/\\\/www.asepeyo.es\\\/wp-content\\\/uploads\\\/logo-asepeyo-web-azul.png\",\"width\":350,\"height\":55,\"caption\":\"Asepeyo\"},\"image\":{\"@id\":\"https:\\\/\\\/www.asepeyo.es\\\/ca\\\/#\\\/schema\\\/logo\\\/image\\\/\"},\"sameAs\":[\"https:\\\/\\\/es-es.facebook.com\\\/Asepeyo\\\/\",\"https:\\\/\\\/x.com\\\/Asepeyo\",\"https:\\\/\\\/www.instagram.com\\\/asepeyo\\\/?hl=es\",\"https:\\\/\\\/es.linkedin.com\\\/company\\\/asepeyo\",\"https:\\\/\\\/www.youtube.com\\\/channel\\\/UC42Ipj44IKKTITQ2HNoLmSQ\"]}]}<\/script>\n<!-- \/ Yoast SEO plugin. -->","yoast_head_json":{"title":"Proyecto de gesti\u00f3n cl\u00ednica - Asepeyo","description":"Somos expertos en salud laboral. Siempre que lo necesites, te atender\u00e1n los mejores profesionales sanitarios especializados en patolog\u00eda laboral.","robots":{"index":"index","follow":"follow","max-snippet":"max-snippet:-1","max-image-preview":"max-image-preview:large","max-video-preview":"max-video-preview:-1"},"canonical":"https:\/\/www.asepeyo.es\/ca\/salud-laboral\/","og_locale":"ca_ES","og_type":"article","og_title":"Proyecto de gesti\u00f3n cl\u00ednica - Asepeyo","og_description":"Somos expertos en salud laboral. Siempre que lo necesites, te atender\u00e1n los mejores profesionales sanitarios especializados en patolog\u00eda laboral.","og_url":"https:\/\/www.asepeyo.es\/ca\/salud-laboral\/","og_site_name":"Asepeyo","article_publisher":"https:\/\/es-es.facebook.com\/Asepeyo\/","article_modified_time":"2020-12-23T11:32:03+00:00","og_image":[{"width":1685,"height":871,"url":"https:\/\/www.asepeyo.es\/wp-content\/uploads\/recuperacion-piscina.jpg","type":"image\/jpeg"}],"twitter_card":"summary_large_image","twitter_site":"@Asepeyo","twitter_misc":{"Est. reading time":"5 minutes"},"schema":{"@context":"https:\/\/schema.org","@graph":[{"@type":"WebPage","@id":"https:\/\/www.asepeyo.es\/ca\/salud-laboral\/","url":"https:\/\/www.asepeyo.es\/ca\/salud-laboral\/","name":"Proyecto de gesti\u00f3n cl\u00ednica - Asepeyo","isPartOf":{"@id":"https:\/\/www.asepeyo.es\/ca\/#website"},"primaryImageOfPage":{"@id":"https:\/\/www.asepeyo.es\/ca\/salud-laboral\/#primaryimage"},"image":{"@id":"https:\/\/www.asepeyo.es\/ca\/salud-laboral\/#primaryimage"},"thumbnailUrl":"https:\/\/www.asepeyo.es\/wp-content\/uploads\/recuperacion-piscina.jpg","datePublished":"2019-06-25T08:46:14+00:00","dateModified":"2020-12-23T11:32:03+00:00","description":"Somos expertos en salud laboral. Siempre que lo necesites, te atender\u00e1n los mejores profesionales sanitarios especializados en patolog\u00eda laboral.","breadcrumb":{"@id":"https:\/\/www.asepeyo.es\/ca\/salud-laboral\/#breadcrumb"},"inLanguage":"ca-ES","potentialAction":[{"@type":"ReadAction","target":["https:\/\/www.asepeyo.es\/ca\/salud-laboral\/"]}]},{"@type":"ImageObject","inLanguage":"ca-ES","@id":"https:\/\/www.asepeyo.es\/ca\/salud-laboral\/#primaryimage","url":"https:\/\/www.asepeyo.es\/wp-content\/uploads\/recuperacion-piscina.jpg","contentUrl":"https:\/\/www.asepeyo.es\/wp-content\/uploads\/recuperacion-piscina.jpg","width":1685,"height":871},{"@type":"BreadcrumbList","@id":"https:\/\/www.asepeyo.es\/ca\/salud-laboral\/#breadcrumb","itemListElement":[{"@type":"ListItem","position":1,"name":"Inicio","item":"https:\/\/www.asepeyo.es\/ca\/"},{"@type":"ListItem","position":2,"name":"Proyecto de gesti\u00f3n cl\u00ednica"}]},{"@type":"WebSite","@id":"https:\/\/www.asepeyo.es\/ca\/#website","url":"https:\/\/www.asepeyo.es\/ca\/","name":"Asepeyo","description":"Mutua de accidentes de trabajo 151","publisher":{"@id":"https:\/\/www.asepeyo.es\/ca\/#organization"},"potentialAction":[{"@type":"SearchAction","target":{"@type":"EntryPoint","urlTemplate":"https:\/\/www.asepeyo.es\/ca\/?s={search_term_string}"},"query-input":{"@type":"PropertyValueSpecification","valueRequired":true,"valueName":"search_term_string"}}],"inLanguage":"ca-ES"},{"@type":"Organization","@id":"https:\/\/www.asepeyo.es\/ca\/#organization","name":"Asepeyo","url":"https:\/\/www.asepeyo.es\/ca\/","logo":{"@type":"ImageObject","inLanguage":"ca-ES","@id":"https:\/\/www.asepeyo.es\/ca\/#\/schema\/logo\/image\/","url":"https:\/\/www.asepeyo.es\/wp-content\/uploads\/logo-asepeyo-web-azul.png","contentUrl":"https:\/\/www.asepeyo.es\/wp-content\/uploads\/logo-asepeyo-web-azul.png","width":350,"height":55,"caption":"Asepeyo"},"image":{"@id":"https:\/\/www.asepeyo.es\/ca\/#\/schema\/logo\/image\/"},"sameAs":["https:\/\/es-es.facebook.com\/Asepeyo\/","https:\/\/x.com\/Asepeyo","https:\/\/www.instagram.com\/asepeyo\/?hl=es","https:\/\/es.linkedin.com\/company\/asepeyo","https:\/\/www.youtube.com\/channel\/UC42Ipj44IKKTITQ2HNoLmSQ"]}]}},"_links":{"self":[{"href":"https:\/\/www.asepeyo.es\/ca\/wp-json\/wp\/v2\/pages\/68162","targetHints":{"allow":["GET"]}}],"collection":[{"href":"https:\/\/www.asepeyo.es\/ca\/wp-json\/wp\/v2\/pages"}],"about":[{"href":"https:\/\/www.asepeyo.es\/ca\/wp-json\/wp\/v2\/types\/page"}],"author":[{"embeddable":true,"href":"https:\/\/www.asepeyo.es\/ca\/wp-json\/wp\/v2\/users\/2"}],"replies":[{"embeddable":true,"href":"https:\/\/www.asepeyo.es\/ca\/wp-json\/wp\/v2\/comments?post=68162"}],"version-history":[{"count":14,"href":"https:\/\/www.asepeyo.es\/ca\/wp-json\/wp\/v2\/pages\/68162\/revisions"}],"predecessor-version":[{"id":1349348,"href":"https:\/\/www.asepeyo.es\/ca\/wp-json\/wp\/v2\/pages\/68162\/revisions\/1349348"}],"wp:featuredmedia":[{"embeddable":true,"href":"https:\/\/www.asepeyo.es\/ca\/wp-json\/wp\/v2\/media\/68150"}],"wp:attachment":[{"href":"https:\/\/www.asepeyo.es\/ca\/wp-json\/wp\/v2\/media?parent=68162"}],"curies":[{"name":"wp","href":"https:\/\/api.w.org\/{rel}","templated":true}]}}